{"id":596,"date":"2024-11-21T03:31:02","date_gmt":"2024-11-21T03:31:02","guid":{"rendered":"https:\/\/volovape.com\/?post_type=product&#038;p=596"},"modified":"2025-08-06T08:00:34","modified_gmt":"2025-08-06T08:00:34","slug":"bang-bc-doboz-15000-puff","status":"publish","type":"product","link":"https:\/\/volovape.com\/hu\/product\/bang-bc-box-15000-puffs\/","title":{"rendered":"Bang BC Box 15000 Puffs Eldobhat\u00f3 Vape - \u00dajrat\u00f6lthet\u0151, Mesh Coil"},"content":{"rendered":"<p><strong>Bang BC Box 15000 Puffs \u00dajrat\u00f6lthet\u0151 eldobhat\u00f3 Vape<\/strong> - Tapasztalja meg a hosszan tart\u00f3 p\u00e1rologtat\u00e1s \u00f6r\u00f6m\u00e9t a Bang BC Box 15000 k\u00e9sz\u00fcl\u00e9kkel. Ez a nagy kapacit\u00e1s\u00fa eldobhat\u00f3 vape ak\u00e1r 15 000 slukkot is biztos\u00edt, 25 ml-es e-folyad\u00e9k tart\u00e1ly \u00e9s 650 mAh-s \u00fajrat\u00f6lthet\u0151 akkumul\u00e1torral. A fejlett h\u00e1l\u00f3s tekercs technol\u00f3gia biztos\u00edtja az egyenletesen sima \u00e9s \u00edzletes g\u0151zt. Ez a k\u00e9sz\u00fcl\u00e9k ide\u00e1lis szem\u00e9lyes haszn\u00e1latra \u00e9s eldobhat\u00f3 vape nagykereskedelmi t\u00f6megrendel\u00e9sekhez, \u00e9s 0%, 2%, 3% vagy 5% nikotin er\u0151ss\u00e9get \u00e9s 11 finom \u00edz v\u00e1ltozatos v\u00e1laszt\u00e9k\u00e1t k\u00edn\u00e1lja.<\/p>\n<h3><strong>Bang BC Box 15000 Puffs Jellemz\u0151k:<\/strong><\/h3>\n<ul>\n<li>Puffok: 15000 puffok<\/li>\n<li>E-folyad\u00e9k kapacit\u00e1s: 25mL<\/li>\n<li>Akkumul\u00e1tor: 650mAh (\u00fajrat\u00f6lthet\u0151)<\/li>\n<li>T\u00f6lt\u00e9s: C-t\u00edpus\u00fa<\/li>\n<li>Tekercs: Mesh Coil<\/li>\n<li>Nikotin Er\u0151ss\u00e9gek: 0%, 2%, 3%, 5%<\/li>\n<li>\u00cdzv\u00e1laszt\u00e9k: Eper, eper, ban\u00e1n, m\u00e1lna, savany\u00fa alma, eper, eper, kivi, mang\u00f3 j\u00e9gen, cseresznye k\u00f3la, eper g\u00f6r\u00f6gdinnye, g\u00f6r\u00f6gdinnye j\u00e9g, eper sz\u0151l\u0151, vegyes bogy\u00f3s gy\u00fcm\u00f6lcs\u00f6k.<\/li>\n<\/ul>\n<h4>GYIK<\/h4>\n<h5>Hogyan jav\u00edtja a h\u00e1l\u00f3s tekercs a g\u0151z\u00f6l\u00e9si \u00e9lm\u00e9nyt?<\/h5>\n<p>A h\u00e1l\u00f3s tekercs kialak\u00edt\u00e1sa nagyobb f\u0171t\u0151fel\u00fcletet biztos\u00edt, ami egyenletesebb f\u0171t\u00e9st \u00e9s jobb \u00edzt \u00e9s g\u0151ztermel\u00e9st eredm\u00e9nyez. Ez a technol\u00f3gia biztos\u00edtja az egyenletesen sima \u00e9s kiel\u00e9g\u00edt\u0151 g\u0151z\u00f6l\u00e9si \u00e9lm\u00e9nyt.<\/p>\n<h5>Milyen sz\u00e1ll\u00edt\u00e1si m\u00f3dokat haszn\u00e1lnak?<\/h5>\n<p>Olyan megb\u00edzhat\u00f3 sz\u00e1ll\u00edtm\u00e1nyoz\u00f3kkal dolgozunk egy\u00fctt, mint a UPS, a DHL, a FedEx \u00e9s a DPD, hogy hat\u00e9kony \u00e9s megb\u00edzhat\u00f3 sz\u00e1ll\u00edt\u00e1st k\u00edn\u00e1ljunk. A legmegfelel\u0151bb sz\u00e1ll\u00edt\u00e1si m\u00f3dot az \u00d6n sz\u00e1ll\u00edt\u00e1si helye alapj\u00e1n v\u00e1lasztjuk ki.<\/p>\n<h5>Mennyi ideig tart \u00e1ltal\u00e1ban a sz\u00e1ll\u00edt\u00e1s?<\/h5>\n<p>A sz\u00e1ll\u00edt\u00e1s \u00e1ltal\u00e1ban 7-15 munkanapot vesz ig\u00e9nybe, b\u00e1r a sz\u00e1ll\u00edt\u00e1si id\u0151 \u00fcnnepnapokon vagy kedvez\u0151tlen id\u0151j\u00e1r\u00e1si k\u00f6r\u00fclm\u00e9nyek k\u00f6z\u00f6tt ak\u00e1r 20 munkanapra is meghosszabbodhat.<\/p>\n<h5>Felmer\u00fclnek-e v\u00e1mok vagy ad\u00f3k?<\/h5>\n<p>Minden v\u00e1mkezel\u00e9st mi v\u00e9gz\u00fcnk, garant\u00e1lva, hogy \u00d6nnek nem kell tov\u00e1bbi ad\u00f3kat vagy d\u00edjakat fizetnie. 100% term\u00e9keinket gond n\u00e9lk\u00fcl v\u00e1mkezelik.<\/p>\n<h5>Biztons\u00e1gos \u00e9s megb\u00edzhat\u00f3 a v\u00e1s\u00e1rl\u00e1som?<\/h5>\n<p>Biztons\u00e1gos tranzakci\u00f3kat k\u00edn\u00e1lunk a PayPal v\u00e1s\u00e1rl\u00f3i v\u00e9delm\u00e9n kereszt\u00fcl. Megb\u00edzhat\u00f3s\u00e1gunkat a v\u00e1s\u00e1rl\u00f3i v\u00e9lem\u00e9nyek ellen\u0151rz\u00e9s\u00e9vel is ellen\u0151rizheti az al\u00e1bbi oldalakon. <a href=\"https:\/\/www.trustpilot.com\/review\/volovape.com?utm_medium=trustbox&amp;utm_source=TrustBoxReviewCollector\">TrustPilot<\/a>.<\/p>","protected":false},"excerpt":{"rendered":"<p>A Bang BC Box 15000 Puffs Eldobhat\u00f3 Vape 15000 Puffs seg\u00edts\u00e9g\u00e9vel tart\u00f3s \u00edzt kaphatsz. 25ml, \u00fajrat\u00f6lthet\u0151, h\u00e1l\u00f3s tekercs. T\u00f6k\u00e9letes szem\u00e9lyes haszn\u00e1latra vagy \u00f6mlesztett nagykereskedelemre. V\u00e1ltozatos nikotin.<\/p>","protected":false},"featured_media":912,"comment_status":"open","ping_status":"closed","template":"","meta":[],"product_brand":[],"product_cat":[61,41,21,18,39,20,23,24,22,25,26,27,28,29,30,31,32,33,34,35,36,40],"product_tag":[],"class_list":{"0":"post-596","1":"product","2":"type-product","3":"status-publish","4":"has-post-thumbnail","6":"product_cat-bang","7":"product_cat-15000-puffs-disposable-vape","8":"product_cat-big-puffs-vapes","9":"product_cat-different-puffs-of-disposable-vapes","10":"product_cat-digital-box-vapes","11":"product_cat-disposable-vape-types","12":"product_cat-disposable-vapes-in-austria","13":"product_cat-disposable-vapes-in-belgium","14":"product_cat-disposable-vapes-in-europe","15":"product_cat-disposable-vapes-in-france","16":"product_cat-disposable-vapes-in-germany","17":"product_cat-disposable-vapes-in-hungary","18":"product_cat-disposable-vapes-in-ltaly","19":"product_cat-disposable-vapes-in-netherlands","20":"product_cat-disposable-vapes-in-norway","21":"product_cat-disposable-vapes-in-poland","22":"product_cat-disposable-vapes-in-portugal","23":"product_cat-disposable-vapes-in-spain","24":"product_cat-disposable-vapes-in-sweden","25":"product_cat-disposable-vapes-in-switzerland","26":"product_cat-rechargeable-vapes","27":"product_cat-smart-screen-vapes","29":"first","30":"instock","31":"shipping-taxable","32":"purchasable","33":"product-type-variable","34":"has-default-attributes"},"jetpack_sharing_enabled":true,"tiered_pricing_type":"fixed","tiered_pricing_fixed_rules":{"2000":4.13999999999999968025576890795491635799407958984375},"tiered_pricing_product_settings":{"layout":"default","base_unit_name":{"singular":null,"plural":null},"default_variation":null},"tiered_pricing_minimum_quantity":1000,"tiered_pricing_roles_data":[],"tiered_pricing_percentage_rules":[],"tiered_pricing_maximum_quantity":null,"tiered_pricing_quantity_step":"10","_links":{"self":[{"href":"https:\/\/volovape.com\/hu\/wp-json\/wp\/v2\/product\/596","targetHints":{"allow":["GET"]}}],"collection":[{"href":"https:\/\/volovape.com\/hu\/wp-json\/wp\/v2\/product"}],"about":[{"href":"https:\/\/volovape.com\/hu\/wp-json\/wp\/v2\/types\/product"}],"replies":[{"embeddable":true,"href":"https:\/\/volovape.com\/hu\/wp-json\/wp\/v2\/comments?post=596"}],"wp:featuredmedia":[{"embeddable":true,"href":"https:\/\/volovape.com\/hu\/wp-json\/wp\/v2\/media\/912"}],"wp:attachment":[{"href":"https:\/\/volovape.com\/hu\/wp-json\/wp\/v2\/media?parent=596"}],"wp:term":[{"taxonomy":"product_brand","embeddable":true,"href":"https:\/\/volovape.com\/hu\/wp-json\/wp\/v2\/product_brand?post=596"},{"taxonomy":"product_cat","embeddable":true,"href":"https:\/\/volovape.com\/hu\/wp-json\/wp\/v2\/product_cat?post=596"},{"taxonomy":"product_tag","embeddable":true,"href":"https:\/\/volovape.com\/hu\/wp-json\/wp\/v2\/product_tag?post=596"}],"curies":[{"name":"wp","href":"https:\/\/api.w.org\/{rel}","templated":true}]}}