{"id":5798,"date":"2024-11-21T03:49:18","date_gmt":"2024-11-21T03:49:18","guid":{"rendered":"https:\/\/volovape.com\/?post_type=product&#038;p=5798"},"modified":"2025-11-04T06:53:58","modified_gmt":"2025-11-04T06:53:58","slug":"vapme-20k-kristaly-dupla-izu-20000-fujas","status":"publish","type":"product","link":"https:\/\/volovape.com\/hu\/product\/vapme-20k-crystal-double-flavor-20000-puffs\/","title":{"rendered":"VAPME 20K Crystal dupla \u00edz\u0171 eldobhat\u00f3 vape - 20000 puff, h\u00e1l\u00f3s tekercs"},"content":{"rendered":"<p><strong>VAPME 20K Crystal dupla \u00edz\u0171 eldobhat\u00f3 vape<\/strong> - Tapasztalja meg a kett\u0151s \u00edzeket \u00e9s a 20 000 puffot egy k\u00e9sz\u00fcl\u00e9kben.<\/p>\n<p>A <strong>VAPME 20K Crystal dupla \u00edz<\/strong> \u00fajradefini\u00e1lja az eldobhat\u00f3 p\u00e1rologtat\u00e1st az egyed\u00fcl\u00e1ll\u00f3 kett\u0151s \u00edzrendszer\u00e9vel, amely lehet\u0151v\u00e9 teszi, hogy k\u00f6nnyed\u00e9n v\u00e1ltson k\u00e9t szak\u00e9rtelemmel p\u00e1ros\u00edtott \u00edz k\u00f6z\u00f6tt. \u00c9lvezze ak\u00e1r <strong>20,000 puff<\/strong> egy nagyvonal\u00fa <strong>20mL e-liquid kapacit\u00e1s<\/strong> \u00e9s egy er\u0151s <strong>700mAh \u00fajrat\u00f6lthet\u0151 akkumul\u00e1tor<\/strong>. Egy <strong>h\u00e1l\u00f3s tekercs<\/strong> a kiv\u00e1l\u00f3 \u00edzek \u00e1tad\u00e1s\u00e1\u00e9rt \u00e9s a <strong>2% nikotin er\u0151ss\u00e9ge<\/strong>, ez a k\u00e9sz\u00fcl\u00e9k sima \u00e9s kiel\u00e9g\u00edt\u0151 vape-t biztos\u00edt. Ide\u00e1lis mind szem\u00e9lyes haszn\u00e1latra, mind <strong>eldobhat\u00f3 vape nagykereskedelem<\/strong>, ez a k\u00e9sz\u00fcl\u00e9k k\u00e9nyelmet \u00e9s hossz\u00fa \u00e9lettartamot k\u00edn\u00e1l. T\u00f6k\u00e9letes azok sz\u00e1m\u00e1ra, akik egy <strong>t\u00f6meges rendel\u00e9s<\/strong> nagy kapacit\u00e1s\u00fa eldobhat\u00f3 eszk\u00f6z\u00f6k.<\/p>\n<h3><strong>VAPME 20K Crystal Double Flavor Jellemz\u0151k:<\/strong><\/h3>\n<ul>\n<li>Puff: 20,000-ig<\/li>\n<li>E-folyad\u00e9k kapacit\u00e1s: 20mL<\/li>\n<li>Akkumul\u00e1tor: 700mAh (\u00fajrat\u00f6lthet\u0151)<\/li>\n<li>T\u00f6lt\u00e9s: C-t\u00edpus\u00fa<\/li>\n<li>Tekercs: Mesh Coil<\/li>\n<li>Nikotin er\u0151ss\u00e9ge: 2%<\/li>\n<li>Kett\u0151s \u00edzes\u00edt\u00e9s\u0171 rendszer<\/li>\n<\/ul>\n<h4>GYIK<\/h4>\n<h5>Hogyan m\u0171k\u00f6dik a kett\u0151s \u00edzes\u00edt\u00e9s\u0171 rendszer?<\/h5>\n<p>A VAPME 20K Crystal Double Flavor k\u00e9t k\u00fcl\u00f6n\u00e1ll\u00f3 e-folyad\u00e9k kamr\u00e1val \u00e9s kapcsol\u00f3mechanizmussal rendelkezik. Ez lehet\u0151v\u00e9 teszi, hogy k\u00f6nnyed\u00e9n v\u00e1ltson a k\u00e9t k\u00fcl\u00f6nb\u00f6z\u0151 \u00edz k\u00f6z\u00f6tt, sokoldal\u00fa \u00e9s \u00e9lvezetes p\u00e1rologtat\u00e1si \u00e9lm\u00e9nyt biztos\u00edtva an\u00e9lk\u00fcl, hogy t\u00f6bb k\u00e9sz\u00fcl\u00e9kre lenne sz\u00fcks\u00e9ge.<\/p>\n<h5>Milyen sz\u00e1ll\u00edt\u00e1si m\u00f3dokat haszn\u00e1lnak?<\/h5>\n<p>A megb\u00edzhat\u00f3 \u00e9s hat\u00e9kony sz\u00e1ll\u00edt\u00e1s \u00e9rdek\u00e9ben olyan vezet\u0151 sz\u00e1ll\u00edtm\u00e1nyoz\u00f3kkal m\u0171k\u00f6d\u00fcnk egy\u00fctt, mint a UPS, a DHL, a FedEx \u00e9s a DPD. A legjobb sz\u00e1ll\u00edt\u00e1si m\u00f3dot az \u00d6n tart\u00f3zkod\u00e1si helye alapj\u00e1n v\u00e1lasztjuk ki, hogy garant\u00e1ljuk a gyors meg\u00e9rkez\u00e9st.<\/p>\n<h5>Mennyi id\u0151 alatt \u00e9rkezik meg?<\/h5>\n<p>A sz\u00e1ll\u00edt\u00e1s \u00e1ltal\u00e1ban 7-15 munkanapot vesz ig\u00e9nybe. K\u00e9rj\u00fck azonban, hogy \u00fcnnepnapokon vagy kedvez\u0151tlen id\u0151j\u00e1r\u00e1si k\u00f6r\u00fclm\u00e9nyek k\u00f6z\u00f6tt ak\u00e1r 20 munkanapot is enged\u00e9lyezzen.<\/p>\n<h5>Lesznek-e v\u00e1m- vagy ad\u00f3z\u00e1si probl\u00e9m\u00e1im?<\/h5>\n<p>Mi kezelj\u00fck az \u00f6sszes v\u00e1mkezel\u00e9si elj\u00e1r\u00e1st, \u00e9s garant\u00e1ljuk, hogy nem lesznek tov\u00e1bbi ad\u00f3k vagy d\u00edjak. B\u00edzhat abban, hogy 100% k\u00fcldem\u00e9nyeinket gond n\u00e9lk\u00fcl v\u00e1mkezelj\u00fck.<\/p>\n<h5>Biztons\u00e1gos a v\u00e1s\u00e1rl\u00e1som?<\/h5>\n<p>Igen, biztons\u00e1gos fizet\u00e9si lehet\u0151s\u00e9geket k\u00edn\u00e1lunk, bele\u00e9rtve a PayPal-t a v\u00e1s\u00e1rl\u00f3 v\u00e9delm\u00e9vel. \u00d6n is ellen\u0151rizheti hiteless\u00e9g\u00fcnket, ha ellen\u0151rzi a v\u00e1s\u00e1rl\u00f3i v\u00e9lem\u00e9nyeinket az al\u00e1bbi weboldalon <a href=\"https:\/\/www.trustpilot.com\/review\/volovape.com?utm_medium=trustbox&amp;utm_source=TrustBoxReviewCollector\">TrustPilot<\/a>.<\/p>","protected":false},"excerpt":{"rendered":"<p>\u00c9lvezze a kett\u0151s \u00edzeket a VAPME 20K Crystal Double Flavor Vape-vel. 20ml e-folyad\u00e9kot, 700mAh akkumul\u00e1tort, h\u00e1l\u00f3s tekercset, 2% nikotint, ak\u00e1r 20.000 slukkot k\u00edn\u00e1l. T\u00f6meges nagykereskedelem, C t\u00edpus\u00fa t\u00f6lt\u00e9s.<\/p>","protected":false},"featured_media":5814,"comment_status":"open","ping_status":"closed","template":"","meta":[],"product_brand":[],"product_cat":[49,42,21,43,18,39,20,23,24,22,25,26,27,28,29,30,31,32,33,34,35,64,36,40],"product_tag":[],"class_list":{"0":"post-5798","1":"product","2":"type-product","3":"status-publish","4":"has-post-thumbnail","6":"product_cat-vapme","7":"product_cat-20000-puffs-disposable-vape","8":"product_cat-big-puffs-vapes","9":"product_cat-crystal-vapes","10":"product_cat-different-puffs-of-disposable-vapes","11":"product_cat-digital-box-vapes","12":"product_cat-disposable-vape-types","13":"product_cat-disposable-vapes-in-austria","14":"product_cat-disposable-vapes-in-belgium","15":"product_cat-disposable-vapes-in-europe","16":"product_cat-disposable-vapes-in-france","17":"product_cat-disposable-vapes-in-germany","18":"product_cat-disposable-vapes-in-hungary","19":"product_cat-disposable-vapes-in-ltaly","20":"product_cat-disposable-vapes-in-netherlands","21":"product_cat-disposable-vapes-in-norway","22":"product_cat-disposable-vapes-in-poland","23":"product_cat-disposable-vapes-in-portugal","24":"product_cat-disposable-vapes-in-spain","25":"product_cat-disposable-vapes-in-sweden","26":"product_cat-disposable-vapes-in-switzerland","27":"product_cat-dual-flavor-vapes","28":"product_cat-rechargeable-vapes","29":"product_cat-smart-screen-vapes","31":"first","32":"instock","33":"shipping-taxable","34":"purchasable","35":"product-type-variable","36":"has-default-attributes"},"jetpack_sharing_enabled":true,"tiered_pricing_type":"fixed","tiered_pricing_fixed_rules":{"30":8.28999999999999914734871708787977695465087890625,"50":7.28000000000000024868995751603506505489349365234375,"100":6.6699999999999999289457264239899814128875732421875,"200":6.29999999999999982236431605997495353221893310546875},"tiered_pricing_product_settings":{"layout":"default","base_unit_name":{"singular":null,"plural":null},"default_variation":null},"tiered_pricing_minimum_quantity":10,"tiered_pricing_roles_data":[],"tiered_pricing_percentage_rules":[],"tiered_pricing_maximum_quantity":null,"tiered_pricing_quantity_step":"10","_links":{"self":[{"href":"https:\/\/volovape.com\/hu\/wp-json\/wp\/v2\/product\/5798","targetHints":{"allow":["GET"]}}],"collection":[{"href":"https:\/\/volovape.com\/hu\/wp-json\/wp\/v2\/product"}],"about":[{"href":"https:\/\/volovape.com\/hu\/wp-json\/wp\/v2\/types\/product"}],"replies":[{"embeddable":true,"href":"https:\/\/volovape.com\/hu\/wp-json\/wp\/v2\/comments?post=5798"}],"wp:featuredmedia":[{"embeddable":true,"href":"https:\/\/volovape.com\/hu\/wp-json\/wp\/v2\/media\/5814"}],"wp:attachment":[{"href":"https:\/\/volovape.com\/hu\/wp-json\/wp\/v2\/media?parent=5798"}],"wp:term":[{"taxonomy":"product_brand","embeddable":true,"href":"https:\/\/volovape.com\/hu\/wp-json\/wp\/v2\/product_brand?post=5798"},{"taxonomy":"product_cat","embeddable":true,"href":"https:\/\/volovape.com\/hu\/wp-json\/wp\/v2\/product_cat?post=5798"},{"taxonomy":"product_tag","embeddable":true,"href":"https:\/\/volovape.com\/hu\/wp-json\/wp\/v2\/product_tag?post=5798"}],"curies":[{"name":"wp","href":"https:\/\/api.w.org\/{rel}","templated":true}]}}