{"id":5765,"date":"2024-11-21T03:49:10","date_gmt":"2024-11-21T03:49:10","guid":{"rendered":"https:\/\/volovape.com\/?post_type=product&#038;p=5765"},"modified":"2026-04-08T01:50:47","modified_gmt":"2026-04-08T01:50:47","slug":"mrvi-25000-puff-nagyker","status":"publish","type":"product","link":"https:\/\/volovape.com\/hu\/product\/mrvi-25000-puffs-wholesale\/","title":{"rendered":"MRVI 25000 puffs kett\u0151s tekercs eldobhat\u00f3 vape - MTL &amp; DTL rugalmass\u00e1g, \u00f6mlesztett v\u00e1s\u00e1rl\u00e1s nagykeresked\u00e9s"},"content":{"rendered":"<p><strong>MRVI 25000 Puffs Dual Coil eldobhat\u00f3 vape<\/strong> - Tapasztald meg a v\u00e9gs\u0151 rugalmass\u00e1got a szipuz\u00e1s ter\u00e9n.<\/p>\n<p>Fedezze fel a p\u00e1ratlanul sokoldal\u00fa p\u00e1rologtat\u00e1st a <strong>MRVI 25000<\/strong> eldobhat\u00f3 vape. Az MTL \u00e9s DTL rajong\u00f3k sz\u00e1m\u00e1ra egyar\u00e1nt tervezett k\u00e9sz\u00fcl\u00e9k figyelemre m\u00e9lt\u00f3 25 000 puff kapacit\u00e1ssal b\u00fcszk\u00e9lkedhet, amelyet egy hatalmas 30 ml-es e-folyad\u00e9k tart\u00e1ly \u00e9s egy robusztus 1000mAh \u00fajrat\u00f6lthet\u0151 akkumul\u00e1tor t\u00e1pl\u00e1l. Az innovat\u00edv kett\u0151s tekercsrendszer lehet\u0151v\u00e9 teszi, hogy k\u00f6nnyed\u00e9n v\u00e1ltson a g\u0151z\u00f6l\u00e9si st\u00edlusok k\u00f6z\u00f6tt, \u00edgy biztos\u00edtva a szem\u00e9lyre szabott \u00e9lm\u00e9nyt. A 2% vagy 5% nikotin er\u0151ss\u00e9g\u0171 \u00e9s 10 finom \u00edzb\u0151l \u00e1ll\u00f3 v\u00e1laszt\u00e9kkal az MRVI 25000 t\u00f6k\u00e9letes a szem\u00e9lyes \u00e9lvezethez \u00e9s az eldobhat\u00f3 vape nagykereskedelmi t\u00f6megrendel\u00e9sekhez. \u00c9lvezze a sima, \u00edzgazdag g\u0151zt \u00e9s a kiv\u00e9teles \u00e9lettartamot egyetlen k\u00e9nyelmes, hordozhat\u00f3 eszk\u00f6zben.<\/p>\n<h3><strong>MRVI 25000 Jellemz\u0151k\uff1a<\/strong><\/h3>\n<ul>\n<li>Puff: 25,000 puffan\u00e1sig<\/li>\n<li>E-folyad\u00e9k Kapacit\u00e1s: 30ml<\/li>\n<li>Akkumul\u00e1tor: 1000mAh (\u00fajrat\u00f6lthet\u0151)<\/li>\n<li>T\u00f6lt\u00e9s: C-t\u00edpus\u00fa<\/li>\n<li>Tekercs: DTL): Kett\u0151s tekercsek (MTL &amp; DTL)<\/li>\n<li>Nikotin Er\u0151ss\u00e9gek: 2%, 5%<\/li>\n<li>10 egyedi \u00edz<\/li>\n<li>Eldobhat\u00f3 eszk\u00f6z<\/li>\n<\/ul>\n<h4>GYIK<\/h4>\n<h5>Milyen sz\u00e1ll\u00edt\u00e1si m\u00f3dokat haszn\u00e1lnak?<\/h5>\n<p>Egy\u00fcttm\u0171k\u00f6d\u00fcnk a UPS\/DHL\/FEDEX\/DPD-vel, stb. A sz\u00e1ll\u00edt\u00e1si orsz\u00e1gt\u00f3l f\u00fcgg\u0151en kiv\u00e1lasztjuk a megfelel\u0151 sz\u00e1ll\u00edt\u00e1si lehet\u0151s\u00e9get, hogy a lehet\u0151 leggyorsabban megkapja a term\u00e9keket.<\/p>\n<h5>Mennyi id\u0151 alatt \u00e9rkezik meg?<\/h5>\n<p>Ez \u00e1ltal\u00e1ban 7-15 munkanapot vesz ig\u00e9nybe, munkasz\u00fcneti napokon vagy rossz id\u0151j\u00e1r\u00e1si k\u00f6r\u00fclm\u00e9nyek k\u00f6z\u00f6tt ak\u00e1r 20 munkanapot is ig\u00e9nybe vehet.<\/p>\n<h5>\u00c1tmehet a v\u00e1mon, \u00e9s okozhat-e ez nekem b\u00e1rmilyen probl\u00e9m\u00e1t?<\/h5>\n<p>Garant\u00e1ljuk, hogy nem lesz semmi gondja, mivel mi gondoskodunk a v\u00e1mkezel\u00e9sr\u0151l, \u00e9s nem lesznek ad\u00f3k vagy d\u00edjak. Garant\u00e1ljuk, hogy 100% term\u00e9keink v\u00e1mkezel\u00e9sre ker\u00fclnek.<\/p>\n<h5>Mi az el\u0151nye a kett\u0151s tekercses rendszernek?<\/h5>\n<p>Az MRVI 25000 kett\u0151s tekercsrendszere sokoldal\u00fa g\u0151z\u00f6l\u00e9st tesz lehet\u0151v\u00e9, lehet\u0151v\u00e9 t\u00e9ve a felhaszn\u00e1l\u00f3k sz\u00e1m\u00e1ra a Mouth-to-Lung (MTL) \u00e9s a Direct-to-Lung (DTL) g\u0151z\u00f6l\u00e9si st\u00edlusok k\u00f6z\u00f6tti v\u00e1lt\u00e1st, a k\u00fcl\u00f6nb\u00f6z\u0151 preferenci\u00e1knak megfelel\u0151en, \u00e9s jav\u00edtva az \u00e1ltal\u00e1nos g\u0151z\u00f6l\u00e9si \u00e9lm\u00e9nyt.<\/p>\n<h5>Megb\u00edzhatok benne?<\/h5>\n<p>T\u00e1mogatjuk a PayPal fizet\u00e9si \u00e9s v\u00e1s\u00e1rl\u00f3v\u00e9delmi szolg\u00e1ltat\u00e1st.<br \/>\nA k\u00f6vetkez\u0151 oldalakon is megn\u00e9zheti v\u00e9lem\u00e9ny\u00fcnket <a href=\"https:\/\/www.trustpilot.com\/review\/volovape.com?utm_medium=trustbox&amp;utm_source=TrustBoxReviewCollector\">TrustPilot<\/a><\/p>","protected":false},"excerpt":{"rendered":"<p>Fedezze fel az MRVI 25000 Puffs eldobhat\u00f3 vape-t 30ml e-folyad\u00e9kkal, 1000mAh akkumul\u00e1torral, kett\u0151s tekercsekkel MTL\/DTL \u00e9s 2%\/5% nikotinnal. T\u00f6meges nagykereskedelem el\u00e9rhet\u0151, t\u00f6bbf\u00e9le \u00edzes\u00edt\u00e9s, C t\u00edpus\u00fa t\u00f6lt\u00e9s.<\/p>","protected":false},"featured_media":5775,"comment_status":"open","ping_status":"closed","template":"","meta":[],"product_brand":[],"product_cat":[55,45,21,43,18,39,20,23,24,22,25,26,27,28,29,30,31,32,33,34,35,44,36,40],"product_tag":[],"class_list":{"0":"post-5765","1":"product","2":"type-product","3":"status-publish","4":"has-post-thumbnail","6":"product_cat-mrvi","7":"product_cat-25000-puffs-disposable-vape","8":"product_cat-big-puffs-vapes","9":"product_cat-crystal-vapes","10":"product_cat-different-puffs-of-disposable-vapes","11":"product_cat-digital-box-vapes","12":"product_cat-disposable-vape-types","13":"product_cat-disposable-vapes-in-austria","14":"product_cat-disposable-vapes-in-belgium","15":"product_cat-disposable-vapes-in-europe","16":"product_cat-disposable-vapes-in-france","17":"product_cat-disposable-vapes-in-germany","18":"product_cat-disposable-vapes-in-hungary","19":"product_cat-disposable-vapes-in-ltaly","20":"product_cat-disposable-vapes-in-netherlands","21":"product_cat-disposable-vapes-in-norway","22":"product_cat-disposable-vapes-in-poland","23":"product_cat-disposable-vapes-in-portugal","24":"product_cat-disposable-vapes-in-spain","25":"product_cat-disposable-vapes-in-sweden","26":"product_cat-disposable-vapes-in-switzerland","27":"product_cat-dual-mesh-vapes","28":"product_cat-rechargeable-vapes","29":"product_cat-smart-screen-vapes","31":"first","32":"instock","33":"shipping-taxable","34":"purchasable","35":"product-type-variable","36":"has-default-attributes"},"jetpack_sharing_enabled":true,"tiered_pricing_type":"fixed","tiered_pricing_fixed_rules":{"100":6.36000000000000031974423109204508364200592041015625,"200":5.7400000000000002131628207280300557613372802734375,"400":5.42999999999999971578290569595992565155029296875},"tiered_pricing_product_settings":{"layout":"default","base_unit_name":{"singular":null,"plural":null},"default_variation":null},"tiered_pricing_minimum_quantity":50,"tiered_pricing_roles_data":[],"tiered_pricing_percentage_rules":[],"tiered_pricing_maximum_quantity":null,"tiered_pricing_quantity_step":"10","_links":{"self":[{"href":"https:\/\/volovape.com\/hu\/wp-json\/wp\/v2\/product\/5765","targetHints":{"allow":["GET"]}}],"collection":[{"href":"https:\/\/volovape.com\/hu\/wp-json\/wp\/v2\/product"}],"about":[{"href":"https:\/\/volovape.com\/hu\/wp-json\/wp\/v2\/types\/product"}],"replies":[{"embeddable":true,"href":"https:\/\/volovape.com\/hu\/wp-json\/wp\/v2\/comments?post=5765"}],"wp:featuredmedia":[{"embeddable":true,"href":"https:\/\/volovape.com\/hu\/wp-json\/wp\/v2\/media\/5775"}],"wp:attachment":[{"href":"https:\/\/volovape.com\/hu\/wp-json\/wp\/v2\/media?parent=5765"}],"wp:term":[{"taxonomy":"product_brand","embeddable":true,"href":"https:\/\/volovape.com\/hu\/wp-json\/wp\/v2\/product_brand?post=5765"},{"taxonomy":"product_cat","embeddable":true,"href":"https:\/\/volovape.com\/hu\/wp-json\/wp\/v2\/product_cat?post=5765"},{"taxonomy":"product_tag","embeddable":true,"href":"https:\/\/volovape.com\/hu\/wp-json\/wp\/v2\/product_tag?post=5765"}],"curies":[{"name":"wp","href":"https:\/\/api.w.org\/{rel}","templated":true}]}}