{"id":535,"date":"2024-11-21T03:30:33","date_gmt":"2024-11-21T03:30:33","guid":{"rendered":"https:\/\/volovape.com\/?post_type=product&#038;p=535"},"modified":"2025-08-06T07:58:39","modified_gmt":"2025-08-06T07:58:39","slug":"bang-smart-screen-koronarud-18000-puff","status":"publish","type":"product","link":"https:\/\/volovape.com\/hu\/product\/bang-smart-screen-crown-bar-18000-puffs\/","title":{"rendered":"Bang Crown Bar 18000 Puffs Smart Screen eldobhat\u00f3 vape - 0.6\u03a9 Mesh Coil, \u00fajrat\u00f6lthet\u0151"},"content":{"rendered":"<p><strong>Bang Crown Bar 18000 Puffs Smart Screen eldobhat\u00f3 vape<\/strong> - Tapasztalja meg a kiv\u00e1l\u00f3 g\u0151z\u00f6l\u00e9st a Bang Crown Bar 18000 k\u00e9sz\u00fcl\u00e9kkel. Ez a nagy kapacit\u00e1s\u00fa, eldobhat\u00f3 vape ak\u00e1r 18 000 slukkot is biztos\u00edt, 24 ml-es e-folyad\u00e9ktart\u00e1llyal \u00e9s 650 mAh-s \u00fajrat\u00f6lthet\u0151 akkumul\u00e1torral. Az intelligens k\u00e9perny\u0151 lehet\u0151v\u00e9 teszi az akkumul\u00e1tor \u00e9s az e-folyad\u00e9k szintj\u00e9nek egyszer\u0171 ellen\u0151rz\u00e9s\u00e9t, m\u00edg a 0,6\u03a9-os h\u00e1l\u00f3s tekercs s\u0171r\u0171 felh\u0151ket \u00e9s gazdag \u00edzt biztos\u00edt. Ez a k\u00e9sz\u00fcl\u00e9k ide\u00e1lis szem\u00e9lyes haszn\u00e1latra \u00e9s eldobhat\u00f3 vape nagykereskedelmi t\u00f6megrendel\u00e9sekhez, \u00e9s 0%, 2%, 3% vagy 5% nikotin er\u0151ss\u00e9get \u00e9s 11 finom \u00edz sz\u00e9les v\u00e1laszt\u00e9k\u00e1t k\u00edn\u00e1lja.<\/p>\n<h3><strong>Bang Crown Bar 18000 Puffs Jellemz\u0151k:<\/strong><\/h3>\n<ul>\n<li>Puffok: 18000 puffok<\/li>\n<li>E-folyad\u00e9k kapacit\u00e1s: 24mL<\/li>\n<li>Akkumul\u00e1tor: 650mAh (\u00fajrat\u00f6lthet\u0151)<\/li>\n<li>T\u00f6lt\u00e9s: C-t\u00edpus\u00fa<\/li>\n<li>Tekercs: 0.6\u03a9 Mesh tekercs<\/li>\n<li>Megjelen\u00edt\u00e9s: (Akkumul\u00e1tor \u00e9s E-folyad\u00e9k szintek)<\/li>\n<li>Nikotin Er\u0151ss\u00e9gek: 0%, 2%, 3%, 5%<\/li>\n<li>\u00cdzv\u00e1laszt\u00e9k: V\u00f6r\u00f6sboros j\u00e9g, Epres g\u00f6r\u00f6gdinnye, \u00c1fony\u00e1s m\u00e1lna, \u00c1fony\u00e1s j\u00e9g, Epres kivi, Barack j\u00e9g, Vegyes gy\u00fcm\u00f6lcs\u00f6k, Csereszny\u00e9s k\u00f3la, Dupla alma, \u00c1fony\u00e1s citrom, Sz\u0151l\u0151 j\u00e9g.<\/li>\n<\/ul>\n<h4>GYIK<\/h4>\n<h5>Hogyan fokozza a 0,6\u03a9-os h\u00e1l\u00f3s tekercs a g\u0151ztermel\u00e9st?<\/h5>\n<p>A 0,6\u03a9-os h\u00e1l\u00f3s tekercset \u00fagy tervezt\u00e9k, hogy hat\u00e9konyabban meleg\u00edtse az e-folyad\u00e9kot, ami s\u0171r\u0171bb felh\u0151ket \u00e9s gazdagabb \u00edzprofilt eredm\u00e9nyez. Ez intenz\u00edvebb \u00e9s kiel\u00e9g\u00edt\u0151bb g\u0151z\u00f6l\u00e9si \u00e9lm\u00e9nyt biztos\u00edt.<\/p>\n<h5>Milyen sz\u00e1ll\u00edt\u00e1si m\u00f3dok \u00e1llnak rendelkez\u00e9sre?<\/h5>\n<p>Olyan megb\u00edzhat\u00f3 sz\u00e1ll\u00edtm\u00e1nyoz\u00f3kkal dolgozunk egy\u00fctt, mint a UPS, a DHL, a FedEx \u00e9s a DPD a hat\u00e9kony \u00e9s megb\u00edzhat\u00f3 sz\u00e1ll\u00edt\u00e1s \u00e9rdek\u00e9ben. A legmegfelel\u0151bb sz\u00e1ll\u00edt\u00e1si m\u00f3dot az \u00d6n sz\u00e1ll\u00edt\u00e1si helye alapj\u00e1n v\u00e1lasztjuk ki.<\/p>\n<h5>Mennyi ideig tart \u00e1ltal\u00e1ban a sz\u00e1ll\u00edt\u00e1s?<\/h5>\n<p>A sz\u00e1ll\u00edt\u00e1s \u00e1ltal\u00e1ban 7-15 munkanapot vesz ig\u00e9nybe, b\u00e1r a sz\u00e1ll\u00edt\u00e1si id\u0151 \u00fcnnepnapokon vagy kedvez\u0151tlen id\u0151j\u00e1r\u00e1si k\u00f6r\u00fclm\u00e9nyek k\u00f6z\u00f6tt ak\u00e1r 20 munkanapra is meghosszabbodhat.<\/p>\n<h5>Szembes\u00fclni fogok b\u00e1rmilyen v\u00e1mmal vagy ad\u00f3val?<\/h5>\n<p>Minden v\u00e1mkezel\u00e9st mi v\u00e9gz\u00fcnk, garant\u00e1lva, hogy \u00d6nnek nem kell tov\u00e1bbi ad\u00f3kat vagy d\u00edjakat fizetnie. 100% term\u00e9keinket gond n\u00e9lk\u00fcl v\u00e1mkezelik.<\/p>\n<h5>Mennyire biztons\u00e1gos a v\u00e1s\u00e1rl\u00e1som?<\/h5>\n<p>Biztons\u00e1gos tranzakci\u00f3kat k\u00edn\u00e1lunk a PayPal v\u00e1s\u00e1rl\u00f3i v\u00e9delm\u00e9n kereszt\u00fcl. \u00d6n is ellen\u0151rizheti hiteless\u00e9g\u00fcnket, ha ellen\u0151rzi a v\u00e1s\u00e1rl\u00f3i v\u00e9lem\u00e9nyeket a k\u00f6vetkez\u0151 oldalakon <a href=\"https:\/\/www.trustpilot.com\/review\/volovape.com?utm_medium=trustbox&amp;utm_source=TrustBoxReviewCollector\">TrustPilot<\/a>.<\/p>","protected":false},"excerpt":{"rendered":"<p>Forradalmas\u00edtsa a vape k\u00edn\u00e1lat\u00e1t a Bang Crown Bar 18000 Puffs nagykereskedelemmel! Smart screen tech, 0,6\u03a9-os h\u00e1l\u00f3, 24ml, \u00fajrat\u00f6lthet\u0151. K\u00e9szleten a k\u00f6vetkez\u0151 gener\u00e1ci\u00f3s eldobhat\u00f3 term\u00e9kek az ig\u00e9nyes v\u00e1s\u00e1rl\u00f3k sz\u00e1m\u00e1ra.<\/p>","protected":false},"featured_media":905,"comment_status":"open","ping_status":"closed","template":"","meta":[],"product_brand":[],"product_cat":[61,50,21,18,20,23,24,22,25,26,27,28,29,30,31,32,33,34,35,36,47,40],"product_tag":[],"class_list":{"0":"post-535","1":"product","2":"type-product","3":"status-publish","4":"has-post-thumbnail","6":"product_cat-bang","7":"product_cat-18000-puffs-disposable-vape","8":"product_cat-big-puffs-vapes","9":"product_cat-different-puffs-of-disposable-vapes","10":"product_cat-disposable-vape-types","11":"product_cat-disposable-vapes-in-austria","12":"product_cat-disposable-vapes-in-belgium","13":"product_cat-disposable-vapes-in-europe","14":"product_cat-disposable-vapes-in-france","15":"product_cat-disposable-vapes-in-germany","16":"product_cat-disposable-vapes-in-hungary","17":"product_cat-disposable-vapes-in-ltaly","18":"product_cat-disposable-vapes-in-netherlands","19":"product_cat-disposable-vapes-in-norway","20":"product_cat-disposable-vapes-in-poland","21":"product_cat-disposable-vapes-in-portugal","22":"product_cat-disposable-vapes-in-spain","23":"product_cat-disposable-vapes-in-sweden","24":"product_cat-disposable-vapes-in-switzerland","25":"product_cat-rechargeable-vapes","26":"product_cat-shisha-hookah-vapes","27":"product_cat-smart-screen-vapes","29":"first","30":"instock","31":"shipping-taxable","32":"purchasable","33":"product-type-variable","34":"has-default-attributes"},"jetpack_sharing_enabled":true,"tiered_pricing_type":"fixed","tiered_pricing_fixed_rules":{"2000":3.890000000000000124344978758017532527446746826171875},"tiered_pricing_product_settings":{"layout":"default","base_unit_name":{"singular":null,"plural":null},"default_variation":null},"tiered_pricing_minimum_quantity":1000,"tiered_pricing_roles_data":[],"tiered_pricing_percentage_rules":[],"tiered_pricing_maximum_quantity":null,"tiered_pricing_quantity_step":"10","_links":{"self":[{"href":"https:\/\/volovape.com\/hu\/wp-json\/wp\/v2\/product\/535","targetHints":{"allow":["GET"]}}],"collection":[{"href":"https:\/\/volovape.com\/hu\/wp-json\/wp\/v2\/product"}],"about":[{"href":"https:\/\/volovape.com\/hu\/wp-json\/wp\/v2\/types\/product"}],"replies":[{"embeddable":true,"href":"https:\/\/volovape.com\/hu\/wp-json\/wp\/v2\/comments?post=535"}],"wp:featuredmedia":[{"embeddable":true,"href":"https:\/\/volovape.com\/hu\/wp-json\/wp\/v2\/media\/905"}],"wp:attachment":[{"href":"https:\/\/volovape.com\/hu\/wp-json\/wp\/v2\/media?parent=535"}],"wp:term":[{"taxonomy":"product_brand","embeddable":true,"href":"https:\/\/volovape.com\/hu\/wp-json\/wp\/v2\/product_brand?post=535"},{"taxonomy":"product_cat","embeddable":true,"href":"https:\/\/volovape.com\/hu\/wp-json\/wp\/v2\/product_cat?post=535"},{"taxonomy":"product_tag","embeddable":true,"href":"https:\/\/volovape.com\/hu\/wp-json\/wp\/v2\/product_tag?post=535"}],"curies":[{"name":"wp","href":"https:\/\/api.w.org\/{rel}","templated":true}]}}