{"id":533,"date":"2024-11-21T03:30:33","date_gmt":"2024-11-21T03:30:33","guid":{"rendered":"https:\/\/volovape.com\/?post_type=product&#038;p=533"},"modified":"2025-08-06T08:11:38","modified_gmt":"2025-08-06T08:11:38","slug":"bang-box-raketa-18000-fujas","status":"publish","type":"product","link":"https:\/\/volovape.com\/hu\/product\/bang-box-rocket-18000-puffs\/","title":{"rendered":"Bang Box Rocket 18000 Puffs Eldobhat\u00f3 Vape - 1.0\u03a9 Mesh Coil, Smart Display, \u00fajrat\u00f6lthet\u0151"},"content":{"rendered":"<p><strong>Bang Box Rocket 18000 Puffs Smart Eldobhat\u00f3 Vape<\/strong> - Tapasztald meg a p\u00e1rologtat\u00e1s j\u00f6v\u0151j\u00e9t a Bang Box Rocket 18000 k\u00e9sz\u00fcl\u00e9kkel. Ez az innovat\u00edv eldobhat\u00f3 vape hatalmas 18 000 puffot, 28 ml e-folyad\u00e9k kapacit\u00e1st \u00e9s intelligens kijelz\u0151t k\u00edn\u00e1l az akkumul\u00e1tor \u00e9s az e-folyad\u00e9k szintj\u00e9nek ellen\u0151rz\u00e9s\u00e9hez. Az 1,0\u03a9-os h\u00e1l\u00f3s tekercset a sima, \u00edzletes g\u0151z\u00e9rt \u00e9s a 650mAh-s \u00fajrat\u00f6lthet\u0151 akkumul\u00e1tort C-t\u00edpus\u00fa t\u00f6lt\u00e9ssel, ez a k\u00e9sz\u00fcl\u00e9k t\u00f6k\u00e9letes mind szem\u00e9lyes haszn\u00e1latra, mind eldobhat\u00f3 vape nagykereskedelmi nagyrendel\u00e9sekre. V\u00e1lasszon a 0%, 2%, 3% vagy 5% nikotiner\u0151ss\u00e9g k\u00f6z\u00fcl, \u00e9s \u00e9lvezze a 12 finom \u00edz sz\u00e9les v\u00e1laszt\u00e9k\u00e1t.<\/p>\n<h3><strong>Bang Box Rocket 18000 Puffs Jellemz\u0151k:<\/strong><\/h3>\n<ul>\n<li>Puffok: 18000 puffok<\/li>\n<li>E-folyad\u00e9k kapacit\u00e1s: 28mL<\/li>\n<li>Akkumul\u00e1tor: 650mAh (\u00fajrat\u00f6lthet\u0151)<\/li>\n<li>T\u00f6lt\u00e9s: C-t\u00edpus\u00fa<\/li>\n<li>Tekercs: 1.0\u03a9 Mesh tekercs<\/li>\n<li>Megjelen\u00edt\u00e9s: (Akkumul\u00e1tor \u00e9s E-folyad\u00e9k szintek)<\/li>\n<li>Nikotin Er\u0151ss\u00e9gek: 0%, 2%, 3%, 5%<\/li>\n<li>\u00cdzv\u00e1laszt\u00e9k: Eper Ban\u00e1n, G\u00f6r\u00f6gdinnye J\u00e9g, Eper Kiwi, Eper Mang\u00f3, \u00c1fonya J\u00e9g, Mexik\u00f3i Mang\u00f3, L\u00e9d\u00fas Barack J\u00e9g, Savany\u00fa Alma J\u00e9g, K\u00e9k Razz J\u00e9g, Tr\u00f3pusi Sziv\u00e1rv\u00e1ny Robban\u00e1s.<\/li>\n<\/ul>\n<h4>GYIK<\/h4>\n<h5>Hogyan jav\u00edtja az intelligens kijelz\u0151 a p\u00e1rol\u00e1si \u00e9lm\u00e9nyemet?<\/h5>\n<p>A be\u00e9p\u00edtett intelligens kijelz\u0151 val\u00f3s idej\u0171 friss\u00edt\u00e9seket biztos\u00edt az akkumul\u00e1tor \u00e9lettartam\u00e1r\u00f3l \u00e9s az e-folyad\u00e9k szintj\u00e9r\u0151l, kik\u00fcsz\u00f6b\u00f6lve a tal\u00e1lgat\u00e1sokat \u00e9s biztos\u00edtva, hogy mindig felk\u00e9sz\u00fclt legyen. Ez a funkci\u00f3 lehet\u0151v\u00e9 teszi az ellen\u0151rz\u00f6ttebb \u00e9s \u00e9lvezetesebb g\u0151z\u00f6l\u00e9si \u00e9lm\u00e9nyt.<\/p>\n<h5>Milyen sz\u00e1ll\u00edt\u00e1si m\u00f3dokat haszn\u00e1lnak?<\/h5>\n<p>Megb\u00edzhat\u00f3 \u00e9s hat\u00e9kony sz\u00e1ll\u00edt\u00e1s \u00e9rdek\u00e9ben olyan megb\u00edzhat\u00f3 fuvaroz\u00f3kkal dolgozunk egy\u00fctt, mint a UPS, a DHL, a FedEx \u00e9s a DPD. A legjobb sz\u00e1ll\u00edt\u00e1si opci\u00f3t az \u00d6n tart\u00f3zkod\u00e1si helye alapj\u00e1n v\u00e1lasztjuk ki, hogy biztos\u00edtsuk az id\u0151ben t\u00f6rt\u00e9n\u0151 k\u00e9zbes\u00edt\u00e9st.<\/p>\n<h5>Mennyi ideig tart \u00e1ltal\u00e1ban a sz\u00e1ll\u00edt\u00e1s?<\/h5>\n<p>A sz\u00e1ll\u00edt\u00e1s \u00e1ltal\u00e1ban 7-15 munkanapot vesz ig\u00e9nybe, de \u00fcnnepnapokon vagy kedvez\u0151tlen id\u0151j\u00e1r\u00e1si k\u00f6r\u00fclm\u00e9nyek k\u00f6z\u00f6tt ak\u00e1r 20 munkanapig is elh\u00faz\u00f3dhat.<\/p>\n<h5>Vannak v\u00e1m- vagy ad\u00f3fizet\u00e9si k\u00f6telezetts\u00e9gek?<\/h5>\n<p>Minden v\u00e1mkezel\u00e9st mi v\u00e9gz\u00fcnk, garant\u00e1lva, hogy \u00d6nnek nem kell tov\u00e1bbi ad\u00f3kat vagy d\u00edjakat fizetnie. 100% term\u00e9keinket gond n\u00e9lk\u00fcl v\u00e1mkezelik.<\/p>\n<h5>Biztons\u00e1gos \u00e9s megb\u00edzhat\u00f3 a v\u00e1s\u00e1rl\u00e1som?<\/h5>\n<p>T\u00e1mogatjuk a biztons\u00e1gos tranzakci\u00f3kat a PayPal v\u00e1s\u00e1rl\u00f3i v\u00e9delm\u00e9n kereszt\u00fcl. V\u00e1s\u00e1rl\u00f3i visszajelz\u00e9seinket is megtekintheti a <a href=\"https:\/\/www.trustpilot.com\/review\/volovape.com?utm_medium=trustbox&amp;utm_source=TrustBoxReviewCollector\">TrustPilot<\/a> hogy ellen\u0151rizze megb\u00edzhat\u00f3s\u00e1gunkat.<\/p>","protected":false},"excerpt":{"rendered":"<p>Uralkodj a vape piacon a Bang Box Rocket 18000 Puffs nagykereskedelemmel! Intelligens kijelz\u0151, 1.0\u03a9 h\u00e1l\u00f3, 28ml, \u00fajrat\u00f6lthet\u0151. K\u00edn\u00e1ljon \u00e9lvonalbeli, nagy kapacit\u00e1s\u00fa vap\u00e9t \u00fcgyfeleinek.<\/p>","protected":false},"featured_media":879,"comment_status":"open","ping_status":"closed","template":"","meta":[],"product_brand":[],"product_cat":[61,50,21,18,39,20,23,24,22,25,26,27,28,29,30,31,32,33,34,35,44,36,40],"product_tag":[],"class_list":{"0":"post-533","1":"product","2":"type-product","3":"status-publish","4":"has-post-thumbnail","6":"product_cat-bang","7":"product_cat-18000-puffs-disposable-vape","8":"product_cat-big-puffs-vapes","9":"product_cat-different-puffs-of-disposable-vapes","10":"product_cat-digital-box-vapes","11":"product_cat-disposable-vape-types","12":"product_cat-disposable-vapes-in-austria","13":"product_cat-disposable-vapes-in-belgium","14":"product_cat-disposable-vapes-in-europe","15":"product_cat-disposable-vapes-in-france","16":"product_cat-disposable-vapes-in-germany","17":"product_cat-disposable-vapes-in-hungary","18":"product_cat-disposable-vapes-in-ltaly","19":"product_cat-disposable-vapes-in-netherlands","20":"product_cat-disposable-vapes-in-norway","21":"product_cat-disposable-vapes-in-poland","22":"product_cat-disposable-vapes-in-portugal","23":"product_cat-disposable-vapes-in-spain","24":"product_cat-disposable-vapes-in-sweden","25":"product_cat-disposable-vapes-in-switzerland","26":"product_cat-dual-mesh-vapes","27":"product_cat-rechargeable-vapes","28":"product_cat-smart-screen-vapes","30":"first","31":"instock","32":"shipping-taxable","33":"purchasable","34":"product-type-variable","35":"has-default-attributes"},"jetpack_sharing_enabled":true,"tiered_pricing_type":"fixed","tiered_pricing_fixed_rules":{"2000":6.20999999999999996447286321199499070644378662109375},"tiered_pricing_product_settings":{"layout":"default","base_unit_name":{"singular":null,"plural":null},"default_variation":null},"tiered_pricing_minimum_quantity":1000,"tiered_pricing_roles_data":[],"tiered_pricing_percentage_rules":[],"tiered_pricing_maximum_quantity":null,"tiered_pricing_quantity_step":"10","_links":{"self":[{"href":"https:\/\/volovape.com\/hu\/wp-json\/wp\/v2\/product\/533","targetHints":{"allow":["GET"]}}],"collection":[{"href":"https:\/\/volovape.com\/hu\/wp-json\/wp\/v2\/product"}],"about":[{"href":"https:\/\/volovape.com\/hu\/wp-json\/wp\/v2\/types\/product"}],"replies":[{"embeddable":true,"href":"https:\/\/volovape.com\/hu\/wp-json\/wp\/v2\/comments?post=533"}],"wp:featuredmedia":[{"embeddable":true,"href":"https:\/\/volovape.com\/hu\/wp-json\/wp\/v2\/media\/879"}],"wp:attachment":[{"href":"https:\/\/volovape.com\/hu\/wp-json\/wp\/v2\/media?parent=533"}],"wp:term":[{"taxonomy":"product_brand","embeddable":true,"href":"https:\/\/volovape.com\/hu\/wp-json\/wp\/v2\/product_brand?post=533"},{"taxonomy":"product_cat","embeddable":true,"href":"https:\/\/volovape.com\/hu\/wp-json\/wp\/v2\/product_cat?post=533"},{"taxonomy":"product_tag","embeddable":true,"href":"https:\/\/volovape.com\/hu\/wp-json\/wp\/v2\/product_tag?post=533"}],"curies":[{"name":"wp","href":"https:\/\/api.w.org\/{rel}","templated":true}]}}