{"id":499,"date":"2024-11-21T03:30:08","date_gmt":"2024-11-21T03:30:08","guid":{"rendered":"https:\/\/volovape.com\/?post_type=product&#038;p=499"},"modified":"2025-08-06T08:09:50","modified_gmt":"2025-08-06T08:09:50","slug":"bumm-doboz-18000-puff","status":"publish","type":"product","link":"https:\/\/volovape.com\/hu\/product\/bang-box-18000-puffs\/","title":{"rendered":"BANG BOX 18000 Puffs Eldobhat\u00f3 Vape - Dual Mesh Coil, LED kijelz\u0151, \u00fajrat\u00f6lthet\u0151"},"content":{"rendered":"<p><strong>BANG BOX 18000 Puffs Eldobhat\u00f3 Vape<\/strong> - Kett\u0151s h\u00e1l\u00f3s tekercsek a kiv\u00e1l\u00f3 \u00edz\u00e9rt \u00e9s \u00e9lettartam\u00e9rt.<\/p>\n<p>A <strong>BANG BOX 18000 Puff<\/strong> nagy kapacit\u00e1s\u00fa kialak\u00edt\u00e1s\u00e1val \u00e9s fejlett kett\u0151s h\u00e1l\u00f3s tekercs technol\u00f3gi\u00e1j\u00e1val p\u00e1ratlan vaping \u00e9lm\u00e9nyt ny\u00fajt. \u00c9lvezze az ak\u00e1r <strong>18,000 puff<\/strong>, egy hatalmas <strong>26ml e-folyad\u00e9k tart\u00e1ly<\/strong>, \u00e9s egy <strong>850mAh \u00fajrat\u00f6lthet\u0151 akkumul\u00e1tor<\/strong> C t\u00edpus\u00fa t\u00f6lt\u00e9ssel. A <strong>0.8\u03a9 kett\u0151s h\u00e1l\u00f3s tekercsek<\/strong> biztos\u00edtja a gazdag, egyenletes \u00edzt, m\u00edg a LED-es digit\u00e1lis kijelz\u0151 val\u00f3s idej\u0171 friss\u00edt\u00e9seket biztos\u00edt az akkumul\u00e1tor \u00e9s az e-folyad\u00e9k szintj\u00e9r\u0151l. V\u00e1lasszon a k\u00f6vetkez\u0151k k\u00f6z\u00fcl <strong>0%, 2%, 3%, vagy 5% nikotin er\u0151ss\u00e9g\u0171ek.<\/strong> \u00e9s 12 finom \u00edzzel. Ide\u00e1lis szem\u00e9lyes haszn\u00e1latra vagy <strong>eldobhat\u00f3 vape nagykereskedelem<\/strong>, a <strong>BANG BOX 18000<\/strong> \u00faj m\u00e9rc\u00e9t \u00e1ll\u00edt fel az eldobhat\u00f3 p\u00e1rologtat\u00f3k sz\u00e1m\u00e1ra. Tekints\u00fck egy <strong>t\u00f6meges rendel\u00e9s<\/strong> versenyk\u00e9pes \u00e1rk\u00e9pz\u00e9s\u00e9rt.<\/p>\n<h3><strong>BANG BOX 18000 Puffs Jellemz\u0151k:<\/strong><\/h3>\n<ul>\n<li>Puff: 18,000-ig<\/li>\n<li>E-folyad\u00e9k kapacit\u00e1s: 26ml<\/li>\n<li>Akkumul\u00e1tor: 850mAh (\u00fajrat\u00f6lthet\u0151)<\/li>\n<li>T\u00f6lt\u00e9s: C-t\u00edpus\u00fa<\/li>\n<li>Tekercs: 0.8\u03a9 Dual Mesh tekercsek<\/li>\n<li>Megjelen\u00edt\u00e9s: LED digit\u00e1lis kijelz\u0151<\/li>\n<li>Nikotin Er\u0151ss\u00e9gek: 0%, 2%, 3%, 5%<\/li>\n<li>12 kaphat\u00f3 \u00edz<\/li>\n<\/ul>\n<h4>GYIK<\/h4>\n<h5>Mi teszi a kett\u0151s h\u00e1l\u00f3s tekercseket kiv\u00e1l\u00f3v\u00e1?<\/h5>\n<p>A kett\u0151s h\u00e1l\u00f3s tekercs kialak\u00edt\u00e1sa nagyobb f\u0171t\u0151fel\u00fcletet biztos\u00edt, ami gyorsabb \u00e9s egyenletesebb f\u0171t\u00e9st eredm\u00e9nyez. Ez fokozza az \u00edztermel\u00e9st, a g\u0151z s\u0171r\u0171s\u00e9g\u00e9t \u00e9s az \u00e1ltal\u00e1nos konzisztenci\u00e1t, kiel\u00e9g\u00edt\u0151bb g\u0151z\u00f6l\u00e9si \u00e9lm\u00e9nyt ny\u00fajtva.<\/p>\n<h5>Milyen sz\u00e1ll\u00edt\u00e1si m\u00f3dokat haszn\u00e1lnak a nagykereskedelmi nagybani megrendel\u00e9sek eset\u00e9n?<\/h5>\n<p>Megb\u00edzhat\u00f3 sz\u00e1ll\u00edtm\u00e1nyoz\u00f3kat haszn\u00e1lunk, mint a UPS, DHL, FedEx \u00e9s DPD, hogy biztos\u00edtsuk a biztons\u00e1gos \u00e9s hat\u00e9kony kisz\u00e1ll\u00edt\u00e1st a nagykereskedelmi megrendel\u00e9sekhez. A legmegfelel\u0151bb sz\u00e1ll\u00edt\u00e1si m\u00f3dot az \u00d6n tart\u00f3zkod\u00e1si helye \u00e9s a megrendel\u00e9s m\u00e9rete alapj\u00e1n v\u00e1lasztjuk ki.<\/p>\n<h5>Mennyi ideig tart a sz\u00e1ll\u00edt\u00e1s a nagykereskedelmi megrendel\u00e9sek eset\u00e9ben?<\/h5>\n<p>A sz\u00e1ll\u00edt\u00e1s \u00e1ltal\u00e1ban 7-15 munkanapot vesz ig\u00e9nybe. K\u00e9rj\u00fck, f\u0151szezonban vagy kedvez\u0151tlen id\u0151j\u00e1r\u00e1si k\u00f6r\u00fclm\u00e9nyek k\u00f6z\u00f6tt ak\u00e1r 20 munkanapot is enged\u00e9lyezzen.<\/p>\n<h5>Vannak-e v\u00e1m\u00fcgyek vagy tov\u00e1bbi d\u00edjak, amelyekkel tiszt\u00e1ban kell lennem, ha nagy t\u00e9telben rendelek?<\/h5>\n<p>A z\u00f6kken\u0151mentes sz\u00e1ll\u00edt\u00e1s \u00e9rdek\u00e9ben minden v\u00e1mkezel\u00e9si folyamatot mi int\u00e9z\u00fcnk. Nem kell v\u00e1ratlan ad\u00f3kat vagy d\u00edjakat fizetnie, \u00e9s garant\u00e1ljuk az 100% v\u00e1mkezel\u00e9s\u00e9t minden k\u00fcldem\u00e9nyre.<\/p>\n<h5>Hogyan tudom ellen\u0151rizni a nagybev\u00e1s\u00e1rl\u00e1s megb\u00edzhat\u00f3s\u00e1g\u00e1t?<\/h5>\n<p>Biztons\u00e1gos fizet\u00e9si lehet\u0151s\u00e9geket k\u00edn\u00e1lunk, \u00e9s elk\u00f6telezettek vagyunk a kiv\u00e1l\u00f3 min\u0151s\u00e9g\u0171 term\u00e9kek \u00e9s szolg\u00e1ltat\u00e1sok ny\u00fajt\u00e1sa mellett. Megb\u00edzhat\u00f3s\u00e1gunk meger\u0151s\u00edt\u00e9se \u00e9rdek\u00e9ben ellen\u0151rizheti a megb\u00edzhat\u00f3 platformokon tal\u00e1lhat\u00f3 \u00fcgyf\u00e9l\u00e9rt\u00e9kel\u00e9seinket is.<\/p>","protected":false},"excerpt":{"rendered":"<p>Maximaliz\u00e1lja az elad\u00e1sokat a BANG BOX 18000 Puffs nagykereskedelemmel! Kett\u0151s h\u00e1l\u00f3s tekercsek, LED kijelz\u0151, 26ml, \u00fajrat\u00f6lthet\u0151. Rakt\u00e1rk\u00e9szlet nagy kapacit\u00e1s\u00fa p\u00e1rologtat\u00f3k gazdag \u00edzzel \u00e9s v\u00e1ltozatos nikotinnal.<\/p>","protected":false},"featured_media":840,"comment_status":"open","ping_status":"closed","template":"","meta":[],"product_brand":[],"product_cat":[61,50,21,18,39,20,23,24,22,25,26,27,28,29,30,31,32,33,34,35,36,40],"product_tag":[],"class_list":{"0":"post-499","1":"product","2":"type-product","3":"status-publish","4":"has-post-thumbnail","6":"product_cat-bang","7":"product_cat-18000-puffs-disposable-vape","8":"product_cat-big-puffs-vapes","9":"product_cat-different-puffs-of-disposable-vapes","10":"product_cat-digital-box-vapes","11":"product_cat-disposable-vape-types","12":"product_cat-disposable-vapes-in-austria","13":"product_cat-disposable-vapes-in-belgium","14":"product_cat-disposable-vapes-in-europe","15":"product_cat-disposable-vapes-in-france","16":"product_cat-disposable-vapes-in-germany","17":"product_cat-disposable-vapes-in-hungary","18":"product_cat-disposable-vapes-in-ltaly","19":"product_cat-disposable-vapes-in-netherlands","20":"product_cat-disposable-vapes-in-norway","21":"product_cat-disposable-vapes-in-poland","22":"product_cat-disposable-vapes-in-portugal","23":"product_cat-disposable-vapes-in-spain","24":"product_cat-disposable-vapes-in-sweden","25":"product_cat-disposable-vapes-in-switzerland","26":"product_cat-rechargeable-vapes","27":"product_cat-smart-screen-vapes","29":"first","30":"instock","31":"shipping-taxable","32":"purchasable","33":"product-type-variable","34":"has-default-attributes"},"jetpack_sharing_enabled":true,"tiered_pricing_type":"fixed","tiered_pricing_fixed_rules":{"2000":4.62999999999999989341858963598497211933135986328125},"tiered_pricing_product_settings":{"layout":"default","base_unit_name":{"singular":null,"plural":null},"default_variation":null},"tiered_pricing_minimum_quantity":1000,"tiered_pricing_roles_data":[],"tiered_pricing_percentage_rules":[],"tiered_pricing_maximum_quantity":null,"tiered_pricing_quantity_step":"10","_links":{"self":[{"href":"https:\/\/volovape.com\/hu\/wp-json\/wp\/v2\/product\/499","targetHints":{"allow":["GET"]}}],"collection":[{"href":"https:\/\/volovape.com\/hu\/wp-json\/wp\/v2\/product"}],"about":[{"href":"https:\/\/volovape.com\/hu\/wp-json\/wp\/v2\/types\/product"}],"replies":[{"embeddable":true,"href":"https:\/\/volovape.com\/hu\/wp-json\/wp\/v2\/comments?post=499"}],"wp:featuredmedia":[{"embeddable":true,"href":"https:\/\/volovape.com\/hu\/wp-json\/wp\/v2\/media\/840"}],"wp:attachment":[{"href":"https:\/\/volovape.com\/hu\/wp-json\/wp\/v2\/media?parent=499"}],"wp:term":[{"taxonomy":"product_brand","embeddable":true,"href":"https:\/\/volovape.com\/hu\/wp-json\/wp\/v2\/product_brand?post=499"},{"taxonomy":"product_cat","embeddable":true,"href":"https:\/\/volovape.com\/hu\/wp-json\/wp\/v2\/product_cat?post=499"},{"taxonomy":"product_tag","embeddable":true,"href":"https:\/\/volovape.com\/hu\/wp-json\/wp\/v2\/product_tag?post=499"}],"curies":[{"name":"wp","href":"https:\/\/api.w.org\/{rel}","templated":true}]}}