{"id":498,"date":"2024-11-21T03:30:08","date_gmt":"2024-11-21T03:30:08","guid":{"rendered":"https:\/\/volovape.com\/?post_type=product&#038;p=498"},"modified":"2025-07-09T09:46:30","modified_gmt":"2025-07-09T09:46:30","slug":"fluum-digitalis-doboz-tn-15000-puff","status":"publish","type":"product","link":"https:\/\/volovape.com\/hu\/product\/fluum-digital-box-tn-15000-puffs\/","title":{"rendered":"FluuM Digital Box TN 15000 Puffs Eldobhat\u00f3 Vape - \u00fajrat\u00f6lthet\u0151, digit\u00e1lis kijelz\u0151vel"},"content":{"rendered":"<p><strong>FluuM Digital Box TN 15000 Puffs Eldobhat\u00f3 Vape<\/strong> - Maradjon t\u00e1j\u00e9kozott \u00e9s \u00e9lvezze a kiterjesztett vapingol\u00e1st.<\/p>\n<p>A <strong>FluuM Digital Box TN 15000 puffok<\/strong> a legmodernebb vaping \u00e9lm\u00e9nyt ny\u00fajt a be\u00e9p\u00edtett digit\u00e1lis kijelz\u0151vel, amely lehet\u0151v\u00e9 teszi az akkumul\u00e1tor \u00e9s az e-folyad\u00e9k szintj\u00e9nek egy pillant\u00e1ssal t\u00f6rt\u00e9n\u0151 nyomon k\u00f6vet\u00e9s\u00e9t. \u00c9lvezze az ak\u00e1r <strong>15.000 f\u00faj\u00e1s<\/strong>, egy nagylelk\u0171 <strong>25 ml e-liquid \u0171rtartalom<\/strong>\u00e9s a <strong>650mAh \u00fajrat\u00f6lthet\u0151 akkumul\u00e1tor<\/strong> C t\u00edpus\u00fa t\u00f6lt\u00e9ssel. V\u00e1lasszon a k\u00f6vetkez\u0151k k\u00f6z\u00fcl <strong>0%, 2%, 3%, vagy 5% nikotin er\u0151ss\u00e9g\u0171ek.<\/strong> az \u00d6n preferenci\u00e1inak megfelel\u0151en. A fejlett h\u00e1l\u00f3s tekercs sima, \u00edzletes g\u0151zt biztos\u00edt, \u00e9s a 12 \u00edzletes \u00edzben megtal\u00e1lja a t\u00f6k\u00e9letes illatot. Ide\u00e1lis szem\u00e9lyes haszn\u00e1latra vagy <strong>eldobhat\u00f3 vape nagykereskedelem<\/strong>, a <strong>FluuM digit\u00e1lis doboz TN 15000<\/strong> kombin\u00e1lja a k\u00e9nyelmet a fejlett funkci\u00f3kkal. Tekintse a <strong>t\u00f6meges rendel\u00e9s<\/strong> versenyk\u00e9pes \u00e1rk\u00e9pz\u00e9s\u00e9rt.<\/p>\n<h3><strong>FluuM Digital Box TN 15000 Puffs Jellemz\u0151k:<\/strong><\/h3>\n<ul>\n<li>Puff: 15,000-ig<\/li>\n<li>E-folyad\u00e9k Kapacit\u00e1s: 25ml<\/li>\n<li>Akkumul\u00e1tor: 650mAh (\u00fajrat\u00f6lthet\u0151)<\/li>\n<li>T\u00f6lt\u00e9s: C-t\u00edpus\u00fa<\/li>\n<li>Megjelen\u00edt\u00e9s: Digit\u00e1lis kijelz\u0151 (akkumul\u00e1tor \u00e9s E-folyad\u00e9k szintek)<\/li>\n<li>Nikotin Er\u0151ss\u00e9gek: 0%, 2%, 3%, 5%<\/li>\n<li>12 kaphat\u00f3 \u00edz<\/li>\n<\/ul>\n<h4>GYIK<\/h4>\n<h5>Mi a digit\u00e1lis kijelz\u0151 els\u0151dleges el\u0151nye?<\/h5>\n<p>A digit\u00e1lis kijelz\u0151 val\u00f3s idej\u0171 inform\u00e1ci\u00f3kat ny\u00fajt az akkumul\u00e1tor \u00e9lettartam\u00e1r\u00f3l \u00e9s az e-folyad\u00e9k szintj\u00e9r\u0151l, kik\u00fcsz\u00f6b\u00f6lve a tal\u00e1lgat\u00e1sokat, \u00e9s biztos\u00edtva, hogy mindig tiszt\u00e1ban legyen a k\u00e9sz\u00fcl\u00e9k \u00e1llapot\u00e1val. Ez a funkci\u00f3 n\u00f6veli a k\u00e9nyelmet, \u00e9s lehet\u0151v\u00e9 teszi, hogy hat\u00e9konyabban kezelje a p\u00e1rol\u00e1si \u00e9lm\u00e9nyt.<\/p>\n<h5>Milyen sz\u00e1ll\u00edt\u00e1si m\u00f3dokat haszn\u00e1lnak, \u00e9s mely orsz\u00e1gokba sz\u00e1ll\u00edtanak?<\/h5>\n<p>A hat\u00e9kony sz\u00e1ll\u00edt\u00e1s \u00e9rdek\u00e9ben megb\u00edzhat\u00f3 fuvaroz\u00f3kkal dolgozunk egy\u00fctt. A legt\u00f6bb eur\u00f3pai orsz\u00e1gba sz\u00e1ll\u00edtunk, t\u00f6bbek k\u00f6z\u00f6tt Hollandi\u00e1ba, N\u00e9metorsz\u00e1gba, Franciaorsz\u00e1gba, Spanyolorsz\u00e1gba \u00e9s m\u00e1s orsz\u00e1gokba. A sz\u00e1ll\u00edt\u00e1si id\u0151 a c\u00e9l\u00e1llom\u00e1st\u00f3l f\u00fcgg\u0151en v\u00e1ltozhat.<\/p>\n<h5>Mennyi ideig tart \u00e1ltal\u00e1ban a sz\u00e1ll\u00edt\u00e1s?<\/h5>\n<p>A sz\u00e1ll\u00edt\u00e1si id\u0151 a rendeltet\u00e9si helyt\u0151l f\u00fcgg\u0151en v\u00e1ltozik. K\u00e9rj\u00fck, vegye fel vel\u00fcnk a kapcsolatot az \u00d6n tart\u00f3zkod\u00e1si hely\u00e9re vonatkoz\u00f3 konkr\u00e9t sz\u00e1ll\u00edt\u00e1si becsl\u00e9sek\u00e9rt.<\/p>\n<h5>Vannak-e v\u00e1m\u00fcgyek vagy tov\u00e1bbi d\u00edjak, amelyekkel tiszt\u00e1ban kell lennem az eur\u00f3pai megrendel\u00e9sek eset\u00e9ben?<\/h5>\n<p>Az eur\u00f3pai megrendel\u00e9sek v\u00e1mkezel\u00e9s\u00e9t mi v\u00e9gezz\u00fck a z\u00f6kken\u0151mentes sz\u00e1ll\u00edt\u00e1si folyamat biztos\u00edt\u00e1sa \u00e9rdek\u00e9ben. B\u00e1r igyeksz\u00fcnk elker\u00fclni a tov\u00e1bbi d\u00edjakat, k\u00e9rj\u00fck, vegye figyelembe, hogy a v\u00e1mpolitika elt\u00e9r\u0151 lehet, \u00e9s az esetleges d\u00edjak a v\u00e1s\u00e1rl\u00f3 felel\u0151ss\u00e9ge.<\/p>\n<h5>Hogyan gy\u0151z\u0151dhetek meg a term\u00e9k min\u0151s\u00e9g\u00e9r\u0151l \u00e9s a szolg\u00e1ltat\u00e1s megb\u00edzhat\u00f3s\u00e1g\u00e1r\u00f3l?<\/h5>\n<p>Els\u0151bbs\u00e9get biztos\u00edtunk az \u00fcgyfelek el\u00e9gedetts\u00e9g\u00e9nek, \u00e9s biztons\u00e1gos fizet\u00e9si lehet\u0151s\u00e9geket k\u00edn\u00e1lunk. Megb\u00edzhat\u00f3 platformokon megtekintheti az \u00fcgyfelek \u00e9rt\u00e9kel\u00e9seit is, hogy ellen\u0151rizze a min\u0151s\u00e9g \u00e9s a szolg\u00e1ltat\u00e1s ir\u00e1nti elk\u00f6telezetts\u00e9g\u00fcnket.<\/p>","protected":false},"excerpt":{"rendered":"<p>N\u00f6velje k\u00e9szlet\u00e9t a FluuM Digital Box TN 15000 Puffs nagykereskedelemmel! Digit\u00e1lis kijelz\u0151, 25ml, \u00fajrat\u00f6lthet\u0151. K\u00edn\u00e1ljon k\u00e9nyelmes, hossz\u00fa \u00e9lettartam\u00fa p\u00e1rologtat\u00f3kat v\u00e1ltozatos nikotin opci\u00f3kkal.<\/p>","protected":false},"featured_media":827,"comment_status":"open","ping_status":"closed","template":"","meta":[],"product_brand":[],"product_cat":[66,41,21,18,39,20,23,24,22,25,26,27,28,29,30,31,32,33,34,35,36,40],"product_tag":[],"class_list":{"0":"post-498","1":"product","2":"type-product","3":"status-publish","4":"has-post-thumbnail","6":"product_cat-fluum","7":"product_cat-15000-puffs-disposable-vape","8":"product_cat-big-puffs-vapes","9":"product_cat-different-puffs-of-disposable-vapes","10":"product_cat-digital-box-vapes","11":"product_cat-disposable-vape-types","12":"product_cat-disposable-vapes-in-austria","13":"product_cat-disposable-vapes-in-belgium","14":"product_cat-disposable-vapes-in-europe","15":"product_cat-disposable-vapes-in-france","16":"product_cat-disposable-vapes-in-germany","17":"product_cat-disposable-vapes-in-hungary","18":"product_cat-disposable-vapes-in-ltaly","19":"product_cat-disposable-vapes-in-netherlands","20":"product_cat-disposable-vapes-in-norway","21":"product_cat-disposable-vapes-in-poland","22":"product_cat-disposable-vapes-in-portugal","23":"product_cat-disposable-vapes-in-spain","24":"product_cat-disposable-vapes-in-sweden","25":"product_cat-disposable-vapes-in-switzerland","26":"product_cat-rechargeable-vapes","27":"product_cat-smart-screen-vapes","29":"first","30":"instock","31":"shipping-taxable","32":"purchasable","33":"product-type-variable","34":"has-default-attributes"},"jetpack_sharing_enabled":true,"tiered_pricing_type":"fixed","tiered_pricing_fixed_rules":{"2000":6.44000000000000039079850466805510222911834716796875},"tiered_pricing_product_settings":{"layout":"default","base_unit_name":{"singular":null,"plural":null},"default_variation":null},"tiered_pricing_minimum_quantity":1000,"tiered_pricing_roles_data":[],"tiered_pricing_percentage_rules":[],"tiered_pricing_maximum_quantity":null,"tiered_pricing_quantity_step":"10","_links":{"self":[{"href":"https:\/\/volovape.com\/hu\/wp-json\/wp\/v2\/product\/498","targetHints":{"allow":["GET"]}}],"collection":[{"href":"https:\/\/volovape.com\/hu\/wp-json\/wp\/v2\/product"}],"about":[{"href":"https:\/\/volovape.com\/hu\/wp-json\/wp\/v2\/types\/product"}],"replies":[{"embeddable":true,"href":"https:\/\/volovape.com\/hu\/wp-json\/wp\/v2\/comments?post=498"}],"wp:featuredmedia":[{"embeddable":true,"href":"https:\/\/volovape.com\/hu\/wp-json\/wp\/v2\/media\/827"}],"wp:attachment":[{"href":"https:\/\/volovape.com\/hu\/wp-json\/wp\/v2\/media?parent=498"}],"wp:term":[{"taxonomy":"product_brand","embeddable":true,"href":"https:\/\/volovape.com\/hu\/wp-json\/wp\/v2\/product_brand?post=498"},{"taxonomy":"product_cat","embeddable":true,"href":"https:\/\/volovape.com\/hu\/wp-json\/wp\/v2\/product_cat?post=498"},{"taxonomy":"product_tag","embeddable":true,"href":"https:\/\/volovape.com\/hu\/wp-json\/wp\/v2\/product_tag?post=498"}],"curies":[{"name":"wp","href":"https:\/\/api.w.org\/{rel}","templated":true}]}}