{"id":497,"date":"2024-11-21T03:30:08","date_gmt":"2024-11-21T03:30:08","guid":{"rendered":"https:\/\/volovape.com\/?post_type=product&#038;p=497"},"modified":"2025-08-20T02:44:41","modified_gmt":"2025-08-20T02:44:41","slug":"bang-king-15000-fujas","status":"publish","type":"product","link":"https:\/\/volovape.com\/hu\/product\/bang-king-15000-puffs\/","title":{"rendered":"Bang King 15000 puffs eldobhat\u00f3 vape - \u00fajrat\u00f6lthet\u0151, \u00e1ll\u00edthat\u00f3 l\u00e9g\u00e1raml\u00e1ssal"},"content":{"rendered":"<p><strong>Bang King 15000 Puffs Eldobhat\u00f3 Vape<\/strong> - Testreszabott szaggat\u00e1s sz\u00e9lesk\u00f6r\u0171 \u00edzv\u00e1laszt\u00e9kkal.<\/p>\n<p>A <strong>Bang King 15000 puff<\/strong> testreszabhat\u00f3 g\u0151z\u00f6l\u00e9si \u00e9lm\u00e9nyt k\u00edn\u00e1l az \u00e1ll\u00edthat\u00f3 l\u00e9g\u00e1raml\u00e1ssal, amely lehet\u0151v\u00e9 teszi a v\u00e1lt\u00e1st az MTL \u00e9s DTL st\u00edlusok k\u00f6z\u00f6tt. \u00c9lvezze ak\u00e1r <strong>15.000 f\u00faj\u00e1s<\/strong>, egy nagylelk\u0171 <strong>25 ml e-liquid \u0171rtartalom<\/strong>\u00e9s a <strong>650mAh \u00fajrat\u00f6lthet\u0151 akkumul\u00e1tor<\/strong> C t\u00edpus\u00fa t\u00f6lt\u00e9ssel. V\u00e1lasszon a k\u00f6vetkez\u0151k k\u00f6z\u00fcl <strong>0%, 2%, 3%, vagy 5% nikotin er\u0151ss\u00e9g\u0171ek.<\/strong> hogy megfeleljen az \u00d6n preferenci\u00e1inak. A 20 v\u00e1ltozatos \u00edzzel, k\u00f6zt\u00fck olyan egyedi kever\u00e9kekkel, mint az Epres joghurt \u00e9s a Kiwi Passion Fruit Guava, ez a k\u00e9sz\u00fcl\u00e9k minden \u00edzl\u00e9st kiel\u00e9g\u00edt. Ide\u00e1lis szem\u00e9lyes haszn\u00e1latra vagy <strong>eldobhat\u00f3 vape nagykereskedelem<\/strong>, a <strong>Bang King 15000<\/strong> hossz\u00fa \u00e9lettartamot \u00e9s sokoldal\u00fas\u00e1got biztos\u00edt. Fontolja meg a <strong>t\u00f6meges rendel\u00e9s<\/strong> versenyk\u00e9pes \u00e1rk\u00e9pz\u00e9s\u00e9rt.<\/p>\n<h3><strong>Bang King 15000 Puffs Jellemz\u0151k:<\/strong><\/h3>\n<ul>\n<li>Puff: 15,000-ig<\/li>\n<li>E-folyad\u00e9k Kapacit\u00e1s: 25ml<\/li>\n<li>Akkumul\u00e1tor: 650mAh (\u00fajrat\u00f6lthet\u0151)<\/li>\n<li>T\u00f6lt\u00e9s: C-t\u00edpus\u00fa<\/li>\n<li>L\u00e9g\u00e1raml\u00e1s: .<\/li>\n<li>Nikotin Er\u0151ss\u00e9gek: 0%, 2%, 3%, 5%<\/li>\n<li>20 kaphat\u00f3 \u00edz<\/li>\n<\/ul>\n<h4>GYIK<\/h4>\n<h5>Milyen el\u0151ny\u00f6kkel j\u00e1r az \u00e1ll\u00edthat\u00f3 l\u00e9g\u00e1raml\u00e1s a k\u00fcl\u00f6nb\u00f6z\u0151 g\u0151z\u00f6l\u00e9si st\u00edlusok sz\u00e1m\u00e1ra?<\/h5>\n<p>Az \u00e1ll\u00edthat\u00f3 l\u00e9g\u00e1raml\u00e1s lehet\u0151v\u00e9 teszi, hogy testre szabja a h\u00faz\u00e1st, mind az MTL (sz\u00e1jb\u00f3l a t\u00fcd\u0151be), mind a DTL (k\u00f6zvetlen\u00fcl a t\u00fcd\u0151be) vaping preferenci\u00e1knak megfelel\u0151en. A sz\u0171kebb l\u00e9g\u00e1raml\u00e1s a hagyom\u00e1nyos cigaretta h\u00faz\u00e1s\u00e1t ut\u00e1nozza, ide\u00e1lis az MTL-hez, m\u00edg a laz\u00e1bb l\u00e9g\u00e1raml\u00e1s nagyobb felh\u0151ket eredm\u00e9nyez, \u00e9s a DTL g\u0151z\u00f6l\u00e9shez aj\u00e1nlott.<\/p>\n<h5>Milyen sz\u00e1ll\u00edt\u00e1si m\u00f3dokat haszn\u00e1lnak a nagykereskedelmi megrendel\u00e9sek eset\u00e9ben?<\/h5>\n<p>Olyan megb\u00edzhat\u00f3 sz\u00e1ll\u00edtm\u00e1nyoz\u00f3kkal dolgozunk egy\u00fctt, mint a UPS, a DHL, a FedEx \u00e9s a DPD, hogy biztos\u00edtsuk a biztons\u00e1gos \u00e9s hat\u00e9kony sz\u00e1ll\u00edt\u00e1st minden nagykereskedelmi megrendel\u00e9shez. A legjobb sz\u00e1ll\u00edt\u00f3t az \u00d6n tart\u00f3zkod\u00e1si helye \u00e9s a megrendel\u00e9s m\u00e9rete alapj\u00e1n v\u00e1lasztjuk ki.<\/p>\n<h5>Mennyi ideig tart \u00e1ltal\u00e1ban a sz\u00e1ll\u00edt\u00e1s?<\/h5>\n<p>A sz\u00e1ll\u00edt\u00e1s \u00e1ltal\u00e1ban 7-15 munkanapot vesz ig\u00e9nybe. K\u00e9rj\u00fck, f\u0151szezonban vagy kedvez\u0151tlen id\u0151j\u00e1r\u00e1si k\u00f6r\u00fclm\u00e9nyek k\u00f6z\u00f6tt ak\u00e1r 20 munkanapot is enged\u00e9lyezzen.<\/p>\n<h5>Lesznek-e v\u00e1mprobl\u00e9m\u00e1im vagy tov\u00e1bbi d\u00edjak?<\/h5>\n<p>A z\u00f6kken\u0151mentes sz\u00e1ll\u00edt\u00e1s \u00e9rdek\u00e9ben minden v\u00e1mkezel\u00e9si folyamatot mi int\u00e9z\u00fcnk. Nem kell v\u00e1ratlan ad\u00f3kat vagy d\u00edjakat fizetnie, \u00e9s garant\u00e1ljuk az 100% v\u00e1mkezel\u00e9s\u00e9t minden k\u00fcldem\u00e9nyre.<\/p>\n<h5>Hogyan tudom ellen\u0151rizni a v\u00e1s\u00e1rl\u00e1som megb\u00edzhat\u00f3s\u00e1g\u00e1t?<\/h5>\n<p>Biztons\u00e1gos fizet\u00e9si lehet\u0151s\u00e9geket k\u00edn\u00e1lunk a PayPal-on kereszt\u00fcl, amely mag\u00e1ban foglalja a v\u00e1s\u00e1rl\u00f3 v\u00e9delm\u00e9t. Ellen\u0151rizheti a v\u00e1s\u00e1rl\u00f3i v\u00e9lem\u00e9nyeket is a <a href=\"https:\/\/www.trustpilot.com\/review\/volovape.com?utm_medium=trustbox&amp;utm_source=TrustBoxReviewCollector\">TrustPilot<\/a> hogy meger\u0151s\u00edts\u00fck elk\u00f6telezetts\u00e9g\u00fcnket a min\u0151s\u00e9g \u00e9s a szolg\u00e1ltat\u00e1s ir\u00e1nt.<\/p>","protected":false},"excerpt":{"rendered":"<p>Maximaliz\u00e1lja a vape elad\u00e1sokat a Bang King 15000 Puffs nagykereskedelemmel! \u00c1ll\u00edthat\u00f3 l\u00e9g\u00e1raml\u00e1s, 25ml, \u00fajrat\u00f6lthet\u0151. Rakt\u00e1ron testreszabhat\u00f3 p\u00e1ra v\u00e1ltozatos nikotin- \u00e9s \u00edzv\u00e1laszt\u00e9kkal.<\/p>","protected":false},"featured_media":809,"comment_status":"open","ping_status":"closed","template":"","meta":[],"product_brand":[],"product_cat":[61,41,21,18,20,23,24,22,25,26,27,28,29,30,31,32,33,34,35,36],"product_tag":[],"class_list":{"0":"post-497","1":"product","2":"type-product","3":"status-publish","4":"has-post-thumbnail","6":"product_cat-bang","7":"product_cat-15000-puffs-disposable-vape","8":"product_cat-big-puffs-vapes","9":"product_cat-different-puffs-of-disposable-vapes","10":"product_cat-disposable-vape-types","11":"product_cat-disposable-vapes-in-austria","12":"product_cat-disposable-vapes-in-belgium","13":"product_cat-disposable-vapes-in-europe","14":"product_cat-disposable-vapes-in-france","15":"product_cat-disposable-vapes-in-germany","16":"product_cat-disposable-vapes-in-hungary","17":"product_cat-disposable-vapes-in-ltaly","18":"product_cat-disposable-vapes-in-netherlands","19":"product_cat-disposable-vapes-in-norway","20":"product_cat-disposable-vapes-in-poland","21":"product_cat-disposable-vapes-in-portugal","22":"product_cat-disposable-vapes-in-spain","23":"product_cat-disposable-vapes-in-sweden","24":"product_cat-disposable-vapes-in-switzerland","25":"product_cat-rechargeable-vapes","27":"first","28":"instock","29":"shipping-taxable","30":"purchasable","31":"product-type-variable","32":"has-default-attributes"},"jetpack_sharing_enabled":true,"tiered_pricing_type":"fixed","tiered_pricing_fixed_rules":{"2000":3.520000000000000017763568394002504646778106689453125},"tiered_pricing_product_settings":{"layout":"default","base_unit_name":{"singular":null,"plural":null},"default_variation":null},"tiered_pricing_minimum_quantity":1000,"tiered_pricing_roles_data":[],"tiered_pricing_percentage_rules":[],"tiered_pricing_maximum_quantity":null,"tiered_pricing_quantity_step":"10","_links":{"self":[{"href":"https:\/\/volovape.com\/hu\/wp-json\/wp\/v2\/product\/497","targetHints":{"allow":["GET"]}}],"collection":[{"href":"https:\/\/volovape.com\/hu\/wp-json\/wp\/v2\/product"}],"about":[{"href":"https:\/\/volovape.com\/hu\/wp-json\/wp\/v2\/types\/product"}],"replies":[{"embeddable":true,"href":"https:\/\/volovape.com\/hu\/wp-json\/wp\/v2\/comments?post=497"}],"wp:featuredmedia":[{"embeddable":true,"href":"https:\/\/volovape.com\/hu\/wp-json\/wp\/v2\/media\/809"}],"wp:attachment":[{"href":"https:\/\/volovape.com\/hu\/wp-json\/wp\/v2\/media?parent=497"}],"wp:term":[{"taxonomy":"product_brand","embeddable":true,"href":"https:\/\/volovape.com\/hu\/wp-json\/wp\/v2\/product_brand?post=497"},{"taxonomy":"product_cat","embeddable":true,"href":"https:\/\/volovape.com\/hu\/wp-json\/wp\/v2\/product_cat?post=497"},{"taxonomy":"product_tag","embeddable":true,"href":"https:\/\/volovape.com\/hu\/wp-json\/wp\/v2\/product_tag?post=497"}],"curies":[{"name":"wp","href":"https:\/\/api.w.org\/{rel}","templated":true}]}}