{"id":496,"date":"2024-11-21T03:30:08","date_gmt":"2024-11-21T03:30:08","guid":{"rendered":"https:\/\/volovape.com\/?post_type=product&#038;p=496"},"modified":"2025-07-29T08:14:03","modified_gmt":"2025-07-29T08:14:03","slug":"vopk-cool-bar-9000-fujas","status":"publish","type":"product","link":"https:\/\/volovape.com\/hu\/product\/vopk-cool-bar-9000-puffs\/","title":{"rendered":"VOPK Cool Bar 9000 Puffs eldobhat\u00f3 vape - \u00e1ll\u00edthat\u00f3 l\u00e9g\u00e1raml\u00e1s, 1.0\u03a9 Mesh tekercs"},"content":{"rendered":"<p><strong>VOPK Cool Bar 9000 Puffs eldobhat\u00f3 vape<\/strong> - Szem\u00e9lyre szabott szaggat\u00e1s \u00e1ll\u00edthat\u00f3 l\u00e9g\u00e1raml\u00e1ssal.<\/p>\n<p>Tapasztalja meg a szem\u00e9lyre szabott p\u00e1rologtat\u00e1st a <strong>VOPK Cool Bar 9000 Puffs<\/strong>. Ez az eldobhat\u00f3 vape k\u00edn\u00e1l ak\u00e1r <strong>9,000 puff<\/strong>, a <strong>15ml e-liquid kapacit\u00e1s<\/strong>\u00e9s a <strong>600mAh \u00fajrat\u00f6lthet\u0151 akkumul\u00e1tor<\/strong> hosszabb haszn\u00e1latra. A kiemelked\u0151 jellemz\u0151je a <strong>\u00e1ll\u00edthat\u00f3 l\u00e9g\u00e1raml\u00e1s<\/strong>, lehet\u0151v\u00e9 t\u00e9ve a v\u00e1lt\u00e1st az MTL \u00e9s DTL p\u00e1rologtat\u00e1si st\u00edlusok k\u00f6z\u00f6tt. A <strong>1.0\u03a9 h\u00e1l\u00f3s tekercs<\/strong> egyenletes \u00edzt \u00e9s sima g\u0151zt biztos\u00edt. A <strong>3% nikotin er\u0151ss\u00e9g<\/strong> \u00e9s 10 friss\u00edt\u0151 \u00edzzel, ez a k\u00e9sz\u00fcl\u00e9k kiel\u00e9g\u00edt\u0151 \u00e9lm\u00e9nyt ny\u00fajt. Ide\u00e1lis szem\u00e9lyes haszn\u00e1latra vagy <strong>eldobhat\u00f3 vape nagykereskedelem<\/strong>, a <strong>VOPK Cool Bar 9000<\/strong> a k\u00e9nyelem \u00e9s a testreszabhat\u00f3s\u00e1g jegy\u00e9ben k\u00e9sz\u00fclt. Tekintse a <strong>t\u00f6meges rendel\u00e9s<\/strong> versenyk\u00e9pes \u00e1rk\u00e9pz\u00e9s\u00e9rt.<\/p>\n<h3><strong>VOPK Cool Bar 9000 Puffs Jellemz\u0151k:<\/strong><\/h3>\n<ul>\n<li>Puff: Ak\u00e1r 9,000<\/li>\n<li>E-folyad\u00e9k kapacit\u00e1s: 15ml<\/li>\n<li>Akkumul\u00e1tor: 600mAh (\u00fajrat\u00f6lthet\u0151)<\/li>\n<li>T\u00f6lt\u00e9s: C-t\u00edpus\u00fa<\/li>\n<li>Tekercs: 1.0\u03a9 Mesh tekercs<\/li>\n<li>L\u00e9g\u00e1raml\u00e1s: .<\/li>\n<li>Nikotin er\u0151ss\u00e9ge: 3%<\/li>\n<li>10 kaphat\u00f3 \u00edz<\/li>\n<\/ul>\n<h4>GYIK<\/h4>\n<h5>Hogyan jav\u00edtja az \u00e1ll\u00edthat\u00f3 l\u00e9g\u00e1raml\u00e1s a g\u0151z\u00f6l\u00e9si \u00e9lm\u00e9nyemet?<\/h5>\n<p>Az \u00e1ll\u00edthat\u00f3 l\u00e9g\u00e1raml\u00e1s lehet\u0151v\u00e9 teszi, hogy testre szabja a h\u00faz\u00e1st, rugalmass\u00e1got k\u00edn\u00e1lva a sz\u0171kebb, cigarettaszer\u0171 MTL (sz\u00e1jb\u00f3l a t\u00fcd\u0151be) \u00e9s a nyitottabb, szell\u0151sebb DTL (k\u00f6zvetlen\u00fcl a t\u00fcd\u0151be) h\u00faz\u00e1s k\u00f6z\u00f6tt. Ez a testreszabhat\u00f3s\u00e1g lehet\u0151v\u00e9 teszi, hogy megtal\u00e1lja az \u00edz \u00e9s a g\u0151ztermel\u00e9s t\u00f6k\u00e9letes egyens\u00faly\u00e1t, amely megfelel az \u00d6n preferenci\u00e1inak.<\/p>\n<h5>Milyen sz\u00e1ll\u00edt\u00e1si m\u00f3dokat haszn\u00e1lnak?<\/h5>\n<p>Olyan megb\u00edzhat\u00f3 sz\u00e1ll\u00edtm\u00e1nyoz\u00f3kkal dolgozunk egy\u00fctt, mint a UPS, a DHL, a FedEx \u00e9s a DPD, hogy megrendel\u00e9se biztons\u00e1gosan \u00e9s gyorsan meg\u00e9rkezzen. A legmegfelel\u0151bb sz\u00e1ll\u00edt\u00e1si m\u00f3dot az \u00d6n tart\u00f3zkod\u00e1si helye alapj\u00e1n v\u00e1lasztjuk ki.<\/p>\n<h5>Mennyi id\u0151 alatt \u00e9rkezik meg a rendel\u00e9sem?<\/h5>\n<p>A sz\u00e1ll\u00edt\u00e1s \u00e1ltal\u00e1ban 7-15 munkanapot vesz ig\u00e9nybe. K\u00e9rj\u00fck, sz\u00e1moljon az \u00fcnnepnapok vagy kedvez\u0151tlen id\u0151j\u00e1r\u00e1si viszonyok idej\u00e9n ak\u00e1r 20 munkanapos k\u00e9s\u00e9ssel is.<\/p>\n<h5>Vannak-e v\u00e1md\u00edjak vagy egy\u00e9b k\u00e9rd\u00e9sek, amelyekkel tiszt\u00e1ban kell lennem?<\/h5>\n<p>Minden v\u00e1mkezel\u00e9si elj\u00e1r\u00e1st mi int\u00e9z\u00fcnk, hogy garant\u00e1ljuk a probl\u00e9mamentes sz\u00e1ll\u00edt\u00e1st. \u00d6nnek nem kell tov\u00e1bbi ad\u00f3kat vagy d\u00edjakat fizetnie, \u00e9s biztos\u00edtjuk az 100% v\u00e1mkezel\u00e9s\u00e9t minden k\u00fcldem\u00e9ny eset\u00e9ben.<\/p>\n<h5>Biztons\u00e1gos \u00e9s megb\u00edzhat\u00f3 a v\u00e1s\u00e1rl\u00e1som?<\/h5>\n<p>Biztons\u00e1gos fizet\u00e9si lehet\u0151s\u00e9geket k\u00edn\u00e1lunk a PayPal-on kereszt\u00fcl, amely mag\u00e1ban foglalja a v\u00e1s\u00e1rl\u00f3 v\u00e9delm\u00e9t. Megb\u00edzhat\u00f3s\u00e1gunkr\u00f3l a v\u00e1s\u00e1rl\u00f3i visszajelz\u00e9sek \u00e1ttekint\u00e9s\u00e9vel is meggy\u0151z\u0151dhet a <a href=\"https:\/\/www.trustpilot.com\/review\/volovape.com?utm_medium=trustbox&amp;utm_source=TrustBoxReviewCollector\">TrustPilot<\/a>.<\/p>","protected":false},"excerpt":{"rendered":"<p>N\u00f6velje a vape elad\u00e1sokat a VOPK Cool Bar 9000 Puffs nagykereskedelemmel! \u00c1ll\u00edthat\u00f3 l\u00e9g\u00e1raml\u00e1s, 1.0\u03a9 h\u00e1l\u00f3s tekercs, 15ml, \u00fajrat\u00f6lthet\u0151. K\u00edn\u00e1ljon testreszabhat\u00f3 p\u00e1rolg\u00e1sokat friss\u00edt\u0151 \u00edzekkel.<\/p>","protected":false},"featured_media":798,"comment_status":"open","ping_status":"closed","template":"","meta":[],"product_brand":[],"product_cat":[65,48,21,18,20,23,24,22,25,26,27,28,29,30,31,32,33,34,35,36],"product_tag":[],"class_list":{"0":"post-496","1":"product","2":"type-product","3":"status-publish","4":"has-post-thumbnail","6":"product_cat-vopk","7":"product_cat-9000-puffs-disposable-vape","8":"product_cat-big-puffs-vapes","9":"product_cat-different-puffs-of-disposable-vapes","10":"product_cat-disposable-vape-types","11":"product_cat-disposable-vapes-in-austria","12":"product_cat-disposable-vapes-in-belgium","13":"product_cat-disposable-vapes-in-europe","14":"product_cat-disposable-vapes-in-france","15":"product_cat-disposable-vapes-in-germany","16":"product_cat-disposable-vapes-in-hungary","17":"product_cat-disposable-vapes-in-ltaly","18":"product_cat-disposable-vapes-in-netherlands","19":"product_cat-disposable-vapes-in-norway","20":"product_cat-disposable-vapes-in-poland","21":"product_cat-disposable-vapes-in-portugal","22":"product_cat-disposable-vapes-in-spain","23":"product_cat-disposable-vapes-in-sweden","24":"product_cat-disposable-vapes-in-switzerland","25":"product_cat-rechargeable-vapes","27":"first","28":"instock","29":"shipping-taxable","30":"purchasable","31":"product-type-variable","32":"has-default-attributes"},"jetpack_sharing_enabled":true,"tiered_pricing_type":"fixed","tiered_pricing_fixed_rules":{"30":6.5,"50":6.4900000000000002131628207280300557613372802734375,"100":6.29000000000000003552713678800500929355621337890625,"200":5.78000000000000024868995751603506505489349365234375,"400":5.04000000000000003552713678800500929355621337890625},"tiered_pricing_product_settings":{"layout":"default","base_unit_name":{"singular":null,"plural":null},"default_variation":null},"tiered_pricing_minimum_quantity":10,"tiered_pricing_roles_data":[],"tiered_pricing_percentage_rules":[],"tiered_pricing_maximum_quantity":null,"tiered_pricing_quantity_step":"10","_links":{"self":[{"href":"https:\/\/volovape.com\/hu\/wp-json\/wp\/v2\/product\/496","targetHints":{"allow":["GET"]}}],"collection":[{"href":"https:\/\/volovape.com\/hu\/wp-json\/wp\/v2\/product"}],"about":[{"href":"https:\/\/volovape.com\/hu\/wp-json\/wp\/v2\/types\/product"}],"replies":[{"embeddable":true,"href":"https:\/\/volovape.com\/hu\/wp-json\/wp\/v2\/comments?post=496"}],"wp:featuredmedia":[{"embeddable":true,"href":"https:\/\/volovape.com\/hu\/wp-json\/wp\/v2\/media\/798"}],"wp:attachment":[{"href":"https:\/\/volovape.com\/hu\/wp-json\/wp\/v2\/media?parent=496"}],"wp:term":[{"taxonomy":"product_brand","embeddable":true,"href":"https:\/\/volovape.com\/hu\/wp-json\/wp\/v2\/product_brand?post=496"},{"taxonomy":"product_cat","embeddable":true,"href":"https:\/\/volovape.com\/hu\/wp-json\/wp\/v2\/product_cat?post=496"},{"taxonomy":"product_tag","embeddable":true,"href":"https:\/\/volovape.com\/hu\/wp-json\/wp\/v2\/product_tag?post=496"}],"curies":[{"name":"wp","href":"https:\/\/api.w.org\/{rel}","templated":true}]}}