{"id":495,"date":"2024-11-21T03:30:07","date_gmt":"2024-11-21T03:30:07","guid":{"rendered":"https:\/\/volovape.com\/?post_type=product&#038;p=495"},"modified":"2025-12-02T13:15:47","modified_gmt":"2025-12-02T13:15:47","slug":"bumm-25000-fujas","status":"publish","type":"product","link":"https:\/\/volovape.com\/hu\/product\/bang-25000-puffs\/","title":{"rendered":"Bang 25000 Puffs Eldobhat\u00f3 Vape - 1.0\u03a9 Mesh Coil, \u00fajrat\u00f6lthet\u0151, kijelz\u0151"},"content":{"rendered":"<p><iframe title=\"VideoPress Video Player\" aria-label='VideoPress Video Player' width='500' height='281' src='https:\/\/videopress.com\/embed\/Hmr9nGsM?hd=0&amp;cover=1' frameborder='0' allowfullscreen allow='clipboard-write'><\/iframe><script src='https:\/\/v0.wordpress.com\/js\/next\/videopress-iframe.js?m=1739540970'><\/script><\/p>\n<p><strong>Bang 25000 Puffs eldobhat\u00f3 vape<\/strong> - Tapasztalja meg a p\u00e1ratlan \u00e9lettartamot \u00e9s \u00edzt.<\/p>\n<p>A <strong>Bang 25000 puff<\/strong> \u00faj m\u00e9rc\u00e9t \u00e1ll\u00edt fel az eldobhat\u00f3 p\u00e1rologtat\u00f3k k\u00f6z\u00f6tt, ak\u00e1r <strong>25,000 puff<\/strong> egy hatalmas <strong>25 ml e-liquid \u0171rtartalom<\/strong>. \u00c9lvezze az egyenletes, gazdag \u00edzt a <strong>1.0\u03a9 h\u00e1l\u00f3s tekercs<\/strong>, \u00e9s maradjon t\u00e1j\u00e9kozott az akkumul\u00e1tor \u00e9s az e-folyad\u00e9k szintj\u00e9t mutat\u00f3 integr\u00e1lt kijelz\u0151 seg\u00edts\u00e9g\u00e9vel. V\u00e1lassza ki a k\u00edv\u00e1nt nikotin er\u0151ss\u00e9get a k\u00f6vetkez\u0151k k\u00f6z\u00fcl <strong>0%, 2%, 3% vagy 5%<\/strong>. Ez a k\u00e9sz\u00fcl\u00e9k egy <strong>650mAh \u00fajrat\u00f6lthet\u0151 akkumul\u00e1tor<\/strong> -vel <strong>C-t\u00edpus\u00fa t\u00f6lt\u00e9s<\/strong>, biztos\u00edtva a megb\u00edzhat\u00f3s\u00e1got \u00e9s a k\u00e9nyelmet. T\u00f6k\u00e9letes szem\u00e9lyes haszn\u00e1latra vagy <strong>eldobhat\u00f3 vape nagykereskedelem<\/strong>, a <strong>Bang 25000 puff<\/strong> kiv\u00e9teles \u00e9rt\u00e9ket \u00e9s pr\u00e9mium g\u0151z\u00f6l\u00e9si \u00e9lm\u00e9nyt ny\u00fajt. Fedezze fel a 12 egyed\u00fcl\u00e1ll\u00f3 \u00edzt \u00e9s fontolja meg a <strong>t\u00f6meges rendel\u00e9s<\/strong> az \u00d6n p\u00e1rologtat\u00e1si ig\u00e9nyeihez.<\/p>\n<h3><strong>Bang 25000 Puffs Jellemz\u0151k:<\/strong><\/h3>\n<ul>\n<li>Puff: 25,000-ig<\/li>\n<li>E-folyad\u00e9k Kapacit\u00e1s: 25ml<\/li>\n<li>Akkumul\u00e1tor: 650mAh (\u00fajrat\u00f6lthet\u0151)<\/li>\n<li>T\u00f6lt\u00e9s: C-t\u00edpus\u00fa<\/li>\n<li>Tekercs: 1.0\u03a9 Mesh tekercs<\/li>\n<li>Megjelen\u00edt\u00e9s: (Akkumul\u00e1tor \u00e9s E-folyad\u00e9k szintek)<\/li>\n<li>Nikotin Er\u0151ss\u00e9gek: 0%, 2%, 3%, 5%<\/li>\n<li>12 kaphat\u00f3 \u00edz<\/li>\n<\/ul>\n<h4>GYIK<\/h4>\n<h5>Mi az el\u0151nye a kijelz\u0151nek?<\/h5>\n<p>A be\u00e9p\u00edtett kijelz\u0151 lehet\u0151v\u00e9 teszi, hogy val\u00f3s id\u0151ben ellen\u0151rizze a marad\u00e9k akkumul\u00e1tor \u00e9s az e-folyad\u00e9k szintj\u00e9t, \u00edgy nem kell tal\u00e1lgatnia, \u00e9s soha nem \u00e9rheti v\u00e1ratlanul. Ez egy kulcsfontoss\u00e1g\u00fa funkci\u00f3 a g\u0151z\u00f6l\u00e9si \u00e9lm\u00e9ny maximaliz\u00e1l\u00e1s\u00e1hoz \u00e9s minden egyes slukk \u00e9lvezet\u00e9hez.<\/p>\n<h5>Milyen sz\u00e1ll\u00edt\u00e1si m\u00f3dokat haszn\u00e1lnak?<\/h5>\n<p>A megb\u00edzhat\u00f3 \u00e9s hat\u00e9kony sz\u00e1ll\u00edt\u00e1s \u00e9rdek\u00e9ben olyan vezet\u0151 sz\u00e1ll\u00edtm\u00e1nyoz\u00f3kkal m\u0171k\u00f6d\u00fcnk egy\u00fctt, mint a UPS, a DHL, a FedEx \u00e9s a DPD. Az \u00d6n tart\u00f3zkod\u00e1si helye alapj\u00e1n v\u00e1lasztjuk ki a legmegfelel\u0151bb sz\u00e1ll\u00edt\u00f3t, hogy biztos\u00edtsuk a gyors k\u00e9zbes\u00edt\u00e9st.<\/p>\n<h5>Mennyi id\u0151 alatt \u00e9rkezik meg?<\/h5>\n<p>A sz\u00e1ll\u00edt\u00e1s \u00e1ltal\u00e1ban 7-15 munkanapot vesz ig\u00e9nybe. K\u00e9rj\u00fck, \u00fcnnepnapokon vagy kedvez\u0151tlen id\u0151j\u00e1r\u00e1si k\u00f6r\u00fclm\u00e9nyek k\u00f6z\u00f6tt legfeljebb 20 munkanapot enged\u00e9lyezzen.<\/p>\n<h5>V\u00e1mprobl\u00e9m\u00e1kkal vagy tov\u00e1bbi d\u00edjakkal fogok tal\u00e1lkozni?<\/h5>\n<p>Mi kezelj\u00fck az \u00f6sszes v\u00e1mkezel\u00e9si folyamatot, garant\u00e1lva a z\u00f6kken\u0151mentes sz\u00e1ll\u00edt\u00e1st v\u00e1ratlan ad\u00f3k \u00e9s d\u00edjak n\u00e9lk\u00fcl. Biztos lehet benne, hogy 100% k\u00fcldem\u00e9nyeink v\u00e1mkezel\u00e9s\u00e9t probl\u00e9ma n\u00e9lk\u00fcl elv\u00e9gezz\u00fck.<\/p>\n<h5>Megb\u00edzhatok a min\u0151s\u00e9gben \u00e9s a szolg\u00e1ltat\u00e1sban?<\/h5>\n<p>Biztons\u00e1gos fizet\u00e9si lehet\u0151s\u00e9geket k\u00edn\u00e1lunk a PayPal-on kereszt\u00fcl, amely mag\u00e1ban foglalja a v\u00e1s\u00e1rl\u00f3 v\u00e9delm\u00e9t. Megb\u00edzhat\u00f3s\u00e1gunkat a v\u00e1s\u00e1rl\u00f3i v\u00e9lem\u00e9nyek elolvas\u00e1s\u00e1val is ellen\u0151rizheti a k\u00f6vetkez\u0151 oldalakon <a href=\"https:\/\/www.trustpilot.com\/review\/volovape.com?utm_medium=trustbox&amp;utm_source=TrustBoxReviewCollector\">TrustPilot<\/a>.<\/p>","protected":false},"excerpt":{"rendered":"<p>\u00c9lvezze a hosszan tart\u00f3, \u00edzgazdag p\u00e1rologtat\u00e1st a Bang 25000 Puffs-szal. Felhaszn\u00e1l\u00f3bar\u00e1t kijelz\u0151, 1.0\u03a9 h\u00e1l\u00f3, 25ml, \u00fajrat\u00f6lthet\u0151. T\u00f6k\u00e9letes szem\u00e9lyi vagy nagykereskedelmi haszn\u00e1latra, v\u00e1ltozatos nikotin opci\u00f3kkal.<\/p>","protected":false},"featured_media":786,"comment_status":"open","ping_status":"closed","template":"","meta":[],"product_brand":[],"product_cat":[61,45,21,18,39,20,23,24,22,25,26,27,28,29,30,31,32,33,34,35,44,36,40],"product_tag":[],"class_list":{"0":"post-495","1":"product","2":"type-product","3":"status-publish","4":"has-post-thumbnail","6":"product_cat-bang","7":"product_cat-25000-puffs-disposable-vape","8":"product_cat-big-puffs-vapes","9":"product_cat-different-puffs-of-disposable-vapes","10":"product_cat-digital-box-vapes","11":"product_cat-disposable-vape-types","12":"product_cat-disposable-vapes-in-austria","13":"product_cat-disposable-vapes-in-belgium","14":"product_cat-disposable-vapes-in-europe","15":"product_cat-disposable-vapes-in-france","16":"product_cat-disposable-vapes-in-germany","17":"product_cat-disposable-vapes-in-hungary","18":"product_cat-disposable-vapes-in-ltaly","19":"product_cat-disposable-vapes-in-netherlands","20":"product_cat-disposable-vapes-in-norway","21":"product_cat-disposable-vapes-in-poland","22":"product_cat-disposable-vapes-in-portugal","23":"product_cat-disposable-vapes-in-spain","24":"product_cat-disposable-vapes-in-sweden","25":"product_cat-disposable-vapes-in-switzerland","26":"product_cat-dual-mesh-vapes","27":"product_cat-rechargeable-vapes","28":"product_cat-smart-screen-vapes","30":"first","31":"instock","32":"shipping-taxable","33":"purchasable","34":"product-type-variable","35":"has-default-attributes"},"jetpack_sharing_enabled":true,"tiered_pricing_type":"fixed","tiered_pricing_fixed_rules":{"30":7.160000000000000142108547152020037174224853515625,"50":6.910000000000000142108547152020037174224853515625,"100":6.1699999999999999289457264239899814128875732421875,"200":5.79999999999999982236431605997495353221893310546875,"400":5.30999999999999960920149533194489777088165283203125},"tiered_pricing_product_settings":{"layout":"default","base_unit_name":{"singular":null,"plural":null},"default_variation":null},"tiered_pricing_minimum_quantity":10,"tiered_pricing_roles_data":[],"tiered_pricing_percentage_rules":[],"tiered_pricing_maximum_quantity":null,"tiered_pricing_quantity_step":"10","_links":{"self":[{"href":"https:\/\/volovape.com\/hu\/wp-json\/wp\/v2\/product\/495","targetHints":{"allow":["GET"]}}],"collection":[{"href":"https:\/\/volovape.com\/hu\/wp-json\/wp\/v2\/product"}],"about":[{"href":"https:\/\/volovape.com\/hu\/wp-json\/wp\/v2\/types\/product"}],"replies":[{"embeddable":true,"href":"https:\/\/volovape.com\/hu\/wp-json\/wp\/v2\/comments?post=495"}],"wp:featuredmedia":[{"embeddable":true,"href":"https:\/\/volovape.com\/hu\/wp-json\/wp\/v2\/media\/786"}],"wp:attachment":[{"href":"https:\/\/volovape.com\/hu\/wp-json\/wp\/v2\/media?parent=495"}],"wp:term":[{"taxonomy":"product_brand","embeddable":true,"href":"https:\/\/volovape.com\/hu\/wp-json\/wp\/v2\/product_brand?post=495"},{"taxonomy":"product_cat","embeddable":true,"href":"https:\/\/volovape.com\/hu\/wp-json\/wp\/v2\/product_cat?post=495"},{"taxonomy":"product_tag","embeddable":true,"href":"https:\/\/volovape.com\/hu\/wp-json\/wp\/v2\/product_tag?post=495"}],"curies":[{"name":"wp","href":"https:\/\/api.w.org\/{rel}","templated":true}]}}