{"id":494,"date":"2024-11-21T03:30:07","date_gmt":"2024-11-21T03:30:07","guid":{"rendered":"https:\/\/volovape.com\/?post_type=product&#038;p=494"},"modified":"2025-11-19T07:50:31","modified_gmt":"2025-11-19T07:50:31","slug":"vopk-shisha-vizipipa-15000-fujas","status":"publish","type":"product","link":"https:\/\/volovape.com\/hu\/product\/vopk-shisha-hookah-15000-puffs\/","title":{"rendered":"VOPK Shisha Hookah 15000 Puffs eldobhat\u00f3 Vape - 0.6\u03a9 Mesh Coil, \u00fajrat\u00f6lthet\u0151"},"content":{"rendered":"<p><strong>VOPK Shisha Hookah 15000 Puffs eldobhat\u00f3 Vape<\/strong> - Hiteles shisha \u00e9lm\u00e9ny er\u0151teljes h\u00e1l\u00f3s tekercsekkel.<\/p>\n<p>Tapasztalja meg a hagyom\u00e1nyos shisha gazdag, l\u00e1gy \u00edzvil\u00e1g\u00e1t k\u00e9nyelmes, eldobhat\u00f3 form\u00e1tumban a <strong>VOPK Shisha Hookah 15000 Puff<\/strong>. Ez a k\u00e9sz\u00fcl\u00e9k leny\u0171g\u00f6z\u0151 15 000 puff kapacit\u00e1ssal, 20 ml-es e-folyad\u00e9k tart\u00e1lyral \u00e9s 650 mAh-s \u00fajrat\u00f6lthet\u0151 akkumul\u00e1torral rendelkezik. A 0,6\u03a9-os h\u00e1l\u00f3s tekercset nagy, \u00edzes felh\u0151kre optimaliz\u00e1lt\u00e1k, megism\u00e9telve az autentikus v\u00edzipipa \u00e9lm\u00e9nyt. V\u00e1lasszon a 0%, 2%, 3% vagy 5% nikotiner\u0151ss\u00e9g k\u00f6z\u00fcl, \u00e9s \u00e9lvezze a 10 shisha ihlette \u00edzt. Ide\u00e1lis szem\u00e9lyes haszn\u00e1latra \u00e9s <strong>eldobhat\u00f3 vape nagykereskedelem<\/strong> vagy <strong>t\u00f6meges megrendel\u00e9sek<\/strong>.<\/p>\n<h3><strong>VOPK Shisha v\u00edzipipa 15000 Puffs Jellemz\u0151k:<\/strong><\/h3>\n<ul>\n<li>Puff: 15,000-ig<\/li>\n<li>E-folyad\u00e9k kapacit\u00e1s: 20mL<\/li>\n<li>Akkumul\u00e1tor: 650mAh (\u00fajrat\u00f6lthet\u0151)<\/li>\n<li>T\u00f6lt\u00e9s: C-t\u00edpus\u00fa<\/li>\n<li>Tekercs: 0.6\u03a9 Mesh tekercs<\/li>\n<li>Nikotin Er\u0151ss\u00e9gek: 0%, 2%, 3%, 5%<\/li>\n<li>10 Shisha ihlette \u00edzek<\/li>\n<\/ul>\n<h4>GYIK<\/h4>\n<h5>Milyen sz\u00e1ll\u00edt\u00e1si lehet\u0151s\u00e9gek \u00e1llnak rendelkez\u00e9sre?<\/h5>\n<p>Sz\u00e1mos fuvaroz\u00f3val dolgozunk egy\u00fctt, hogy megb\u00edzhat\u00f3 sz\u00e1ll\u00edt\u00e1si lehet\u0151s\u00e9geket biztos\u00edtsunk. A legmegfelel\u0151bb m\u00f3dszert az \u00d6n tart\u00f3zkod\u00e1si helye alapj\u00e1n v\u00e1lasztjuk ki, hogy biztos\u00edtsuk az id\u0151ben t\u00f6rt\u00e9n\u0151 kisz\u00e1ll\u00edt\u00e1st. <strong>eldobhat\u00f3 vape<\/strong> term\u00e9kek. K\u00e9rj\u00fck, vegye figyelembe, hogy a szab\u00e1lyoz\u00e1s miatt a p\u00e1rologtat\u00f3 term\u00e9kek sz\u00e1ll\u00edt\u00e1sa korl\u00e1tozottabb\u00e1 v\u00e1lt, \u00e9s az olyan fuvaroz\u00f3k, mint a UPS, a DHL \u00e9s a FedEx szolg\u00e1ltat\u00e1sai m\u00e1r nem \u00e1llnak rendelkez\u00e9sre.<\/p>\n<h5>Mennyi ideig tart a norm\u00e1l sz\u00e1ll\u00edt\u00e1s?<\/h5>\n<p>A norm\u00e1l sz\u00e1ll\u00edt\u00e1s \u00e1ltal\u00e1ban 7-15 munkanapot vesz ig\u00e9nybe. K\u00e9rj\u00fck, vegye figyelembe az \u00fcnnepnapokon vagy kedvez\u0151tlen id\u0151j\u00e1r\u00e1si k\u00f6r\u00fclm\u00e9nyek miatt bek\u00f6vetkez\u0151 esetleges k\u00e9s\u00e9seket, amelyek ak\u00e1r 20 munkanapra is meghosszabb\u00edthatj\u00e1k a sz\u00e1ll\u00edt\u00e1si id\u0151t.<\/p>\n<h5>A v\u00e1melj\u00e1r\u00e1sokat kezelik?<\/h5>\n<p>A z\u00f6kken\u0151mentes sz\u00e1ll\u00edt\u00e1si folyamat biztos\u00edt\u00e1sa \u00e9rdek\u00e9ben mi int\u00e9zz\u00fck a sz\u00fcks\u00e9ges v\u00e1melj\u00e1r\u00e1sokat. C\u00e9lunk, hogy minimaliz\u00e1ljuk az esetleges probl\u00e9m\u00e1kat, azonban k\u00e9rj\u00fck, vegye figyelembe, hogy a p\u00e1rologtat\u00f3 term\u00e9kekkel kapcsolatos jogi helyzet miatt a v\u00e1mhivatalok b\u00e1rmikor meg\u00e1ll\u00edthatj\u00e1k vagy megsz\u00fcntethetik a csomagot, \u00e9s ez a helyzet nem \u00e1ll a mi ellen\u0151rz\u00e9s\u00fcnk alatt.<\/p>\n<h5>Hogyan fokozza a 0,6\u03a9-os h\u00e1l\u00f3s tekercs a shisha-szer\u0171 g\u0151z\u00f6l\u00e9si \u00e9lm\u00e9nyt?<\/h5>\n<p>A 0,6\u03a9-os h\u00e1l\u00f3s tekercset kifejezetten \u00fagy tervezt\u00e9k, hogy nagyobb, s\u0171r\u0171bb felh\u0151ket termeljen, \u00e9s gazdag, intenz\u00edv \u00edzeket biztos\u00edtson, a hagyom\u00e1nyos v\u00edzipipa sima \u00e9s kiel\u00e9g\u00edt\u0151 h\u00faz\u00e1s\u00e1t megism\u00e9telve. Ez a tekercs optimaliz\u00e1lja a g\u0151ztermel\u00e9st \u00e9s az \u00edzek \u00e1tad\u00e1s\u00e1t, \u00edgy minden egyes slukkol\u00e1ssal autentikus shisha \u00e9lm\u00e9nyt ny\u00fajt.<\/p>\n<h5>Biztons\u00e1gos a v\u00e1s\u00e1rl\u00e1som?<\/h5>\n<p>Biztons\u00e1gos fizet\u00e9si lehet\u0151s\u00e9geket k\u00edn\u00e1lunk, k\u00fcl\u00f6n\u00f6sen olyan platformokon kereszt\u00fcl, mint a Paypal, amelyek a v\u00e1s\u00e1rl\u00f3 v\u00e9delm\u00e9t biztos\u00edtj\u00e1k. B\u00e1r a v\u00e9lem\u00e9nyek seg\u00edthetnek a v\u00e1s\u00e1rl\u00e1si d\u00f6nt\u00e9sek meghozatal\u00e1ban, k\u00f6zvetlen\u00fcl nem hivatkozunk r\u00e1juk.<\/p>","protected":false},"excerpt":{"rendered":"<p>\u00c9lvezze a shish\u00e1t \u00fatk\u00f6zben a VOPK Shisha Hookah 15000 Puffs seg\u00edts\u00e9g\u00e9vel. 0.6\u03a9 h\u00e1l\u00f3s tekercs, 20ml, \u00fajrat\u00f6lthet\u0151. Ide\u00e1lis szem\u00e9lyes \u00e9lvezetre vagy nagykereskedelemre, autentikus shisha \u00edzeket k\u00edn\u00e1l.<\/p>","protected":false},"featured_media":772,"comment_status":"open","ping_status":"closed","template":"","meta":[],"product_brand":[],"product_cat":[65,41,21,18,20,23,24,22,25,26,27,28,29,30,31,32,33,34,35,36,47,40],"product_tag":[],"class_list":{"0":"post-494","1":"product","2":"type-product","3":"status-publish","4":"has-post-thumbnail","6":"product_cat-vopk","7":"product_cat-15000-puffs-disposable-vape","8":"product_cat-big-puffs-vapes","9":"product_cat-different-puffs-of-disposable-vapes","10":"product_cat-disposable-vape-types","11":"product_cat-disposable-vapes-in-austria","12":"product_cat-disposable-vapes-in-belgium","13":"product_cat-disposable-vapes-in-europe","14":"product_cat-disposable-vapes-in-france","15":"product_cat-disposable-vapes-in-germany","16":"product_cat-disposable-vapes-in-hungary","17":"product_cat-disposable-vapes-in-ltaly","18":"product_cat-disposable-vapes-in-netherlands","19":"product_cat-disposable-vapes-in-norway","20":"product_cat-disposable-vapes-in-poland","21":"product_cat-disposable-vapes-in-portugal","22":"product_cat-disposable-vapes-in-spain","23":"product_cat-disposable-vapes-in-sweden","24":"product_cat-disposable-vapes-in-switzerland","25":"product_cat-rechargeable-vapes","26":"product_cat-shisha-hookah-vapes","27":"product_cat-smart-screen-vapes","29":"first","30":"instock","31":"shipping-taxable","32":"purchasable","33":"product-type-variable","34":"has-default-attributes"},"jetpack_sharing_enabled":true,"tiered_pricing_type":"fixed","tiered_pricing_fixed_rules":{"2000":4.2599999999999997868371792719699442386627197265625},"tiered_pricing_product_settings":{"layout":"default","base_unit_name":{"singular":null,"plural":null},"default_variation":null},"tiered_pricing_minimum_quantity":10,"tiered_pricing_roles_data":[],"tiered_pricing_percentage_rules":[],"tiered_pricing_maximum_quantity":null,"tiered_pricing_quantity_step":"1000","_links":{"self":[{"href":"https:\/\/volovape.com\/hu\/wp-json\/wp\/v2\/product\/494","targetHints":{"allow":["GET"]}}],"collection":[{"href":"https:\/\/volovape.com\/hu\/wp-json\/wp\/v2\/product"}],"about":[{"href":"https:\/\/volovape.com\/hu\/wp-json\/wp\/v2\/types\/product"}],"replies":[{"embeddable":true,"href":"https:\/\/volovape.com\/hu\/wp-json\/wp\/v2\/comments?post=494"}],"wp:featuredmedia":[{"embeddable":true,"href":"https:\/\/volovape.com\/hu\/wp-json\/wp\/v2\/media\/772"}],"wp:attachment":[{"href":"https:\/\/volovape.com\/hu\/wp-json\/wp\/v2\/media?parent=494"}],"wp:term":[{"taxonomy":"product_brand","embeddable":true,"href":"https:\/\/volovape.com\/hu\/wp-json\/wp\/v2\/product_brand?post=494"},{"taxonomy":"product_cat","embeddable":true,"href":"https:\/\/volovape.com\/hu\/wp-json\/wp\/v2\/product_cat?post=494"},{"taxonomy":"product_tag","embeddable":true,"href":"https:\/\/volovape.com\/hu\/wp-json\/wp\/v2\/product_tag?post=494"}],"curies":[{"name":"wp","href":"https:\/\/api.w.org\/{rel}","templated":true}]}}