{"id":488,"date":"2024-11-21T03:30:07","date_gmt":"2024-11-21T03:30:07","guid":{"rendered":"https:\/\/volovape.com\/?post_type=product&#038;p=488"},"modified":"2025-07-06T04:06:38","modified_gmt":"2025-07-06T04:06:38","slug":"bumm-koronarud-18000-fujas","status":"publish","type":"product","link":"https:\/\/volovape.com\/hu\/product\/bang-crown-bar-18000-puffs\/","title":{"rendered":"Bang Crown Bar 18000 puffs eldobhat\u00f3 vape \u00f6mlesztett nagykereskedelmi - \u00fajrat\u00f6lthet\u0151, h\u00e1l\u00f3s tekercs"},"content":{"rendered":"<p><strong>Bang Crown Bar 18000 Puffs Eldobhat\u00f3 Vape<\/strong> - Kiterjesztett szaggat\u00e1s a fejlett h\u00e1l\u00f3s tekercs technol\u00f3gi\u00e1val.<\/p>\n<p>A <strong>Bang Crown Bar 18000 Puff<\/strong> hosszan tart\u00f3 \u00e9s kiel\u00e9g\u00edt\u0151 p\u00e1rologtat\u00e1si \u00e9lm\u00e9nyt ny\u00fajt, ak\u00e1r 18 000 puffan\u00e1ssal \u00e9s 24 ml-es e-folyad\u00e9ktart\u00e1llyal. A 650mAh-s \u00fajrat\u00f6lthet\u0151 akkumul\u00e1torral \u00e9s fejlett h\u00e1l\u00f3s tekercs technol\u00f3gi\u00e1val ell\u00e1tott k\u00e9sz\u00fcl\u00e9k egyenletesen sima \u00e9s \u00edzletes g\u0151zt biztos\u00edt. V\u00e1lasszon a 0%, 2%, 3% vagy 5% nikotiner\u0151ss\u00e9g k\u00f6z\u00fcl, \u00e9s \u00e9lvezze a 15 k\u00fcl\u00f6nb\u00f6z\u0151 \u00edzt. Hordozhat\u00f3 \u00e9s karbantart\u00e1smentes kialak\u00edt\u00e1s\u00e1nak k\u00f6sz\u00f6nhet\u0151en t\u00f6k\u00e9letes szem\u00e9lyes haszn\u00e1latra \u00e9s <strong>eldobhat\u00f3 vape nagykereskedelem<\/strong> vagy <strong>t\u00f6meges megrendel\u00e9sek<\/strong>.<\/p>\n<h3><strong>Bang Crown Bar 18000 Puffs Jellemz\u0151k:<\/strong><\/h3>\n<ul>\n<li>Puff: 18,000-ig<\/li>\n<li>E-folyad\u00e9k kapacit\u00e1s: 24mL<\/li>\n<li>Akkumul\u00e1tor: 650mAh (\u00fajrat\u00f6lthet\u0151)<\/li>\n<li>T\u00f6lt\u00e9s: C-t\u00edpus\u00fa<\/li>\n<li>Tekercs: Mesh Coil<\/li>\n<li>Nikotin Er\u0151ss\u00e9gek: 0%, 2%, 3%, 5%<\/li>\n<li>15 egyedi \u00edz<\/li>\n<\/ul>\n<h4>GYIK<\/h4>\n<h5>Mik a tipikus sz\u00e1ll\u00edt\u00e1si lehet\u0151s\u00e9gek?<\/h5>\n<p>Megb\u00edzhat\u00f3 sz\u00e1ll\u00edtm\u00e1nyoz\u00f3k h\u00e1l\u00f3zat\u00e1val dolgozunk egy\u00fctt, hogy megrendel\u00e9s\u00e9t hat\u00e9konyan k\u00e9zbes\u00edts\u00fck. A sz\u00e1ll\u00edt\u00e1si m\u00f3dokat \u00fagy v\u00e1lasztjuk ki, hogy azok a legjobban megfeleljenek az \u00d6n tart\u00f3zkod\u00e1si hely\u00e9nek, \u00e9s biztos\u00edts\u00e1k az id\u0151ben t\u00f6rt\u00e9n\u0151 meg\u00e9rkez\u00e9st. <strong>eldobhat\u00f3 vape<\/strong> rendel\u00e9sek. K\u00e9rj\u00fck, vegye figyelembe, hogy a szab\u00e1lyoz\u00e1s miatt a p\u00e1rologtat\u00f3 term\u00e9kek sz\u00e1ll\u00edt\u00e1sa korl\u00e1tozottabb\u00e1 v\u00e1lt, \u00e9s az olyan fuvaroz\u00f3k szolg\u00e1ltat\u00e1sai, mint a UPS, a DHL \u00e9s a FedEx, m\u00e1r nem \u00e1llnak rendelkez\u00e9sre.<\/p>\n<h5>Mennyi ideig tart \u00e1ltal\u00e1ban a standard sz\u00e1ll\u00edt\u00e1s?<\/h5>\n<p>A norm\u00e1l sz\u00e1ll\u00edt\u00e1s \u00e1ltal\u00e1ban 7-15 munkanapot vesz ig\u00e9nybe. K\u00e9rj\u00fck, vegye figyelembe az \u00fcnnepnapokon vagy el\u0151re nem l\u00e1that\u00f3 id\u0151j\u00e1r\u00e1si k\u00f6r\u00fclm\u00e9nyek miatti esetleges k\u00e9s\u00e9seket, amelyek ak\u00e1r 20 munkanappal is meghosszabb\u00edthatj\u00e1k a sz\u00e1ll\u00edt\u00e1si id\u0151t.<\/p>\n<h5>A v\u00e1melj\u00e1r\u00e1sokat kezelik?<\/h5>\n<p>A z\u00f6kken\u0151mentes sz\u00e1ll\u00edt\u00e1si folyamat biztos\u00edt\u00e1sa \u00e9rdek\u00e9ben mi int\u00e9zz\u00fck a sz\u00fcks\u00e9ges v\u00e1melj\u00e1r\u00e1sokat. C\u00e9lunk, hogy minimaliz\u00e1ljuk az esetleges probl\u00e9m\u00e1kat, azonban k\u00e9rj\u00fck, vegye figyelembe, hogy a p\u00e1rologtat\u00f3 term\u00e9kekkel kapcsolatos jogi helyzet miatt a v\u00e1mhivatalok b\u00e1rmikor meg\u00e1ll\u00edthatj\u00e1k vagy megsz\u00fcntethetik a csomagot, \u00e9s ez a helyzet nem \u00e1ll a mi ellen\u0151rz\u00e9s\u00fcnk alatt.<\/p>\n<h5>Hogyan jav\u00edtja a fejlett h\u00e1l\u00f3s tekercstechnol\u00f3gia a p\u00e1rologtat\u00e1si \u00e9lm\u00e9nyt?<\/h5>\n<p>A fejlett h\u00e1l\u00f3s tekercs technol\u00f3gi\u00e1t \u00fagy tervezt\u00e9k, hogy optimaliz\u00e1lja mind az \u00edzt, mind a g\u0151ztermel\u00e9st. Ez a tekercsbe\u00e1ll\u00edt\u00e1s k\u00f6vetkezetesebb \u00e9s kiel\u00e9g\u00edt\u0151bb g\u0151z\u00f6l\u00e9si \u00e9lm\u00e9nyt biztos\u00edt a hat\u00e9kony f\u0171t\u00e9s \u00e9s az e-folyad\u00e9k egyenletes eloszl\u00e1sa r\u00e9v\u00e9n, ami gazdagabb \u00edzeket \u00e9s sim\u00e1bb g\u0151zt eredm\u00e9nyez.<\/p>\n<h5>Biztons\u00e1gos a v\u00e1s\u00e1rl\u00e1som?<\/h5>\n<p>Kiemelten kezelj\u00fck a biztons\u00e1gos tranzakci\u00f3kat, k\u00fcl\u00f6n\u00f6sen az olyan fizet\u00e9si platformokon kereszt\u00fcl, mint a Paypal, amelyek a v\u00e1s\u00e1rl\u00f3 v\u00e9delm\u00e9t biztos\u00edtj\u00e1k. B\u00e1r a v\u00e9lem\u00e9nyek seg\u00edthetnek a v\u00e1s\u00e1rl\u00e1si d\u00f6nt\u00e9sek meghozatal\u00e1ban, k\u00f6zvetlen\u00fcl nem hivatkozunk r\u00e1juk.<\/p>","protected":false},"excerpt":{"rendered":"<p>Uralkodj a Bang Crown Bar 18000 Puffs-szal. H\u00e1l\u00f3s tekercs, 24ml, \u00fajrat\u00f6lthet\u0151. Ide\u00e1lis szem\u00e9lyi vagy nagykereskedelmi haszn\u00e1latra, kiterjesztett g\u0151z\u00f6l\u00e9st \u00e9s nikotin er\u0151ss\u00e9gek sz\u00e9les sk\u00e1l\u00e1j\u00e1t k\u00edn\u00e1lja.<\/p>","protected":false},"featured_media":703,"comment_status":"open","ping_status":"closed","template":"","meta":[],"product_brand":[],"product_cat":[61,50,21,18,20,23,24,22,25,26,27,28,29,30,31,32,33,34,35,47],"product_tag":[],"class_list":{"0":"post-488","1":"product","2":"type-product","3":"status-publish","4":"has-post-thumbnail","6":"product_cat-bang","7":"product_cat-18000-puffs-disposable-vape","8":"product_cat-big-puffs-vapes","9":"product_cat-different-puffs-of-disposable-vapes","10":"product_cat-disposable-vape-types","11":"product_cat-disposable-vapes-in-austria","12":"product_cat-disposable-vapes-in-belgium","13":"product_cat-disposable-vapes-in-europe","14":"product_cat-disposable-vapes-in-france","15":"product_cat-disposable-vapes-in-germany","16":"product_cat-disposable-vapes-in-hungary","17":"product_cat-disposable-vapes-in-ltaly","18":"product_cat-disposable-vapes-in-netherlands","19":"product_cat-disposable-vapes-in-norway","20":"product_cat-disposable-vapes-in-poland","21":"product_cat-disposable-vapes-in-portugal","22":"product_cat-disposable-vapes-in-spain","23":"product_cat-disposable-vapes-in-sweden","24":"product_cat-disposable-vapes-in-switzerland","25":"product_cat-shisha-hookah-vapes","27":"first","28":"instock","29":"shipping-taxable","30":"purchasable","31":"product-type-variable","32":"has-default-attributes"},"jetpack_sharing_enabled":true,"tiered_pricing_type":"fixed","tiered_pricing_fixed_rules":{"2000":4.88999999999999968025576890795491635799407958984375},"tiered_pricing_product_settings":{"layout":"default","base_unit_name":{"singular":null,"plural":null},"default_variation":null},"tiered_pricing_minimum_quantity":1000,"tiered_pricing_roles_data":[],"tiered_pricing_percentage_rules":[],"tiered_pricing_maximum_quantity":null,"tiered_pricing_quantity_step":"10","_links":{"self":[{"href":"https:\/\/volovape.com\/hu\/wp-json\/wp\/v2\/product\/488","targetHints":{"allow":["GET"]}}],"collection":[{"href":"https:\/\/volovape.com\/hu\/wp-json\/wp\/v2\/product"}],"about":[{"href":"https:\/\/volovape.com\/hu\/wp-json\/wp\/v2\/types\/product"}],"replies":[{"embeddable":true,"href":"https:\/\/volovape.com\/hu\/wp-json\/wp\/v2\/comments?post=488"}],"wp:featuredmedia":[{"embeddable":true,"href":"https:\/\/volovape.com\/hu\/wp-json\/wp\/v2\/media\/703"}],"wp:attachment":[{"href":"https:\/\/volovape.com\/hu\/wp-json\/wp\/v2\/media?parent=488"}],"wp:term":[{"taxonomy":"product_brand","embeddable":true,"href":"https:\/\/volovape.com\/hu\/wp-json\/wp\/v2\/product_brand?post=488"},{"taxonomy":"product_cat","embeddable":true,"href":"https:\/\/volovape.com\/hu\/wp-json\/wp\/v2\/product_cat?post=488"},{"taxonomy":"product_tag","embeddable":true,"href":"https:\/\/volovape.com\/hu\/wp-json\/wp\/v2\/product_tag?post=488"}],"curies":[{"name":"wp","href":"https:\/\/api.w.org\/{rel}","templated":true}]}}