{"id":423,"date":"2024-11-21T03:29:43","date_gmt":"2024-11-21T03:29:43","guid":{"rendered":"https:\/\/volovape.com\/?post_type=product&#038;p=423"},"modified":"2025-11-03T05:04:33","modified_gmt":"2025-11-03T05:04:33","slug":"bang-king-25000-fujas","status":"publish","type":"product","link":"https:\/\/volovape.com\/hu\/product\/bang-king-25000-puffs\/","title":{"rendered":"Bang King 25000 Puffs | \u00fajrat\u00f6lthet\u0151 eldobhat\u00f3 vape - nagykereskedelem (0%, 2%, 3%, 5% nikotin)"},"content":{"rendered":"<p>Bang King 25000 Puffs: (0%, 2%, 3%, 5% nikotin)<br \/>\n<strong>Bang King 25000 Puffs Eldobhat\u00f3 Vape<\/strong> - Dual-Pod kialak\u00edt\u00e1s a hosszabb \u00edz\u00e9lvezet\u00e9rt.<\/p>\n<p>A <strong>Bang King 25000 puff<\/strong> kiv\u00e9teles g\u0151z\u00f6l\u00e9si \u00e9lm\u00e9nyt ny\u00fajt innovat\u00edv dual-pod rendszer\u00e9vel, amely hatalmas 46 ml e-folyad\u00e9k kapacit\u00e1st (2x23 ml-es podok) \u00e9s ak\u00e1r 25 000 slukkot is biztos\u00edt. A 650mAh-s \u00fajrat\u00f6lthet\u0151 akkumul\u00e1torral \u00e9s 1,0\u03a9-os h\u00e1l\u00f3s tekerccsel ell\u00e1tott k\u00e9sz\u00fcl\u00e9k sima, egyenletes g\u0151zt \u00e9s gazdag \u00edzt biztos\u00edt. V\u00e1lasszon a 0%, 2%, 3% vagy 5% nikotiner\u0151ss\u00e9g k\u00f6z\u00fcl, \u00e9s \u00e9lvezze a 12 finom \u00edzt. A Type-C t\u00f6lt\u00e9s \u00e9s a k\u00e9tp\u00f3lus\u00fa k\u00e9nyelem miatt t\u00f6k\u00e9letes szem\u00e9lyes haszn\u00e1latra \u00e9s <strong>eldobhat\u00f3 vape nagykereskedelem<\/strong> vagy <strong>t\u00f6meges megrendel\u00e9sek<\/strong>.<\/p>\n<h3><strong>Bang King 25000 Puffs Jellemz\u0151k:<\/strong><\/h3>\n<ul>\n<li>Puff: 25,000-ig<\/li>\n<li>E-folyad\u00e9k kapacit\u00e1s: 46mL (2 x 23mL pod)<\/li>\n<li>Akkumul\u00e1tor: 650mAh (\u00fajrat\u00f6lthet\u0151)<\/li>\n<li>Tekercs: 1.0\u03a9 Mesh tekercs<\/li>\n<li>Nikotin Er\u0151ss\u00e9gek: 0%, 2%, 3%, 5%<\/li>\n<li>T\u00f6lt\u00e9s: C-t\u00edpus\u00fa<\/li>\n<li>Dual-Pod rendszer<\/li>\n<li>12 egyedi \u00edz<\/li>\n<\/ul>\n<h4>GYIK<\/h4>\n<h5>Milyen sz\u00e1ll\u00edt\u00e1si lehet\u0151s\u00e9gek \u00e1llnak rendelkez\u00e9sre?<\/h5>\n<p>K\u00fcl\u00f6nb\u00f6z\u0151 fuvaroz\u00f3kkal dolgozunk egy\u00fctt, hogy megb\u00edzhat\u00f3 sz\u00e1ll\u00edt\u00e1si lehet\u0151s\u00e9geket biztos\u00edtsunk. A legmegfelel\u0151bb m\u00f3dszert az \u00d6n tart\u00f3zkod\u00e1si helye alapj\u00e1n v\u00e1lasztjuk ki, hogy biztos\u00edtsuk az id\u0151ben t\u00f6rt\u00e9n\u0151 kisz\u00e1ll\u00edt\u00e1st. <strong>eldobhat\u00f3 vape<\/strong> term\u00e9kek. K\u00e9rj\u00fck, vegye figyelembe, hogy a szab\u00e1lyoz\u00e1s miatt a p\u00e1rologtat\u00f3 term\u00e9kek sz\u00e1ll\u00edt\u00e1sa korl\u00e1tozottabb\u00e1 v\u00e1lt, \u00e9s az olyan fuvaroz\u00f3k, mint a UPS, a DHL \u00e9s a FedEx szolg\u00e1ltat\u00e1sai m\u00e1r nem \u00e1llnak rendelkez\u00e9sre.<\/p>\n<h5>Mennyi ideig tart a norm\u00e1l sz\u00e1ll\u00edt\u00e1s?<\/h5>\n<p>A norm\u00e1l sz\u00e1ll\u00edt\u00e1s \u00e1ltal\u00e1ban 7-15 munkanapot vesz ig\u00e9nybe. K\u00e9rj\u00fck, vegye figyelembe az \u00fcnnepnapokon vagy kedvez\u0151tlen id\u0151j\u00e1r\u00e1si k\u00f6r\u00fclm\u00e9nyek miatt bek\u00f6vetkez\u0151 esetleges k\u00e9s\u00e9seket, amelyek ak\u00e1r 20 munkanapra is meghosszabb\u00edthatj\u00e1k a sz\u00e1ll\u00edt\u00e1si id\u0151t.<\/p>\n<h5>A v\u00e1melj\u00e1r\u00e1sokat kezelik?<\/h5>\n<p>A z\u00f6kken\u0151mentes sz\u00e1ll\u00edt\u00e1si folyamat biztos\u00edt\u00e1sa \u00e9rdek\u00e9ben mi int\u00e9zz\u00fck a sz\u00fcks\u00e9ges v\u00e1melj\u00e1r\u00e1sokat. C\u00e9lunk, hogy minimaliz\u00e1ljuk az esetleges probl\u00e9m\u00e1kat, azonban k\u00e9rj\u00fck, vegye figyelembe, hogy a p\u00e1rologtat\u00f3 term\u00e9kekkel kapcsolatos jogi helyzet miatt a v\u00e1mhivatalok b\u00e1rmikor meg\u00e1ll\u00edthatj\u00e1k vagy megsz\u00fcntethetik a csomagot, \u00e9s ez a helyzet nem \u00e1ll a mi ellen\u0151rz\u00e9s\u00fcnk alatt.<\/p>\n<h5>Hogyan jav\u00edtja a kett\u0151s p\u00e1lcika rendszer a p\u00e1rologtat\u00e1s \u00e9lm\u00e9ny\u00e9t?<\/h5>\n<p>A dual-pod rendszer lehet\u0151v\u00e9 teszi a k\u00f6nny\u0171 v\u00e1lt\u00e1st k\u00e9t 23 ml-es e-liquid pod k\u00f6z\u00f6tt, \u00edgy k\u00e9nyelmesen \u00e9s t\u00f6bb eszk\u00f6z haszn\u00e1lata n\u00e9lk\u00fcl v\u00e1lthatunk \u00edzeket. Ez a kialak\u00edt\u00e1s hosszabb g\u0151z\u00f6l\u00e9si id\u0151tartamot biztos\u00edt, \u00e9s lehet\u0151v\u00e9 teszi a testreszabhat\u00f3 \u00edz\u00e9lm\u00e9nyt.<\/p>\n<h5>Biztons\u00e1gos a v\u00e1s\u00e1rl\u00e1som?<\/h5>\n<p>Biztons\u00e1gos fizet\u00e9si lehet\u0151s\u00e9geket k\u00edn\u00e1lunk, k\u00fcl\u00f6n\u00f6sen olyan platformokon kereszt\u00fcl, mint a Paypal, amelyek a v\u00e1s\u00e1rl\u00f3 v\u00e9delm\u00e9t biztos\u00edtj\u00e1k. B\u00e1r a v\u00e9lem\u00e9nyek seg\u00edthetnek a v\u00e1s\u00e1rl\u00e1si d\u00f6nt\u00e9sek meghozatal\u00e1ban, k\u00f6zvetlen\u00fcl nem hivatkozunk r\u00e1juk.<\/p>","protected":false},"excerpt":{"rendered":"<p>Uralkodjon az eldobhat\u00f3 vape-piacon a Bang King 25000-rel, amely egy nagy kapacit\u00e1s\u00fa, \u00fajrat\u00f6lthet\u0151 vape, amely leny\u0171g\u00f6z\u0151 25 000 slukkot k\u00edn\u00e1l. T\u00f6k\u00e9letes a hossz\u00fa \u00e9lettartam\u00fa \u00e9s \u00edzletes p\u00e1rologtat\u00e1si megold\u00e1st keres\u0151 nagykeresked\u0151k sz\u00e1m\u00e1ra.<\/p>","protected":false},"featured_media":640,"comment_status":"open","ping_status":"closed","template":"","meta":[],"product_brand":[],"product_cat":[61,45,21,18,20,23,24,22,25,26,27,28,29,30,31,32,33,34,35,44,36],"product_tag":[],"class_list":{"0":"post-423","1":"product","2":"type-product","3":"status-publish","4":"has-post-thumbnail","6":"product_cat-bang","7":"product_cat-25000-puffs-disposable-vape","8":"product_cat-big-puffs-vapes","9":"product_cat-different-puffs-of-disposable-vapes","10":"product_cat-disposable-vape-types","11":"product_cat-disposable-vapes-in-austria","12":"product_cat-disposable-vapes-in-belgium","13":"product_cat-disposable-vapes-in-europe","14":"product_cat-disposable-vapes-in-france","15":"product_cat-disposable-vapes-in-germany","16":"product_cat-disposable-vapes-in-hungary","17":"product_cat-disposable-vapes-in-ltaly","18":"product_cat-disposable-vapes-in-netherlands","19":"product_cat-disposable-vapes-in-norway","20":"product_cat-disposable-vapes-in-poland","21":"product_cat-disposable-vapes-in-portugal","22":"product_cat-disposable-vapes-in-spain","23":"product_cat-disposable-vapes-in-sweden","24":"product_cat-disposable-vapes-in-switzerland","25":"product_cat-dual-mesh-vapes","26":"product_cat-rechargeable-vapes","28":"first","29":"instock","30":"shipping-taxable","31":"purchasable","32":"product-type-variable","33":"has-default-attributes"},"jetpack_sharing_enabled":true,"tiered_pricing_type":"fixed","tiered_pricing_fixed_rules":{"30":6.63999999999999968025576890795491635799407958984375,"50":5.9900000000000002131628207280300557613372802734375,"100":5.25,"200":4.87999999999999989341858963598497211933135986328125,"400":4.32000000000000028421709430404007434844970703125},"tiered_pricing_product_settings":{"layout":"default","base_unit_name":{"singular":null,"plural":null},"default_variation":null},"tiered_pricing_minimum_quantity":10,"tiered_pricing_roles_data":[],"tiered_pricing_percentage_rules":[],"tiered_pricing_maximum_quantity":null,"tiered_pricing_quantity_step":"10","_links":{"self":[{"href":"https:\/\/volovape.com\/hu\/wp-json\/wp\/v2\/product\/423","targetHints":{"allow":["GET"]}}],"collection":[{"href":"https:\/\/volovape.com\/hu\/wp-json\/wp\/v2\/product"}],"about":[{"href":"https:\/\/volovape.com\/hu\/wp-json\/wp\/v2\/types\/product"}],"replies":[{"embeddable":true,"href":"https:\/\/volovape.com\/hu\/wp-json\/wp\/v2\/comments?post=423"}],"wp:featuredmedia":[{"embeddable":true,"href":"https:\/\/volovape.com\/hu\/wp-json\/wp\/v2\/media\/640"}],"wp:attachment":[{"href":"https:\/\/volovape.com\/hu\/wp-json\/wp\/v2\/media?parent=423"}],"wp:term":[{"taxonomy":"product_brand","embeddable":true,"href":"https:\/\/volovape.com\/hu\/wp-json\/wp\/v2\/product_brand?post=423"},{"taxonomy":"product_cat","embeddable":true,"href":"https:\/\/volovape.com\/hu\/wp-json\/wp\/v2\/product_cat?post=423"},{"taxonomy":"product_tag","embeddable":true,"href":"https:\/\/volovape.com\/hu\/wp-json\/wp\/v2\/product_tag?post=423"}],"curies":[{"name":"wp","href":"https:\/\/api.w.org\/{rel}","templated":true}]}}