{"id":421,"date":"2024-11-21T03:29:43","date_gmt":"2024-11-21T03:29:43","guid":{"rendered":"https:\/\/volovape.com\/?post_type=product&#038;p=421"},"modified":"2025-07-08T04:50:02","modified_gmt":"2025-07-08T04:50:02","slug":"bang-vape-raketa-18000-fujas","status":"publish","type":"product","link":"https:\/\/volovape.com\/hu\/product\/bang-vape-rocket-18000-puffs\/","title":{"rendered":"Bang Vape Rocket 18000 Puffs LED kijelz\u0151 0% 2% 3% 5% Nikotin T\u00f6meges V\u00e1s\u00e1rl\u00e1s Eldobhat\u00f3 Vapes Nagyker"},"content":{"rendered":"<p><strong>Bang Vape Rocket 18000 Puffs eldobhat\u00f3 vape<\/strong> - Kett\u0151s \u00fczemm\u00f3d\u00fa vapingol\u00e1s meghosszabb\u00edtott \u00e9lettartammal.<\/p>\n<p>Tapasztalja meg a p\u00e1ratlan sokoldal\u00fas\u00e1got a <strong>Bang Vape Rocket 18000 Puffs<\/strong>, amely norm\u00e1l \u00fczemm\u00f3dban ak\u00e1r 18 000, impulzus \u00fczemm\u00f3dban pedig 9 000 sz\u00edv\u00e1st k\u00edn\u00e1l. Ez a k\u00e9sz\u00fcl\u00e9k nagyvonal\u00fa 26mL e-folyad\u00e9k kapacit\u00e1ssal, robusztus 650mAh \u00fajrat\u00f6lthet\u0151 akkumul\u00e1torral \u00e9s fejlett kett\u0151s h\u00e1l\u00f3zati bi-shot tekercs technol\u00f3gi\u00e1val rendelkezik az egyenletes \u00edz \u00e9s g\u0151z \u00e9rdek\u00e9ben. V\u00e1lasszon a 0%, 2%, 3% vagy 5% nikotiner\u0151ss\u00e9g k\u00f6z\u00fcl, \u00e9s \u00e9lvezze a 12 egyedi \u00edzt. A LED-es digit\u00e1lis kijelz\u0151 \u00e9s a Type-C t\u00f6lt\u00e9s fokozza a felhaszn\u00e1l\u00f3i k\u00e9nyelmet, \u00edgy t\u00f6k\u00e9letes a szem\u00e9lyes haszn\u00e1latra, \u00e9s <strong>eldobhat\u00f3 vape nagykereskedelem<\/strong> vagy <strong>t\u00f6meges megrendel\u00e9sek<\/strong>.<\/p>\n<h3><strong>Bang Vape Rocket 18000 Puffs Jellemz\u0151k:<\/strong><\/h3>\n<ul>\n<li>Puff: (norm\u00e1l \u00fczemm\u00f3d), 9000 (impulzus \u00fczemm\u00f3d).<\/li>\n<li>E-folyad\u00e9k kapacit\u00e1s: 26mL<\/li>\n<li>Akkumul\u00e1tor: 650mAh (\u00fajrat\u00f6lthet\u0151)<\/li>\n<li>T\u00f6lt\u00e9s: C-t\u00edpus\u00fa<\/li>\n<li>Tekercs: tekercs: Dual Network Bi-Shot Coil<\/li>\n<li>Nikotin Er\u0151ss\u00e9gek: 0%, 2%, 3%, 5%<\/li>\n<li>LED digit\u00e1lis kijelz\u0151<\/li>\n<li>12 egyedi \u00edz<\/li>\n<\/ul>\n<h4>GYIK<\/h4>\n<h5>Mik a tipikus sz\u00e1ll\u00edt\u00e1si lehet\u0151s\u00e9gek?<\/h5>\n<p>Megb\u00edzhat\u00f3 sz\u00e1ll\u00edtm\u00e1nyoz\u00f3k h\u00e1l\u00f3zat\u00e1val dolgozunk egy\u00fctt, hogy megrendel\u00e9s\u00e9t hat\u00e9konyan k\u00e9zbes\u00edts\u00fck. A sz\u00e1ll\u00edt\u00e1si m\u00f3dokat \u00fagy v\u00e1lasztjuk ki, hogy azok a legjobban megfeleljenek az \u00d6n tart\u00f3zkod\u00e1si hely\u00e9nek, \u00e9s biztos\u00edts\u00e1k az id\u0151ben t\u00f6rt\u00e9n\u0151 meg\u00e9rkez\u00e9st. <strong>eldobhat\u00f3 vape<\/strong> rendel\u00e9sek. K\u00e9rj\u00fck, vegye figyelembe, hogy a szab\u00e1lyoz\u00e1s miatt a p\u00e1rologtat\u00f3 term\u00e9kek sz\u00e1ll\u00edt\u00e1sa korl\u00e1tozottabb\u00e1 v\u00e1lt, \u00e9s az olyan fuvaroz\u00f3k szolg\u00e1ltat\u00e1sai, mint a UPS, a DHL \u00e9s a FedEx, m\u00e1r nem \u00e1llnak rendelkez\u00e9sre.<\/p>\n<h5>Mennyi ideig tart \u00e1ltal\u00e1ban a standard sz\u00e1ll\u00edt\u00e1s?<\/h5>\n<p>A norm\u00e1l sz\u00e1ll\u00edt\u00e1s \u00e1ltal\u00e1ban 7-15 munkanapot vesz ig\u00e9nybe. K\u00e9rj\u00fck, vegye figyelembe az \u00fcnnepnapokon vagy el\u0151re nem l\u00e1that\u00f3 id\u0151j\u00e1r\u00e1si k\u00f6r\u00fclm\u00e9nyek miatti esetleges k\u00e9s\u00e9seket, amelyek ak\u00e1r 20 munkanappal is meghosszabb\u00edthatj\u00e1k a sz\u00e1ll\u00edt\u00e1si id\u0151t.<\/p>\n<h5>A v\u00e1melj\u00e1r\u00e1sokat kezelik?<\/h5>\n<p>A z\u00f6kken\u0151mentes sz\u00e1ll\u00edt\u00e1si folyamat biztos\u00edt\u00e1sa \u00e9rdek\u00e9ben mi int\u00e9zz\u00fck a sz\u00fcks\u00e9ges v\u00e1melj\u00e1r\u00e1sokat. C\u00e9lunk, hogy minimaliz\u00e1ljuk az esetleges probl\u00e9m\u00e1kat, azonban k\u00e9rj\u00fck, vegye figyelembe, hogy a p\u00e1rologtat\u00f3 term\u00e9kekkel kapcsolatos jogi helyzet miatt a v\u00e1mhivatalok b\u00e1rmikor meg\u00e1ll\u00edthatj\u00e1k vagy megsz\u00fcntethetik a csomagot, \u00e9s ez a helyzet nem \u00e1ll a mi ellen\u0151rz\u00e9s\u00fcnk alatt.<\/p>\n<h5>Mi az el\u0151nye a kett\u0151s h\u00e1l\u00f3zatos bi-shot tekercs technol\u00f3gi\u00e1nak?<\/h5>\n<p>A kett\u0151s h\u00e1l\u00f3zati bi-shot tekercs technol\u00f3gi\u00e1t \u00fagy tervezt\u00e9k, hogy optimaliz\u00e1lja mind az \u00edzt, mind a g\u0151ztermel\u00e9st. Ez a fejlett tekercsbe\u00e1ll\u00edt\u00e1s k\u00f6vetkezetesebb \u00e9s kiel\u00e9g\u00edt\u0151bb g\u0151z\u00f6l\u00e9si \u00e9lm\u00e9nyt biztos\u00edt a hat\u00e9kony f\u0171t\u00e9s \u00e9s az e-folyad\u00e9k egyenletes eloszl\u00e1sa r\u00e9v\u00e9n.<\/p>\n<h5>Mennyire biztons\u00e1gos a v\u00e1s\u00e1rl\u00e1som?<\/h5>\n<p>Kiemelten kezelj\u00fck a biztons\u00e1gos tranzakci\u00f3kat, k\u00fcl\u00f6n\u00f6sen az olyan fizet\u00e9si platformokon kereszt\u00fcl, mint a Paypal, amelyek a v\u00e1s\u00e1rl\u00f3 v\u00e9delm\u00e9t biztos\u00edtj\u00e1k. B\u00e1r a v\u00e9lem\u00e9nyek seg\u00edthetnek a v\u00e1s\u00e1rl\u00e1si d\u00f6nt\u00e9sek meghozatal\u00e1ban, k\u00f6zvetlen\u00fcl nem hivatkozunk r\u00e1juk.<\/p>","protected":false},"excerpt":{"rendered":"<p>A Bang Vape Rocket 18000 Puffs ak\u00e1r 18 000 f\u00faj\u00e1st is k\u00edn\u00e1l norm\u00e1l \u00fczemm\u00f3dban, 26 ml-es e-folyad\u00e9k tart\u00e1lyt \u00e9s 650 mAh-s \u00fajrat\u00f6lthet\u0151 akkumul\u00e1tort k\u00edn\u00e1l. Kett\u0151s h\u00e1l\u00f3zati bi-shot tekercsekkel, LED-kijelz\u0151vel \u00e9s 12 finom \u00edzzel rendelkezik, \u00edgy ez a t\u00f6k\u00e9letes, hosszan tart\u00f3 vape b\u00e1rmilyen preferencia sz\u00e1m\u00e1ra.<\/p>","protected":false},"featured_media":617,"comment_status":"open","ping_status":"closed","template":"","meta":[],"product_brand":[],"product_cat":[61,50,21,18,39,20,23,24,22,25,26,27,28,29,30,31,32,33,34,35,44,36,40],"product_tag":[],"class_list":{"0":"post-421","1":"product","2":"type-product","3":"status-publish","4":"has-post-thumbnail","6":"product_cat-bang","7":"product_cat-18000-puffs-disposable-vape","8":"product_cat-big-puffs-vapes","9":"product_cat-different-puffs-of-disposable-vapes","10":"product_cat-digital-box-vapes","11":"product_cat-disposable-vape-types","12":"product_cat-disposable-vapes-in-austria","13":"product_cat-disposable-vapes-in-belgium","14":"product_cat-disposable-vapes-in-europe","15":"product_cat-disposable-vapes-in-france","16":"product_cat-disposable-vapes-in-germany","17":"product_cat-disposable-vapes-in-hungary","18":"product_cat-disposable-vapes-in-ltaly","19":"product_cat-disposable-vapes-in-netherlands","20":"product_cat-disposable-vapes-in-norway","21":"product_cat-disposable-vapes-in-poland","22":"product_cat-disposable-vapes-in-portugal","23":"product_cat-disposable-vapes-in-spain","24":"product_cat-disposable-vapes-in-sweden","25":"product_cat-disposable-vapes-in-switzerland","26":"product_cat-dual-mesh-vapes","27":"product_cat-rechargeable-vapes","28":"product_cat-smart-screen-vapes","30":"first","31":"instock","32":"shipping-taxable","33":"purchasable","34":"product-type-variable","35":"has-default-attributes"},"jetpack_sharing_enabled":true,"tiered_pricing_type":"fixed","tiered_pricing_fixed_rules":{"2000":6},"tiered_pricing_product_settings":{"layout":"default","base_unit_name":{"singular":null,"plural":null},"default_variation":null},"tiered_pricing_minimum_quantity":1000,"tiered_pricing_roles_data":[],"tiered_pricing_percentage_rules":[],"tiered_pricing_maximum_quantity":null,"tiered_pricing_quantity_step":"10","_links":{"self":[{"href":"https:\/\/volovape.com\/hu\/wp-json\/wp\/v2\/product\/421","targetHints":{"allow":["GET"]}}],"collection":[{"href":"https:\/\/volovape.com\/hu\/wp-json\/wp\/v2\/product"}],"about":[{"href":"https:\/\/volovape.com\/hu\/wp-json\/wp\/v2\/types\/product"}],"replies":[{"embeddable":true,"href":"https:\/\/volovape.com\/hu\/wp-json\/wp\/v2\/comments?post=421"}],"wp:featuredmedia":[{"embeddable":true,"href":"https:\/\/volovape.com\/hu\/wp-json\/wp\/v2\/media\/617"}],"wp:attachment":[{"href":"https:\/\/volovape.com\/hu\/wp-json\/wp\/v2\/media?parent=421"}],"wp:term":[{"taxonomy":"product_brand","embeddable":true,"href":"https:\/\/volovape.com\/hu\/wp-json\/wp\/v2\/product_brand?post=421"},{"taxonomy":"product_cat","embeddable":true,"href":"https:\/\/volovape.com\/hu\/wp-json\/wp\/v2\/product_cat?post=421"},{"taxonomy":"product_tag","embeddable":true,"href":"https:\/\/volovape.com\/hu\/wp-json\/wp\/v2\/product_tag?post=421"}],"curies":[{"name":"wp","href":"https:\/\/api.w.org\/{rel}","templated":true}]}}