{"id":420,"date":"2024-11-21T03:29:43","date_gmt":"2024-11-21T03:29:43","guid":{"rendered":"https:\/\/volovape.com\/?post_type=product&#038;p=420"},"modified":"2026-04-22T01:04:23","modified_gmt":"2026-04-22T01:04:23","slug":"darazs-40k-dupla-izu-ikrek-40000-puff","status":"publish","type":"product","link":"https:\/\/volovape.com\/hu\/product\/waspe-40k-double-flavor-twins-40000-puffs\/","title":{"rendered":"WASPE 40K eldobhat\u00f3 vape | 40000 puff dupla \u00edz\u0171 ikrek kett\u0151s h\u00e1l\u00f3val"},"content":{"rendered":"<p><iframe title=\"VideoPress Video Player\" aria-label='VideoPress Video Player' width='500' height='281' src='https:\/\/videopress.com\/embed\/JseA5Oeo?hd=0&amp;cover=1' frameborder='0' allowfullscreen allow='clipboard-write'><\/iframe><script src='https:\/\/v0.wordpress.com\/js\/next\/videopress-iframe.js?m=1739540970'><\/script><\/p>\n<p><strong>WASPE 40K Double Flavor Twins eldobhat\u00f3 vape<\/strong> - Kett\u0151s \u00edzek, p\u00e1ratlan puffsz\u00e1m.<\/p>\n<p>Tapasztalja meg a <strong>WASPE 40K dupla \u00edz\u0171 ikrek<\/strong>, amely egy \u00fatt\u00f6r\u0151 <em>kett\u0151s \u00edzes\u00edt\u00e9s\u0171 kialak\u00edt\u00e1s<\/em> \u00e9s egy elk\u00e9peszt\u0151 <strong>40,000 puff kapacit\u00e1s<\/strong>. \u00c9lvezze a k\u00e9t k\u00fcl\u00f6nb\u00f6z\u0151 \u00edzt egy \u00fajrat\u00f6lthet\u0151 k\u00e9sz\u00fcl\u00e9kben, amelyet egy <strong>850mAh akkumul\u00e1tor<\/strong> \u00e9s egy hatalmas <strong>36ml e-folyad\u00e9k tart\u00e1ly<\/strong>. A <em>kett\u0151s h\u00e1l\u00f3s tekercs technol\u00f3gia<\/em> kiv\u00e9teles \u00edzt \u00e9s sima g\u0151zt biztos\u00edt. V\u00e1lasszon a k\u00f6vetkez\u0151k k\u00f6z\u00fcl <strong>0%, 2%, vagy 5% nikotin er\u0151ss\u00e9g\u0171ek.<\/strong> \u00e9s fedezze fel <strong>16 egyedi \u00edzkombin\u00e1ci\u00f3<\/strong>. T\u00f6k\u00e9letes szem\u00e9lyes \u00e9lvezetre \u00e9s <strong>eldobhat\u00f3 vape nagykereskedelem<\/strong> vagy <strong>t\u00f6meges rendel\u00e9s<\/strong> sz\u00fcks\u00e9gletek.<\/p>\n<h3><strong>WASPE 40K Double Flavor Twins Jellemz\u0151k:<\/strong><\/h3>\n<ul>\n<li>Puff: 40,000-ig<\/li>\n<li>E-folyad\u00e9k kapacit\u00e1s: 36mL<\/li>\n<li>Akkumul\u00e1tor: 850mAh (\u00fajrat\u00f6lthet\u0151)<\/li>\n<li>T\u00f6lt\u00e9s: C-t\u00edpus\u00fa<\/li>\n<li>Tekercs: Mesh tekercsek: Dual Mesh Coils<\/li>\n<li>Nikotin Er\u0151ss\u00e9gek: 0%, 2%, 5%<\/li>\n<li>16 egyedi \u00edzkombin\u00e1ci\u00f3<\/li>\n<\/ul>\n<h4>GYIK<\/h4>\n<h5>Milyen sz\u00e1ll\u00edt\u00e1si m\u00f3dok \u00e1llnak rendelkez\u00e9sre?<\/h5>\n<p>Olyan vezet\u0151 sz\u00e1ll\u00edtm\u00e1nyoz\u00f3kkal m\u0171k\u00f6d\u00fcnk egy\u00fctt, mint a UPS, a DHL, a FedEx \u00e9s a DPD, hogy sz\u00e1mos sz\u00e1ll\u00edt\u00e1si lehet\u0151s\u00e9get k\u00edn\u00e1ljunk. A legmegfelel\u0151bb m\u00f3dszert az \u00d6n tart\u00f3zkod\u00e1si helye alapj\u00e1n v\u00e1lasztjuk ki, hogy biztos\u00edtsuk az id\u0151ben t\u00f6rt\u00e9n\u0151 kisz\u00e1ll\u00edt\u00e1st. <strong>eldobhat\u00f3 vape<\/strong> term\u00e9kek.<\/p>\n<h5>Mennyi ideig tart \u00e1ltal\u00e1ban a sz\u00e1ll\u00edt\u00e1s?<\/h5>\n<p>A norm\u00e1l sz\u00e1ll\u00edt\u00e1s \u00e1ltal\u00e1ban 7-15 munkanapot vesz ig\u00e9nybe. K\u00e9rj\u00fck, \u00fcnnepnapokon vagy kedvez\u0151tlen id\u0151j\u00e1r\u00e1si k\u00f6r\u00fclm\u00e9nyek k\u00f6z\u00f6tt legfeljebb 20 munkanapot enged\u00e9lyezzen.<\/p>\n<h5>Tal\u00e1lkozom majd v\u00e1m\u00fcgyi probl\u00e9m\u00e1kkal?<\/h5>\n<p>Minden v\u00e1mkezel\u00e9si elj\u00e1r\u00e1st mi v\u00e9gz\u00fcnk, \u00edgy biztos\u00edtva a z\u00f6kken\u0151mentes \u00e9s probl\u00e9mamentes \u00e9lm\u00e9nyt. \u00d6nnek nem kell tov\u00e1bbi ad\u00f3kat vagy d\u00edjakat fizetnie. Garant\u00e1ljuk az 100% v\u00e1mkezel\u00e9st minden term\u00e9k\u00fcnkre.<\/p>\n<h5>Hogyan jav\u00edtja a kett\u0151s h\u00e1l\u00f3s tekercs a g\u0151z\u00f6l\u00e9si \u00e9lm\u00e9nyt?<\/h5>\n<p>A kett\u0151s h\u00e1l\u00f3s tekercs technol\u00f3gia nagyobb f\u0171t\u0151fel\u00fcletet biztos\u00edt, ami egyenletesebb f\u0171t\u00e9st \u00e9s egyenletes g\u0151ztermel\u00e9st eredm\u00e9nyez mindk\u00e9t \u00edz eset\u00e9ben. Ez gazdagabb, intenz\u00edvebb \u00edzeket \u00e9s sim\u00e1bb g\u0151zt biztos\u00edt, kiv\u00e1l\u00f3 g\u0151z\u00f6l\u00e9si \u00e9lm\u00e9nyt ny\u00fajtva az egy tekercses k\u00e9sz\u00fcl\u00e9kekhez k\u00e9pest.<\/p>\n<h5>Biztons\u00e1gos a v\u00e1s\u00e1rl\u00e1som?<\/h5>\n<p>Biztons\u00e1gos fizet\u00e9si lehet\u0151s\u00e9geket k\u00edn\u00e1lunk a PayPal-on kereszt\u00fcl, amely mag\u00e1ban foglalja a v\u00e1s\u00e1rl\u00f3 v\u00e9delm\u00e9t. V\u00e1s\u00e1rl\u00f3i visszajelz\u00e9seinket is megtekintheti a <a href=\"https:\/\/www.trustpilot.com\/review\/volovape.com?utm_medium=trustbox&amp;utm_source=TrustBoxReviewCollector\">TrustPilot<\/a>.<\/p>","protected":false},"excerpt":{"rendered":"<p>Maximaliz\u00e1lja az \u00edzeket \u00e9s a puffokat a WASPE 40K Twins eldobhat\u00f3 vape-vel! Kett\u0151s \u00edzek, 40.000 puff \u00e9s kett\u0151s h\u00e1l\u00f3s tekercs. Ide\u00e1lis szem\u00e9lyes \u00e9lvezethez vagy nagy volumen\u0171 nagykereskedelemhez.<\/p>\n<p><strong>Gyors 3-7 napos sz\u00e1ll\u00edt\u00e1s a helyi eur\u00f3pai rakt\u00e1runkb\u00f3l - val\u00f3di eldobhat\u00f3 g\u0151z\u00f6k, az \u00d6n k\u00f6zel\u00e9be sz\u00e1ll\u00edtva.<\/strong> (csak a standard 5% nikotin opci\u00f3hoz).<\/p>","protected":false},"featured_media":28967,"comment_status":"open","ping_status":"closed","template":"","meta":[],"product_brand":[],"product_cat":[17,74,21,18,39,20,23,24,22,25,26,27,28,29,30,31,32,33,34,35,64,36,40],"product_tag":[],"class_list":{"0":"post-420","1":"product","2":"type-product","3":"status-publish","4":"has-post-thumbnail","6":"product_cat-waspe","7":"product_cat-40000-puffs-disposable-vape","8":"product_cat-big-puffs-vapes","9":"product_cat-different-puffs-of-disposable-vapes","10":"product_cat-digital-box-vapes","11":"product_cat-disposable-vape-types","12":"product_cat-disposable-vapes-in-austria","13":"product_cat-disposable-vapes-in-belgium","14":"product_cat-disposable-vapes-in-europe","15":"product_cat-disposable-vapes-in-france","16":"product_cat-disposable-vapes-in-germany","17":"product_cat-disposable-vapes-in-hungary","18":"product_cat-disposable-vapes-in-ltaly","19":"product_cat-disposable-vapes-in-netherlands","20":"product_cat-disposable-vapes-in-norway","21":"product_cat-disposable-vapes-in-poland","22":"product_cat-disposable-vapes-in-portugal","23":"product_cat-disposable-vapes-in-spain","24":"product_cat-disposable-vapes-in-sweden","25":"product_cat-disposable-vapes-in-switzerland","26":"product_cat-dual-flavor-vapes","27":"product_cat-rechargeable-vapes","28":"product_cat-smart-screen-vapes","30":"first","31":"instock","32":"shipping-taxable","33":"purchasable","34":"product-type-variable","35":"has-default-attributes"},"jetpack_sharing_enabled":true,"tiered_pricing_type":"fixed","tiered_pricing_fixed_rules":{"30":7.32000000000000028421709430404007434844970703125,"50":6.5999999999999996447286321199499070644378662109375,"100":6.36000000000000031974423109204508364200592041015625,"200":5.9900000000000002131628207280300557613372802734375,"400":5.42999999999999971578290569595992565155029296875},"tiered_pricing_product_settings":{"layout":"default","base_unit_name":{"singular":null,"plural":null},"default_variation":null},"tiered_pricing_minimum_quantity":10,"tiered_pricing_roles_data":[],"tiered_pricing_percentage_rules":[],"tiered_pricing_maximum_quantity":null,"tiered_pricing_quantity_step":"10","_links":{"self":[{"href":"https:\/\/volovape.com\/hu\/wp-json\/wp\/v2\/product\/420","targetHints":{"allow":["GET"]}}],"collection":[{"href":"https:\/\/volovape.com\/hu\/wp-json\/wp\/v2\/product"}],"about":[{"href":"https:\/\/volovape.com\/hu\/wp-json\/wp\/v2\/types\/product"}],"replies":[{"embeddable":true,"href":"https:\/\/volovape.com\/hu\/wp-json\/wp\/v2\/comments?post=420"}],"wp:featuredmedia":[{"embeddable":true,"href":"https:\/\/volovape.com\/hu\/wp-json\/wp\/v2\/media\/28967"}],"wp:attachment":[{"href":"https:\/\/volovape.com\/hu\/wp-json\/wp\/v2\/media?parent=420"}],"wp:term":[{"taxonomy":"product_brand","embeddable":true,"href":"https:\/\/volovape.com\/hu\/wp-json\/wp\/v2\/product_brand?post=420"},{"taxonomy":"product_cat","embeddable":true,"href":"https:\/\/volovape.com\/hu\/wp-json\/wp\/v2\/product_cat?post=420"},{"taxonomy":"product_tag","embeddable":true,"href":"https:\/\/volovape.com\/hu\/wp-json\/wp\/v2\/product_tag?post=420"}],"curies":[{"name":"wp","href":"https:\/\/api.w.org\/{rel}","templated":true}]}}