{"id":418,"date":"2024-11-21T03:29:43","date_gmt":"2024-11-21T03:29:43","guid":{"rendered":"https:\/\/volovape.com\/?post_type=product&#038;p=418"},"modified":"2026-04-29T02:09:35","modified_gmt":"2026-04-29T02:09:35","slug":"bang-king-30000-puff","status":"publish","type":"product","link":"https:\/\/volovape.com\/hu\/product\/bang-king-30000-puffs\/","title":{"rendered":"Bang King 30000 puffs eldobhat\u00f3 vape digit\u00e1lis kijelz\u0151vel - nagykereskedelmi nagybani ell\u00e1t\u00e1s"},"content":{"rendered":"<p><strong>Bang King 30000 Puffs Eldobhat\u00f3 Vape<\/strong> - P\u00e1ratlan hossz\u00fa \u00e9lettartam \u00e9s fejlett kijelz\u0151.<\/p>\n<p>Tapasztalja meg az eldobhat\u00f3 p\u00e1rologtat\u00e1s legjav\u00e1t a <strong>Bang King 30000 puff<\/strong>, b\u00fcszk\u00e9lkedhet egy leny\u0171g\u00f6z\u0151 <strong>30,000 puff kapacit\u00e1s<\/strong> \u00e9s egy hatalmas <strong>36ml e-folyad\u00e9k tart\u00e1ly<\/strong>. Ez a k\u00e9sz\u00fcl\u00e9k rendelkezik egy <strong>LED digit\u00e1lis kijelz\u0151<\/strong> az akkumul\u00e1tor \u00e9lettartam\u00e1nak \u00e9s a puffok sz\u00e1m\u00e1nak egyszer\u0171 nyomon k\u00f6vet\u00e9se \u00e9rdek\u00e9ben, \u00edgy mindig t\u00e1j\u00e9kozott lehet. M\u0171k\u00f6dik egy <strong>550mAh \u00fajrat\u00f6lthet\u0151 akkumul\u00e1tor<\/strong> -vel <strong>C-t\u00edpus\u00fa t\u00f6lt\u00e9s<\/strong> \u00e9s a <strong>1.0 ohm-os h\u00e1l\u00f3s tekercs<\/strong>, k\u00f6vetkezetes \u00e9s \u00edzletes g\u0151zt biztos\u00edt. V\u00e1lasszon a k\u00f6vetkez\u0151k k\u00f6z\u00fcl <strong>0%, 2%, 3%, vagy 5% nikotin er\u0151ss\u00e9g\u0171ek.<\/strong> \u00e9s \u00e9lvezze az egyed\u00fcl\u00e1ll\u00f3 kett\u0151s \u00edzkombin\u00e1ci\u00f3kat. Ide\u00e1lis szem\u00e9lyes haszn\u00e1latra \u00e9s <strong>eldobhat\u00f3 vape nagykereskedelem<\/strong> vagy <strong>t\u00f6meges megrendel\u00e9sek<\/strong>.<\/p>\n<h3><strong>Bang King 30000 Puffs Jellemz\u0151k:<\/strong><\/h3>\n<ul>\n<li>Puff: 30,000-ig<\/li>\n<li>E-folyad\u00e9k kapacit\u00e1s: 36mL<\/li>\n<li>Akkumul\u00e1tor: 550mAh (\u00fajrat\u00f6lthet\u0151)<\/li>\n<li>T\u00f6lt\u00e9s: C-t\u00edpus\u00fa<\/li>\n<li>Tekercs: 1.0-ohm Mesh tekercs<\/li>\n<li>Nikotin Er\u0151ss\u00e9gek: 0%, 2%, 3%, 5%<\/li>\n<li>Megjelen\u00edt\u00e9s: LED digit\u00e1lis kijelz\u0151 (akkumul\u00e1tor \u00e9s puff sz\u00e1m)<\/li>\n<li>Kett\u0151s \u00edzek<\/li>\n<\/ul>\n<h4>GYIK<\/h4>\n<h5>Milyen sz\u00e1ll\u00edt\u00e1si lehet\u0151s\u00e9gek \u00e1llnak rendelkez\u00e9sre?<\/h5>\n<p>Megb\u00edzhat\u00f3 sz\u00e1ll\u00edtm\u00e1nyoz\u00f3kkal, p\u00e9ld\u00e1ul a UPS, a DHL, a FedEx \u00e9s a DPD partnerek\u00e9nt k\u00fcl\u00f6nb\u00f6z\u0151 sz\u00e1ll\u00edt\u00e1si lehet\u0151s\u00e9geket k\u00edn\u00e1lunk. A legmegfelel\u0151bb m\u00f3dszert az \u00d6n sz\u00e1ll\u00edt\u00e1si helye alapj\u00e1n v\u00e1lasztjuk ki, \u00edgy biztos\u00edtva a gyors kisz\u00e1ll\u00edt\u00e1st. <strong>eldobhat\u00f3 vape<\/strong> term\u00e9kek.<\/p>\n<h5>Mennyi ideig tart \u00e1ltal\u00e1ban a sz\u00e1ll\u00edt\u00e1s?<\/h5>\n<p>A norm\u00e1l sz\u00e1ll\u00edt\u00e1s \u00e1ltal\u00e1ban 7-15 munkanapot vesz ig\u00e9nybe. K\u00e9rj\u00fck azonban, hogy \u00fcnnepnapokon vagy kedvez\u0151tlen id\u0151j\u00e1r\u00e1si k\u00f6r\u00fclm\u00e9nyek k\u00f6z\u00f6tt ak\u00e1r 20 munkanapot is enged\u00e9lyezzen.<\/p>\n<h5>Lesznek-e probl\u00e9m\u00e1im a v\u00e1mokkal?<\/h5>\n<p>Minden v\u00e1mkezel\u00e9si elj\u00e1r\u00e1st mi v\u00e9gz\u00fcnk, garant\u00e1lva a z\u00f6kken\u0151mentes \u00e9s probl\u00e9mamentes lebonyol\u00edt\u00e1st. \u00d6nnek nem kell tov\u00e1bbi ad\u00f3kat vagy d\u00edjakat fizetnie. Garant\u00e1ljuk az 100% v\u00e1mkezel\u00e9st minden term\u00e9k\u00fcnkre.<\/p>\n<h5>Mennyire pontos a LED-k\u00e9perny\u0151n megjelen\u0151 puffan\u00e1ssz\u00e1m \u00e9s az akkumul\u00e1tor \u00e9lettartama?<\/h5>\n<p>A be\u00e9p\u00edtett LED-es digit\u00e1lis kijelz\u0151 val\u00f3s idej\u0171, pontos leolvas\u00e1st biztos\u00edt mind a puffok sz\u00e1m\u00e1r\u00f3l, mind az akkumul\u00e1tor \u00e9lettartam\u00e1r\u00f3l. Ez lehet\u0151v\u00e9 teszi a pontos nyomon k\u00f6vet\u00e9st, biztos\u00edtva a k\u00f6vetkezetes \u00e9s megb\u00edzhat\u00f3 p\u00e1rol\u00e1si \u00e9lm\u00e9nyt. Ez a pontoss\u00e1g azt jelenti, hogy mindig tudhatja, mikor van sz\u00fcks\u00e9ge \u00fajrat\u00f6lt\u00e9sre.<\/p>\n<h5>V\u00e9dett a v\u00e1s\u00e1rl\u00e1som?<\/h5>\n<p>Biztons\u00e1gos fizet\u00e9si lehet\u0151s\u00e9geket k\u00edn\u00e1lunk a PayPal-on kereszt\u00fcl, bele\u00e9rtve a v\u00e1s\u00e1rl\u00f3i v\u00e9delmet is. \u00d6n is megtekintheti v\u00e1s\u00e1rl\u00f3i besz\u00e1mol\u00f3inkat az al\u00e1bbi weboldalon <a href=\"https:\/\/www.trustpilot.com\/review\/volovape.com?utm_medium=trustbox&amp;utm_source=TrustBoxReviewCollector\">TrustPilot<\/a>.<\/p>","protected":false},"excerpt":{"rendered":"<p>Emelje fel a vape \u00e9lm\u00e9ny\u00e9t a Bang King 30000 Puffs-szal. LED kijelz\u0151, 36ml, 1.0\u03a9 h\u00e1l\u00f3, \u00fajrat\u00f6lthet\u0151. Ide\u00e1lis szem\u00e9lyes \u00e9lvezethez vagy nagy volumen\u0171 nagykereskedelemhez.<\/p>","protected":false},"featured_media":662,"comment_status":"open","ping_status":"closed","template":"","meta":[],"product_brand":[],"product_cat":[61,63,21,18,39,20,23,24,22,25,26,27,28,29,30,31,32,33,34,35,64,36,40],"product_tag":[],"class_list":{"0":"post-418","1":"product","2":"type-product","3":"status-publish","4":"has-post-thumbnail","6":"product_cat-bang","7":"product_cat-30000-puffs-disposable-vape","8":"product_cat-big-puffs-vapes","9":"product_cat-different-puffs-of-disposable-vapes","10":"product_cat-digital-box-vapes","11":"product_cat-disposable-vape-types","12":"product_cat-disposable-vapes-in-austria","13":"product_cat-disposable-vapes-in-belgium","14":"product_cat-disposable-vapes-in-europe","15":"product_cat-disposable-vapes-in-france","16":"product_cat-disposable-vapes-in-germany","17":"product_cat-disposable-vapes-in-hungary","18":"product_cat-disposable-vapes-in-ltaly","19":"product_cat-disposable-vapes-in-netherlands","20":"product_cat-disposable-vapes-in-norway","21":"product_cat-disposable-vapes-in-poland","22":"product_cat-disposable-vapes-in-portugal","23":"product_cat-disposable-vapes-in-spain","24":"product_cat-disposable-vapes-in-sweden","25":"product_cat-disposable-vapes-in-switzerland","26":"product_cat-dual-flavor-vapes","27":"product_cat-rechargeable-vapes","28":"product_cat-smart-screen-vapes","30":"first","31":"instock","32":"shipping-taxable","33":"purchasable","34":"product-type-variable","35":"has-default-attributes"},"jetpack_sharing_enabled":true,"tiered_pricing_type":"fixed","tiered_pricing_fixed_rules":{"30":6.87000000000000010658141036401502788066864013671875,"50":6.36000000000000031974423109204508364200592041015625,"100":5.4900000000000002131628207280300557613372802734375,"200":5.12000000000000010658141036401502788066864013671875,"400":4.57000000000000028421709430404007434844970703125},"tiered_pricing_product_settings":{"layout":"default","base_unit_name":{"singular":null,"plural":null},"default_variation":null},"tiered_pricing_minimum_quantity":10,"tiered_pricing_roles_data":[],"tiered_pricing_percentage_rules":[],"tiered_pricing_maximum_quantity":null,"tiered_pricing_quantity_step":"10","_links":{"self":[{"href":"https:\/\/volovape.com\/hu\/wp-json\/wp\/v2\/product\/418","targetHints":{"allow":["GET"]}}],"collection":[{"href":"https:\/\/volovape.com\/hu\/wp-json\/wp\/v2\/product"}],"about":[{"href":"https:\/\/volovape.com\/hu\/wp-json\/wp\/v2\/types\/product"}],"replies":[{"embeddable":true,"href":"https:\/\/volovape.com\/hu\/wp-json\/wp\/v2\/comments?post=418"}],"wp:featuredmedia":[{"embeddable":true,"href":"https:\/\/volovape.com\/hu\/wp-json\/wp\/v2\/media\/662"}],"wp:attachment":[{"href":"https:\/\/volovape.com\/hu\/wp-json\/wp\/v2\/media?parent=418"}],"wp:term":[{"taxonomy":"product_brand","embeddable":true,"href":"https:\/\/volovape.com\/hu\/wp-json\/wp\/v2\/product_brand?post=418"},{"taxonomy":"product_cat","embeddable":true,"href":"https:\/\/volovape.com\/hu\/wp-json\/wp\/v2\/product_cat?post=418"},{"taxonomy":"product_tag","embeddable":true,"href":"https:\/\/volovape.com\/hu\/wp-json\/wp\/v2\/product_tag?post=418"}],"curies":[{"name":"wp","href":"https:\/\/api.w.org\/{rel}","templated":true}]}}