{"id":416,"date":"2024-11-21T03:29:43","date_gmt":"2024-11-21T03:29:43","guid":{"rendered":"https:\/\/volovape.com\/?post_type=product&#038;p=416"},"modified":"2026-04-08T01:50:51","modified_gmt":"2026-04-08T01:50:51","slug":"bumm-vape-20000-fujas","status":"publish","type":"product","link":"https:\/\/volovape.com\/hu\/product\/bang-vape-20000-puffs\/","title":{"rendered":"Bang Vape 20000 puffs eldobhat\u00f3 vape - LED kijelz\u0151, \u00fajrat\u00f6lthet\u0151, h\u00e1l\u00f3s tekercs"},"content":{"rendered":"<p><strong>Bang Vape 20000 Puffs Eldobhat\u00f3 Vape<\/strong> - Tapasztalja meg a kiterjesztett szaggat\u00e1st fejlett technol\u00f3gi\u00e1val.<\/p>\n<p>A <strong>Bang Vape 20000 Puffs<\/strong> \u00faj m\u00e9rc\u00e9t \u00e1ll\u00edt fel a nagy kapacit\u00e1s\u00fa eldobhat\u00f3 p\u00e1rologtat\u00f3k k\u00f6z\u00f6tt, \u00e9s ak\u00e1r <strong>20,000 puff<\/strong> egy nagyvonal\u00fa <strong>25ml e-folyad\u00e9k tart\u00e1ly<\/strong>. Egy <strong>0,8\u03a9-os h\u00e1l\u00f3s tekercs<\/strong> a sima, \u00edzletes g\u0151z\u00e9rt \u00e9s egy <strong>LED digit\u00e1lis kijelz\u0151<\/strong> a val\u00f3s idej\u0171 megfigyel\u00e9shez, ez a k\u00e9sz\u00fcl\u00e9k a k\u00e9nyelmet a cs\u00facstechnol\u00f3gi\u00e1val \u00f6tv\u00f6zi. V\u00e1lasszon a k\u00f6vetkez\u0151k k\u00f6z\u00fcl <strong>0%, 2%, 3%, vagy 5% nikotin er\u0151ss\u00e9g\u0171ek.<\/strong>, \u00e9s \u00e9lvezze a sz\u00e9les k\u00f6r\u0171 <strong>15 egyedi \u00edz<\/strong>. A <strong>650mAh \u00fajrat\u00f6lthet\u0151 akkumul\u00e1tor<\/strong> -vel <strong>C-t\u00edpus\u00fa t\u00f6lt\u00e9s<\/strong> biztos\u00edtja a hossz\u00fa t\u00e1v\u00fa teljes\u00edtm\u00e9nyt, \u00edgy t\u00f6k\u00e9letes mind szem\u00e9lyes haszn\u00e1latra, mind pedig <strong>eldobhat\u00f3 vape nagykereskedelem<\/strong> vagy <strong>t\u00f6meges rendel\u00e9s<\/strong> sz\u00fcks\u00e9gletek.<\/p>\n<h3><strong>Bang Vape 20000 Puffs Jellemz\u0151k:<\/strong><\/h3>\n<ul>\n<li>Puff: 20,000-ig<\/li>\n<li>E-folyad\u00e9k kapacit\u00e1s: 25mL<\/li>\n<li>Akkumul\u00e1tor: 650mAh (\u00fajrat\u00f6lthet\u0151)<\/li>\n<li>T\u00f6lt\u00e9s: C-t\u00edpus\u00fa<\/li>\n<li>Tekercs: 0.8\u03a9 Mesh tekercs<\/li>\n<li>Megjelen\u00edt\u00e9s: LED digit\u00e1lis kijelz\u0151<\/li>\n<li>Nikotin Er\u0151ss\u00e9gek: 0%, 2%, 3%, 5%<\/li>\n<li>15 egyedi \u00edz<\/li>\n<\/ul>\n<h4>GYIK<\/h4>\n<h5>Milyen sz\u00e1ll\u00edt\u00e1si m\u00f3dokat haszn\u00e1lnak?<\/h5>\n<p>A gyors \u00e9s megb\u00edzhat\u00f3 k\u00e9zbes\u00edt\u00e9s \u00e9rdek\u00e9ben olyan vezet\u0151 sz\u00e1ll\u00edtm\u00e1nyoz\u00f3kkal m\u0171k\u00f6d\u00fcnk egy\u00fctt, mint a UPS, a DHL, a FedEx \u00e9s a DPD. A legmegfelel\u0151bb sz\u00e1ll\u00edt\u00e1si m\u00f3dot az \u00d6n tart\u00f3zkod\u00e1si helye alapj\u00e1n v\u00e1lasztjuk ki, garant\u00e1lva, hogy \u00d6n megkapja a <strong>eldobhat\u00f3 vape<\/strong> a lehet\u0151 leggyorsabban.<\/p>\n<h5>Mennyi ideig tart \u00e1ltal\u00e1ban a sz\u00e1ll\u00edt\u00e1s?<\/h5>\n<p>A norm\u00e1l sz\u00e1ll\u00edt\u00e1s \u00e1ltal\u00e1ban 7-15 munkanapot vesz ig\u00e9nybe. \u00dcnnepek vagy kedvez\u0151tlen id\u0151j\u00e1r\u00e1si k\u00f6r\u00fclm\u00e9nyek eset\u00e9n azonban ak\u00e1r 20 munkanapot is enged\u00e9lyezhet.<\/p>\n<h5>Tal\u00e1lkozom majd v\u00e1m\u00fcgyi probl\u00e9m\u00e1kkal?<\/h5>\n<p>Minden v\u00e1mkezel\u00e9si elj\u00e1r\u00e1st mi v\u00e9gz\u00fcnk, \u00edgy biztos\u00edtva a probl\u00e9mamentes \u00e9lm\u00e9nyt. \u00d6nnek nem kell tov\u00e1bbi ad\u00f3kat vagy d\u00edjakat fizetnie. Garant\u00e1ljuk az 100% v\u00e1mkezel\u00e9st minden term\u00e9k\u00fcnkre.<\/p>\n<h5>Mennyire pontos a LED-k\u00e9perny\u0151n megjelen\u0151 puffan\u00e1ssz\u00e1m \u00e9s az akkumul\u00e1tor \u00e9lettartama?<\/h5>\n<p>A LED-es digit\u00e1lis kijelz\u0151 val\u00f3s idej\u0171, pontos adatokat szolg\u00e1ltat mind a puffok sz\u00e1m\u00e1r\u00f3l, mind az akkumul\u00e1tor \u00e9lettartam\u00e1r\u00f3l. Ez lehet\u0151v\u00e9 teszi, hogy pontosan nyomon k\u00f6vesse a haszn\u00e1latot \u00e9s az akkumul\u00e1tor \u00e1llapot\u00e1t, \u00edgy soha nem \u00e9rheti meglepet\u00e9s. B\u00edzhat a kijelz\u0151 pontoss\u00e1g\u00e1ban a k\u00f6vetkezetes p\u00e1rologtat\u00e1si \u00e9lm\u00e9ny \u00e9rdek\u00e9ben.<\/p>\n<h5>Megb\u00edzhatok ebben a v\u00e1s\u00e1rl\u00e1sban?<\/h5>\n<p>T\u00e1mogatjuk a PayPal-fizet\u00e9st, \u00e9s a biztons\u00e1gos tranzakci\u00f3khoz v\u00e1s\u00e1rl\u00f3i v\u00e9delmet k\u00edn\u00e1lunk. \u00d6n is ellen\u0151rizheti hiteless\u00e9g\u00fcnket, ha ellen\u0151rzi a v\u00e1s\u00e1rl\u00f3i v\u00e9lem\u00e9nyeket az al\u00e1bbi weboldalon <a href=\"https:\/\/www.trustpilot.com\/review\/volovape.com?utm_medium=trustbox&amp;utm_source=TrustBoxReviewCollector\">TrustPilot<\/a>.<\/p>","protected":false},"excerpt":{"rendered":"<p>\u00c9lvezze a hosszan tart\u00f3, \u00edzgazdag p\u00e1rologtat\u00e1st a Bang Vape 20000 Puffs-szal. LED kijelz\u0151, 0,8\u03a9-os h\u00e1l\u00f3s tekercs, 25ml, \u00fajrat\u00f6lthet\u0151. T\u00f6k\u00e9letes szem\u00e9lyes vagy nagykereskedelmi haszn\u00e1latra, k\u00fcl\u00f6nb\u00f6z\u0151 nikotin er\u0151ss\u00e9gekkel.<\/p>","protected":false},"featured_media":579,"comment_status":"open","ping_status":"closed","template":"","meta":[],"product_brand":[],"product_cat":[61,42,21,18,39,20,23,24,22,25,26,27,28,29,30,31,32,33,34,35,44,36,40],"product_tag":[],"class_list":{"0":"post-416","1":"product","2":"type-product","3":"status-publish","4":"has-post-thumbnail","6":"product_cat-bang","7":"product_cat-20000-puffs-disposable-vape","8":"product_cat-big-puffs-vapes","9":"product_cat-different-puffs-of-disposable-vapes","10":"product_cat-digital-box-vapes","11":"product_cat-disposable-vape-types","12":"product_cat-disposable-vapes-in-austria","13":"product_cat-disposable-vapes-in-belgium","14":"product_cat-disposable-vapes-in-europe","15":"product_cat-disposable-vapes-in-france","16":"product_cat-disposable-vapes-in-germany","17":"product_cat-disposable-vapes-in-hungary","18":"product_cat-disposable-vapes-in-ltaly","19":"product_cat-disposable-vapes-in-netherlands","20":"product_cat-disposable-vapes-in-norway","21":"product_cat-disposable-vapes-in-poland","22":"product_cat-disposable-vapes-in-portugal","23":"product_cat-disposable-vapes-in-spain","24":"product_cat-disposable-vapes-in-sweden","25":"product_cat-disposable-vapes-in-switzerland","26":"product_cat-dual-mesh-vapes","27":"product_cat-rechargeable-vapes","28":"product_cat-smart-screen-vapes","30":"first","31":"instock","32":"shipping-taxable","33":"purchasable","34":"product-type-variable","35":"has-default-attributes"},"jetpack_sharing_enabled":true,"tiered_pricing_type":"fixed","tiered_pricing_fixed_rules":{"30":6.36000000000000031974423109204508364200592041015625,"50":6.04999999999999982236431605997495353221893310546875,"100":5.30999999999999960920149533194489777088165283203125,"200":5.05999999999999960920149533194489777088165283203125,"400":4.5099999999999997868371792719699442386627197265625},"tiered_pricing_product_settings":{"layout":"default","base_unit_name":{"singular":null,"plural":null},"default_variation":null},"tiered_pricing_minimum_quantity":10,"tiered_pricing_roles_data":[],"tiered_pricing_percentage_rules":[],"tiered_pricing_maximum_quantity":null,"tiered_pricing_quantity_step":"10","_links":{"self":[{"href":"https:\/\/volovape.com\/hu\/wp-json\/wp\/v2\/product\/416","targetHints":{"allow":["GET"]}}],"collection":[{"href":"https:\/\/volovape.com\/hu\/wp-json\/wp\/v2\/product"}],"about":[{"href":"https:\/\/volovape.com\/hu\/wp-json\/wp\/v2\/types\/product"}],"replies":[{"embeddable":true,"href":"https:\/\/volovape.com\/hu\/wp-json\/wp\/v2\/comments?post=416"}],"wp:featuredmedia":[{"embeddable":true,"href":"https:\/\/volovape.com\/hu\/wp-json\/wp\/v2\/media\/579"}],"wp:attachment":[{"href":"https:\/\/volovape.com\/hu\/wp-json\/wp\/v2\/media?parent=416"}],"wp:term":[{"taxonomy":"product_brand","embeddable":true,"href":"https:\/\/volovape.com\/hu\/wp-json\/wp\/v2\/product_brand?post=416"},{"taxonomy":"product_cat","embeddable":true,"href":"https:\/\/volovape.com\/hu\/wp-json\/wp\/v2\/product_cat?post=416"},{"taxonomy":"product_tag","embeddable":true,"href":"https:\/\/volovape.com\/hu\/wp-json\/wp\/v2\/product_tag?post=416"}],"curies":[{"name":"wp","href":"https:\/\/api.w.org\/{rel}","templated":true}]}}