{"id":415,"date":"2024-11-21T03:29:43","date_gmt":"2024-11-21T03:29:43","guid":{"rendered":"https:\/\/volovape.com\/?post_type=product&#038;p=415"},"modified":"2025-08-06T07:56:39","modified_gmt":"2025-08-06T07:56:39","slug":"poco-pt-12000-puff","status":"publish","type":"product","link":"https:\/\/volovape.com\/hu\/product\/poco-pt-12000-puffs\/","title":{"rendered":"POCO PT 12000 Puffs Eldobhat\u00f3 Vape - \u00c1ll\u00edthat\u00f3 l\u00e9g\u00e1raml\u00e1s, \u00fajrat\u00f6lthet\u0151"},"content":{"rendered":"<p><strong>POCO PT 12000 eldobhat\u00f3 vape: Szem\u00e9lyre szabott vaping \u00e1ll\u00edthat\u00f3 l\u00e9g\u00e1raml\u00e1ssal.<\/strong><\/p>\n<p>Emelje a p\u00e1rologtat\u00e1si \u00e9lm\u00e9ny\u00e9t a <strong>POCO PT 12000<\/strong>, amely ak\u00e1r <strong>12,000 puff<\/strong> \u00e9s egy jelent\u0151s <strong>22 ml e-liquid \u0171rtartalom<\/strong>. Ez a k\u00e9sz\u00fcl\u00e9k egy <strong>650mAh \u00fajrat\u00f6lthet\u0151 akkumul\u00e1tor<\/strong> -vel <strong>C-t\u00edpus\u00fa t\u00f6lt\u00e9s<\/strong> az egyenletes teljes\u00edtm\u00e9ny \u00e9rdek\u00e9ben. Szabja testre a vape-j\u00e9t a <strong>\u00e1ll\u00edthat\u00f3 l\u00e9g\u00e1raml\u00e1s<\/strong>, az MTL \u00e9s DTL st\u00edlusok k\u00f6z\u00f6tti v\u00e1lt\u00e1s az optim\u00e1lis kiel\u00e9g\u00edt\u00e9s \u00e9rdek\u00e9ben. \u00c9lvezze a hat\u00e1sos <strong>5% nikotin er\u0151ss\u00e9g<\/strong> a  oldalon kereszt\u00fcl <strong>10 egyedi \u00edz<\/strong>. Ide\u00e1lis azok sz\u00e1m\u00e1ra, akik egy testreszabhat\u00f3, hossz\u00fa \u00e9lettartam\u00fa \u00e9s k\u00e9nyelmes <strong>eldobhat\u00f3 vape<\/strong>, el\u00e9rhet\u0151 a <strong>t\u00f6meges megrendel\u00e9sek<\/strong> \u00e9s <strong>nagykereskedelem<\/strong>.<\/p>\n<h3><strong>POCO PT 12000 Jellemz\u0151k:<\/strong><\/h3>\n<ul>\n<li>Puff: Ak\u00e1r 12,000<\/li>\n<li>E-folyad\u00e9k kapacit\u00e1s: 22ml<\/li>\n<li>Akkumul\u00e1tor: 650mAh (\u00fajrat\u00f6lthet\u0151)<\/li>\n<li>T\u00f6lt\u00e9s: C-t\u00edpus\u00fa<\/li>\n<li>L\u00e9g\u00e1raml\u00e1s: .<\/li>\n<li>Nikotin er\u0151ss\u00e9ge: 5%<\/li>\n<li>10 \u00edzv\u00e1laszt\u00e9k<\/li>\n<li>Eldobhat\u00f3 eszk\u00f6z<\/li>\n<\/ul>\n<h4>GYIK<\/h4>\n<h5>Hogyan jav\u00edtja az \u00e1ll\u00edthat\u00f3 l\u00e9g\u00e1raml\u00e1s a g\u0151z\u00f6l\u00e9si \u00e9lm\u00e9nyemet?<\/h5>\n<p>Az \u00e1ll\u00edthat\u00f3 l\u00e9g\u00e1raml\u00e1si funkci\u00f3 lehet\u0151v\u00e9 teszi, hogy testre szabja a h\u00faz\u00e1st, sokoldal\u00fas\u00e1got biztos\u00edtva mind az MTL (sz\u00e1jb\u00f3l a t\u00fcd\u0151be), mind a DTL (k\u00f6zvetlen\u00fcl a t\u00fcd\u0151be) vaping st\u00edlusokhoz. Ez azt jelenti, hogy finomhangolhatja a l\u00e9g\u00e1raml\u00e1st, hogy el\u00e9rje az \u00edz intenzit\u00e1s\u00e1nak \u00e9s a g\u0151ztermel\u00e9snek az \u00d6n \u00e1ltal prefer\u00e1lt egyens\u00faly\u00e1t, n\u00f6velve az \u00e1ltal\u00e1nos el\u00e9gedetts\u00e9get.<\/p>\n<h5>Milyen sz\u00e1ll\u00edt\u00e1si m\u00f3dokat haszn\u00e1lnak?<\/h5>\n<p>Egy\u00fcttm\u0171k\u00f6d\u00fcnk a UPS\/DHL\/FEDEX\/DPD-vel, stb. A sz\u00e1ll\u00edt\u00e1si orsz\u00e1gt\u00f3l f\u00fcgg\u0151en kiv\u00e1lasztjuk a megfelel\u0151 sz\u00e1ll\u00edt\u00e1si lehet\u0151s\u00e9get, hogy a lehet\u0151 leggyorsabban megkapja a term\u00e9keket.<\/p>\n<h5>Mennyi id\u0151 alatt \u00e9rkezik meg?<\/h5>\n<p>Ez \u00e1ltal\u00e1ban 7-15 munkanapot vesz ig\u00e9nybe, munkasz\u00fcneti napokon vagy rossz id\u0151j\u00e1r\u00e1si k\u00f6r\u00fclm\u00e9nyek k\u00f6z\u00f6tt ak\u00e1r 20 munkanapot is ig\u00e9nybe vehet.<\/p>\n<h5>\u00c1tmehet a v\u00e1mon, \u00e9s okozhat-e ez nekem b\u00e1rmilyen probl\u00e9m\u00e1t?<\/h5>\n<p>Garant\u00e1ljuk, hogy nem lesz semmi gondja, mivel mi gondoskodunk a v\u00e1mkezel\u00e9sr\u0151l, \u00e9s nem lesznek ad\u00f3k vagy d\u00edjak. Garant\u00e1ljuk, hogy 100% term\u00e9keink v\u00e1mkezel\u00e9sre ker\u00fclnek.<\/p>\n<h5>Megb\u00edzhatok benne?<\/h5>\n<p>T\u00e1mogatjuk a PayPal fizet\u00e9si \u00e9s v\u00e1s\u00e1rl\u00f3v\u00e9delmi szolg\u00e1ltat\u00e1st. \u00d6n is ellen\u0151rizze a v\u00e9lem\u00e9ny\u00fcnket a <a href=\"https:\/\/www.trustpilot.com\/review\/volovape.com?utm_medium=trustbox&amp;utm_source=TrustBoxReviewCollector\">TrustPilot<\/a>.<\/p>","protected":false},"excerpt":{"rendered":"<p>Szem\u00e9lyre szabhatja a vape-j\u00e9t a POCO PT 12000 Puffs seg\u00edts\u00e9g\u00e9vel. \u00c1ll\u00edthat\u00f3 l\u00e9g\u00e1raml\u00e1s, 22ml, \u00fajrat\u00f6lthet\u0151, 5% nikotin. Gyors EU-s sz\u00e1ll\u00edt\u00e1s! Ide\u00e1lis szem\u00e9lyes vagy nagykereskedelmi ig\u00e9nyekhez.<\/p>","protected":false},"featured_media":567,"comment_status":"open","ping_status":"closed","template":"","meta":[],"product_brand":[],"product_cat":[36,38,21,18,20,23,24,22,25,26,27,28,29,30,31,32,33,34,35,58],"product_tag":[],"class_list":{"0":"post-415","1":"product","2":"type-product","3":"status-publish","4":"has-post-thumbnail","6":"product_cat-rechargeable-vapes","7":"product_cat-12000-puffs-disposable-vape","8":"product_cat-big-puffs-vapes","9":"product_cat-different-puffs-of-disposable-vapes","10":"product_cat-disposable-vape-types","11":"product_cat-disposable-vapes-in-austria","12":"product_cat-disposable-vapes-in-belgium","13":"product_cat-disposable-vapes-in-europe","14":"product_cat-disposable-vapes-in-france","15":"product_cat-disposable-vapes-in-germany","16":"product_cat-disposable-vapes-in-hungary","17":"product_cat-disposable-vapes-in-ltaly","18":"product_cat-disposable-vapes-in-netherlands","19":"product_cat-disposable-vapes-in-norway","20":"product_cat-disposable-vapes-in-poland","21":"product_cat-disposable-vapes-in-portugal","22":"product_cat-disposable-vapes-in-spain","23":"product_cat-disposable-vapes-in-sweden","24":"product_cat-disposable-vapes-in-switzerland","25":"product_cat-poco","27":"first","28":"instock","29":"shipping-taxable","30":"purchasable","31":"product-type-variable","32":"has-default-attributes"},"jetpack_sharing_enabled":true,"tiered_pricing_type":"fixed","tiered_pricing_fixed_rules":{"2000":6.69000000000000039079850466805510222911834716796875},"tiered_pricing_product_settings":{"layout":"default","base_unit_name":{"singular":null,"plural":null},"default_variation":null},"tiered_pricing_minimum_quantity":1000,"tiered_pricing_roles_data":[],"tiered_pricing_percentage_rules":[],"tiered_pricing_maximum_quantity":null,"tiered_pricing_quantity_step":"10","_links":{"self":[{"href":"https:\/\/volovape.com\/hu\/wp-json\/wp\/v2\/product\/415","targetHints":{"allow":["GET"]}}],"collection":[{"href":"https:\/\/volovape.com\/hu\/wp-json\/wp\/v2\/product"}],"about":[{"href":"https:\/\/volovape.com\/hu\/wp-json\/wp\/v2\/types\/product"}],"replies":[{"embeddable":true,"href":"https:\/\/volovape.com\/hu\/wp-json\/wp\/v2\/comments?post=415"}],"wp:featuredmedia":[{"embeddable":true,"href":"https:\/\/volovape.com\/hu\/wp-json\/wp\/v2\/media\/567"}],"wp:attachment":[{"href":"https:\/\/volovape.com\/hu\/wp-json\/wp\/v2\/media?parent=415"}],"wp:term":[{"taxonomy":"product_brand","embeddable":true,"href":"https:\/\/volovape.com\/hu\/wp-json\/wp\/v2\/product_brand?post=415"},{"taxonomy":"product_cat","embeddable":true,"href":"https:\/\/volovape.com\/hu\/wp-json\/wp\/v2\/product_cat?post=415"},{"taxonomy":"product_tag","embeddable":true,"href":"https:\/\/volovape.com\/hu\/wp-json\/wp\/v2\/product_tag?post=415"}],"curies":[{"name":"wp","href":"https:\/\/api.w.org\/{rel}","templated":true}]}}