{"id":414,"date":"2024-11-21T03:29:42","date_gmt":"2024-11-21T03:29:42","guid":{"rendered":"https:\/\/volovape.com\/?post_type=product&#038;p=414"},"modified":"2025-07-07T03:41:56","modified_gmt":"2025-07-07T03:41:56","slug":"elf-box-kristalyrud-600-puff","status":"publish","type":"product","link":"https:\/\/volovape.com\/hu\/product\/elf-box-crystal-bar-600-puffs\/","title":{"rendered":"ELF BOX CRYSTAL BAR 600 Puffs Eldobhat\u00f3 Vape - Kompakt \u00e9s \u00fajrat\u00f6lthet\u0151"},"content":{"rendered":"<p><iframe title=\"VideoPress Video Player\" aria-label='VideoPress Video Player' width='421' height='750' src='https:\/\/videopress.com\/embed\/J12z3YdL?hd=0&amp;cover=1' frameborder='0' allowfullscreen allow='clipboard-write'><\/iframe><script src='https:\/\/v0.wordpress.com\/js\/next\/videopress-iframe.js?m=1739540970'><\/script><\/p>\n<h2>ELF BOX CRYSTAL BAR 600 puff: St\u00edlusos, \u00fajrat\u00f6lthet\u0151 \u00e9s kompakt vape.<\/h2>\n<p>Fedezze fel a <strong>MAN\u00d3 DOBOZ KRIST\u00c1LY B\u00c1R 600<\/strong>, egy karcs\u00fa \u00e9s hordozhat\u00f3 <strong>\u00fajrat\u00f6lthet\u0151 eldobhat\u00f3 vape<\/strong> a st\u00edlus \u00e9s a k\u00e9nyelem jegy\u00e9ben tervezt\u00e9k. Ak\u00e1r <strong>600 puff<\/strong> a <strong>2ml e-liquid kapacit\u00e1s<\/strong> \u00e9s a <strong>500mAh \u00fajrat\u00f6lthet\u0151 akkumul\u00e1tor<\/strong>, ez a k\u00e9sz\u00fcl\u00e9k kiel\u00e9g\u00edt\u0151 g\u0151z\u00f6l\u00e9si \u00e9lm\u00e9nyt biztos\u00edt. Az eleg\u00e1ns <strong>krist\u00e1ly design<\/strong> \u00e9s <strong>1.6\u03a9 ellen\u00e1ll\u00e1s<\/strong> sima, \u00edzletes g\u0151zt biztos\u00edtanak kompakt form\u00e1ban. V\u00e1lasszon a k\u00f6vetkez\u0151k k\u00f6z\u00fcl <strong>0%, 2%, vagy 5% nikotin er\u0151ss\u00e9g\u0171ek.<\/strong> \u00e9s \u00e9lvezze <strong>13 kellemes \u00edz<\/strong>. Ide\u00e1lis az \u00fatk\u00f6zbeni p\u00e1rologtat\u00e1shoz, \u00e9s t\u00f6k\u00e9letes azok sz\u00e1m\u00e1ra, akik st\u00edlusos, probl\u00e9mamentes <strong>eldobhat\u00f3 vape<\/strong>, el\u00e9rhet\u0151 a <strong>t\u00f6meges rendel\u00e9s<\/strong> \u00e9s <strong>nagykereskedelem<\/strong>.<\/p>\n<h3><strong>ELF BOX CRYSTAL BAR 600 Jellemz\u0151k:<\/strong><\/h3>\n<ul>\n<li>Puff: Ak\u00e1r 600<\/li>\n<li>E-folyad\u00e9k Kapacit\u00e1s: 2ml<\/li>\n<li>Akkumul\u00e1tor: 500mAh (\u00fajrat\u00f6lthet\u0151)<\/li>\n<li>T\u00f6lt\u00e9s: C-t\u00edpus\u00fa<\/li>\n<li>Ellen\u00e1ll\u00e1s: 1.6\u03a9<\/li>\n<li>Nikotin Er\u0151ss\u00e9gek: 0%, 2%, 5%<\/li>\n<li>13 \u00edzv\u00e1laszt\u00e9k<\/li>\n<li>Krist\u00e1ly design<\/li>\n<li>Eldobhat\u00f3 eszk\u00f6z<\/li>\n<\/ul>\n<h4>GYIK<\/h4>\n<h5>Milyen el\u0151ny\u00f6kkel j\u00e1r az \u00fajrat\u00f6lthet\u0151 funkci\u00f3 a felhaszn\u00e1l\u00f3k sz\u00e1m\u00e1ra?<\/h5>\n<p>Az \u00fajrat\u00f6lthet\u0151 500mAh akkumul\u00e1tor lehet\u0151v\u00e9 teszi a felhaszn\u00e1l\u00f3k sz\u00e1m\u00e1ra, hogy maximaliz\u00e1lj\u00e1k az el\u0151re t\u00f6lt\u00f6tt e-folyad\u00e9k haszn\u00e1lat\u00e1t, \u00edgy biztos\u00edtva, hogy minden slukkot \u00e9lvezhessen an\u00e9lk\u00fcl, hogy agg\u00f3dnia kellene az akkumul\u00e1tor id\u0151 el\u0151tti lemer\u00fcl\u00e9se miatt. Ez a funkci\u00f3 meghosszabb\u00edtja a k\u00e9sz\u00fcl\u00e9k \u00e9lettartam\u00e1t, \u00e9s egyenletes energi\u00e1t biztos\u00edt a megb\u00edzhat\u00f3 p\u00e1rologtat\u00e1si \u00e9lm\u00e9ny \u00e9rdek\u00e9ben.<\/p>\n<h5>Milyen sz\u00e1ll\u00edt\u00e1si m\u00f3dokat haszn\u00e1lnak?<\/h5>\n<p>Egy\u00fcttm\u0171k\u00f6d\u00fcnk a UPS\/DHL\/FEDEX\/DPD-vel, stb. A sz\u00e1ll\u00edt\u00e1si orsz\u00e1gt\u00f3l f\u00fcgg\u0151en kiv\u00e1lasztjuk a megfelel\u0151 sz\u00e1ll\u00edt\u00e1si lehet\u0151s\u00e9get, hogy a lehet\u0151 leggyorsabban megkapja a term\u00e9keket.<\/p>\n<h5>Mennyi id\u0151 alatt \u00e9rkezik meg?<\/h5>\n<p>Ez \u00e1ltal\u00e1ban 7-15 munkanapot vesz ig\u00e9nybe, munkasz\u00fcneti napokon vagy rossz id\u0151j\u00e1r\u00e1si k\u00f6r\u00fclm\u00e9nyek k\u00f6z\u00f6tt ak\u00e1r 20 munkanapot is ig\u00e9nybe vehet.<\/p>\n<h5>\u00c1tmehet a v\u00e1mon, \u00e9s okozhat-e ez nekem b\u00e1rmilyen probl\u00e9m\u00e1t?<\/h5>\n<p>Garant\u00e1ljuk, hogy nem lesz semmi gondja, mivel mi gondoskodunk a v\u00e1mkezel\u00e9sr\u0151l, \u00e9s nem lesznek ad\u00f3k vagy d\u00edjak. Garant\u00e1ljuk, hogy 100% term\u00e9keink v\u00e1mkezel\u00e9sre ker\u00fclnek.<\/p>\n<h5>Megb\u00edzhatok benne?<\/h5>\n<p>T\u00e1mogatjuk a PayPal fizet\u00e9si \u00e9s v\u00e1s\u00e1rl\u00f3v\u00e9delmi szolg\u00e1ltat\u00e1st. \u00d6n is ellen\u0151rizze a v\u00e9lem\u00e9ny\u00fcnket a <a href=\"https:\/\/www.trustpilot.com\/review\/volovape.com?utm_medium=trustbox&amp;utm_source=TrustBoxReviewCollector\">TrustPilot<\/a>.<\/p>","protected":false},"excerpt":{"rendered":"<p>Tapasztalja meg az ELF BOX CRYSTAL BAR 600 Puff st\u00edlusos, hordozhat\u00f3 p\u00e1rologtat\u00e1s\u00e1t. \u00dajrat\u00f6lthet\u0151, krist\u00e1lyos kialak\u00edt\u00e1s, 2ml, 1,6\u03a9 ellen\u00e1ll\u00e1s. T\u00f6k\u00e9letes szem\u00e9lyes haszn\u00e1latra vagy nagykereskedelemre, v\u00e1ltozatos nikotinnal.<\/p>","protected":false},"featured_media":556,"comment_status":"open","ping_status":"closed","template":"","meta":[],"product_brand":[],"product_cat":[54,59,43,18,20,23,24,22,25,26,27,28,29,30,31,32,33,34,35,60],"product_tag":[],"class_list":{"0":"post-414","1":"product","2":"type-product","3":"status-publish","4":"has-post-thumbnail","6":"product_cat-elf-box","7":"product_cat-800-puffs-disposable-vape","8":"product_cat-crystal-vapes","9":"product_cat-different-puffs-of-disposable-vapes","10":"product_cat-disposable-vape-types","11":"product_cat-disposable-vapes-in-austria","12":"product_cat-disposable-vapes-in-belgium","13":"product_cat-disposable-vapes-in-europe","14":"product_cat-disposable-vapes-in-france","15":"product_cat-disposable-vapes-in-germany","16":"product_cat-disposable-vapes-in-hungary","17":"product_cat-disposable-vapes-in-ltaly","18":"product_cat-disposable-vapes-in-netherlands","19":"product_cat-disposable-vapes-in-norway","20":"product_cat-disposable-vapes-in-poland","21":"product_cat-disposable-vapes-in-portugal","22":"product_cat-disposable-vapes-in-spain","23":"product_cat-disposable-vapes-in-sweden","24":"product_cat-disposable-vapes-in-switzerland","25":"product_cat-mini-puffs-vapes","27":"first","28":"instock","29":"featured","30":"shipping-taxable","31":"purchasable","32":"product-type-variable","33":"has-default-attributes"},"jetpack_sharing_enabled":true,"tiered_pricing_type":"fixed","tiered_pricing_fixed_rules":{"2000":3.100000000000000088817841970012523233890533447265625},"tiered_pricing_product_settings":{"layout":"default","base_unit_name":{"singular":null,"plural":null},"default_variation":null},"tiered_pricing_minimum_quantity":1000,"tiered_pricing_roles_data":[],"tiered_pricing_percentage_rules":[],"tiered_pricing_maximum_quantity":null,"tiered_pricing_quantity_step":"10","_links":{"self":[{"href":"https:\/\/volovape.com\/hu\/wp-json\/wp\/v2\/product\/414","targetHints":{"allow":["GET"]}}],"collection":[{"href":"https:\/\/volovape.com\/hu\/wp-json\/wp\/v2\/product"}],"about":[{"href":"https:\/\/volovape.com\/hu\/wp-json\/wp\/v2\/types\/product"}],"replies":[{"embeddable":true,"href":"https:\/\/volovape.com\/hu\/wp-json\/wp\/v2\/comments?post=414"}],"wp:featuredmedia":[{"embeddable":true,"href":"https:\/\/volovape.com\/hu\/wp-json\/wp\/v2\/media\/556"}],"wp:attachment":[{"href":"https:\/\/volovape.com\/hu\/wp-json\/wp\/v2\/media?parent=414"}],"wp:term":[{"taxonomy":"product_brand","embeddable":true,"href":"https:\/\/volovape.com\/hu\/wp-json\/wp\/v2\/product_brand?post=414"},{"taxonomy":"product_cat","embeddable":true,"href":"https:\/\/volovape.com\/hu\/wp-json\/wp\/v2\/product_cat?post=414"},{"taxonomy":"product_tag","embeddable":true,"href":"https:\/\/volovape.com\/hu\/wp-json\/wp\/v2\/product_tag?post=414"}],"curies":[{"name":"wp","href":"https:\/\/api.w.org\/{rel}","templated":true}]}}