{"id":410,"date":"2024-11-21T03:29:42","date_gmt":"2024-11-21T03:29:42","guid":{"rendered":"https:\/\/volovape.com\/?post_type=product&#038;p=410"},"modified":"2025-07-07T03:41:06","modified_gmt":"2025-07-07T03:41:06","slug":"mrvi-bar-8000-fujas","status":"publish","type":"product","link":"https:\/\/volovape.com\/hu\/product\/mrvi-bar-8000-puffs\/","title":{"rendered":"MRVI Bar 8000 Puffs Eldobhat\u00f3 Vape - Kompakt, \u00fajrat\u00f6lthet\u0151, h\u00e1l\u00f3s tekercs"},"content":{"rendered":"<p><strong>MRVI Bar 8000 Puffs Eldobhat\u00f3 Vape<\/strong> - Kompakt, er\u0151teljes \u00e9s \u00edzletes vapingol\u00e1s h\u00e1l\u00f3s tekercs precizit\u00e1ssal.<\/p>\n<p>A <strong>MRVI Bar 8000<\/strong> Az eldobhat\u00f3 vape a hordozhat\u00f3s\u00e1g \u00e9s a teljes\u00edtm\u00e9ny t\u00f6k\u00e9letes kever\u00e9k\u00e9t k\u00edn\u00e1lja, \u00e9s ak\u00e1r <strong>8,000 puff<\/strong> a <strong>15ml e-folyad\u00e9k tart\u00e1ly<\/strong>. Powered by a <strong>650mAh \u00fajrat\u00f6lthet\u0151 akkumul\u00e1tor<\/strong> \u00e9s a <strong>C-t\u00edpus\u00fa t\u00f6lt\u00e9s<\/strong>, ez a k\u00e9sz\u00fcl\u00e9k biztos\u00edtja a k\u00f6vetkezetes \u00e9s hosszan tart\u00f3 haszn\u00e1latot. A <strong>fejlett h\u00e1l\u00f3s tekercs technol\u00f3gia<\/strong> sima, gazdag \u00e9s \u00edzletes g\u0151zt biztos\u00edt. A <strong>kompakt \u00e9s eleg\u00e1ns kialak\u00edt\u00e1s<\/strong> (92 x 41 x 19mm) ide\u00e1lis az \u00fatk\u00f6zbeni p\u00e1rologtat\u00e1shoz. A <strong>5% nikotin er\u0151ss\u00e9g<\/strong> \u00e9s <strong>10 \u00edzletes \u00edzv\u00e1laszt\u00e9k<\/strong>az MRVI Bar 8000 t\u00f6k\u00e9letes a k\u00f6vetkez\u0151kh\u00f6z <strong>eldobhat\u00f3 vape nagykereskedelem<\/strong>, <strong>t\u00f6meges megrendel\u00e9sek<\/strong>, vagy <strong>szem\u00e9lyes haszn\u00e1lat<\/strong>.<\/p>\n<h3><strong>MRVI Bar 8000 Jellemz\u0151k:<\/strong><\/h3>\n<ul>\n<li>Puff: Puffok: Ak\u00e1r 8,000 puff<\/li>\n<li>E-folyad\u00e9k kapacit\u00e1s: 15mL<\/li>\n<li>Akkumul\u00e1tor: 650mAh (\u00fajrat\u00f6lthet\u0151)<\/li>\n<li>T\u00f6lt\u00e9s: C-t\u00edpus\u00fa<\/li>\n<li>Tekercs: Mesh Coil<\/li>\n<li>Nikotin er\u0151ss\u00e9ge: 5%<\/li>\n<li>M\u00e9retek: m\u00e9ret: 92 x 41 x 19mm<\/li>\n<li>\u00cdzek: 10 egyed\u00fcl\u00e1ll\u00f3 lehet\u0151s\u00e9g<\/li>\n<li>Eldobhat\u00f3 eszk\u00f6z<\/li>\n<\/ul>\n<h4>GYIK<\/h4>\n<h5>Milyen el\u0151ny\u00f6kkel j\u00e1r a kompakt kialak\u00edt\u00e1s a felhaszn\u00e1l\u00f3k sz\u00e1m\u00e1ra?<\/h5>\n<p>Az MRVI Bar 8000 kompakt \u00e9s eleg\u00e1ns kialak\u00edt\u00e1sa rendk\u00edv\u00fcl hordozhat\u00f3v\u00e1 \u00e9s diszkr\u00e9tt\u00e9 teszi. Kis m\u00e9rete lehet\u0151v\u00e9 teszi a zsebben vagy t\u00e1sk\u00e1ban val\u00f3 k\u00f6nny\u0171 hordoz\u00e1st, \u00edgy ide\u00e1lis az \u00fatk\u00f6zbeni p\u00e1rol\u00e1shoz a teljes\u00edtm\u00e9ny vagy az \u00edz fel\u00e1ldoz\u00e1sa n\u00e9lk\u00fcl.<\/p>\n<h5>Milyen sz\u00e1ll\u00edt\u00e1si m\u00f3dokat haszn\u00e1lnak?<\/h5>\n<p>Megb\u00edzhat\u00f3 sz\u00e1ll\u00edtm\u00e1nyoz\u00f3kkal, p\u00e9ld\u00e1ul a UPS, a DHL, a FedEx \u00e9s a DPD partnerek\u00e9nt biztos\u00edtjuk, hogy megrendel\u00e9s\u00e9t gyorsan \u00e9s biztons\u00e1gosan k\u00e9zbes\u00edts\u00fck. A leghat\u00e9konyabb sz\u00e1ll\u00edt\u00e1si m\u00f3dot az \u00d6n tart\u00f3zkod\u00e1si helye alapj\u00e1n v\u00e1lasztjuk ki a sz\u00e1ll\u00edt\u00e1si sebess\u00e9g \u00e9s megb\u00edzhat\u00f3s\u00e1g optimaliz\u00e1l\u00e1sa \u00e9rdek\u00e9ben.<\/p>\n<h5>Mennyi id\u0151 alatt \u00e9rkezik meg a rendel\u00e9sem?<\/h5>\n<p>A sz\u00e1ll\u00edt\u00e1s \u00e1ltal\u00e1ban 7-15 munkanapot vesz ig\u00e9nybe. K\u00e9rj\u00fck azonban, hogy \u00fcnnepnapokon vagy kedvez\u0151tlen id\u0151j\u00e1r\u00e1si k\u00f6r\u00fclm\u00e9nyek k\u00f6z\u00f6tt ak\u00e1r 20 munkanapot is enged\u00e9lyezzen, ami kisebb k\u00e9sedelmet okozhat a sz\u00e1ll\u00edt\u00e1sban.<\/p>\n<h5>Lesznek-e v\u00e1mprobl\u00e9m\u00e1im vagy tov\u00e1bbi d\u00edjak?<\/h5>\n<p>Minden v\u00e1mkezel\u00e9si elj\u00e1r\u00e1st mi v\u00e9gz\u00fcnk, garant\u00e1lva a z\u00f6kken\u0151mentes \u00e9s probl\u00e9mamentes lebonyol\u00edt\u00e1st. \u00d6nnek nem kell tov\u00e1bbi ad\u00f3kat vagy d\u00edjakat fizetnie. Biztos\u00edtjuk, hogy 100% term\u00e9keinket sikeresen v\u00e1mkezelj\u00fck.<\/p>\n<h5>Biztons\u00e1gos \u00e9s megb\u00edzhat\u00f3 a v\u00e1s\u00e1rl\u00e1s az oldal\u00e1r\u00f3l?<\/h5>\n<p>Igen, biztons\u00e1gos PayPal tranzakci\u00f3kat k\u00edn\u00e1lunk a v\u00e1s\u00e1rl\u00f3 v\u00e9delm\u00e9vel. Megb\u00edzhat\u00f3s\u00e1gunkat ellen\u0151rizheti a v\u00e1s\u00e1rl\u00f3i v\u00e9lem\u00e9nyek ellen\u0151rz\u00e9s\u00e9vel is. <a href=\"https:\/\/www.trustpilot.com\/review\/volovape.com?utm_medium=trustbox&amp;utm_source=TrustBoxReviewCollector\">TrustPilot<\/a>, ahol el\u00e9gedett \u00fcgyfelek besz\u00e1mol\u00f3it tal\u00e1lja.<\/p>","protected":false},"excerpt":{"rendered":"<p>Kapjon kompakt, tart\u00f3s \u00edzt az MRVI Bar 8000 Puffokkal. H\u00e1l\u00f3s tekercs, 15ml, \u00fajrat\u00f6lthet\u0151, 5% nikotin. Ide\u00e1lis szem\u00e9lyes haszn\u00e1latra vagy nagykereskedelemre, k\u00e9nyelmes, \u00edzgazdag p\u00e1rologtat\u00e1st biztos\u00edt.<\/p>","protected":false},"featured_media":512,"comment_status":"open","ping_status":"closed","template":"","meta":[],"product_brand":[],"product_cat":[55,37,21,18,20,23,24,22,25,26,27,28,29,30,31,32,33,34,35,36],"product_tag":[],"class_list":{"0":"post-410","1":"product","2":"type-product","3":"status-publish","4":"has-post-thumbnail","6":"product_cat-mrvi","7":"product_cat-8000-puffs-disposable-vape","8":"product_cat-big-puffs-vapes","9":"product_cat-different-puffs-of-disposable-vapes","10":"product_cat-disposable-vape-types","11":"product_cat-disposable-vapes-in-austria","12":"product_cat-disposable-vapes-in-belgium","13":"product_cat-disposable-vapes-in-europe","14":"product_cat-disposable-vapes-in-france","15":"product_cat-disposable-vapes-in-germany","16":"product_cat-disposable-vapes-in-hungary","17":"product_cat-disposable-vapes-in-ltaly","18":"product_cat-disposable-vapes-in-netherlands","19":"product_cat-disposable-vapes-in-norway","20":"product_cat-disposable-vapes-in-poland","21":"product_cat-disposable-vapes-in-portugal","22":"product_cat-disposable-vapes-in-spain","23":"product_cat-disposable-vapes-in-sweden","24":"product_cat-disposable-vapes-in-switzerland","25":"product_cat-rechargeable-vapes","27":"first","28":"instock","29":"shipping-taxable","30":"purchasable","31":"product-type-variable","32":"has-default-attributes"},"jetpack_sharing_enabled":true,"tiered_pricing_type":"fixed","tiered_pricing_fixed_rules":{"2000":4.9900000000000002131628207280300557613372802734375},"tiered_pricing_product_settings":{"layout":"default","base_unit_name":{"singular":null,"plural":null},"default_variation":null},"tiered_pricing_minimum_quantity":1000,"tiered_pricing_roles_data":[],"tiered_pricing_percentage_rules":[],"tiered_pricing_maximum_quantity":null,"tiered_pricing_quantity_step":"10","_links":{"self":[{"href":"https:\/\/volovape.com\/hu\/wp-json\/wp\/v2\/product\/410","targetHints":{"allow":["GET"]}}],"collection":[{"href":"https:\/\/volovape.com\/hu\/wp-json\/wp\/v2\/product"}],"about":[{"href":"https:\/\/volovape.com\/hu\/wp-json\/wp\/v2\/types\/product"}],"replies":[{"embeddable":true,"href":"https:\/\/volovape.com\/hu\/wp-json\/wp\/v2\/comments?post=410"}],"wp:featuredmedia":[{"embeddable":true,"href":"https:\/\/volovape.com\/hu\/wp-json\/wp\/v2\/media\/512"}],"wp:attachment":[{"href":"https:\/\/volovape.com\/hu\/wp-json\/wp\/v2\/media?parent=410"}],"wp:term":[{"taxonomy":"product_brand","embeddable":true,"href":"https:\/\/volovape.com\/hu\/wp-json\/wp\/v2\/product_brand?post=410"},{"taxonomy":"product_cat","embeddable":true,"href":"https:\/\/volovape.com\/hu\/wp-json\/wp\/v2\/product_cat?post=410"},{"taxonomy":"product_tag","embeddable":true,"href":"https:\/\/volovape.com\/hu\/wp-json\/wp\/v2\/product_tag?post=410"}],"curies":[{"name":"wp","href":"https:\/\/api.w.org\/{rel}","templated":true}]}}