{"id":38915,"date":"2026-03-12T04:06:05","date_gmt":"2026-03-12T04:06:05","guid":{"rendered":"https:\/\/volovape.com\/?post_type=product&#038;p=38915"},"modified":"2026-04-14T02:38:33","modified_gmt":"2026-04-14T02:38:33","slug":"bang-king-triple-100k-3-az-1-ben-100000-puffs-tripla-izu-ujratoltheto-hosszu-elettartamu-eldobhato-vape","status":"publish","type":"product","link":"https:\/\/volovape.com\/hu\/product\/bang-king-triple-100k-3-in-1-100000-puffs-triple-flavor-rechargeable-long-lasting-disposable-vape\/","title":{"rendered":"Bang King Triple 100K | 3 az 1-ben 100000 puff, tripla \u00edz, \u00fajrat\u00f6lthet\u0151, hossz\u00fa \u00e9lettartam\u00fa eldobhat\u00f3 vape"},"content":{"rendered":"<p><strong>Bang King Triple 100000 puff 100000 puff eldobhat\u00f3 vape<\/strong> olyan vaperek sz\u00e1m\u00e1ra k\u00e9sz\u00fclt, akik nagyobb teljes\u00edtm\u00e9nyre, t\u00f6bb \u00edzre \u00e9s t\u00f6bb \u00e9rt\u00e9kre v\u00e1gynak. H\u00e1rom be\u00e9p\u00edtett \u00edztart\u00e1llyal, forg\u00f3 \u00edzv\u00e1laszt\u00f3val \u00e9s rendk\u00edv\u00fcl magas puffsz\u00e1mmal ez a pr\u00e9mium eldobhat\u00f3 k\u00e9sz\u00fcl\u00e9k rugalmas \u00e9s izgalmas p\u00e1rol\u00e1si \u00e9lm\u00e9nyt ny\u00fajt mind a kiskereskedelmi, mind a nagykereskedelmi v\u00e1s\u00e1rl\u00f3k sz\u00e1m\u00e1ra.<\/p>\n<h2>Mi\u00e9rt v\u00e1lassza az Bang King Triple 100K-t?<\/h2>\n<ul>\n<li>\ud83d\udca8 Legfeljebb <strong>100000 puff<\/strong> extra hossz\u00fa haszn\u00e1latra<\/li>\n<li>\ud83c\udfa1 <strong>3 az 1-ben forg\u00f3 \u00edzes\u00edt\u0151 rendszer<\/strong> - b\u00e1rmikor v\u00e1lthat \u00edzeket<\/li>\n<li>\ud83c\udf6c <strong>H\u00e1romszoros h\u00e1l\u00f3s tekercsek<\/strong> a sima g\u0151z\u00e9rt \u00e9s a mer\u00e9sz \u00edz\u00e9rt<\/li>\n<li>\ud83d\udd0b <strong>650mAh \u00fajrat\u00f6lthet\u0151 akkumul\u00e1tor<\/strong> az eg\u00e9sz napos stabil teljes\u00edtm\u00e9ny\u00e9rt<\/li>\n<li>\u26a1 <strong>C t\u00edpus\u00fa gyorst\u00f6lt\u00e9s<\/strong> a gyors \u00e9s egyszer\u0171 felt\u00f6lt\u00e9shez<\/li>\n<li>\ud83e\uddc3 <strong>54ml e-folyad\u00e9k kapacit\u00e1s<\/strong> (3 \u00d7 18 ml-es tart\u00e1ly)<\/li>\n<li>\ud83d\udce6 Ide\u00e1lis <strong>vape shopok, forgalmaz\u00f3k \u00e9s nagykereskedelmi megrendel\u00e9sek<\/strong><\/li>\n<\/ul>\n<h2>Bang King Triple 100K specifik\u00e1ci\u00f3k<\/h2>\n<table>\n<tbody>\n<tr>\n<td>Puff Count<\/td>\n<td>Ak\u00e1r 100000 puffan\u00e1s<\/td>\n<\/tr>\n<tr>\n<td>E-folyad\u00e9k kapacit\u00e1s<\/td>\n<td>54ml (3 \u00d7 18ml)<\/td>\n<\/tr>\n<tr>\n<td>Nikotin Er\u0151<\/td>\n<td>2% \/ 3% \/ 5%<\/td>\n<\/tr>\n<tr>\n<td>Akkumul\u00e1tor kapacit\u00e1sa<\/td>\n<td>650mAh \u00fajrat\u00f6lthet\u0151<\/td>\n<\/tr>\n<tr>\n<td>Tekercs t\u00edpusa<\/td>\n<td>H\u00e1romszoros 1.0\u03a9 h\u00e1l\u00f3s tekercsek<\/td>\n<\/tr>\n<tr>\n<td>T\u00f6lt\u0151 port<\/td>\n<td>C t\u00edpus\u00fa gyorst\u00f6lt\u00e9s<\/td>\n<\/tr>\n<tr>\n<td>\u00cdzes\u00edt\u0151 rendszer<\/td>\n<td>3 az 1-ben forg\u00f3 \u00edzv\u00e1laszt\u00f3<\/td>\n<\/tr>\n<tr>\n<td>\u00cdzv\u00e1laszt\u00e1si lehet\u0151s\u00e9gek<\/td>\n<td>10 H\u00e1romszoros \u00edzkever\u00e9k<\/td>\n<\/tr>\n<tr>\n<td>Csomagol\u00e1s<\/td>\n<td>10 darab kijelz\u0151dobozonk\u00e9nt<\/td>\n<\/tr>\n<\/tbody>\n<\/table>\n<h2>Bang King Triple 100K \u00edzv\u00e1laszt\u00e9kai<\/h2>\n<ul>\n<li>\ud83c\udf49 G\u00f6r\u00f6gdinnye + Red Bull + Strawberry Kiwi - \u00e9des, energikus \u00e9s gy\u00fcm\u00f6lcs\u00f6s<\/li>\n<li>\ud83c\udf4b Lemon Lime + Strawberry Watermelon + Blueberry Ice - friss \u00e9s jeges befejez\u00e9ssel<\/li>\n<li>\ud83c\udf53 Eper ban\u00e1n + m\u00e1lna g\u00f6r\u00f6gdinnye + citromos citrom - kr\u00e9mes \u00e9s fanyar mix<\/li>\n<li>\ud83e\udd6d Eper Kiwi + Savany\u00fa mang\u00f3 anan\u00e1sz + Red Bull - mer\u00e9sz tr\u00f3pusi puncs<\/li>\n<li>\ud83c\udf34 Tr\u00f3pusi gy\u00fcm\u00f6lcs + eper g\u00f6r\u00f6gdinnye + citrom barack - l\u00e1gy \u00e9s l\u00e9d\u00fas kever\u00e9k<\/li>\n<li>\ud83c\udf4d Anan\u00e1szos k\u00f3kusz + Epres ban\u00e1n + Blue Razz - szigeti st\u00edlus\u00fa \u00e9dess\u00e9g<\/li>\n<li>\ud83c\udf52 Eper m\u00e1lna + tripla dinnye + savany\u00fa mang\u00f3 anan\u00e1sz - gazdag gy\u00fcm\u00f6lcsr\u00e9tegek<\/li>\n<li>\ud83c\udf51 M\u00e1lna g\u00f6r\u00f6gdinnye + mang\u00f3 barack + eper kiwi - kiegyens\u00falyozott gy\u00fcm\u00f6lcs\u00f6s mix<\/li>\n<li>\ud83e\udd64 Eper van\u00edli\u00e1s k\u00f3la + \u00e1fonya m\u00e1lna + citromos lime - \u00e9des sz\u00f3da hangulata<\/li>\n<li>\ud83c\udf66 G\u00f6r\u00f6gdinnye + eperfagyi + tripla dinnye - kr\u00e9mes \u00e9s friss\u00edt\u0151<\/li>\n<\/ul>\n<h2>Kinek sz\u00f3l az Bang King Triple 100K?<\/h2>\n<p>Az Bang King Triple 100K eldobhat\u00f3 vape t\u00f6k\u00e9letes a k\u00f6vetkez\u0151kh\u00f6z <strong>nagyfelhaszn\u00e1l\u00f3k<\/strong> akik hossz\u00fa t\u00e1v\u00fa teljes\u00edtm\u00e9nyt szeretn\u00e9nek, <strong>\u00edzl\u00e9stelenek<\/strong> akik szeretik az \u00edzl\u00e9sv\u00e1lt\u00e1st, \u00e9s <strong>vape \u00fczletek<\/strong> pr\u00e9mium kateg\u00f3ri\u00e1s, nagy kereslet\u0171 term\u00e9ket keresnek. Kiv\u00e1l\u00f3 v\u00e1laszt\u00e1s a k\u00f6vetkez\u0151k sz\u00e1m\u00e1ra is <strong>nagykereskedelmi forgalmaz\u00e1s<\/strong> er\u0151s m\u00e1rkajelz\u00e9s\u00e9nek, \u00f6mlesztett csomagol\u00e1s\u00e1nak \u00e9s sz\u00e9les \u00edzvil\u00e1g\u00e1nak k\u00f6sz\u00f6nhet\u0151en.<\/p>\n<h2>Bang King Triple 100K GYIK<\/h2>\n<p><strong>K: V\u00e1ltogathatom az \u00edzeket p\u00e1rol\u00e1s k\u00f6zben?<\/strong><br \/>\nIgen \ud83d\udc4d Egyszer\u0171en forgassa el a sz\u00f3r\u00f3fejet a h\u00e1rom be\u00e9p\u00edtett \u00edz k\u00f6z\u00f6tt val\u00f3 v\u00e1lt\u00e1shoz.<\/p>\n<p><strong>K: \u00dajrat\u00f6lthet\u0151 a k\u00e9sz\u00fcl\u00e9k?<\/strong><br \/>\nIgen \ud83d\udd0b 650mAh-s \u00fajrat\u00f6lthet\u0151 akkumul\u00e1torral \u00e9s C-t\u00edpus\u00fa gyorst\u00f6lt\u00e9ssel rendelkezik.<\/p>\n<p><strong>K: Alkalmas ez kezd\u0151knek?<\/strong><br \/>\nAbszol\u00fat \ud83d\ude0a T\u00f6bbf\u00e9le nikotiner\u0151ss\u00e9ggel, mind az \u00faj, mind a tapasztalt felhaszn\u00e1l\u00f3k \u00e9lvezhetik.<\/p>\n<p><strong>K: J\u00f3 ez a term\u00e9k nagykereskedelmi \u00e9rt\u00e9kes\u00edt\u00e9sre?<\/strong><br \/>\nIgen \ud83d\udce6 Minden bemutat\u00f3 doboz 10 darabot tartalmaz, \u00edgy ide\u00e1lis kiskeresked\u0151k \u00e9s forgalmaz\u00f3k sz\u00e1m\u00e1ra.<\/p>\n<p><strong>Bang King Triple 100000 puff 100000 puff eldobhat\u00f3 vape<\/strong> teljes\u00edtm\u00e9nyt, \u00edzv\u00e1laszt\u00e9kot \u00e9s pr\u00e9mium min\u0151s\u00e9get k\u00edn\u00e1l egy k\u00e9sz\u00fcl\u00e9kben \ud83d\ude80 Okos v\u00e1laszt\u00e1s a modern vaperek \u00e9s a professzion\u00e1lis vape v\u00e1llalkoz\u00e1sok sz\u00e1m\u00e1ra.<\/p>","protected":false},"excerpt":{"rendered":"<p>\u00c9lvezze a massz\u00edv 100000 slukkot az Bang King Triple 100K eldobhat\u00f3 vape-vel \ud83d\udd25 3 az 1-ben forg\u00f3 \u00edzekkel, \u00fajrat\u00f6lthet\u0151 akkumul\u00e1torral \u00e9s gazdag h\u00e1l\u00f3s tekercs \u00edzzel a hosszan tart\u00f3 el\u00e9gedetts\u00e9g\u00e9rt.<\/p>","protected":false},"featured_media":39158,"comment_status":"open","ping_status":"closed","template":"","meta":[],"product_brand":[227],"product_cat":[249,61],"product_tag":[390,391,374,259,379],"class_list":{"0":"post-38915","1":"product","2":"type-product","3":"status-publish","4":"has-post-thumbnail","6":"product_brand-bang","7":"product_cat-100k-puffs-disposable-vape","8":"product_cat-bang","9":"product_tag-100k-puffs-vape","10":"product_tag-bulk-vape-wholesale","11":"product_tag-disposable-vape","12":"product_tag-rechargeable-disposable-vape","13":"product_tag-triple-flavor-disposable-vape","15":"first","16":"instock","17":"shipping-taxable","18":"purchasable","19":"product-type-variable","20":"has-default-attributes"},"jetpack_sharing_enabled":true,"tiered_pricing_type":"fixed","tiered_pricing_fixed_rules":{"30":8.1699999999999999289457264239899814128875732421875,"50":6.61000000000000031974423109204508364200592041015625,"100":6.089999999999999857891452847979962825775146484375,"200":5.70000000000000017763568394002504646778106689453125,"400":5.12000000000000010658141036401502788066864013671875},"tiered_pricing_product_settings":{"layout":"default","base_unit_name":{"singular":null,"plural":null},"default_variation":null},"tiered_pricing_minimum_quantity":10,"tiered_pricing_roles_data":[],"tiered_pricing_percentage_rules":[],"tiered_pricing_maximum_quantity":null,"tiered_pricing_quantity_step":"10","_links":{"self":[{"href":"https:\/\/volovape.com\/hu\/wp-json\/wp\/v2\/product\/38915","targetHints":{"allow":["GET"]}}],"collection":[{"href":"https:\/\/volovape.com\/hu\/wp-json\/wp\/v2\/product"}],"about":[{"href":"https:\/\/volovape.com\/hu\/wp-json\/wp\/v2\/types\/product"}],"replies":[{"embeddable":true,"href":"https:\/\/volovape.com\/hu\/wp-json\/wp\/v2\/comments?post=38915"}],"wp:featuredmedia":[{"embeddable":true,"href":"https:\/\/volovape.com\/hu\/wp-json\/wp\/v2\/media\/39158"}],"wp:attachment":[{"href":"https:\/\/volovape.com\/hu\/wp-json\/wp\/v2\/media?parent=38915"}],"wp:term":[{"taxonomy":"product_brand","embeddable":true,"href":"https:\/\/volovape.com\/hu\/wp-json\/wp\/v2\/product_brand?post=38915"},{"taxonomy":"product_cat","embeddable":true,"href":"https:\/\/volovape.com\/hu\/wp-json\/wp\/v2\/product_cat?post=38915"},{"taxonomy":"product_tag","embeddable":true,"href":"https:\/\/volovape.com\/hu\/wp-json\/wp\/v2\/product_tag?post=38915"}],"curies":[{"name":"wp","href":"https:\/\/api.w.org\/{rel}","templated":true}]}}