{"id":38906,"date":"2026-03-12T04:06:03","date_gmt":"2026-03-12T04:06:03","guid":{"rendered":"https:\/\/volovape.com\/?post_type=product&#038;p=38906"},"modified":"2026-04-14T02:44:42","modified_gmt":"2026-04-14T02:44:42","slug":"bang-leader-85k-3-az-1-ben-tripla-iz-85000-puff-70ml-omlesztett-eldobhato-vape","status":"publish","type":"product","link":"https:\/\/volovape.com\/hu\/product\/bang-leader-85k-3-in-1-triple-flavor-85000-puffs-70ml-bulk-disposable-vape\/","title":{"rendered":"Bang Leader 85K | 3 az 1-ben tripla \u00edz, 85000 puff, 70ml, \u00f6mlesztett eldobhat\u00f3 vape"},"content":{"rendered":"<p>Bemutatjuk a <strong>Bang Leader 85000 puffok<\/strong>, egy j\u00e1t\u00e9kv\u00e1lt\u00f3 eldobhat\u00f3 vape, amelyet azoknak terveztek, akik t\u00f6bbet k\u00f6vetelnek. Ez nem csak egy \u00e1tlagos vape; ez egy nagy kapacit\u00e1s\u00fa er\u0151m\u0171, amely hossz\u00fa \u00e9lettartamra \u00e9s el\u00e9gedetts\u00e9gre \u00e9p\u00fclt. A megd\u00f6bbent\u0151 <strong>70mL e-folyad\u00e9k tart\u00e1ly<\/strong> \u00e9s egy er\u0151s <strong>850mAh \u00fajrat\u00f6lthet\u0151 akkumul\u00e1tor<\/strong>, ez a k\u00e9sz\u00fcl\u00e9k biztos\u00edtja, hogy t\u00f6bb id\u0151t t\u00f6lts\u00f6n a p\u00e1rol\u00e1ssal, \u00e9s kevesebbet agg\u00f3djon a kifogy\u00e1s miatt. \ud83d\udd0b\u2728<\/p>\n<p>A kiemelked\u0151 funkci\u00f3 az innovat\u00edv <strong>3 az 1-ben \u00edzrendszer<\/strong>. Megunta ugyanazt az \u00edzt? Egyszer\u0171en v\u00e1ltson be\u00e1ll\u00edt\u00e1sokat, hogy h\u00e1rom k\u00fcl\u00f6nb\u00f6z\u0151 pr\u00e9mium \u00edzvil\u00e1got \u00e9lvezhessen egyetlen k\u00e9sz\u00fcl\u00e9kben! Tervezett <strong>1,0\u03a9 h\u00e1l\u00f3s tekercs<\/strong>, k\u00f6vetkezetes, sima \u00e9s gazdag g\u0151zt biztos\u00edt az els\u0151 slukkol\u00e1st\u00f3l az utols\u00f3ig. T\u00f6k\u00e9letes <strong>vape shop tulajdonosok<\/strong> akik keresik a legkelend\u0151bb term\u00e9ket vagy az \u00e9rt\u00e9ket keres\u0151 neh\u00e9z g\u0151z\u00f6lg\u0151ket. \ud83c\udfc6\ud83d\udce6<\/p>\n<h3>\ud83c\udf1f Mi\u00e9rt v\u00e1lassza az Bang Leader 85000-et?<\/h3>\n<ul>\n<li><strong>\ud83d\udd04 3 az 1-ben aroma technol\u00f3gia:<\/strong> \u00c9lvezze a h\u00e1rom k\u00fcl\u00f6nb\u00f6z\u0151 \u00edzt egyetlen kompakt k\u00e9sz\u00fcl\u00e9kben. V\u00e1ltson azonnal a hangulat\u00e1nak megfelel\u0151en!<\/li>\n<li><strong>\ud83d\udca7 Massz\u00edv 70ml kapacit\u00e1s:<\/strong> Az egyik legnagyobb kapacit\u00e1s\u00fa a piacon, amely hihetetlen 85 000 puffot t\u00e1mogat.<\/li>\n<li><strong>\u26a1 C t\u00edpus\u00fa \u00fajrat\u00f6lthet\u0151:<\/strong> A Type-C porton kereszt\u00fcl t\u00f6rt\u00e9n\u0151 gyorst\u00f6lt\u00e9s biztos\u00edtja, hogy a 850mAh kapacit\u00e1s\u00fa akkumul\u00e1tor mindig k\u00e9szen \u00e1lljon.<\/li>\n<li><strong>\u2601\ufe0f Fejlett h\u00e1l\u00f3s tekercs:<\/strong> Az 1,0\u03a9 ellen\u00e1ll\u00e1s\u00fa h\u00e1l\u00f3s tekercs garant\u00e1lja a fokozott \u00edz tisztas\u00e1got \u00e9s a s\u0171r\u0171 felh\u0151termel\u00e9st.<\/li>\n<li><strong>\ud83c\udf9a\ufe0f Rugalmas nikotinopci\u00f3k:<\/strong> El\u00e9rhet\u0151 0%, 2%, 3% \u00e9s 5% kivitelben, hogy minden \u00fcgyf\u00e9l ig\u00e9ny\u00e9t kiel\u00e9g\u00edtse.<\/li>\n<\/ul>\n<h3>\ud83d\udcca Bang Leader 85K M\u0171szaki adatok<\/h3>\n<table>\n<thead>\n<tr>\n<th align=\"left\">Funkci\u00f3<\/th>\n<th align=\"left\">R\u00e9szletek<\/th>\n<\/tr>\n<\/thead>\n<tbody>\n<tr>\n<td><strong>Puff Count<\/strong><\/td>\n<td>Ak\u00e1r 85,000 puff<\/td>\n<\/tr>\n<tr>\n<td><strong>E-folyad\u00e9k kapacit\u00e1s<\/strong><\/td>\n<td>70 ml<\/td>\n<\/tr>\n<tr>\n<td><strong>\u00cdzes\u00edt\u0151 rendszer<\/strong><\/td>\n<td>3 az 1-ben h\u00e1romszoros \u00edzv\u00e1lt\u00f3<\/td>\n<\/tr>\n<tr>\n<td><strong>Akkumul\u00e1tor<\/strong><\/td>\n<td>850mAh (\u00fajrat\u00f6lthet\u0151)<\/td>\n<\/tr>\n<tr>\n<td><strong>T\u00f6lt\u00e9s<\/strong><\/td>\n<td>C t\u00edpus\u00fa port<\/td>\n<\/tr>\n<tr>\n<td><strong>Tekercs<\/strong><\/td>\n<td>1,0\u03a9 h\u00e1l\u00f3s tekercs<\/td>\n<\/tr>\n<tr>\n<td><strong>Nikotin Er\u0151<\/strong><\/td>\n<td>0% (0mg), 2% (20mg), 3% (30mg), 5% (50mg)<\/td>\n<\/tr>\n<\/tbody>\n<\/table>\n<h3>\ud83c\udf6d Bang Leader 85K \u00edzkombin\u00e1ci\u00f3 (3 \u00edz k\u00e9sz\u00fcl\u00e9kenk\u00e9nt)<\/h3>\n<p>Minden egyes Bang Leader k\u00e9sz\u00fcl\u00e9ket egy h\u00e1romf\u00e9le \u00ednycsikland\u00f3 \u00edzzel t\u00f6lt\u00f6tt\u00fcnk meg. V\u00e1lassza ki kedvenc kever\u00e9k\u00e9t:<\/p>\n<ul>\n<li>\ud83c\udf4c <strong>1. kever\u00e9k:<\/strong> Ban\u00e1n j\u00e9g \/ Eper g\u00f6r\u00f6gdinnye \/ Medve gumicukor<\/li>\n<li>\ud83d\udc09 <strong>Mix 2:<\/strong> Fekete S\u00e1rk\u00e1ny J\u00e9g \/ M\u00e1lyvacukor \/ Ny\u00e1ri \u00e1lom<\/li>\n<li>\ud83e\uded0 <strong>Mix 3:<\/strong> Blueberry Ice \/ Blue Raz \/ Illatos k\u00f6rte<\/li>\n<li>\ud83c\udf4d <strong>Mix 4:<\/strong> Cseresznye \u00c1fonya \/ Barack Mang\u00f3 \/ Anan\u00e1sz<\/li>\n<li>\ud83e\udd64 <strong>Mix 5:<\/strong> Coke Ice \/ Alma Barack \/ R\u00f3zsasz\u00edn limon\u00e1d\u00e9<\/li>\n<li>\ud83e\udd5d <strong>Mix 6:<\/strong> Sz\u0151l\u0151 j\u00e9g \/ Eper Kiwi \/ Golgotavir\u00e1g Guava<\/li>\n<li>\ud83d\udc9c <strong>Mix 7:<\/strong> Szerelem 666 \/ \u00c1fonya m\u00e1lna \/ Vimto<\/li>\n<li>\ud83c\udf79 <strong>8:<\/strong> Vegyes gy\u00fcm\u00f6lcs \/ Mojito Barack \/ \u00c1fonya M\u00e1lna<\/li>\n<li>\ud83c\udf53 <strong>Mix 9:<\/strong> Anan\u00e1sz j\u00e9g \/ Eper Red Bull \/ Vegyes bogy\u00f3s gy\u00fcm\u00f6lcs\u00f6k<\/li>\n<li>\ud83c\udf4e <strong>Mix 10:<\/strong> Piros alma j\u00e9g \/ M\u00e1lna g\u00f6r\u00f6gdinnye \/ Aloe sz\u0151l\u0151<\/li>\n<li>\ud83c\udf66 <strong>Mix 11:<\/strong> Red Bull \/ \u00e1fonya g\u00f6r\u00f6gdinnye \/ eper fagylalt<\/li>\n<li>\ud83c\udf4a <strong>Mix 12:<\/strong> Eper j\u00e9g \/ Citrom narancs \/ G\u00f6r\u00f6gdinnye r\u00e1g\u00f3gumi<\/li>\n<li>\ud83c\udf4c <strong>Keverj\u00fck \u00f6ssze a 13:<\/strong> Eper m\u00e1lna \/ fekete ribizli \/ eper ban\u00e1n<\/li>\n<li>\ud83c\udf52 <strong>Keverj\u00fck \u00f6ssze a 14:<\/strong> Eper g\u00f6r\u00f6gdinnye \/ csereszny\u00e9s k\u00f3la \/ eperkr\u00e9m<\/li>\n<li>\ud83e\udd6d <strong>Keverj\u00fck \u00f6ssze a 15-\u00f6t:<\/strong> G\u00f6r\u00f6gdinnye j\u00e9g \/ Mang\u00f3 barack \/ Narancs sz\u00f3da<\/li>\n<\/ul>\n<p><strong>Bang Leader 85000 puffok<\/strong> \u00faj m\u00e9rc\u00e9t \u00e1ll\u00edt fel az eldobhat\u00f3 p\u00e1rologtat\u00f3k sz\u00e1m\u00e1ra. T\u00f6k\u00e9letesen alkalmas <strong>nagyfelhaszn\u00e1l\u00f3k<\/strong> akik kompromisszumok n\u00e9lk\u00fcli k\u00e9nyelmet akarnak, \u00e9s <strong>\u00edzl\u00e9stelenek<\/strong> akik szeretik a v\u00e1ltozatoss\u00e1got. A <strong>kiskeresked\u0151k \u00e9s nagykeresked\u0151k<\/strong>, ez a nagy teljes\u00edtm\u00e9ny\u0171, t\u00f6bbf\u00e9le \u00edzzel rendelkez\u0151 k\u00e9sz\u00fcl\u00e9k k\u00f6telez\u0151en rakt\u00e1ron l\u00e9v\u0151 term\u00e9k, amely vonzza a legjobb \u00e9rt\u00e9ket \u00e9s a leg\u00fajabb technol\u00f3gi\u00e1t keres\u0151 v\u00e1s\u00e1rl\u00f3kat. Friss\u00edtse k\u00e9szlet\u00e9t m\u00e9g ma! \ud83d\ude80\ud83d\uded2<\/p>\n<h3>\u2753 Gyakran ism\u00e9telt k\u00e9rd\u00e9sek (GYIK)<\/h3>\n<p><strong>K: Hogyan v\u00e1lthatok \u00edzeket az Bang Leader 85K-n?<\/strong><br \/>\nV: A k\u00e9sz\u00fcl\u00e9k egy egyszer\u0171 kapcsol\u00f3mechanizmussal rendelkezik, amely lehet\u0151v\u00e9 teszi a h\u00e1rom k\u00fcl\u00f6n\u00e1ll\u00f3 folyad\u00e9ktart\u00e1ly k\u00f6z\u00f6tti v\u00e1lt\u00e1st. \ud83d\udd00<\/p>\n<p><strong>K: \u00dajrat\u00f6lthet\u0151 az akkumul\u00e1tor?<\/strong><br \/>\nA: Igen! 850mAh-s akkumul\u00e1torral rendelkezik, amely k\u00f6nnyen felt\u00f6lthet\u0151 egy szabv\u00e1nyos C-t\u00edpus\u00fa t\u00f6lt\u0151k\u00e1bellel. \ud83d\udd0c<\/p>\n<p><strong>K: J\u00f3 ez a term\u00e9k nagykereskedelmi forgalmaz\u00e1sra?<\/strong><br \/>\nA: Term\u00e9szetesen. Az egyed\u00fcl\u00e1ll\u00f3 3 az 1-ben \u00e9rt\u00e9kes\u00edt\u00e9si pont \u00e9s a magas puffsz\u00e1m nagyon vonz\u00f3 term\u00e9kk\u00e9 teszi a B2B v\u00e1s\u00e1rl\u00f3k \u00e9s a vape shopok sz\u00e1m\u00e1ra. \ud83c\udfed<\/p>\n<p><strong>K: Mennyi ideig tart a 85 000 slukk?<\/strong><br \/>\nV: 70 ml folyad\u00e9kkal ez a k\u00e9sz\u00fcl\u00e9k a haszn\u00e1lati szok\u00e1sokt\u00f3l f\u00fcgg\u0151en t\u00f6bb h\u00e9tig is kitart, \u00edgy rendk\u00edv\u00fcl k\u00f6lts\u00e9ghat\u00e9kony. \ud83d\uddd3\ufe0f<\/p>","protected":false},"excerpt":{"rendered":"<p>Massz\u00edv 85,000 puff, 3 az 1-ben \u00edzv\u00e1lt\u00e1s \u00e9s 70mL kapacit\u00e1s! Az Bang Leader 85K a t\u00f6k\u00e9letes, hossz\u00fa \u00e9lettartam\u00fa \u00fajrat\u00f6lthet\u0151 vape a nagykeresked\u0151k \u00e9s az \u00edzek hajszol\u00f3i sz\u00e1m\u00e1ra. \ud83c\udf2c\ufe0f\ud83d\udca8<\/p>","protected":false},"featured_media":39057,"comment_status":"open","ping_status":"closed","template":"","meta":[],"product_brand":[227],"product_cat":[249,231,61],"product_tag":[357,358,359,360,356],"class_list":{"0":"post-38906","1":"product","2":"type-product","3":"status-publish","4":"has-post-thumbnail","6":"product_brand-bang","7":"product_cat-100k-puffs-disposable-vape","8":"product_cat-60000-puffs-disposable-vape","9":"product_cat-bang","10":"product_tag-3-in-1-flavor-vape","11":"product_tag-85000-puffs-disposable","12":"product_tag-bang-leader-85000-puffs","13":"product_tag-bang-vape-wholesale","14":"product_tag-rechargeable-vape","16":"first","17":"instock","18":"shipping-taxable","19":"purchasable","20":"product-type-variable","21":"has-default-attributes"},"jetpack_sharing_enabled":true,"tiered_pricing_type":"fixed","tiered_pricing_fixed_rules":{"30":9.07000000000000028421709430404007434844970703125,"50":7.519999999999999573674358543939888477325439453125,"100":7,"200":6.61000000000000031974423109204508364200592041015625,"400":5.8300000000000000710542735760100185871124267578125},"tiered_pricing_product_settings":{"layout":"default","base_unit_name":{"singular":null,"plural":null},"default_variation":null},"tiered_pricing_minimum_quantity":10,"tiered_pricing_roles_data":[],"tiered_pricing_percentage_rules":[],"tiered_pricing_maximum_quantity":null,"tiered_pricing_quantity_step":"10","_links":{"self":[{"href":"https:\/\/volovape.com\/hu\/wp-json\/wp\/v2\/product\/38906","targetHints":{"allow":["GET"]}}],"collection":[{"href":"https:\/\/volovape.com\/hu\/wp-json\/wp\/v2\/product"}],"about":[{"href":"https:\/\/volovape.com\/hu\/wp-json\/wp\/v2\/types\/product"}],"replies":[{"embeddable":true,"href":"https:\/\/volovape.com\/hu\/wp-json\/wp\/v2\/comments?post=38906"}],"wp:featuredmedia":[{"embeddable":true,"href":"https:\/\/volovape.com\/hu\/wp-json\/wp\/v2\/media\/39057"}],"wp:attachment":[{"href":"https:\/\/volovape.com\/hu\/wp-json\/wp\/v2\/media?parent=38906"}],"wp:term":[{"taxonomy":"product_brand","embeddable":true,"href":"https:\/\/volovape.com\/hu\/wp-json\/wp\/v2\/product_brand?post=38906"},{"taxonomy":"product_cat","embeddable":true,"href":"https:\/\/volovape.com\/hu\/wp-json\/wp\/v2\/product_cat?post=38906"},{"taxonomy":"product_tag","embeddable":true,"href":"https:\/\/volovape.com\/hu\/wp-json\/wp\/v2\/product_tag?post=38906"}],"curies":[{"name":"wp","href":"https:\/\/api.w.org\/{rel}","templated":true}]}}