{"id":38905,"date":"2026-03-12T04:06:03","date_gmt":"2026-03-12T04:06:03","guid":{"rendered":"https:\/\/volovape.com\/?post_type=product&#038;p=38905"},"modified":"2026-04-14T02:44:04","modified_gmt":"2026-04-14T02:44:04","slug":"bang-leader-50k-dual-pod-rendszer-50000-puffs-40ml-nagy-kapacitasu-omlesztett-eldobhato-vape","status":"publish","type":"product","link":"https:\/\/volovape.com\/hu\/product\/bang-leader-50k-dual-pod-system-50000-puffs-40ml-high-capacity-bulk-disposable-vape\/","title":{"rendered":"Bang Leader 50K | dual pod rendszer 50000 puff, 40ml, nagy kapacit\u00e1s\u00fa, \u00f6mlesztett eldobhat\u00f3 vape"},"content":{"rendered":"<p>\ud83c\udf1f <strong>Bang Leader 50000 puffs eldobhat\u00f3 vape<\/strong> egy olyan k\u00e9sz\u00fcl\u00e9k, amelyet azoknak terveztek, akik t\u00f6bbet k\u00f6vetelnek. A szok\u00e1sos eldobhat\u00f3 eszk\u00f6z\u00f6kkel ellent\u00e9tben ez a k\u00e9szlet innovat\u00edv <strong>Kett\u0151s Pod rendszer<\/strong> a kez\u00e9ben egy elk\u00e9peszt\u0151 <strong>40ml e-folyad\u00e9k (20ml + 20ml)<\/strong>. Ak\u00e1r egy kiskereskedelmi vape shop, amely a legforr\u00f3bb \u00faj term\u00e9ket keresi, ak\u00e1r egy vaper, aki belef\u00e1radt a l\u00e9 kifogy\u00e1s\u00e1ba, az Bang Leader p\u00e1ratlan teljes\u00edtm\u00e9nyt ny\u00fajt.<\/p>\n<p>Robusztus 650mAh-s \u00fajrat\u00f6lthet\u0151 akkumul\u00e1torral \u00e9s \u00e1ll\u00edthat\u00f3 nikotiner\u0151ss\u00e9g\u0171 opci\u00f3kkal (0%-t\u0151l 5%-ig) minden ig\u00e9nyt kiel\u00e9g\u00edt. V\u00e1ltson az \u00edzek k\u00f6z\u00f6tt, \u00e9lvezze a hatalmas felh\u0151ket, \u00e9s tapasztalja meg a val\u00f3ban tart\u00f3s eszk\u00f6z k\u00e9nyelm\u00e9t. \ud83d\udd25<\/p>\n<h2>Mi\u00e9rt v\u00e1lassza az Bang Leader 50000 Puffot? \ud83c\udfc6<\/h2>\n<ul>\n<li><strong>\ud83e\udd2f Massz\u00edv 50.000 puff kapacit\u00e1s:<\/strong> Az egyik leghosszabb \u00e9lettartam\u00fa eszk\u00f6z a piacon, ami cs\u00f6kkenti a gyakori cser\u00e9k sz\u00fcks\u00e9gess\u00e9g\u00e9t. T\u00f6k\u00e9letes utaz\u00e1shoz vagy hossz\u00fa t\u00e1v\u00fa haszn\u00e1latra.<\/li>\n<li><strong>\ud83d\udd04 Innovat\u00edv Dual Pod technol\u00f3gia:<\/strong> Mi\u00e9rt el\u00e9gedjen meg egy tankkal? Ez a k\u00e9sz\u00fcl\u00e9k k\u00e9t 20 ml-es podot tartalmaz, \u00f6sszesen 40 ml pr\u00e9mium e-folyad\u00e9kkal. Ez biztos\u00edtja a friss \u00edzt az els\u0151 slukkol\u00e1st\u00f3l az \u00f6tvenezredikig.<\/li>\n<li><strong>\ud83d\udd0b Megb\u00edzhat\u00f3 \u00e9s \u00fajrat\u00f6lthet\u0151:<\/strong> 650mAh-s akkumul\u00e1torral \u00e9s C-t\u00edpus\u00fa t\u00f6lt\u00e9st\u00e1mogat\u00e1ssal (a k\u00e1bel nem tartoz\u00e9k), amely biztos\u00edtja, hogy az utols\u00f3 csepp e-folyad\u00e9kot is elsz\u00edvhassa.<\/li>\n<li><strong>\ud83c\udf9a\ufe0f Testreszabott nikotin er\u0151ss\u00e9g:<\/strong> Kaphat\u00f3 0%, 2%, 3% \u00e9s 5% kivitelben. Ak\u00e1r a nikotinr\u00f3l val\u00f3 leszoktat\u00e1sr\u00f3l van sz\u00f3, ak\u00e1r egy er\u0151s slukkot keres, n\u00e1lunk megtal\u00e1lhatja a megfelel\u0151 szintet.<\/li>\n<li><strong>\ud83d\udcbc A legjobb \u00f6mlesztett \u00e9s nagykereskedelemhez:<\/strong> A magas puffsz\u00e1m magasabb \u00e9rt\u00e9ket jelent. Ez a term\u00e9k els\u0151rang\u00fa v\u00e1laszt\u00e1s a forgalmaz\u00f3k \u00e9s kiskeresked\u0151k sz\u00e1m\u00e1ra, akik egy nagy kereslet\u0171 term\u00e9kkel szeretn\u00e9k n\u00f6velni a haszonkulcsot.<\/li>\n<\/ul>\n<h2>Bang Leader 50K M\u0171szaki adatok \ud83d\udcca<\/h2>\n<table>\n<thead>\n<tr>\n<th>Funkci\u00f3<\/th>\n<th>R\u00e9szletek<\/th>\n<\/tr>\n<\/thead>\n<tbody>\n<tr>\n<td><strong>Puff Count<\/strong><\/td>\n<td>Ak\u00e1r 50,000 puff<\/td>\n<\/tr>\n<tr>\n<td><strong>E-folyad\u00e9k kapacit\u00e1s<\/strong><\/td>\n<td>40ml \u00f6sszesen (k\u00e9t 20ml-es pod)<\/td>\n<\/tr>\n<tr>\n<td><strong>Akkumul\u00e1tor kapacit\u00e1sa<\/strong><\/td>\n<td>650mAh (\u00fajrat\u00f6lthet\u0151)<\/td>\n<\/tr>\n<tr>\n<td><strong>Nikotin Er\u0151<\/strong><\/td>\n<td>0%, 2%, 3%, 5% Opci\u00f3k<\/td>\n<\/tr>\n<tr>\n<td><strong>T\u00f6lt\u0151 port<\/strong><\/td>\n<td>C t\u00edpus\u00fa USB<\/td>\n<\/tr>\n<tr>\n<td><strong>Tekercs t\u00edpusa<\/strong><\/td>\n<td>Fejlett h\u00e1l\u00f3s tekercs a tiszta \u00edz\u00e9rt<\/td>\n<\/tr>\n<tr>\n<td><strong>L\u00e9g\u00e1raml\u00e1s<\/strong><\/td>\n<td>MTL vagy RDL sz\u00e1m\u00e1ra \u00e1ll\u00edthat\u00f3<\/td>\n<\/tr>\n<\/tbody>\n<\/table>\n<h2>Bang Leader 50K \u00cdzv\u00e1laszt\u00e9k \ud83c\udf47\ud83c\udf49<\/h2>\n<p>Az Bang Leader 50K nem csak a m\u00e9retr\u0151l sz\u00f3l, hanem az \u00edzl\u00e9sr\u0151l is! Mindegyik k\u00e9sz\u00fcl\u00e9k izgalmas kett\u0151s \u00edz\u00e9lm\u00e9nyt vagy komplex kever\u00e9keket k\u00edn\u00e1l. \u00cdme a legkelend\u0151bb kombin\u00e1ci\u00f3k:<\/p>\n<ul>\n<li><strong>\ud83c\udf53\ud83c\udf52 Eper m\u00e1lna cseresznye j\u00e9g \u00e9s cseresznye:<\/strong> Bogy\u00f3s gy\u00fcm\u00f6lcs\u00f6k robban\u00e1sa h\u0171v\u00f6s, jeges befejez\u00e9ssel, klasszikus \u00e9des cseresznye punccsal p\u00e1ros\u00edtva.<\/li>\n<li><strong>\ud83c\udf49\ud83d\udc02 G\u00f6r\u00f6gdinnye eper \u00e9s g\u00f6r\u00f6gdinnye Redbull:<\/strong> A ny\u00e1ri gy\u00fcm\u00f6lcs\u00f6k tal\u00e1lkoznak egy energiz\u00e1l\u00f3 italcsavarral.<\/li>\n<li><strong>\ud83c\udf47 Fekete sz\u0151l\u0151 \u00e9s z\u00f6ld sz\u0151l\u0151:<\/strong> A sz\u0151l\u0151 v\u00e9gs\u0151 csat\u00e1ja - a m\u00e9ly, gazdag \u00e9dess\u00e9g a ropog\u00f3s, fanyar frissess\u00e9ggel szemben.<\/li>\n<li><strong>\ud83c\udf4f\ud83e\udd5d Apple Pear &amp; Kiwi Passionfruit Guava:<\/strong> Az egyik oldalon egy ropog\u00f3s gy\u00fcm\u00f6lcs\u00f6skert, a m\u00e1sikon pedig egy tr\u00f3pusi paradicsom.<\/li>\n<li><strong>\ud83c\udf4d\ud83c\udf4b Sour Pineapple Lemonade &amp; Lemon Lime Redbull:<\/strong> F\u0171szeres, citrusos, \u00e9s t\u00f6k\u00e9letes azok sz\u00e1m\u00e1ra, akik szeretik a savany\u00fas\u00e1got.<\/li>\n<li><strong>\ud83c\udf4c\ud83e\udd6d Ban\u00e1n j\u00e9g \u00e9s eper mang\u00f3:<\/strong> Kr\u00e9mes ban\u00e1nfagylalt egy sima tr\u00f3pusi gy\u00fcm\u00f6lcs turmixszal p\u00e1ros\u00edtva.<\/li>\n<li><strong>\ud83e\uded0 \u00c1fonya Savany\u00fa m\u00e1lna \u00e9s \u00e1fonya:<\/strong> Dupla adag \u00e1fonya savanyk\u00e1s m\u00e1ln\u00e1val.<\/li>\n<li><strong>\ud83e\udd64\ud83c\udf4b Cherry Cola &amp; Pink Lemonade:<\/strong> Fizzy sz\u00f3dabolt hangulat egy friss\u00edt\u0151 limon\u00e1d\u00e9val.<\/li>\n<li><strong>\ud83c\udf79 \u00c1fony\u00e1s m\u00e1ln\u00e1s limon\u00e1d\u00e9 \u00e9s epres m\u00e1ln\u00e1s csereszny\u00e9s j\u00e9g:<\/strong> Bogy\u00f3s gy\u00fcm\u00f6lcs\u00f6k \u00e9s citrusf\u00e9l\u00e9k \u00f6sszetett kever\u00e9ke a kifinomult \u00edzl\u00e9s\u0171ek sz\u00e1m\u00e1ra.<\/li>\n<li><strong>\ud83c\udf53\ud83e\udd5d Eper Kiwi \u00e9s eper j\u00e9g:<\/strong> A klasszikus du\u00f3 egy h\u0171s\u00edt\u0151 eper\u00e9rz\u00e9ssel kieg\u00e9sz\u00edtve.<\/li>\n<li><strong>\ud83c\udf4d\ud83e\uddca Anan\u00e1szos passi\u00f3gy\u00fcm\u00f6lcs \u00e9s anan\u00e1szos j\u00e9g:<\/strong> Tiszta egzotikus arany, amely egyszerre k\u00edn\u00e1l \u00e9des maracuj\u00e1s jegyeket \u00e9s jeges anan\u00e1szos frissess\u00e9get.<\/li>\n<li><strong>\ud83c\udf78 Lime Raspberry Mojito \u00e9s Cherry Raspberry Lime:<\/strong> Egy kokt\u00e9l ihlette kever\u00e9k, amely pik\u00e1ns, mentolos \u00e9s \u00e9des.<\/li>\n<li><strong>\ud83c\udfb2 V\u00e9letlenszer\u0171 \u00edzek:<\/strong> Nem tudsz d\u00f6nteni? V\u00e1lassza ezt az opci\u00f3t a gyors sz\u00e1ll\u00edt\u00e1s\u00e9rt \u00e9s egy vid\u00e1m meglepet\u00e9s\u00e9rt!<\/li>\n<\/ul>\n<h2>Kinek sz\u00f3l ez a term\u00e9k? \ud83c\udfaf<\/h2>\n<p>A <strong>Bang Leader 50000 puff<\/strong> a v\u00e9gs\u0151 megold\u00e1s a <strong>nagyfelhaszn\u00e1l\u00f3k<\/strong> akik belef\u00e1radtak abba, hogy a p\u00e1rologtat\u00f3ik k\u00e9t nap alatt elpusztulnak. A k\u00f6vetkez\u0151kre tervezt\u00e9k <strong>\u00edzl\u00e9stelenek<\/strong> akik v\u00e1ltozatoss\u00e1gra v\u00e1gynak an\u00e9lk\u00fcl, hogy t\u00f6bb eszk\u00f6zt hordozn\u00e1nak magukkal.<\/p>\n<p><strong>B2B v\u00e1s\u00e1rl\u00f3k \u00e9s Vape Shopok sz\u00e1m\u00e1ra:<\/strong> Ez egy olyan magas \u00e1r\u00fa term\u00e9k, amely elrep\u00fcl a polcokr\u00f3l. Egyed\u00fcl\u00e1ll\u00f3 \u00e9rt\u00e9kes\u00edt\u00e9si pontja (50k puff + Dual Pods) a hagyom\u00e1nyos eldobhat\u00f3 term\u00e9kekhez k\u00e9pest k\u00f6nnyen \u00e9rt\u00e9kes\u00edthet\u0151v\u00e9 teszi. K\u00e9szletezzen most a nagykereskedelmi forgalmaz\u00e1shoz, \u00e9s k\u00edn\u00e1lja \u00fcgyfeleinek a legjobb puffonk\u00e9nti \u00e9rt\u00e9ket a piacon! \ud83d\udce6\ud83d\ude9b<\/p>\n<h2>Gyakran ism\u00e9telt k\u00e9rd\u00e9sek (GYIK) \u2753<\/h2>\n<h3>1. Hogyan m\u0171k\u00f6dik a Dual Pods?<\/h3>\n<p>A k\u00e9sz\u00fcl\u00e9k k\u00e9t k\u00fcl\u00f6n\u00e1ll\u00f3 20 ml-es tart\u00e1lyt tartalmaz egy egys\u00e9gen bel\u00fcl. Ez lehet\u0151v\u00e9 teszi a hatalmas, 40mL-es teljes kapacit\u00e1st, ami biztos\u00edtja, hogy a k\u00e9sz\u00fcl\u00e9k l\u00e9nyegesen tov\u00e1bb b\u00edrja, mint a hagyom\u00e1nyos egy tart\u00e1lyos vapek.<\/p>\n<h3>2. Az Bang Leader 50000 \u00fajrat\u00f6lthet\u0151?<\/h3>\n<p>Igen! A hatalmas, 50 000 puff sz\u00e1m t\u00e1mogat\u00e1s\u00e1hoz a k\u00e9sz\u00fcl\u00e9k 650mAh kapacit\u00e1s\u00fa akkumul\u00e1torral rendelkezik, amely a C t\u00edpus\u00fa USB-porton kereszt\u00fcl t\u00f6lthet\u0151 (a k\u00e1bel \u00e1ltal\u00e1ban k\u00fcl\u00f6n kaphat\u00f3), \u00edgy soha nem pazarol egy csepp ned\u0171t sem.<\/p>\n<h3>3. Mi a legjobb nikotiner\u0151ss\u00e9g sz\u00e1momra?<\/h3>\n<p>Ha megpr\u00f3b\u00e1l teljesen leszokni a nikotinr\u00f3l, v\u00e1lassza a <strong>0%<\/strong> opci\u00f3. Ha enyhe \u00fct\u00e9st szeretne, v\u00e1lassza a <strong>2%<\/strong>. Az er\u0151s doh\u00e1nyosok \u00e1ltal\u00e1ban ink\u00e1bb <strong>5%<\/strong> a maxim\u00e1lis el\u00e9gedetts\u00e9g \u00e9rdek\u00e9ben.<\/p>\n<h3>4. K\u00edn\u00e1lnak nagykereskedelmi \u00e1rakat?<\/h3>\n<p>Igen! Szakter\u00fclet\u00fcnk a vape \u00fczletek \u00e9s forgalmaz\u00f3k t\u00f6meges megrendel\u00e9se. K\u00e9rj\u00fck, v\u00e1lassza ki a t\u00f6meges opci\u00f3kat, vagy l\u00e9pjen kapcsolatba \u00e9rt\u00e9kes\u00edt\u00e9si csapatunkkal a nagy megrendel\u00e9sek versenyk\u00e9pes \u00e1raz\u00e1sa \u00e9rdek\u00e9ben.<\/p>","protected":false},"excerpt":{"rendered":"<p>Az Bang Leader k\u00e9sz\u00fcl\u00e9kkel felszabad\u00edthatja az 50 000 f\u00fcst\u00f6l\u00e9s erej\u00e9t. A massz\u00edv 40mL-es dual-pod rendszerrel \u00e9s \u00fajrat\u00f6lthet\u0151 650mAh akkumul\u00e1torral rendelkez\u0151 k\u00e9sz\u00fcl\u00e9k a v\u00e9gs\u0151 v\u00e1laszt\u00e1s a vape nagykeresked\u0151k \u00e9s a hossz\u00fa \u00e9lettartamot \u00e9s \u00edzv\u00e1laszt\u00e9kot keres\u0151 neh\u00e9z felhaszn\u00e1l\u00f3k sz\u00e1m\u00e1ra. \ud83d\ude80\ud83d\udca8<\/p>","protected":false},"featured_media":39042,"comment_status":"open","ping_status":"closed","template":"","meta":[],"product_brand":[227],"product_cat":[74,231,61],"product_tag":[352,353,354,355,356],"class_list":{"0":"post-38905","1":"product","2":"type-product","3":"status-publish","4":"has-post-thumbnail","6":"product_brand-bang","7":"product_cat-40000-puffs-disposable-vape","8":"product_cat-60000-puffs-disposable-vape","9":"product_cat-bang","10":"product_tag-50000-puffs-vape","11":"product_tag-bang-leader-50000","12":"product_tag-bang-vape","13":"product_tag-dual-pod-disposable","14":"product_tag-rechargeable-vape","16":"first","17":"instock","18":"shipping-taxable","19":"purchasable","20":"product-type-variable","21":"has-default-attributes"},"jetpack_sharing_enabled":true,"tiered_pricing_type":"fixed","tiered_pricing_fixed_rules":{"30":8.5600000000000004973799150320701301097869873046875,"50":7,"100":6.480000000000000426325641456060111522674560546875,"200":6.089999999999999857891452847979962825775146484375,"400":5.5099999999999997868371792719699442386627197265625},"tiered_pricing_product_settings":{"layout":"default","base_unit_name":{"singular":null,"plural":null},"default_variation":null},"tiered_pricing_minimum_quantity":10,"tiered_pricing_roles_data":[],"tiered_pricing_percentage_rules":[],"tiered_pricing_maximum_quantity":null,"tiered_pricing_quantity_step":"10","_links":{"self":[{"href":"https:\/\/volovape.com\/hu\/wp-json\/wp\/v2\/product\/38905","targetHints":{"allow":["GET"]}}],"collection":[{"href":"https:\/\/volovape.com\/hu\/wp-json\/wp\/v2\/product"}],"about":[{"href":"https:\/\/volovape.com\/hu\/wp-json\/wp\/v2\/types\/product"}],"replies":[{"embeddable":true,"href":"https:\/\/volovape.com\/hu\/wp-json\/wp\/v2\/comments?post=38905"}],"wp:featuredmedia":[{"embeddable":true,"href":"https:\/\/volovape.com\/hu\/wp-json\/wp\/v2\/media\/39042"}],"wp:attachment":[{"href":"https:\/\/volovape.com\/hu\/wp-json\/wp\/v2\/media?parent=38905"}],"wp:term":[{"taxonomy":"product_brand","embeddable":true,"href":"https:\/\/volovape.com\/hu\/wp-json\/wp\/v2\/product_brand?post=38905"},{"taxonomy":"product_cat","embeddable":true,"href":"https:\/\/volovape.com\/hu\/wp-json\/wp\/v2\/product_cat?post=38905"},{"taxonomy":"product_tag","embeddable":true,"href":"https:\/\/volovape.com\/hu\/wp-json\/wp\/v2\/product_tag?post=38905"}],"curies":[{"name":"wp","href":"https:\/\/api.w.org\/{rel}","templated":true}]}}