{"id":38176,"date":"2025-11-03T06:42:06","date_gmt":"2025-11-03T06:42:06","guid":{"rendered":"https:\/\/volovape.com\/?post_type=product&#038;p=38176"},"modified":"2026-04-14T03:07:57","modified_gmt":"2026-04-14T03:07:57","slug":"bang-legenda-150k-6-az-1-ben-150000-puffs","status":"publish","type":"product","link":"https:\/\/volovape.com\/hu\/product\/bang-legend-150k-6-in-1-150000-puffs\/","title":{"rendered":"Bang Legend 150K 6 az 1-ben 150000 Puffs | multiflavor smart eldobhat\u00f3 vape led k\u00e9perny\u0151vel"},"content":{"rendered":"<h1>Bang Legend 150K 6-Mode 150000 Puffs | multiflavor smart eldobhat\u00f3 vape led k\u00e9perny\u0151vel<\/h1>\n<h2>Mi\u00e9rt v\u00e1lassza az Bang Legend 150K Puffot?<\/h2>\n<ul>\n<li>\ud83d\ude80 <strong>Hatalmas 150,000 puff kapacit\u00e1s<\/strong> - Az egyik leghosszabb \u00e9lettartam\u00fa eldobhat\u00f3 vapes a piacon!<\/li>\n<li>\ud83d\udd25 <strong>6 \u00edzm\u00f3d (A, B, C, A+B, A+C, B+C, A+C)<\/strong> - \u00c9lvezze a v\u00e9gtelen kombin\u00e1ci\u00f3kat \u00e9s a szem\u00e9lyre szabott \u00edz\u00e9lm\u00e9nyeket.<\/li>\n<li>\ud83d\udca1 <strong>Intelligens LED k\u00e9perny\u0151<\/strong> - Val\u00f3s id\u0151ben megjelen\u00edti a puffok sz\u00e1m\u00e1t, az akkumul\u00e1tor \u00e9lettartam\u00e1t \u00e9s az \u00edzes\u00edt\u0151 \u00fczemm\u00f3dot.<\/li>\n<li>\ud83d\udd0b <strong>850mAh \u00fajrat\u00f6lthet\u0151 akkumul\u00e1tor<\/strong> - Hat\u00e9kony \u00e9s megb\u00edzhat\u00f3, C t\u00edpus\u00fa gyorst\u00f6lt\u00e9ssel a gyors felt\u00f6lt\u00e9shez.<\/li>\n<li>\ud83c\udf2c\ufe0f <strong>Mesh Coil technol\u00f3gia<\/strong> - S\u0171r\u0171 g\u0151zt \u00e9s mer\u00e9sz \u00edzt produk\u00e1l minden h\u00faz\u00e1ssal.<\/li>\n<li>\ud83d\udca7 <strong>H\u00e1romszoros olajtart\u00e1ly kialak\u00edt\u00e1s<\/strong> - Frissen \u00e9s elk\u00fcl\u00f6n\u00edtve tartja az \u00edzeket, am\u00edg a saj\u00e1t \u00edzl\u00e9se szerint nem keveri \u0151ket.<\/li>\n<li>\ud83c\udfa8 <strong>12 \u00edzk\u00e9szlet \u00e1ll rendelkez\u00e9sre<\/strong> - Minden hangulathoz \u00e9s preferenci\u00e1hoz egy \u00edzuniverzum.<\/li>\n<li>\ud83d\udce6 <strong>Nagykereskedelem-bar\u00e1t csomagol\u00e1s<\/strong> - 10 db csomagonk\u00e9nt, vape shopok \u00e9s \u00f6mlesztett forgalmaz\u00e1s sz\u00e1m\u00e1ra.<\/li>\n<\/ul>\n<h2>M\u0171szaki adatok<\/h2>\n<table border=\"1\" cellpadding=\"6\">\n<tbody>\n<tr>\n<td><strong>Puff Count<\/strong><\/td>\n<td>Ak\u00e1r 150,000 puffan\u00e1s<\/td>\n<\/tr>\n<tr>\n<td><strong>Nikotin Er\u0151<\/strong><\/td>\n<td>2% \/ 3% \/ 5%<\/td>\n<\/tr>\n<tr>\n<td><strong>\u00cdzes\u00edt\u00e9si m\u00f3dok<\/strong><\/td>\n<td>A, B, C, A+B, A+C, B+C, B+C<\/td>\n<\/tr>\n<tr>\n<td><strong>Olajtart\u00e1ly<\/strong><\/td>\n<td>3 f\u00fcggetlen tart\u00e1ly<\/td>\n<\/tr>\n<tr>\n<td><strong>Akkumul\u00e1tor kapacit\u00e1sa<\/strong><\/td>\n<td>850mAh \u00fajrat\u00f6lthet\u0151<\/td>\n<\/tr>\n<tr>\n<td><strong>Tekercs<\/strong><\/td>\n<td>H\u00e1l\u00f3s tekercsrendszer<\/td>\n<\/tr>\n<tr>\n<td><strong>Megjelen\u00edt\u00e9s<\/strong><\/td>\n<td>LED intelligens k\u00e9perny\u0151<\/td>\n<\/tr>\n<tr>\n<td><strong>T\u00f6lt\u0151 port<\/strong><\/td>\n<td>C t\u00edpus\u00fa gyorst\u00f6lt\u00e9s<\/td>\n<\/tr>\n<tr>\n<td><strong>Csomagol\u00e1s<\/strong><\/td>\n<td>10 db csomagonk\u00e9nt<\/td>\n<\/tr>\n<tr>\n<td><strong>\u00cdzv\u00e1laszt\u00e1si lehet\u0151s\u00e9gek<\/strong><\/td>\n<td>12 \u00edzkombin\u00e1ci\u00f3<\/td>\n<\/tr>\n<\/tbody>\n<\/table>\n<h2>\u00cdzes \u00e9lm\u00e9ny \ud83c\udf53\ud83c\udf4d\ud83c\udf47<\/h2>\n<p>A <strong>Bang Legenda 150K<\/strong> lehet\u0151v\u00e9 teszi, hogy ak\u00e1r <strong>6 \u00edzes\u00edt\u00e9si m\u00f3d<\/strong> k\u00e9szletenk\u00e9nt, v\u00e9gtelen kombin\u00e1ci\u00f3kat hozva l\u00e9tre a gy\u00fcm\u00f6lcs\u00f6s, jeges \u00e9s cukork\u00e1s \u00edzekb\u0151l! Minden csoport az alap\u00edzek \u00e9s hibrid kever\u00e9kek egy-egy \u00edzletes tri\u00f3j\u00e1t k\u00edn\u00e1lja.<\/p>\n<ul>\n<li><strong>1. szett:<\/strong> Barack j\u00e9g, mang\u00f3 barack, \u00e1fonya barack - tr\u00f3pusi \u00e9dess\u00e9g fagyos csavarral \ud83c\udf51\u2744\ufe0f<\/li>\n<li><strong>2. szett:<\/strong> Anan\u00e1sz j\u00e9g, anan\u00e1sz k\u00f3kusz, kiwi anan\u00e1sz j\u00e9g - egzotikus szigeti hangulat \ud83c\udf4d\ud83e\udd65<\/li>\n<li><strong>3. szett:<\/strong> Grape Ice, Grape Bubble Gum, Raspberry Grapes - l\u00e9d\u00fas \u00e9s fanyar cukorkakever\u00e9k \ud83c\udf47\ud83c\udf6c<\/li>\n<li><strong>4. szett:<\/strong> G\u00f6r\u00f6gdinnye j\u00e9g, g\u00f6r\u00f6gdinnye bogy\u00f3k, eper g\u00f6r\u00f6gdinnye - friss\u00edt\u0151 \u00e9s gy\u00fcm\u00f6lcs\u00f6s \ud83c\udf49\ud83c\udf53<\/li>\n<li><strong>5. szett:<\/strong> \u00c1fony\u00e1s j\u00e9g, \u00e1fony\u00e1s m\u00e1lna, \u00e1fony\u00e1s \u00e1fony\u00e1s cseresznye - gazdag, savanyk\u00e1s bogy\u00f3s gy\u00fcm\u00f6lcsrobban\u00e1s \ud83e\uded0\ud83c\udf52<\/li>\n<li><strong>6. szett:<\/strong> Ban\u00e1n j\u00e9g, eper ban\u00e1n, citromos narancs - kr\u00e9mes \u00e9s citrusos f\u00fazi\u00f3 \ud83c\udf4c\ud83c\udf4a<\/li>\n<li><strong>7. szett:<\/strong> Apple Ice, Apple Grape, Blueberry Grape - ropog\u00f3s \u00e9s \u00e9des gy\u00fcm\u00f6lcs\u00f6s \u00edzek \ud83c\udf4f\ud83c\udf47.<\/li>\n<li><strong>8-as k\u00e9szlet:<\/strong> Mang\u00f3 j\u00e9g, barack mang\u00f3 g\u00f6r\u00f6gdinnye, gumimaci - tr\u00f3pusi cukorka var\u00e1zslat \ud83e\udd6d\ud83c\udf49<\/li>\n<li><strong>9. szett:<\/strong> Cherry Ice, Mixed Berries, Red Cola - nosztalgikus \u00e9s mer\u00e9sz \ud83c\udf52\ud83e\udd64<\/li>\n<li><strong>10. szett:<\/strong> Red Bull, g\u00f6r\u00f6gdinny\u00e9s r\u00e1g\u00f3gumi, Love 66 - energiz\u00e1l\u00f3 \u00e9s arom\u00e1s f\u00fazi\u00f3 \ud83d\udca5\ud83d\udc9e<\/li>\n<li><strong>11. szett:<\/strong> Eper j\u00e9g, eper kiwi, eper licsi - \u00e9des, l\u00e9d\u00fas \u00e9s arom\u00e1s \ud83c\udf53\ud83e\udd5d<\/li>\n<li><strong>12-es k\u00e9szlet:<\/strong> Passion Fruit, Guava Lime, Passion Lemon - tr\u00f3pusi fanyars\u00e1g \ud83e\udd6d\ud83c\udf4b\ud83c\udf4b<\/li>\n<\/ul>\n<h2>T\u00f6k\u00e9letes \ud83d\udc51<\/h2>\n<p>\u2705 Hossz\u00fa t\u00e1v\u00fa teljes\u00edtm\u00e9nyt keres\u0151 neh\u00e9z vaperek<br \/>\n\u2705 A vape shop tulajdonosok pr\u00e9mium, magas \u00e1rr\u00e9s\u0171 term\u00e9keket keresnek<br \/>\n\u2705 Forgalmaz\u00f3k, akik v\u00e1ltozatoss\u00e1got \u00e9s vizu\u00e1lis vonzer\u0151t akarnak<br \/>\n\u2705 Az \u00edzek szerelmesei, akik \u00e9lvezik a kever\u00e9st \u00e9s az \u00faj kombin\u00e1ci\u00f3k felfedez\u00e9s\u00e9t.<\/p>\n<h2>GYIK \u2753<\/h2>\n<p><strong>K: Mennyi ideig tart az Bang Legend 150K?<\/strong><br \/>\nV: Ak\u00e1r 150 000 slukkol\u00e1ssal hetekig is kitart - m\u00e9g a gyakori felhaszn\u00e1l\u00f3k eset\u00e9ben is.<\/p>\n<p><strong>K: \u00dajrat\u00f6lthet\u0151?<\/strong><br \/>\nA: Igen! Felszerelve egy <strong>Type-C port<\/strong> a gyors, k\u00e9nyelmes \u00fajrat\u00f6lt\u00e9shez.<\/p>\n<p><strong>K: Hogyan m\u0171k\u00f6dnek az \u00edzes\u00edt\u00e9si m\u00f3dok?<\/strong><br \/>\nA: Egyszer\u0171en v\u00e1ltson az egyes vagy vegyes \u00fczemm\u00f3dok (A, B, C, A+B, A+C, B+C) k\u00f6z\u00f6tt a testreszabott \u00edz\u00e9lm\u00e9ny \u00e9rdek\u00e9ben.<\/p>\n<p><strong>K: Mit mutat a LED-k\u00e9perny\u0151?<\/strong><br \/>\nV: Megmutatja a puffok sz\u00e1m\u00e1t, az akkumul\u00e1tor t\u00f6lt\u00f6tts\u00e9gi szintj\u00e9t \u00e9s az akt\u00edv \u00edzes\u00edt\u0151 \u00fczemm\u00f3dot - \u00edgy teljesen az \u00d6n kez\u00e9ben marad az ir\u00e1ny\u00edt\u00e1s.<\/p>\n<p><strong>K: Haszn\u00e1lhatom nagykereskedelmi megrendel\u00e9sekhez?<\/strong><br \/>\nA: Term\u00e9szetesen! \u00dagy tervezt\u00e9k, hogy <strong>B2B \u00e9rt\u00e9kes\u00edt\u00e9s<\/strong> \u00e9s 10 darabos kiszerel\u00e9sben ker\u00fcl forgalomba, t\u00f6k\u00e9letes \u00fczleteknek \u00e9s forgalmaz\u00f3knak.<\/p>\n<h2>K\u00f6vetkeztet\u00e9s \ud83d\ude80<\/h2>\n<p>A <strong>Bang Legenda 150K Puffs<\/strong> t\u00f6bb mint eldobhat\u00f3 - ez egy intelligens, testreszabhat\u00f3 vape \u00e9lm\u00e9ny, amelyet a modern felhaszn\u00e1l\u00f3k sz\u00e1m\u00e1ra \u00e9p\u00edtettek. A <strong>6 \u00edzm\u00f3d, 3 tart\u00e1ly, h\u00e1l\u00f3s tekercsrendszer \u00e9s \u00e9l\u00e9nk LED-k\u00e9perny\u0151.<\/strong>, egyszerre ny\u00fajt teljes\u00edtm\u00e9nyt \u00e9s izgalmat. Ide\u00e1lis <strong>vape shopok, nagyfogyaszt\u00f3k \u00e9s nagykeresked\u0151k<\/strong> akik \u00e9rt\u00e9kelik a hossz\u00fa \u00e9lettartamot, az \u00edzl\u00e9st \u00e9s az innov\u00e1ci\u00f3t. \ud83d\udca8\ud83d\udd25<\/p>","protected":false},"excerpt":{"rendered":"<p>\ud83d\udca8 A <strong>Bang Legenda 150K Puffs<\/strong> egy igazi er\u0151m\u0171 - 150 000 sz\u00edv\u00e1s, 6 \u00edzm\u00f3d \u00e9s egy intelligens LED kijelz\u0151, amely \u00fajradefini\u00e1lja a hossz\u00fa t\u00e1v\u00fa p\u00e1rol\u00e1st. T\u00f6k\u00e9letes a vape rajong\u00f3k, a forgalmaz\u00f3k \u00e9s a nagykereskedelmi v\u00e1s\u00e1rl\u00f3k sz\u00e1m\u00e1ra, akik a legjobb teljes\u00edtm\u00e9nyt \u00e9s st\u00edlust k\u00f6vetelik meg. \u26a1<\/p>","protected":false},"featured_media":38206,"comment_status":"open","ping_status":"closed","template":"","meta":[],"product_brand":[227],"product_cat":[61,249,262,230],"product_tag":[311,312,313,307,314,315],"class_list":{"0":"post-38176","1":"product","2":"type-product","3":"status-publish","4":"has-post-thumbnail","6":"product_brand-bang","7":"product_cat-bang","8":"product_cat-100k-puffs-disposable-vape","9":"product_cat-cheap-rechargeable-disposable-vapes","10":"product_cat-new","11":"product_tag-150000-puffs-vape","12":"product_tag-6-flavor-in-1-vape","13":"product_tag-bang-legend-150k-disposable-vape","14":"product_tag-best-disposable-vapes","15":"product_tag-long-lasting-smart-vape","16":"product_tag-wholesale-rechargeable-vape","18":"first","19":"instock","20":"shipping-taxable","21":"purchasable","22":"product-type-variable","23":"has-default-attributes"},"jetpack_sharing_enabled":true,"tiered_pricing_type":"fixed","tiered_pricing_fixed_rules":{"30":8.8900000000000005684341886080801486968994140625,"50":7.160000000000000142108547152020037174224853515625,"100":6.54000000000000003552713678800500929355621337890625,"200":5.9900000000000002131628207280300557613372802734375,"400":5.42999999999999971578290569595992565155029296875},"tiered_pricing_product_settings":{"layout":"default","base_unit_name":{"singular":null,"plural":null},"default_variation":null},"tiered_pricing_minimum_quantity":10,"tiered_pricing_roles_data":[],"tiered_pricing_percentage_rules":[],"tiered_pricing_maximum_quantity":null,"tiered_pricing_quantity_step":"10","_links":{"self":[{"href":"https:\/\/volovape.com\/hu\/wp-json\/wp\/v2\/product\/38176","targetHints":{"allow":["GET"]}}],"collection":[{"href":"https:\/\/volovape.com\/hu\/wp-json\/wp\/v2\/product"}],"about":[{"href":"https:\/\/volovape.com\/hu\/wp-json\/wp\/v2\/types\/product"}],"replies":[{"embeddable":true,"href":"https:\/\/volovape.com\/hu\/wp-json\/wp\/v2\/comments?post=38176"}],"wp:featuredmedia":[{"embeddable":true,"href":"https:\/\/volovape.com\/hu\/wp-json\/wp\/v2\/media\/38206"}],"wp:attachment":[{"href":"https:\/\/volovape.com\/hu\/wp-json\/wp\/v2\/media?parent=38176"}],"wp:term":[{"taxonomy":"product_brand","embeddable":true,"href":"https:\/\/volovape.com\/hu\/wp-json\/wp\/v2\/product_brand?post=38176"},{"taxonomy":"product_cat","embeddable":true,"href":"https:\/\/volovape.com\/hu\/wp-json\/wp\/v2\/product_cat?post=38176"},{"taxonomy":"product_tag","embeddable":true,"href":"https:\/\/volovape.com\/hu\/wp-json\/wp\/v2\/product_tag?post=38176"}],"curies":[{"name":"wp","href":"https:\/\/api.w.org\/{rel}","templated":true}]}}