{"id":37867,"date":"2025-10-21T03:02:41","date_gmt":"2025-10-21T03:02:41","guid":{"rendered":"https:\/\/volovape.com\/?post_type=product&#038;p=37867"},"modified":"2026-04-22T01:04:23","modified_gmt":"2026-04-22T01:04:23","slug":"waspe-aiviou-6-az-1-ben-150000-puff-6-izek-allithato-eldobhato-vape-nagykereskedoknek","status":"publish","type":"product","link":"https:\/\/volovape.com\/hu\/product\/waspe-aiviou-6-in-1-150000-puffs-6-flavors-adjustable-disposable-vape-for-wholesalers\/","title":{"rendered":"WASPE AIVIOU 6 az 1-ben 150000 Puffs | 6 \u00edzek \u00e1ll\u00edthat\u00f3 eldobhat\u00f3 vape nagykeresked\u0151knek"},"content":{"rendered":"<h2>WASPE AIVIOU 6 az 1-ben 150000 Puffs | 6 \u00edzek \u00e1ll\u00edthat\u00f3 eldobhat\u00f3 vape nagykeresked\u0151knek<\/h2>\n<h2>\ud83c\udfea Nagykereskedelmi kiemel\u00e9sek<\/h2>\n<ul>\n<li style=\"list-style-type: none;\">\n<ul>\n<li>\ud83d\udce6 <strong>\u00d6mlesztett csomagol\u00e1s:<\/strong> Ide\u00e1lis forgalmaz\u00f3k \u00e9s kiskeresked\u0151k sz\u00e1m\u00e1ra (10 db csomagonk\u00e9nt).<\/li>\n<li>\ud83d\udca8 <strong>150K Puffs:<\/strong> Piacvezet\u0151 kapacit\u00e1s a rendk\u00edv\u00fcl hossz\u00fa haszn\u00e1lathoz.<\/li>\n<li>\ud83c\udf08 <strong>6 be\u00e9p\u00edtett \u00edz:<\/strong> Egy k\u00e9sz\u00fcl\u00e9k, hat \u00e9lm\u00e9ny - nincs sz\u00fcks\u00e9g ut\u00e1nt\u00f6lt\u00e9sre.<\/li>\n<li>\ud83d\udd0b <strong>\u00dajrat\u00f6lthet\u0151 akkumul\u00e1tor:<\/strong> 650mAh C t\u00edpus\u00fa gyorst\u00f6lt\u00e9ssel.<\/li>\n<li>\ud83e\uddc3 <strong>64ml E-folyad\u00e9k:<\/strong> El\u0151re t\u00f6lt\u00f6tt pr\u00e9mium e-folyad\u00e9k a hosszan tart\u00f3 \u00e9lvezet\u00e9rt.<\/li>\n<\/ul>\n<\/li>\n<\/ul>\n<ul>\n<li>\ud83d\udda5\ufe0f <strong>LED kijelz\u0151:<\/strong> Val\u00f3s idej\u0171 akkumul\u00e1tor- \u00e9s t\u00f6lt\u00f6tts\u00e9gjelz\u0151k.<\/li>\n<li>\ud83c\udf0d <strong>Nikotin er\u0151ss\u00e9gi lehet\u0151s\u00e9gek:<\/strong> 0%, 2%, 5% - minden eur\u00f3pai r\u00e9gi\u00f3ra k\u00e9sz.<\/li>\n<\/ul>\n<h2>\u2699\ufe0f M\u0171szaki specifik\u00e1ci\u00f3k<\/h2>\n<table>\n<tbody>\n<tr>\n<td><strong>Puff Count<\/strong><\/td>\n<td>150,000<\/td>\n<\/tr>\n<tr>\n<td><strong>Tekercs<\/strong><\/td>\n<td>H\u00e1l\u00f3s tekercs 1.0\u03a9 x 3<\/td>\n<\/tr>\n<tr>\n<td><strong>Akkumul\u00e1tor<\/strong><\/td>\n<td>650mAh \u00fajrat\u00f6lthet\u0151<\/td>\n<\/tr>\n<tr>\n<td><strong>E-folyad\u00e9k kapacit\u00e1s<\/strong><\/td>\n<td>64ml<\/td>\n<\/tr>\n<tr>\n<td><strong>Megjelen\u00edt\u00e9s<\/strong><\/td>\n<td>LED akkumul\u00e1tor \u00e9s E-folyad\u00e9k kijelz\u0151<\/td>\n<\/tr>\n<tr>\n<td><strong>T\u00f6lt\u00e9s<\/strong><\/td>\n<td>C t\u00edpus\u00fa port<\/td>\n<\/tr>\n<tr>\n<td><strong>Nikotin Er\u0151<\/strong><\/td>\n<td>0% \/ 2% \/ 5%<\/td>\n<\/tr>\n<\/tbody>\n<\/table>\n<h2>\ud83c\udf47 \u00cdzek portf\u00f3li\u00f3ja<\/h2>\n<ul>\n<li>G\u00f6r\u00f6gdinnye j\u00e9g &amp; citromos lime &amp; citromos \u0151szibarack<\/li>\n<li>\u00c1fonya j\u00e9g &amp; eper Kiwi &amp; cseresznye eper j\u00e9g<\/li>\n<li>Red Bull Ice &amp; Raspberry Pomp &amp; Sour Mango Strawberry<\/li>\n<li>Eper g\u00f6r\u00f6gdinnye &amp; l\u00e9d\u00fas barack j\u00e9g &amp; tripla bogy\u00f3s j\u00e9g<\/li>\n<li>Cherry Cola Ice &amp; Strawberry Red Bull Ice &amp; Watermelon Raspberry<\/li>\n<li>Grape Ice &amp; Blue Razz Cherry &amp; Strawberry Ice<\/li>\n<li>Vegyes bogy\u00f3s gy\u00fcm\u00f6lcs\u00f6k &amp; Fekete S\u00e1rk\u00e1ny j\u00e9g &amp; Eper cseresznye k\u00f3la<\/li>\n<li>Fizzy Cola Ice &amp; energiaital &amp; csereszny\u00e9s j\u00e9g<\/li>\n<li>Eper Ban\u00e1n &amp; Kiwi G\u00f6r\u00f6gdinnye &amp; K\u00f3kuszdi\u00f3 Eper<\/li>\n<li>Red Bull Cola Ice &amp; Strawberry M\u00e1lna Cherry &amp; Blackberry S\u00e1rk\u00e1nygy\u00fcm\u00f6lcs<\/li>\n<li>Eper g\u00f6r\u00f6gdinnye r\u00e1g\u00f3gumi &amp; savany\u00fa mang\u00f3 j\u00e9g &amp; eper sz\u0151l\u0151 j\u00e9g<\/li>\n<li>Dinny\u00e9s passi\u00f3gy\u00fcm\u00f6lcs &amp; szeder j\u00e9g &amp; alma Kiwia<\/li>\n<\/ul>\n<h2>\ud83d\udcac Forgalmaz\u00f3i GYIK<\/h2>\n<p><strong>Q:<\/strong> Kaphat\u00f3 OEM?<br \/>\n<strong>A:<\/strong> Igen, a m\u00e1rka\u00e9p\u00edt\u00e9s testreszab\u00e1sa t\u00e1mogatott a nagy volumen\u0171 megrendel\u00e9sek eset\u00e9ben.<\/p>\n<p><strong>Q:<\/strong> Mely orsz\u00e1gok r\u00e9szes\u00edtik el\u0151nyben ezt a modellt?<br \/>\n<strong>A:<\/strong> N\u00e9metorsz\u00e1gban, Franciaorsz\u00e1gban, Spanyolorsz\u00e1gban \u00e9s Olaszorsz\u00e1gban n\u00e9pszer\u0171 az \u00edzv\u00e1laszt\u00e9k \u00e9s a puffancsok sz\u00e1ma miatt.<\/p>\n<p><img data-recalc-dims=\"1\" decoding=\"async\" style=\"max-width: 100%; height: auto; display: block; margin: 0 auto;\" src=\"https:\/\/i0.wp.com\/volovape.com\/wp-content\/uploads\/2025\/10\/%E5%9C%BA%E6%99%AF070000-%E6%8B%B7%E8%B4%9D.jpg?ssl=1\" alt=\"WASPE AIVIOU 6 az 1-ben 150000 Puffok\" title=\"\"><\/p>","protected":false},"excerpt":{"rendered":"<p>A <strong>WASPE AIVIOU 150K<\/strong> nagykereskedelmi el\u0151nyt jelent - 6 \u00edz, 150 000 f\u00faj\u00e1s \u00e9s LED-es intelligens kijelz\u0151. T\u00f6k\u00e9letes az EU vape piacaira t\u00f6rt\u00e9n\u0151 nagybani forgalmaz\u00e1shoz.<\/p>","protected":false},"featured_media":37897,"comment_status":"open","ping_status":"closed","template":"","meta":[],"product_brand":[245],"product_cat":[17,249,261,262,230],"product_tag":[263,264,265,266,267,268,269,270,271,272,273],"class_list":{"0":"post-37867","1":"product","2":"type-product","3":"status-publish","4":"has-post-thumbnail","6":"product_brand-waspe","7":"product_cat-waspe","8":"product_cat-100k-puffs-disposable-vape","9":"product_cat-best-disposable-vapes","10":"product_cat-cheap-rechargeable-disposable-vapes","11":"product_cat-new","12":"product_tag-150000-puffs-disposable-vape-rechargeable","13":"product_tag-150000-puffs-disposable-vape-wholesale","14":"product_tag-6-in-1-multi-flavor-disposable-vape","15":"product_tag-disposable-vape-with-led-display","16":"product_tag-disposable-vape-with-multiple-flavors","17":"product_tag-high-capacity-disposable-e-cig","18":"product_tag-highest-puff-count-disposable-vape","19":"product_tag-longest-lasting-disposable-vape-150000-puffs","20":"product_tag-multi-flavor-disposable-vape-wholesale-europe","21":"product_tag-ultra-long-lasting-vape","22":"product_tag-wholesale-disposable-vape-supplier-europe","24":"first","25":"instock","26":"shipping-taxable","27":"purchasable","28":"product-type-variable","29":"has-default-attributes"},"jetpack_sharing_enabled":true,"tiered_pricing_type":"fixed","tiered_pricing_fixed_rules":{"30":9.3800000000000007815970093361102044582366943359375,"50":7.6500000000000003552713678800500929355621337890625,"100":7.30999999999999960920149533194489777088165283203125,"200":6.519999999999999573674358543939888477325439453125,"400":6.230000000000000426325641456060111522674560546875},"tiered_pricing_product_settings":{"layout":"default","base_unit_name":{"singular":null,"plural":null},"default_variation":null},"tiered_pricing_minimum_quantity":10,"tiered_pricing_roles_data":[],"tiered_pricing_percentage_rules":[],"tiered_pricing_maximum_quantity":null,"tiered_pricing_quantity_step":"10","_links":{"self":[{"href":"https:\/\/volovape.com\/hu\/wp-json\/wp\/v2\/product\/37867","targetHints":{"allow":["GET"]}}],"collection":[{"href":"https:\/\/volovape.com\/hu\/wp-json\/wp\/v2\/product"}],"about":[{"href":"https:\/\/volovape.com\/hu\/wp-json\/wp\/v2\/types\/product"}],"replies":[{"embeddable":true,"href":"https:\/\/volovape.com\/hu\/wp-json\/wp\/v2\/comments?post=37867"}],"wp:featuredmedia":[{"embeddable":true,"href":"https:\/\/volovape.com\/hu\/wp-json\/wp\/v2\/media\/37897"}],"wp:attachment":[{"href":"https:\/\/volovape.com\/hu\/wp-json\/wp\/v2\/media?parent=37867"}],"wp:term":[{"taxonomy":"product_brand","embeddable":true,"href":"https:\/\/volovape.com\/hu\/wp-json\/wp\/v2\/product_brand?post=37867"},{"taxonomy":"product_cat","embeddable":true,"href":"https:\/\/volovape.com\/hu\/wp-json\/wp\/v2\/product_cat?post=37867"},{"taxonomy":"product_tag","embeddable":true,"href":"https:\/\/volovape.com\/hu\/wp-json\/wp\/v2\/product_tag?post=37867"}],"curies":[{"name":"wp","href":"https:\/\/api.w.org\/{rel}","templated":true}]}}