{"id":37807,"date":"2025-10-16T07:40:46","date_gmt":"2025-10-16T07:40:46","guid":{"rendered":"https:\/\/volovape.com\/?post_type=product&#038;p=37807"},"modified":"2026-04-15T03:46:09","modified_gmt":"2026-04-15T03:46:09","slug":"fihp-120k-6-az-1-ben-120000-puffs-led-kepernyo-multi-iz-64ml-magas-puff-szam-omlesztett-eldobhato-vape","status":"publish","type":"product","link":"https:\/\/volovape.com\/hu\/product\/fihp-120k-6-in-1-120000-puffs-led-screen-multi-flavor-64ml-high-puff-count-bulk-disposable-vape\/","title":{"rendered":"FiHP 120000 6 az 1-ben 120000 Puffs | led k\u00e9perny\u0151 \u00f6mlesztett eldobhat\u00f3 vape"},"content":{"rendered":"<h2>FiHP 120000 6 az 1-ben 120000 Puffs | led k\u00e9perny\u0151 \u00f6mlesztett eldobhat\u00f3 vape<\/h2>\n<p>A FiHP 120000 6 az 1-ben eldobhat\u00f3 vape hossz\u00fa t\u00e1v\u00fa teljes\u00edtm\u00e9nyre \u00e9s nagykereskedelmi k\u00e9szenl\u00e9tre lett tervezve. Nagym\u00e9ret\u0171 <strong>64 ml<\/strong> e-folyad\u00e9k tart\u00e1ly \u00e9s egy <strong>650 mAh<\/strong> \u00fajrat\u00f6lthet\u0151 akkumul\u00e1torral (USB Type-C), ez a k\u00e9sz\u00fcl\u00e9k t\u00e1mogatja a hosszabb p\u00e1rologtat\u00e1sokat \u00e9s az egyszer\u0171 \u00fajrat\u00f6lt\u00e9st. A be\u00e9p\u00edtett <strong>LED k\u00e9perny\u0151<\/strong> az akkumul\u00e1torra \u00e9s a haszn\u00e1latra vonatkoz\u00f3 inform\u00e1ci\u00f3kat mutatja, m\u00edg a <strong>kett\u0151s h\u00e1l\u00f3s tekercs<\/strong> biztos\u00edtja az egyenletes \u00edzt \u00e9s g\u0151zt. V\u00e1ltson z\u00f6kken\u0151mentesen hat el\u0151re bet\u00f6lt\u00f6tt \u00edz k\u00f6z\u00f6tt egyetlen kompakt k\u00e9sz\u00fcl\u00e9kben.<\/p>\n<h3>Mi\u00e9rt v\u00e1lassza a FiHP 120000 6 az 1-ben 120000 Puffot?<\/h3>\n<ul>\n<li>\ud83d\udca8 <strong>Rendk\u00edv\u00fcl hossz\u00fa \u00e9lettartam:<\/strong> Ak\u00e1r 120 000 slukk k\u00e9sz\u00fcl\u00e9kenk\u00e9nt - ide\u00e1lis a nagy felhaszn\u00e1l\u00f3k \u00e9s a hossz\u00fa t\u00e1v\u00fa kiskereskedelmi vonzer\u0151 sz\u00e1m\u00e1ra.<\/li>\n<li>\ud83d\udd01 <strong>6 az 1-ben multi \u00edz:<\/strong> Hatf\u00e9le \u00edz kapcsolhat\u00f3 egyetlen k\u00e9sz\u00fcl\u00e9kben - helyet takar\u00edt meg a polcokon \u00e9s n\u00f6veli a v\u00e1s\u00e1rl\u00f3k v\u00e1laszt\u00e9k\u00e1t.<\/li>\n<li>\ud83d\udcca <strong>LED k\u00e9perny\u0151:<\/strong> Val\u00f3s idej\u0171 akkumul\u00e1tor- \u00e9s haszn\u00e1lati visszajelz\u00e9s a jobb felhaszn\u00e1l\u00f3i \u00e9lm\u00e9ny \u00e9rdek\u00e9ben.<\/li>\n<li>\u26a1 <strong>\u00dajrat\u00f6lthet\u0151:<\/strong> 650mAh akkumul\u00e1tor C-t\u00edpus\u00fa gyorst\u00f6lt\u00e9ssel a k\u00e9nyelem \u00e9rdek\u00e9ben.<\/li>\n<li>\ud83d\udd25 <strong>Kett\u0151s h\u00e1l\u00f3s tekercs:<\/strong> Gyorsabb felmeleged\u00e9s \u00e9s gazdagabb \u00edzkihozatal.<\/li>\n<li>\ud83d\udce6 <strong>Nagykereskedelem k\u00e9sz:<\/strong> 10 db dobozonk\u00e9nt - racionaliz\u00e1lt a forgalmaz\u00f3k \u00e9s a vape shopok sz\u00e1m\u00e1ra.<\/li>\n<\/ul>\n<h3>M\u0171szaki adatok<\/h3>\n<table>\n<tbody>\n<tr>\n<th>Funkci\u00f3<\/th>\n<th>Specifik\u00e1ci\u00f3<\/th>\n<\/tr>\n<tr>\n<td>Modell<\/td>\n<td>FiHP 120000 6in1 t\u00f6bbf\u00e9le \u00edzben<\/td>\n<\/tr>\n<tr>\n<td>Funkci\u00f3<\/td>\n<td>LED k\u00e9perny\u0151vel, 6 \u00edzes\u00edt\u00e9ssel<\/td>\n<\/tr>\n<tr>\n<td>Puffok<\/td>\n<td>120000 PUFFS<\/td>\n<\/tr>\n<tr>\n<td>Folyad\u00e9k t\u00e9rfogata<\/td>\n<td>64 ml<\/td>\n<\/tr>\n<tr>\n<td>T\u00f6lt\u0151 interf\u00e9sz<\/td>\n<td>C-t\u00edpus\u00fa<\/td>\n<\/tr>\n<tr>\n<td>Az akkumul\u00e1tor kapacit\u00e1sa<\/td>\n<td>650 mAh (\u00fajrat\u00f6lthet\u0151)<\/td>\n<\/tr>\n<tr>\n<td>Tekercs t\u00edpusa<\/td>\n<td>Dual Mesh tekercs<\/td>\n<\/tr>\n<tr>\n<td>Nikotin<\/td>\n<td>2% \/ 5%<\/td>\n<\/tr>\n<tr>\n<td>Csomagol\u00e1s<\/td>\n<td>10 db \/ doboz<\/td>\n<\/tr>\n<\/tbody>\n<\/table>\n<h3>\u00cdzek (6 csoport)<\/h3>\n<ul>\n<li><strong>01. csoport:<\/strong> G\u00f6r\u00f6gdinnye j\u00e9g, \u00e1fonya j\u00e9g, Red Bull, eper kiwi, citromos lime, eper g\u00f6r\u00f6gdinnye.<\/li>\n<li><strong>02. csoport:<\/strong> Eper Ban\u00e1n, Dupla alma, M\u00e1lna G\u00f6r\u00f6gdinnye, Savany\u00fa mang\u00f3 anan\u00e1sz, Tr\u00f3pusi gy\u00fcm\u00f6lcs, Citromos barack.<\/li>\n<li><strong>03. csoport:<\/strong> Anan\u00e1sz-k\u00f3kusz, Blue Razz, Vegyes bogy\u00f3s gy\u00fcm\u00f6lcs\u00f6k, Mang\u00f3-barack, \u00e1fonya-m\u00e1lna, eper-van\u00edlia k\u00f3la.<\/li>\n<li><strong>04. csoport:<\/strong> Grape Ice, Black Dragon Ice, Fizzy Cherry Ice, Peach Berry, Triple Melon, Gummy Bear.<\/li>\n<li><strong>05-\u00f6s csoport:<\/strong> Cherry Cola Ice, Mango Ice, Peach Ice, Rainbow Candy, Love 666, Blueberry Cotton Candy.<\/li>\n<li><strong>06. csoport:<\/strong> Aloe Lychee Ice, Glacier Ice, Black Currant Ice, Pink Lemon, Pine Needle Mint, Watermelon Lemon.<\/li>\n<\/ul>\n<p>A FiHP 120000 6 az 1-ben t\u00f6k\u00e9letes a neh\u00e9z felhaszn\u00e1l\u00f3k, az \u00edzek \u00fcld\u00f6z\u0151i, a vape shopok \u00e9s a nagykereskedelmi forgalmaz\u00e1s sz\u00e1m\u00e1ra. A 120K puff, a hat \u00edz, a LED visszajelz\u00e9s \u00e9s az \u00fajrat\u00f6lthet\u0151 akkumul\u00e1tor kombin\u00e1ci\u00f3ja megb\u00edzhat\u00f3 bestsellerr\u00e9 teszi az eur\u00f3pai piacokon. \ud83d\ude9a\ud83c\udfea<\/p>\n<h3>GYIK<\/h3>\n<ul>\n<li><strong>Q:<\/strong> H\u00e1ny slukkot haszn\u00e1l egy k\u00e9sz\u00fcl\u00e9k? <strong>A:<\/strong> 120.000 slukk.<\/li>\n<li><strong>Q:<\/strong> \u00dajrat\u00f6lthet\u0151? <strong>A:<\/strong> Igen - 650 mAh kapacit\u00e1s\u00fa akkumul\u00e1tor USB Type-C t\u00f6lt\u00e9ssel.<\/li>\n<li><strong>Q:<\/strong> Hogyan v\u00e1ltoztatj\u00e1k meg a felhaszn\u00e1l\u00f3k az \u00edzeket? <strong>A:<\/strong> A k\u00e9sz\u00fcl\u00e9k 6 az 1-ben \u00edzrendszerrel rendelkezik, amely lehet\u0151v\u00e9 teszi a felhaszn\u00e1l\u00f3k sz\u00e1m\u00e1ra, hogy hat el\u0151re bet\u00f6lt\u00f6tt \u00edz k\u00f6z\u00fcl v\u00e1ltsanak.<\/li>\n<li><strong>Q:<\/strong> Milyen nikotin er\u0151ss\u00e9g\u0171 term\u00e9kek \u00e1llnak rendelkez\u00e9sre? <strong>A:<\/strong> 2% \u00e9s 5% nikotins\u00f3 opci\u00f3k.<\/li>\n<li><strong>Q:<\/strong> Csomagol\u00e1s r\u00e9szletei? <strong>A:<\/strong> 10 db dobozonk\u00e9nt - ide\u00e1lis a nagy- \u00e9s kiskereskedelemben val\u00f3 megjelen\u00edt\u00e9shez.<\/li>\n<\/ul>\n<p><img data-recalc-dims=\"1\" decoding=\"async\" style=\"max-width: 100%; height: auto; display: block; margin: 0 auto;\" src=\"https:\/\/i0.wp.com\/volovape.com\/wp-content\/uploads\/2025\/10\/Y76-10013.jpg?ssl=1\" alt=\"FiHP 120000 6 az 1-ben \" title=\"\"><\/p>","protected":false},"excerpt":{"rendered":"<p>A FiHP 120K 6 az 1-ben 1 ak\u00e1r <strong>120,000 puff<\/strong> egy okos <strong>LED k\u00e9perny\u0151<\/strong> \u00e9s hat v\u00e1laszthat\u00f3 \u00edzes\u00edt\u00e9ssel - a forgalmaz\u00f3k \u00e9s a nagy ig\u00e9ny\u0171 felhaszn\u00e1l\u00f3k sz\u00e1m\u00e1ra. \ud83d\udcbc\ud83d\udca8<\/p>","protected":false},"featured_media":37836,"comment_status":"open","ping_status":"closed","template":"","meta":[],"product_brand":[238],"product_cat":[46,249,231,230],"product_tag":[250,251,252,253,254,255,256,257,258,259,260],"class_list":{"0":"post-37807","1":"product","2":"type-product","3":"status-publish","4":"has-post-thumbnail","6":"product_brand-fihp","7":"product_cat-fihp","8":"product_cat-100k-puffs-disposable-vape","9":"product_cat-60000-puffs-disposable-vape","10":"product_cat-new","11":"product_tag-120000-puffs-vape","12":"product_tag-6-in-1-flavor-vape","13":"product_tag-bulk-vape-wholesale-eu","14":"product_tag-dual-mesh-coil-vape","15":"product_tag-fihp-120k","16":"product_tag-high-puff-count-disposable-vape","17":"product_tag-led-screen-vape","18":"product_tag-long-lasting-vape-europe","19":"product_tag-multi-flavor-disposable-vape","20":"product_tag-rechargeable-disposable-vape","21":"product_tag-smart-display-vape","23":"first","24":"instock","25":"shipping-taxable","26":"purchasable","27":"product-type-variable","28":"has-default-attributes"},"jetpack_sharing_enabled":true,"tiered_pricing_type":"fixed","tiered_pricing_fixed_rules":[],"tiered_pricing_product_settings":{"layout":"default","base_unit_name":{"singular":null,"plural":null},"default_variation":null},"tiered_pricing_minimum_quantity":1000,"tiered_pricing_roles_data":[],"tiered_pricing_percentage_rules":[],"tiered_pricing_maximum_quantity":null,"tiered_pricing_quantity_step":"10","_links":{"self":[{"href":"https:\/\/volovape.com\/hu\/wp-json\/wp\/v2\/product\/37807","targetHints":{"allow":["GET"]}}],"collection":[{"href":"https:\/\/volovape.com\/hu\/wp-json\/wp\/v2\/product"}],"about":[{"href":"https:\/\/volovape.com\/hu\/wp-json\/wp\/v2\/types\/product"}],"replies":[{"embeddable":true,"href":"https:\/\/volovape.com\/hu\/wp-json\/wp\/v2\/comments?post=37807"}],"wp:featuredmedia":[{"embeddable":true,"href":"https:\/\/volovape.com\/hu\/wp-json\/wp\/v2\/media\/37836"}],"wp:attachment":[{"href":"https:\/\/volovape.com\/hu\/wp-json\/wp\/v2\/media?parent=37807"}],"wp:term":[{"taxonomy":"product_brand","embeddable":true,"href":"https:\/\/volovape.com\/hu\/wp-json\/wp\/v2\/product_brand?post=37807"},{"taxonomy":"product_cat","embeddable":true,"href":"https:\/\/volovape.com\/hu\/wp-json\/wp\/v2\/product_cat?post=37807"},{"taxonomy":"product_tag","embeddable":true,"href":"https:\/\/volovape.com\/hu\/wp-json\/wp\/v2\/product_tag?post=37807"}],"curies":[{"name":"wp","href":"https:\/\/api.w.org\/{rel}","templated":true}]}}