{"id":37431,"date":"2025-09-11T09:48:26","date_gmt":"2025-09-11T09:48:26","guid":{"rendered":"https:\/\/volovape.com\/?post_type=product&#038;p=37431"},"modified":"2026-04-14T05:53:35","modified_gmt":"2026-04-14T05:53:35","slug":"bang-king-ice-cool-60k-60000-puffs-eldobhato-vape-allithato-huvosseggel","status":"publish","type":"product","link":"https:\/\/volovape.com\/hu\/product\/bang-king-ice-cool-60k-60000-puffs-disposable-vape-with-adjustable-coolness\/","title":{"rendered":"BANG KING ICE COOL 60K 60000 Puffs | 5-szint\u0171 \u00e1ll\u00edthat\u00f3 h\u0171v\u00f6ss\u00e9g\u0171 \u00f6mlesztett eldobhat\u00f3 vape"},"content":{"rendered":"<h2>Mi\u00e9rt v\u00e1lassza az Bang King Ice Cool 60K-t?<\/h2>\n<ul>\n<li>\ud83d\udd25 <strong>Ak\u00e1r 60,000 f\u00faj\u00e1s<\/strong> - a meghosszabb\u00edtott \u00e9lettartam megsp\u00f3rolja a felt\u00f6lt\u00e9st \u00e9s n\u00f6veli a vev\u0151i \u00e9rt\u00e9ket<\/li>\n<li>\u2744\ufe0f <strong>5 fokozatban \u00e1ll\u00edthat\u00f3 h\u0171v\u00f6ss\u00e9g<\/strong> - testreszabott torok\u00fct\u00e9s \u00e9s h\u0171v\u00f6s \u00e9rz\u00e9s minden v\u00e1s\u00e1rl\u00f3 sz\u00e1m\u00e1ra<\/li>\n<li>\ud83d\udd0b <strong>850mAh \u00fajrat\u00f6lthet\u0151 akkumul\u00e1tor<\/strong> C-t\u00edpus\u00fa t\u00f6lt\u00e9ssel - megb\u00edzhat\u00f3 energiaell\u00e1t\u00e1s \u00e9s gyors felt\u00f6lt\u00e9s<\/li>\n<li>\ud83c\udf00 <strong>H\u00e1l\u00f3 1.0\u03a9 tekercs<\/strong> - sima g\u0151z \u00e9s gazdag \u00edzvil\u00e1g minden slukkban<\/li>\n<li>\ud83d\udcfa <strong>LED k\u00e9perny\u0151<\/strong> mutatja az akkumul\u00e1tor \u00e9s az e-folyad\u00e9k \u00e1llapot\u00e1t - cs\u00f6kkenti a meglepet\u00e9seket az \u00e9rt\u00e9kes\u00edt\u00e9si ponton<\/li>\n<li>\ud83d\udca7 <strong>25 ml e-liquid \u0171rtartalom<\/strong> - nagy tart\u00e1ly a hosszan tart\u00f3 \u00e9lvezet\u00e9rt<\/li>\n<li>\ud83d\udce6 <strong>Nagykereskedelemre k\u00e9sz: 10 db\/csomag<\/strong> - optimaliz\u00e1lva a forgalmaz\u00f3k \u00e9s a kiskereskedelem polcaira<\/li>\n<li>\ud83c\udf21\ufe0f T\u00f6bbf\u00e9le nikotinv\u00e1laszt\u00e9k (2%, 3%, 5%) - mind az enyhe, mind a mer\u00e9szebb preferenci\u00e1j\u00fa v\u00e1s\u00e1rl\u00f3k kiszolg\u00e1l\u00e1sa<\/li>\n<\/ul>\n<h2>M\u0171szaki adatok<\/h2>\n<table border=\"1\" cellpadding=\"6\">\n<tbody>\n<tr>\n<td><strong>Term\u00e9k neve<\/strong><\/td>\n<td>Bang King Ice Cool 60K<\/td>\n<\/tr>\n<tr>\n<td><strong>Puff Count<\/strong><\/td>\n<td>Ak\u00e1r 60,000 f\u00faj\u00e1s<\/td>\n<\/tr>\n<tr>\n<td><strong>Nikotin Er\u0151<\/strong><\/td>\n<td>2% \/ 3% \/ 5%<\/td>\n<\/tr>\n<tr>\n<td><strong>E-folyad\u00e9k kapacit\u00e1s<\/strong><\/td>\n<td>25 ml<\/td>\n<\/tr>\n<tr>\n<td><strong>Tekercs<\/strong><\/td>\n<td>H\u00e1l\u00f3 1.0\u03a9<\/td>\n<\/tr>\n<tr>\n<td><strong>Akkumul\u00e1tor<\/strong><\/td>\n<td>850mAh \u00fajrat\u00f6lthet\u0151<\/td>\n<\/tr>\n<tr>\n<td><strong>\u00c1ll\u00edthat\u00f3 h\u0171v\u00f6ss\u00e9g<\/strong><\/td>\n<td>5 szint<\/td>\n<\/tr>\n<tr>\n<td><strong>LED k\u00e9perny\u0151<\/strong><\/td>\n<td>Igen - akkumul\u00e1tor \u00e9s e-folyad\u00e9k kijelz\u0151k<\/td>\n<\/tr>\n<tr>\n<td><strong>T\u00f6lt\u0151 port<\/strong><\/td>\n<td>C-t\u00edpus\u00fa<\/td>\n<\/tr>\n<tr>\n<td><strong>Csomagol\u00e1s<\/strong><\/td>\n<td>10 db \/ csomag (nagykereskedelmi kiszerel\u00e9sben)<\/td>\n<\/tr>\n<tr>\n<td><strong>\u00cdzek<\/strong><\/td>\n<td>12 pr\u00e9mium opci\u00f3<\/td>\n<\/tr>\n<\/tbody>\n<\/table>\n<h2>\u00cdzek - Gyors k\u00f3stol\u00e1si \u00fatmutat\u00f3 \ud83c\udf53<\/h2>\n<ul>\n<li><strong>Blue Razz Ice<\/strong> - fanyar k\u00e9k m\u00e1lna h\u0171v\u00f6s befejez\u00e9ssel \u2744\ufe0f<\/li>\n<li><strong>Epres g\u00f6r\u00f6gdinnye<\/strong> - \u00e9des eper tal\u00e1lkozik l\u00e9d\u00fas g\u00f6r\u00f6gdinny\u00e9vel \ud83c\udf53\ud83c\udf49<\/li>\n<li><strong>G\u00f6r\u00f6gdinnye j\u00e9g<\/strong> - tiszta, friss\u00edt\u0151 g\u00f6r\u00f6gdinnye jeges jegyekkel \ud83e\uddca<\/li>\n<li><strong>Barack j\u00e9g<\/strong> - \u00e9rett \u0151szibarack \u00e9dess\u00e9g, h\u0171v\u00f6s mentollal egyens\u00falyozva \ud83c\udf51<\/li>\n<li><strong>Sz\u0151l\u0151 j\u00e9g<\/strong> - mer\u00e9sz sz\u0151l\u0151\u00edz fagyos \u00e9llel \ud83c\udf47<\/li>\n<li><strong>Ijeszt\u0151 bogy\u00f3<\/strong> - titokzatos vegyes bogy\u00f3s gy\u00fcm\u00f6lcs\u00f6k a mer\u00e9sz \u00edzek kedvel\u0151inek \ud83d\udc7b<\/li>\n<li><strong>Cherry Strazz<\/strong> - \u00e9l\u00e9nk cseresznye egy csipetnyi \u00e9dess\u00e9ggel \ud83c\udf52<\/li>\n<li><strong>Mang\u00f3 var\u00e1zslat<\/strong> - tr\u00f3pusi mang\u00f3 robban\u00e1s sima befejez\u00e9ssel \ud83e\udd6d<\/li>\n<li><strong>Eper s\u00e1rk\u00e1nygy\u00fcm\u00f6lcs<\/strong> - egzotikus kever\u00e9k, \u00e9des \u00e9s vir\u00e1gos \ud83c\udf3a<\/li>\n<li><strong>Tigrisv\u00e9r<\/strong> - \u00f6sszetett tr\u00f3pusi gy\u00fcm\u00f6lcsf\u00fazi\u00f3 mer\u00e9sz jegyzetekkel \ud83d\udc2f<\/li>\n<li><strong>Ny\u00e1ri csobban\u00e1s<\/strong> - k\u00f6nny\u0171, friss\u00edt\u0151 gy\u00fcm\u00f6lcsmedley a meleg napokra \u2600\ufe0f<\/li>\n<li><strong>Sour Lush gumicukor<\/strong> - cukorkaszer\u0171 savany\u00fa \u00e9s \u00e9des finoms\u00e1g \ud83c\udf6c<\/li>\n<\/ul>\n<h2>GYIK \ud83e\udd14<\/h2>\n<p><strong>K: Mennyi ideig tart egy k\u00e9sz\u00fcl\u00e9k?<\/strong><br \/>\nV: A k\u00e9sz\u00fcl\u00e9k 60 000 f\u00faj\u00e1sig haszn\u00e1lhat\u00f3. A t\u00e9nyleges \u00e9lettartam a puffol\u00e1s hossz\u00e1t\u00f3l \u00e9s gyakoris\u00e1g\u00e1t\u00f3l f\u00fcgg, de a k\u00e9sz\u00fcl\u00e9ket hossz\u00fa t\u00e1v\u00fa haszn\u00e1latra tervezt\u00e9k, hogy cs\u00f6kkentse a p\u00f3tl\u00e1si ig\u00e9nyeket.<\/p>\n<p><strong>K: Az Bang King Ice Cool 60K \u00fajrat\u00f6lthet\u0151?<\/strong><br \/>\nV: Igen - 850mAh-s \u00fajrat\u00f6lthet\u0151 akkumul\u00e1tort \u00e9s Type-C t\u00f6lt\u00e9st tartalmaz a gyors felt\u00f6lt\u00e9shez.<\/p>\n<p><strong>K: Az \u00fcgyfelek be\u00e1ll\u00edthatj\u00e1k a h\u0171t\u00e9si szintet?<\/strong><br \/>\nV: Igen - 5 \u00e1ll\u00edthat\u00f3 h\u0171v\u00f6ss\u00e9gi szint van, \u00edgy a felhaszn\u00e1l\u00f3k v\u00e1laszthatnak az enyh\u00e9t\u0151l a jeges \u00e9rz\u00e9sig.<\/p>\n<p><strong>K: Milyen nikotin er\u0151ss\u00e9g\u0171 term\u00e9kek \u00e1llnak rendelkez\u00e9sre?<\/strong><br \/>\nV: 2%, 3% \u00e9s 5% nikotin er\u0151ss\u00e9gben kaphat\u00f3, hogy megfeleljen a k\u00fcl\u00f6nb\u00f6z\u0151 v\u00e1s\u00e1rl\u00f3i preferenci\u00e1knak.<\/p>\n<p><strong>K: Ez az eszk\u00f6z \u00fajrat\u00f6lthet\u0151 vagy \u00fajrafelhaszn\u00e1lhat\u00f3?<\/strong><br \/>\nV: Ezt a modellt eldobhat\u00f3 eszk\u00f6znek tervezt\u00e9k - nincs \u00fajrat\u00f6lt\u00e9s vagy tekercscsere. Sz\u00fcks\u00e9g szerint t\u00f6ltse \u00fajra az akkumul\u00e1tort, am\u00edg az e-folyad\u00e9k ki nem mer\u00fcl.<\/p>\n<p><strong>K: Milyen csomagol\u00e1s \u00e1ll rendelkez\u00e9sre a kiskeresked\u0151k sz\u00e1m\u00e1ra?<\/strong><br \/>\nV: A term\u00e9ket 10 db\/csomagol\u00e1sban csomagoljuk, polcmegjelen\u00edt\u00e9sre \u00e9s nagykereskedelmi megrendel\u00e9sekre optimaliz\u00e1lva.<\/p>\n<h2>T\u00f6k\u00e9letes - Kinek \u00e9rdemes ezt rakt\u00e1rozni? \u2705<\/h2>\n<p><strong>Bang King Ice Cool 60K<\/strong> ide\u00e1lis a neh\u00e9z felhaszn\u00e1l\u00f3k, az \u00edzek hajszol\u00f3i, a vape shopok \u00e9s a nagykereskedelmi forgalmaz\u00f3k sz\u00e1m\u00e1ra. Hossz\u00fa puff \u00e9lettartam\u00e1val, \u00e1ll\u00edthat\u00f3 h\u0171v\u00f6ss\u00e9g\u00e9vel, megb\u00edzhat\u00f3 akkumul\u00e1tor\u00e1val \u00e9s 12 t\u00f6megeket vonz\u00f3 \u00edz\u00e9vel ez egy magas \u00e1rr\u00e9s\u0171, a v\u00e1s\u00e1rl\u00f3k \u00e1ltal kedvelt SKU, amely cs\u00f6kkenti a felt\u00f6lt\u00e9si gyakoris\u00e1got \u00e9s n\u00f6veli az ism\u00e9tl\u0151d\u0151 elad\u00e1sokat. \ud83c\udf1f<\/p>","protected":false},"excerpt":{"rendered":"<p><strong>Hossz\u00fa \u00e9lettartam\u00fa 60,000 f\u00faj\u00e1s<\/strong> eldobhat\u00f3 vape 5 fokozatban \u00e1ll\u00edthat\u00f3 h\u0171v\u00f6ss\u00e9ggel, LED kijelz\u0151vel \u00e9s 12 pr\u00e9mium \u00edzzel - ide\u00e1lis vape shopoknak, forgalmaz\u00f3knak \u00e9s er\u0151s felhaszn\u00e1l\u00f3knak. \ud83d\ude80<\/p>","protected":false},"featured_media":37482,"comment_status":"open","ping_status":"closed","template":"","meta":[],"product_brand":[227],"product_cat":[61,230],"product_tag":[],"class_list":{"0":"post-37431","1":"product","2":"type-product","3":"status-publish","4":"has-post-thumbnail","6":"product_brand-bang","7":"product_cat-bang","8":"product_cat-new","10":"first","11":"instock","12":"shipping-taxable","13":"purchasable","14":"product-type-variable","15":"has-default-attributes"},"jetpack_sharing_enabled":true,"tiered_pricing_type":"fixed","tiered_pricing_fixed_rules":{"30":8.4000000000000003552713678800500929355621337890625,"50":6.6699999999999999289457264239899814128875732421875,"100":6.4199999999999999289457264239899814128875732421875,"200":5.79999999999999982236431605997495353221893310546875,"400":5.4900000000000002131628207280300557613372802734375},"tiered_pricing_product_settings":{"layout":"default","base_unit_name":{"singular":null,"plural":null},"default_variation":null},"tiered_pricing_minimum_quantity":10,"tiered_pricing_roles_data":[],"tiered_pricing_percentage_rules":[],"tiered_pricing_maximum_quantity":null,"tiered_pricing_quantity_step":"10","_links":{"self":[{"href":"https:\/\/volovape.com\/hu\/wp-json\/wp\/v2\/product\/37431","targetHints":{"allow":["GET"]}}],"collection":[{"href":"https:\/\/volovape.com\/hu\/wp-json\/wp\/v2\/product"}],"about":[{"href":"https:\/\/volovape.com\/hu\/wp-json\/wp\/v2\/types\/product"}],"replies":[{"embeddable":true,"href":"https:\/\/volovape.com\/hu\/wp-json\/wp\/v2\/comments?post=37431"}],"wp:featuredmedia":[{"embeddable":true,"href":"https:\/\/volovape.com\/hu\/wp-json\/wp\/v2\/media\/37482"}],"wp:attachment":[{"href":"https:\/\/volovape.com\/hu\/wp-json\/wp\/v2\/media?parent=37431"}],"wp:term":[{"taxonomy":"product_brand","embeddable":true,"href":"https:\/\/volovape.com\/hu\/wp-json\/wp\/v2\/product_brand?post=37431"},{"taxonomy":"product_cat","embeddable":true,"href":"https:\/\/volovape.com\/hu\/wp-json\/wp\/v2\/product_cat?post=37431"},{"taxonomy":"product_tag","embeddable":true,"href":"https:\/\/volovape.com\/hu\/wp-json\/wp\/v2\/product_tag?post=37431"}],"curies":[{"name":"wp","href":"https:\/\/api.w.org\/{rel}","templated":true}]}}