{"id":359,"date":"2024-11-21T03:29:22","date_gmt":"2024-11-21T03:29:22","guid":{"rendered":"https:\/\/volovape.com\/?post_type=product&#038;p=359"},"modified":"2025-07-07T03:40:40","modified_gmt":"2025-07-07T03:40:40","slug":"elf-box-digitalis-12000-puff","status":"publish","type":"product","link":"https:\/\/volovape.com\/hu\/product\/elf-box-digital-12000-puffs\/","title":{"rendered":"ELF BOX Digital 12000 Puffs eldobhat\u00f3 vape - 0.8\u03a9 Mesh tekercs, \u00fajrat\u00f6lthet\u0151, kijelz\u0151"},"content":{"rendered":"<p><iframe title=\"VideoPress Video Player\" aria-label='VideoPress Video Player' width='500' height='281' src='https:\/\/videopress.com\/embed\/W9CpuhPq?hd=0&amp;cover=1' frameborder='0' allowfullscreen allow='clipboard-write'><\/iframe><script src='https:\/\/v0.wordpress.com\/js\/next\/videopress-iframe.js?m=1739540970'><\/script><\/p>\n<p><strong>ELF BOX Digital 12000 Puffs Eldobhat\u00f3 Vape<\/strong> - Nagy kapacit\u00e1s\u00fa vaping digit\u00e1lis kijelz\u0151vel \u00e9s h\u00e1l\u00f3s tekercs precizit\u00e1ssal.<\/p>\n<p>A <strong>ELF BOX Digital 12000<\/strong> Az eldobhat\u00f3 vape hosszabb haszn\u00e1latra lett tervezve, \u00e9s egy pillant\u00e1ssal biztos\u00edtja a legfontosabb p\u00e1rologtat\u00e1si inform\u00e1ci\u00f3kat. Ak\u00e1r <strong>12,000 puff<\/strong> egy nagyvonal\u00fa <strong>25ml e-folyad\u00e9k tart\u00e1ly<\/strong> \u00e9s egy <strong>500mAh \u00fajrat\u00f6lthet\u0151 akkumul\u00e1tor<\/strong>. A <strong>0,8\u03a9-os h\u00e1l\u00f3s tekercs<\/strong> sima, gazdag \u00e9s \u00edzletes g\u0151zt biztos\u00edt. A legfontosabb jellemz\u0151je a <strong>integr\u00e1lt digit\u00e1lis kijelz\u0151<\/strong>, amely az akkumul\u00e1tor \u00e9lettartam\u00e1t \u00e9s a haszn\u00e1lati inform\u00e1ci\u00f3kat mutatja. Ez a k\u00e9sz\u00fcl\u00e9k sz\u00e9les v\u00e1laszt\u00e9kot k\u00edn\u00e1l <strong>20 \u00edz<\/strong> \u00e9s nikotin er\u0151ss\u00e9g\u0171 <strong>0%, 2%, 3% \u00e9s 5%<\/strong>. A k\u00e9sz\u00fcl\u00e9ket a hordozhat\u00f3s\u00e1g \u00e9s a k\u00e9nyelem \u00e9rdek\u00e9ben tervezt\u00e9k, \u00e9s a dobozb\u00f3l kiv\u00e9ve azonnal haszn\u00e1latra k\u00e9sz.<\/p>\n<h3><strong>ELF BOX Digital 12000 Jellemz\u0151k:<\/strong><\/h3>\n<ul>\n<li>Puff: Puffok: Ak\u00e1r 12,000 puff<\/li>\n<li>E-folyad\u00e9k kapacit\u00e1s: 25mL<\/li>\n<li>Akkumul\u00e1tor: 500mAh (\u00fajrat\u00f6lthet\u0151)<\/li>\n<li>T\u00f6lt\u00e9s: C-t\u00edpus\u00fa<\/li>\n<li>Tekercs: 0.8\u03a9 Mesh tekercs<\/li>\n<li>Megjelen\u00edt\u00e9s: Digit\u00e1lis kijelz\u0151<\/li>\n<li>Nikotin Er\u0151ss\u00e9gek: 0%, 2%, 3%, 5%<\/li>\n<li>\u00cdzek: 20 egyedi lehet\u0151s\u00e9g<\/li>\n<li>Eldobhat\u00f3 eszk\u00f6z<\/li>\n<\/ul>\n<h4>GYIK<\/h4>\n<h5>Hogyan jav\u00edtja a digit\u00e1lis kijelz\u0151 a p\u00e1rologtat\u00e1si \u00e9lm\u00e9nyt?<\/h5>\n<p>A be\u00e9p\u00edtett digit\u00e1lis kijelz\u0151n a felhaszn\u00e1l\u00f3k azonnal t\u00e1j\u00e9koz\u00f3dhatnak az akkumul\u00e1tor \u00e9lettartam\u00e1r\u00f3l \u00e9s haszn\u00e1lat\u00e1r\u00f3l. Ez a funkci\u00f3 lehet\u0151v\u00e9 teszi a k\u00e9sz\u00fcl\u00e9k jobb fel\u00fcgyelet\u00e9t \u00e9s kezel\u00e9s\u00e9t, \u00edgy biztos\u00edtva a t\u00e1j\u00e9kozottabb \u00e9s k\u00e9nyelmesebb p\u00e1rol\u00e1si \u00e9lm\u00e9nyt.<\/p>\n<h5>Milyen sz\u00e1ll\u00edt\u00e1si m\u00f3dokat haszn\u00e1lnak?<\/h5>\n<p>Megb\u00edzhat\u00f3 sz\u00e1ll\u00edtm\u00e1nyoz\u00f3kkal, p\u00e9ld\u00e1ul a UPS, a DHL, a FedEx \u00e9s a DPD partnerek\u00e9nt biztos\u00edtjuk, hogy megrendel\u00e9s\u00e9t gyorsan \u00e9s biztons\u00e1gosan k\u00e9zbes\u00edts\u00fck. A leghat\u00e9konyabb sz\u00e1ll\u00edt\u00e1si m\u00f3dot az \u00d6n tart\u00f3zkod\u00e1si helye alapj\u00e1n v\u00e1lasztjuk ki a sz\u00e1ll\u00edt\u00e1si sebess\u00e9g \u00e9s megb\u00edzhat\u00f3s\u00e1g optimaliz\u00e1l\u00e1sa \u00e9rdek\u00e9ben.<\/p>\n<h5>Mennyi id\u0151 alatt \u00e9rkezik meg a rendel\u00e9sem?<\/h5>\n<p>A sz\u00e1ll\u00edt\u00e1s \u00e1ltal\u00e1ban 7-15 munkanapot vesz ig\u00e9nybe. K\u00e9rj\u00fck azonban, hogy \u00fcnnepnapokon vagy kedvez\u0151tlen id\u0151j\u00e1r\u00e1si k\u00f6r\u00fclm\u00e9nyek k\u00f6z\u00f6tt ak\u00e1r 20 munkanapot is enged\u00e9lyezzen, ami kisebb k\u00e9sedelmet okozhat a sz\u00e1ll\u00edt\u00e1sban.<\/p>\n<h5>Lesznek-e v\u00e1mprobl\u00e9m\u00e1im vagy tov\u00e1bbi d\u00edjak?<\/h5>\n<p>Minden v\u00e1mkezel\u00e9si elj\u00e1r\u00e1st mi v\u00e9gz\u00fcnk, garant\u00e1lva a z\u00f6kken\u0151mentes \u00e9s probl\u00e9mamentes lebonyol\u00edt\u00e1st. \u00d6nnek nem kell tov\u00e1bbi ad\u00f3kat vagy d\u00edjakat fizetnie. Biztos\u00edtjuk, hogy 100% term\u00e9keinket sikeresen v\u00e1mkezelj\u00fck.<\/p>\n<h5>Biztons\u00e1gos \u00e9s megb\u00edzhat\u00f3 a v\u00e1s\u00e1rl\u00e1s az oldal\u00e1r\u00f3l?<\/h5>\n<p>Igen, biztons\u00e1gos PayPal tranzakci\u00f3kat k\u00edn\u00e1lunk a v\u00e1s\u00e1rl\u00f3 v\u00e9delm\u00e9vel. Megb\u00edzhat\u00f3s\u00e1gunkat ellen\u0151rizheti a v\u00e1s\u00e1rl\u00f3i v\u00e9lem\u00e9nyek ellen\u0151rz\u00e9s\u00e9vel is. <a href=\"https:\/\/www.trustpilot.com\/review\/volovape.com?utm_medium=trustbox&amp;utm_source=TrustBoxReviewCollector\">Trustpilot<\/a>, ahol el\u00e9gedett \u00fcgyfelek besz\u00e1mol\u00f3it tal\u00e1lja.<\/p>","protected":false},"excerpt":{"rendered":"<p>\u00c9lvezze a t\u00e1j\u00e9kozott p\u00e1rologtat\u00e1st az ELF BOX Digital 12000 Puffs k\u00e9sz\u00fcl\u00e9kkel. Digit\u00e1lis kijelz\u0151, 0.8\u03a9 h\u00e1l\u00f3, 25ml, \u00fajrat\u00f6lthet\u0151. Ide\u00e1lis szem\u00e9lyes \u00e9lvezethez vagy nagykereskedelemhez, hosszan tart\u00f3 \u00edzt \u00e9s v\u00e1ltozatos nikotinopci\u00f3kat k\u00edn\u00e1l.<\/p>","protected":false},"featured_media":458,"comment_status":"open","ping_status":"closed","template":"","meta":[],"product_brand":[],"product_cat":[54,38,21,18,39,20,23,24,22,25,26,27,28,29,30,31,32,33,34,35,36,40],"product_tag":[],"class_list":{"0":"post-359","1":"product","2":"type-product","3":"status-publish","4":"has-post-thumbnail","6":"product_cat-elf-box","7":"product_cat-12000-puffs-disposable-vape","8":"product_cat-big-puffs-vapes","9":"product_cat-different-puffs-of-disposable-vapes","10":"product_cat-digital-box-vapes","11":"product_cat-disposable-vape-types","12":"product_cat-disposable-vapes-in-austria","13":"product_cat-disposable-vapes-in-belgium","14":"product_cat-disposable-vapes-in-europe","15":"product_cat-disposable-vapes-in-france","16":"product_cat-disposable-vapes-in-germany","17":"product_cat-disposable-vapes-in-hungary","18":"product_cat-disposable-vapes-in-ltaly","19":"product_cat-disposable-vapes-in-netherlands","20":"product_cat-disposable-vapes-in-norway","21":"product_cat-disposable-vapes-in-poland","22":"product_cat-disposable-vapes-in-portugal","23":"product_cat-disposable-vapes-in-spain","24":"product_cat-disposable-vapes-in-sweden","25":"product_cat-disposable-vapes-in-switzerland","26":"product_cat-rechargeable-vapes","27":"product_cat-smart-screen-vapes","29":"first","30":"instock","31":"shipping-taxable","32":"purchasable","33":"product-type-variable","34":"has-default-attributes"},"jetpack_sharing_enabled":true,"tiered_pricing_type":"fixed","tiered_pricing_fixed_rules":{"2000":5.589999999999999857891452847979962825775146484375},"tiered_pricing_product_settings":{"layout":"default","base_unit_name":{"singular":null,"plural":null},"default_variation":null},"tiered_pricing_minimum_quantity":1000,"tiered_pricing_roles_data":[],"tiered_pricing_percentage_rules":[],"tiered_pricing_maximum_quantity":null,"tiered_pricing_quantity_step":"10","_links":{"self":[{"href":"https:\/\/volovape.com\/hu\/wp-json\/wp\/v2\/product\/359","targetHints":{"allow":["GET"]}}],"collection":[{"href":"https:\/\/volovape.com\/hu\/wp-json\/wp\/v2\/product"}],"about":[{"href":"https:\/\/volovape.com\/hu\/wp-json\/wp\/v2\/types\/product"}],"replies":[{"embeddable":true,"href":"https:\/\/volovape.com\/hu\/wp-json\/wp\/v2\/comments?post=359"}],"wp:featuredmedia":[{"embeddable":true,"href":"https:\/\/volovape.com\/hu\/wp-json\/wp\/v2\/media\/458"}],"wp:attachment":[{"href":"https:\/\/volovape.com\/hu\/wp-json\/wp\/v2\/media?parent=359"}],"wp:term":[{"taxonomy":"product_brand","embeddable":true,"href":"https:\/\/volovape.com\/hu\/wp-json\/wp\/v2\/product_brand?post=359"},{"taxonomy":"product_cat","embeddable":true,"href":"https:\/\/volovape.com\/hu\/wp-json\/wp\/v2\/product_cat?post=359"},{"taxonomy":"product_tag","embeddable":true,"href":"https:\/\/volovape.com\/hu\/wp-json\/wp\/v2\/product_tag?post=359"}],"curies":[{"name":"wp","href":"https:\/\/api.w.org\/{rel}","templated":true}]}}