{"id":357,"date":"2024-11-21T03:29:21","date_gmt":"2024-11-21T03:29:21","guid":{"rendered":"https:\/\/volovape.com\/?post_type=product&#038;p=357"},"modified":"2025-08-06T08:04:15","modified_gmt":"2025-08-06T08:04:15","slug":"mrvi-dragon-13000-puff","status":"publish","type":"product","link":"https:\/\/volovape.com\/hu\/product\/mrvi-dragon-13000-puffs\/","title":{"rendered":"MRVI Dragon 13000 Puffs Eldobhat\u00f3 Vape - Dual Mesh, Dual Mode, \u00fajrat\u00f6lthet\u0151"},"content":{"rendered":"<p><strong>MRVI Dragon 13000 Puffs Eldobhat\u00f3 Vape<\/strong> - Testreszabhat\u00f3 kett\u0151s \u00fczemm\u00f3d\u00fa szaggat\u00e1s kett\u0151s h\u00e1l\u00f3s precizit\u00e1ssal.<\/p>\n<p>A <strong>MRVI Dragon 13000<\/strong> Az eldobhat\u00f3 vape szem\u00e9lyre szabott g\u0151z\u00f6l\u00e9si \u00e9lm\u00e9nyt k\u00edn\u00e1l a kett\u0151s \u00fczemm\u00f3d\u00fa funkcionalit\u00e1ssal \u00e9s a kett\u0151s h\u00e1l\u00f3s tekercs technol\u00f3gi\u00e1val. \u00c9lvezze ak\u00e1r <strong>13,000 puff<\/strong> egy nagyvonal\u00fa <strong>20ml e-folyad\u00e9k tart\u00e1ly<\/strong> \u00e9s a <strong>650mAh \u00fajrat\u00f6lthet\u0151 akkumul\u00e1tor<\/strong>. A <strong>fejlett kett\u0151s h\u00e1l\u00f3s tekercsek<\/strong> k\u00f6vetkezetesen sima, gazdag \u00e9s \u00edzletes g\u0151zt biztos\u00edt. V\u00e1lt\u00e1s a k\u00f6vetkez\u0151k k\u00f6z\u00f6tt <strong>Norm\u00e1l m\u00f3d<\/strong> a k\u00f6vetkezetes kimenethez \u00e9s <strong>Impulzus \u00fczemm\u00f3d<\/strong> az intenz\u00edvebb vaping \u00e9lm\u00e9ny\u00e9rt. V\u00e1lasszon a k\u00f6vetkez\u0151k k\u00f6z\u00fcl <strong>2% \u00e9s 5% nikotin er\u0151ss\u00e9g\u0171ek<\/strong> hogy megfeleljen az \u00d6n preferenci\u00e1inak. A <strong>10 \u00edzletes \u00edzv\u00e1laszt\u00e9k<\/strong>az MRVI Dragon 13000 t\u00f6k\u00e9letes a k\u00f6vetkez\u0151kh\u00f6z <strong>eldobhat\u00f3 vape nagykereskedelem<\/strong>, <strong>t\u00f6meges megrendel\u00e9sek<\/strong>, vagy <strong>szem\u00e9lyes haszn\u00e1lat<\/strong>.<\/p>\n<h3><strong>MRVI Dragon 13000 Jellemz\u0151k:<\/strong><\/h3>\n<ul>\n<li>Puff: Puffok: Ak\u00e1r 13,000 puff<\/li>\n<li>E-folyad\u00e9k kapacit\u00e1s: 20mL<\/li>\n<li>Akkumul\u00e1tor: 650mAh (\u00fajrat\u00f6lthet\u0151)<\/li>\n<li>T\u00f6lt\u00e9s: C-t\u00edpus\u00fa<\/li>\n<li>Tekercs: Mesh tekercsek: Dual Mesh Coils<\/li>\n<li>M\u00f3dok: Impulzus \u00fczemm\u00f3d: Norm\u00e1l \u00fczemm\u00f3d, Impulzus \u00fczemm\u00f3d<\/li>\n<li>Nikotin Er\u0151ss\u00e9gek: 2%, 5%<\/li>\n<li>\u00cdzek: 10 egyed\u00fcl\u00e1ll\u00f3 lehet\u0151s\u00e9g<\/li>\n<li>Eldobhat\u00f3 eszk\u00f6z<\/li>\n<\/ul>\n<h4>GYIK<\/h4>\n<h5>Hogyan jav\u00edtja a kett\u0151s p\u00e1rologtat\u00e1si m\u00f3d a felhaszn\u00e1l\u00f3i \u00e9lm\u00e9nyt?<\/h5>\n<p>A kett\u0151s \u00fczemm\u00f3d funkci\u00f3 lehet\u0151v\u00e9 teszi a felhaszn\u00e1l\u00f3k sz\u00e1m\u00e1ra, hogy testre szabj\u00e1k a p\u00e1rol\u00e1si \u00e9lm\u00e9nyt. A norm\u00e1l \u00fczemm\u00f3d egyenletes kimenetet biztos\u00edt a sima, egyenletes g\u0151z\u00f6l\u00e9shez, m\u00edg a pulzus \u00fczemm\u00f3d intenz\u00edvebb tal\u00e1latot biztos\u00edt az er\u0151sebb \u00e9lm\u00e9nyt keres\u0151k sz\u00e1m\u00e1ra. Ez a sokoldal\u00fas\u00e1g megfelel a k\u00fcl\u00f6nb\u00f6z\u0151 vaping preferenci\u00e1knak.<\/p>\n<h5>Milyen sz\u00e1ll\u00edt\u00e1si m\u00f3dokat haszn\u00e1lnak?<\/h5>\n<p>Megb\u00edzhat\u00f3 sz\u00e1ll\u00edtm\u00e1nyoz\u00f3kkal, p\u00e9ld\u00e1ul a UPS, a DHL, a FedEx \u00e9s a DPD partnerek\u00e9nt biztos\u00edtjuk, hogy megrendel\u00e9s\u00e9t gyorsan \u00e9s biztons\u00e1gosan k\u00e9zbes\u00edts\u00fck. A leghat\u00e9konyabb sz\u00e1ll\u00edt\u00e1si m\u00f3dot az \u00d6n tart\u00f3zkod\u00e1si helye alapj\u00e1n v\u00e1lasztjuk ki a sz\u00e1ll\u00edt\u00e1si sebess\u00e9g \u00e9s megb\u00edzhat\u00f3s\u00e1g optimaliz\u00e1l\u00e1sa \u00e9rdek\u00e9ben.<\/p>\n<h5>Mennyi id\u0151 alatt \u00e9rkezik meg a rendel\u00e9sem?<\/h5>\n<p>A sz\u00e1ll\u00edt\u00e1s \u00e1ltal\u00e1ban 7-15 munkanapot vesz ig\u00e9nybe. K\u00e9rj\u00fck azonban, hogy \u00fcnnepnapokon vagy kedvez\u0151tlen id\u0151j\u00e1r\u00e1si k\u00f6r\u00fclm\u00e9nyek k\u00f6z\u00f6tt ak\u00e1r 20 munkanapot is enged\u00e9lyezzen, ami kisebb k\u00e9sedelmet okozhat a sz\u00e1ll\u00edt\u00e1sban.<\/p>\n<h5>Lesznek-e v\u00e1mprobl\u00e9m\u00e1im vagy tov\u00e1bbi d\u00edjak?<\/h5>\n<p>Minden v\u00e1mkezel\u00e9si elj\u00e1r\u00e1st mi v\u00e9gz\u00fcnk, garant\u00e1lva a z\u00f6kken\u0151mentes \u00e9s probl\u00e9mamentes lebonyol\u00edt\u00e1st. \u00d6nnek nem kell tov\u00e1bbi ad\u00f3kat vagy d\u00edjakat fizetnie. Biztos\u00edtjuk, hogy 100% term\u00e9keinket sikeresen v\u00e1mkezelj\u00fck.<\/p>\n<h5>Biztons\u00e1gos \u00e9s megb\u00edzhat\u00f3 a v\u00e1s\u00e1rl\u00e1s az oldal\u00e1r\u00f3l?<\/h5>\n<p>Igen, biztons\u00e1gos PayPal tranzakci\u00f3kat k\u00edn\u00e1lunk a v\u00e1s\u00e1rl\u00f3 v\u00e9delm\u00e9vel. Megb\u00edzhat\u00f3s\u00e1gunkat ellen\u0151rizheti a v\u00e1s\u00e1rl\u00f3i v\u00e9lem\u00e9nyek ellen\u0151rz\u00e9s\u00e9vel is. <a href=\"https:\/\/www.trustpilot.com\/review\/volovape.com?utm_medium=trustbox&amp;utm_source=TrustBoxReviewCollector\">TrustPilot<\/a>, ahol el\u00e9gedett \u00fcgyfelek besz\u00e1mol\u00f3it tal\u00e1lja.<\/p>","protected":false},"excerpt":{"rendered":"<p>Az MRVI Dragon 13000 Puffs seg\u00edts\u00e9g\u00e9vel testreszabhat\u00f3 p\u00e1rologtat\u00e1s. Kett\u0151s h\u00e1l\u00f3, kett\u0151s \u00fczemm\u00f3d, 20ml, \u00fajrat\u00f6lthet\u0151. Ide\u00e1lis szem\u00e9lyes vagy nagykereskedelmi haszn\u00e1latra, kiv\u00e1l\u00f3 \u00edzt \u00e9s rugalmass\u00e1got k\u00edn\u00e1l.<\/p>","protected":false},"featured_media":435,"comment_status":"open","ping_status":"closed","template":"","meta":[],"product_brand":[],"product_cat":[55,56,21,18,39,20,23,24,22,25,26,27,28,29,30,31,32,33,34,35,36,40],"product_tag":[],"class_list":{"0":"post-357","1":"product","2":"type-product","3":"status-publish","4":"has-post-thumbnail","6":"product_cat-mrvi","7":"product_cat-14000-puffs-disposable-vape","8":"product_cat-big-puffs-vapes","9":"product_cat-different-puffs-of-disposable-vapes","10":"product_cat-digital-box-vapes","11":"product_cat-disposable-vape-types","12":"product_cat-disposable-vapes-in-austria","13":"product_cat-disposable-vapes-in-belgium","14":"product_cat-disposable-vapes-in-europe","15":"product_cat-disposable-vapes-in-france","16":"product_cat-disposable-vapes-in-germany","17":"product_cat-disposable-vapes-in-hungary","18":"product_cat-disposable-vapes-in-ltaly","19":"product_cat-disposable-vapes-in-netherlands","20":"product_cat-disposable-vapes-in-norway","21":"product_cat-disposable-vapes-in-poland","22":"product_cat-disposable-vapes-in-portugal","23":"product_cat-disposable-vapes-in-spain","24":"product_cat-disposable-vapes-in-sweden","25":"product_cat-disposable-vapes-in-switzerland","26":"product_cat-rechargeable-vapes","27":"product_cat-smart-screen-vapes","29":"first","30":"instock","31":"shipping-taxable","32":"purchasable","33":"product-type-variable","34":"has-default-attributes"},"jetpack_sharing_enabled":true,"tiered_pricing_type":"fixed","tiered_pricing_fixed_rules":{"2000":5.9900000000000002131628207280300557613372802734375},"tiered_pricing_product_settings":{"layout":"default","base_unit_name":{"singular":null,"plural":null},"default_variation":null},"tiered_pricing_minimum_quantity":1000,"tiered_pricing_roles_data":[],"tiered_pricing_percentage_rules":[],"tiered_pricing_maximum_quantity":null,"tiered_pricing_quantity_step":"10","_links":{"self":[{"href":"https:\/\/volovape.com\/hu\/wp-json\/wp\/v2\/product\/357","targetHints":{"allow":["GET"]}}],"collection":[{"href":"https:\/\/volovape.com\/hu\/wp-json\/wp\/v2\/product"}],"about":[{"href":"https:\/\/volovape.com\/hu\/wp-json\/wp\/v2\/types\/product"}],"replies":[{"embeddable":true,"href":"https:\/\/volovape.com\/hu\/wp-json\/wp\/v2\/comments?post=357"}],"wp:featuredmedia":[{"embeddable":true,"href":"https:\/\/volovape.com\/hu\/wp-json\/wp\/v2\/media\/435"}],"wp:attachment":[{"href":"https:\/\/volovape.com\/hu\/wp-json\/wp\/v2\/media?parent=357"}],"wp:term":[{"taxonomy":"product_brand","embeddable":true,"href":"https:\/\/volovape.com\/hu\/wp-json\/wp\/v2\/product_brand?post=357"},{"taxonomy":"product_cat","embeddable":true,"href":"https:\/\/volovape.com\/hu\/wp-json\/wp\/v2\/product_cat?post=357"},{"taxonomy":"product_tag","embeddable":true,"href":"https:\/\/volovape.com\/hu\/wp-json\/wp\/v2\/product_tag?post=357"}],"curies":[{"name":"wp","href":"https:\/\/api.w.org\/{rel}","templated":true}]}}