{"id":35613,"date":"2025-08-16T11:41:34","date_gmt":"2025-08-16T11:41:34","guid":{"rendered":"https:\/\/volovape.com\/?post_type=product&#038;p=35613"},"modified":"2026-04-14T05:57:10","modified_gmt":"2026-04-14T05:57:10","slug":"bang-king-twins-50000","status":"publish","type":"product","link":"https:\/\/volovape.com\/hu\/product\/bang-king-twins-50000\/","title":{"rendered":"Bang King Twins 50000 Puffs | kett\u0151s \u00edz\u0171 LED kijelz\u0151 eldobhat\u00f3 vape nagykeresked\u00e9s"},"content":{"rendered":"<h2>Bang King Twins 50000 Puffs - \u00c1ttekint\u00e9s \u00e9s jellemz\u0151k<\/h2>\n<p>K\u00e9sz\u00fclj\u00f6n fel a rendk\u00edv\u00fcli p\u00e1rologtat\u00e1si \u00e9lm\u00e9nyre a <strong>Bang Kir\u00e1ly ikrek 50000 puffan\u00e1s<\/strong> eldobhat\u00f3 vape! Az ak\u00e1r 50 000 puffol\u00e1ssal \u00e9s a kett\u0151s \u00edzekkel ez a k\u00e9sz\u00fcl\u00e9k mindk\u00e9t vil\u00e1g legjobbj\u00e1t k\u00edn\u00e1lja. Eleg\u00e1ns kialak\u00edt\u00e1ssal, h\u00e1l\u00f3s tekercsekkel \u00e9s \u00fajrat\u00f6lthet\u0151 C t\u00edpus\u00fa akkumul\u00e1torral rendelkezik, \u00edgy ez a v\u00e9gs\u0151 v\u00e1laszt\u00e1s azok sz\u00e1m\u00e1ra, akik intenz\u00edv \u00edzekre \u00e9s hosszan tart\u00f3 el\u00e9gedetts\u00e9gre v\u00e1gynak. A <strong>Bang Kir\u00e1ly ikrek<\/strong> 56 ml e-folyad\u00e9kot (28 ml + 28 ml) egyes\u00edt, \u00e9s t\u00f6bbf\u00e9le nikotinopci\u00f3t k\u00edn\u00e1l, hogy minden \u00edzl\u00e9snek \u00e9s preferenci\u00e1nak megfeleljen. Digit\u00e1lis LED kijelz\u0151vel felszerelve k\u00f6nnyen nyomon k\u00f6vetheti a vape \u00e9lm\u00e9ny\u00e9t, \u00e9s tov\u00e1bb tart a sz\u00f3rakoz\u00e1s. Ak\u00e1r er\u0151s vaper vagy egy forgalmaz\u00f3, aki pr\u00e9mium term\u00e9keket szeretne k\u00e9szleten tartani, a <strong>Bang Kir\u00e1ly ikrek<\/strong> fedezi \u00d6nt.<\/p>\n<h4>M\u0171szaki adatok<\/h4>\n<table>\n<tbody>\n<tr>\n<td><strong>Puff kapacit\u00e1s:<\/strong><\/td>\n<td>Ak\u00e1r 50000 f\u00faj\u00e1s<\/td>\n<\/tr>\n<tr>\n<td><strong>E-folyad\u00e9k kapacit\u00e1s:<\/strong><\/td>\n<td>56ml (28ml + 28ml)<\/td>\n<\/tr>\n<tr>\n<td><strong>Akkumul\u00e1tor:<\/strong><\/td>\n<td>650mAh, C-t\u00edpus\u00fa \u00fajrat\u00f6lthet\u0151<\/td>\n<\/tr>\n<tr>\n<td><strong>Tekercs t\u00edpusa:<\/strong><\/td>\n<td>H\u00e1l\u00f3s tekercs 1.0\u03a9<\/td>\n<\/tr>\n<tr>\n<td><strong>Nikotin lehet\u0151s\u00e9gek:<\/strong><\/td>\n<td>2%, 3%, 5%<\/td>\n<\/tr>\n<tr>\n<td><strong>Megjelen\u00edt\u00e9s:<\/strong><\/td>\n<td>LED digit\u00e1lis kijelz\u0151<\/td>\n<\/tr>\n<tr>\n<td><strong>Tervez\u00e9s:<\/strong><\/td>\n<td>St\u00edlusos, eleg\u00e1ns \u00e9s ergonomikus<\/td>\n<\/tr>\n<\/tbody>\n<\/table>\n<h4>El\u00e9rhet\u0151 \u00edzek<\/h4>\n<ul>\n<li>Szerelem 66 &amp; citromos passi\u00f3gy\u00fcm\u00f6lcs<\/li>\n<li>Barack Guava Eper &amp; Sakura sz\u0151l\u0151<\/li>\n<li>Eper ban\u00e1n &amp; Heisenberg<\/li>\n<li>Blue Razz Ice &amp; Blue Razz Cherry<\/li>\n<li>Epres g\u00f6r\u00f6gdinnye \u00e9s eper fagylalt<\/li>\n<li>G\u00f6r\u00f6gdinnye j\u00e9g &amp; g\u00f6r\u00f6gdinnye Hubba Bubba<\/li>\n<li>Dupla lime &amp; Ice Aloe Vera<\/li>\n<li>Mix Berry &amp; eper Kiwi<\/li>\n<li>Super Cool Lychee &amp; Pink Man<\/li>\n<li>Juice Barack j\u00e9g \u00e9s eper mang\u00f3<\/li>\n<li>Cola citrom \u00e9s eper Skittles<\/li>\n<li>Barack Mang\u00f3 g\u00f6r\u00f6gdinnye \u00e9s k\u00e9k cseresznye<\/li>\n<\/ul>\n<h4>Mi\u00e9rt v\u00e1lassza az Bang King Twins 50000 Puffot?<\/h4>\n<ul>\n<li><strong>Tart\u00f3s teljes\u00edtm\u00e9ny:<\/strong> 50,000 f\u00fcst\u00f6l\u00e9s folyamatos \u00e9lvezet<\/li>\n<li><strong>Kett\u0151s \u00edz\u00e9lm\u00e9ny:<\/strong> \u00c9lvezze a k\u00e9t egyedi \u00edzt minden egyes slukkban<\/li>\n<li><strong>\u00dajrat\u00f6lthet\u0151 k\u00e9nyelem:<\/strong> A C-t\u00edpus\u00fa t\u00f6lt\u00e9s biztos\u00edtja, hogy mindig k\u00e9szen \u00e1lljon az indul\u00e1sra<\/li>\n<li><strong>Pr\u00e9mium h\u00e1l\u00f3s tekercsek:<\/strong> A sim\u00e1bb tal\u00e1latok\u00e9rt \u00e9s a jobb \u00edz\u00e9rt<\/li>\n<li><strong>Sz\u00e9les nikotinv\u00e1laszt\u00e9k:<\/strong> V\u00e1lasszon a 2%, 3% vagy 5% nikotin er\u0151ss\u00e9g k\u00f6z\u00fcl.<\/li>\n<li><strong>LED digit\u00e1lis kijelz\u0151:<\/strong> Nyomon k\u00f6vetheti a vape fejl\u0151d\u00e9s\u00e9t<\/li>\n<li><strong>T\u00f6k\u00e9letes a terjeszt\u00e9shez:<\/strong> Ide\u00e1lis nagykereskedelmi \u00e9s vape boltok sz\u00e1m\u00e1ra<\/li>\n<\/ul>\n<p>A <strong>Bang Kir\u00e1ly ikrek 50000 puffan\u00e1s<\/strong> Az eldobhat\u00f3 vape a legjobb v\u00e1laszt\u00e1s a vape shopok \u00e9s a nagykereskedelmi forgalmaz\u00f3k sz\u00e1m\u00e1ra, akik kiv\u00e1l\u00f3 min\u0151s\u00e9g\u0171, hossz\u00fa \u00e9lettartam\u00fa term\u00e9ket szeretn\u00e9nek k\u00edn\u00e1lni. Kett\u0151s \u00edzvil\u00e1g\u00e1val, \u00fajrat\u00f6lthet\u0151 akkumul\u00e1tor\u00e1val \u00e9s h\u00e1l\u00f3s tekercs technol\u00f3gi\u00e1j\u00e1val a neh\u00e9z vaperek \u00e9s az \u00edzek hajszol\u00f3i sz\u00e1m\u00e1ra egyar\u00e1nt k\u00e9sz\u00fclt. K\u00e9szletezzen most, \u00e9s k\u00edn\u00e1ljon v\u00e1s\u00e1rl\u00f3inak olyan pr\u00e9mium min\u0151s\u00e9g\u0171 g\u0151z\u00f6l\u00e9si \u00e9lm\u00e9nyt, amelyet im\u00e1dni fognak!<\/p>\n<p><img decoding=\"async\" class=\"alignnone wp-image-35622 size-full\" src=\"https:\/\/volovape.com\/wp-content\/uploads\/2025\/08\/Bang-King-Twins-50000-flavor-chart.avif\" alt=\"\" title=\"\"><\/p>\n<p><img data-recalc-dims=\"1\" loading=\"lazy\" decoding=\"async\" class=\"alignnone wp-image-35632 size-full\" src=\"https:\/\/i0.wp.com\/volovape.com\/wp-content\/uploads\/2025\/08\/imgi_2_Bang_King_Twins_50K_11.webp?resize=800%2C800&#038;ssl=1\" alt=\"\" width=\"800\" height=\"800\" title=\"\" srcset=\"https:\/\/i0.wp.com\/volovape.com\/wp-content\/uploads\/2025\/08\/imgi_2_Bang_King_Twins_50K_11.webp?w=800&amp;ssl=1 800w, https:\/\/i0.wp.com\/volovape.com\/wp-content\/uploads\/2025\/08\/imgi_2_Bang_King_Twins_50K_11.webp?resize=300%2C300&amp;ssl=1 300w, https:\/\/i0.wp.com\/volovape.com\/wp-content\/uploads\/2025\/08\/imgi_2_Bang_King_Twins_50K_11.webp?resize=150%2C150&amp;ssl=1 150w, https:\/\/i0.wp.com\/volovape.com\/wp-content\/uploads\/2025\/08\/imgi_2_Bang_King_Twins_50K_11.webp?resize=768%2C768&amp;ssl=1 768w, https:\/\/i0.wp.com\/volovape.com\/wp-content\/uploads\/2025\/08\/imgi_2_Bang_King_Twins_50K_11.webp?resize=12%2C12&amp;ssl=1 12w, https:\/\/i0.wp.com\/volovape.com\/wp-content\/uploads\/2025\/08\/imgi_2_Bang_King_Twins_50K_11.webp?resize=510%2C510&amp;ssl=1 510w, https:\/\/i0.wp.com\/volovape.com\/wp-content\/uploads\/2025\/08\/imgi_2_Bang_King_Twins_50K_11.webp?resize=100%2C100&amp;ssl=1 100w, https:\/\/i0.wp.com\/volovape.com\/wp-content\/uploads\/2025\/08\/imgi_2_Bang_King_Twins_50K_11.webp?resize=50%2C50&amp;ssl=1 50w\" sizes=\"auto, (max-width: 800px) 100vw, 800px\" \/><\/p>","protected":false},"excerpt":{"rendered":"<p>Fedezze fel az Bang King Twins 50000 Puffs eldobhat\u00f3 vape-t kett\u0151s \u00edzekkel, h\u00e1l\u00f3s tekercsekkel, 56 ml e-folyad\u00e9kkal \u00e9s \u00fajrat\u00f6lthet\u0151 C t\u00edpus\u00fa akkumul\u00e1torral. T\u00f6k\u00e9letes az \u00edzek szerelmeseinek \u00e9s a nagykereskedelmi v\u00e1s\u00e1rl\u00f3knak!<\/p>","protected":false},"featured_media":35672,"comment_status":"open","ping_status":"closed","template":"","meta":[],"product_brand":[227],"product_cat":[61,230],"product_tag":[],"class_list":{"0":"post-35613","1":"product","2":"type-product","3":"status-publish","4":"has-post-thumbnail","6":"product_brand-bang","7":"product_cat-bang","8":"product_cat-new","10":"first","11":"instock","12":"shipping-taxable","13":"purchasable","14":"product-type-variable","15":"has-default-attributes"},"jetpack_sharing_enabled":true,"tiered_pricing_type":"fixed","tiered_pricing_fixed_rules":{"30":7.29999999999999982236431605997495353221893310546875,"50":6.0999999999999996447286321199499070644378662109375,"100":5.4000000000000003552713678800500929355621337890625,"200":4.9900000000000002131628207280300557613372802734375,"400":4.37999999999999989341858963598497211933135986328125},"tiered_pricing_product_settings":{"layout":"default","base_unit_name":{"singular":null,"plural":null},"default_variation":null},"tiered_pricing_minimum_quantity":10,"tiered_pricing_roles_data":[],"tiered_pricing_percentage_rules":[],"tiered_pricing_maximum_quantity":null,"tiered_pricing_quantity_step":"10","_links":{"self":[{"href":"https:\/\/volovape.com\/hu\/wp-json\/wp\/v2\/product\/35613","targetHints":{"allow":["GET"]}}],"collection":[{"href":"https:\/\/volovape.com\/hu\/wp-json\/wp\/v2\/product"}],"about":[{"href":"https:\/\/volovape.com\/hu\/wp-json\/wp\/v2\/types\/product"}],"replies":[{"embeddable":true,"href":"https:\/\/volovape.com\/hu\/wp-json\/wp\/v2\/comments?post=35613"}],"wp:featuredmedia":[{"embeddable":true,"href":"https:\/\/volovape.com\/hu\/wp-json\/wp\/v2\/media\/35672"}],"wp:attachment":[{"href":"https:\/\/volovape.com\/hu\/wp-json\/wp\/v2\/media?parent=35613"}],"wp:term":[{"taxonomy":"product_brand","embeddable":true,"href":"https:\/\/volovape.com\/hu\/wp-json\/wp\/v2\/product_brand?post=35613"},{"taxonomy":"product_cat","embeddable":true,"href":"https:\/\/volovape.com\/hu\/wp-json\/wp\/v2\/product_cat?post=35613"},{"taxonomy":"product_tag","embeddable":true,"href":"https:\/\/volovape.com\/hu\/wp-json\/wp\/v2\/product_tag?post=35613"}],"curies":[{"name":"wp","href":"https:\/\/api.w.org\/{rel}","templated":true}]}}