{"id":35556,"date":"2025-08-09T07:02:35","date_gmt":"2025-08-09T07:02:35","guid":{"rendered":"https:\/\/volovape.com\/?post_type=product&#038;p=35556"},"modified":"2025-10-23T08:57:45","modified_gmt":"2025-10-23T08:57:45","slug":"bang-king-tornado-40000","status":"publish","type":"product","link":"https:\/\/volovape.com\/hu\/product\/bang-king-tornado-40000\/","title":{"rendered":"Bang King Tornado 40000 Puffs | 35mL e-folyad\u00e9k eldobhat\u00f3 vape nagykereskedelem"},"content":{"rendered":"<h2><strong>Mi\u00e9rt v\u00e1lassza az Bang King Tornado-t?<\/strong><\/h2>\n<ul>\n<li><strong>Hosszan tart\u00f3 f\u00faj\u00e1sok:<\/strong> Ak\u00e1r 40 000 f\u00faj\u00e1s a hosszabb haszn\u00e1lathoz.<\/li>\n<li><strong>\u00c1ll\u00edthat\u00f3 l\u00e9g\u00e1raml\u00e1s:<\/strong> Testre szabhatja a p\u00e1rologtat\u00e1si \u00e9lm\u00e9nyt az optim\u00e1lis felh\u0151termel\u00e9s \u00e9s \u00edz \u00e9rdek\u00e9ben.<\/li>\n<li><strong>C-t\u00edpus\u00fa \u00fajrat\u00f6lt\u00e9s:<\/strong> Gyors \u00e9s k\u00e9nyelmes t\u00f6lt\u00e9s.<\/li>\n<li><strong>Er\u0151teljes 1000mAh akkumul\u00e1tor:<\/strong> Biztos\u00edtja a k\u00f6vetkezetes teljes\u00edtm\u00e9nyt.<\/li>\n<li><strong>Hatalmas 35ml e-folyad\u00e9k kapacit\u00e1s:<\/strong> Cs\u00f6kkenti a gyakori ut\u00e1nt\u00f6lt\u00e9s sz\u00fcks\u00e9gess\u00e9g\u00e9t.<\/li>\n<li><strong>12 izgalmas \u00edz:<\/strong> Sz\u00e9les v\u00e1laszt\u00e9k minden \u00edzl\u00e9st kiel\u00e9g\u00edt.<\/li>\n<li><strong>T\u00f6k\u00e9letes a neh\u00e9z felhaszn\u00e1l\u00f3k sz\u00e1m\u00e1ra:<\/strong> Nagyszer\u0171 azok sz\u00e1m\u00e1ra, akik gyakran vape-znak \u00e9s egy hosszabb \u00e9lettartam\u00fa k\u00e9sz\u00fcl\u00e9ket prefer\u00e1lnak.<\/li>\n<\/ul>\n<p>Az Bang King Tornado ide\u00e1lis a vape rajong\u00f3k, \u00fczletek \u00e9s nagykeresked\u0151k sz\u00e1m\u00e1ra, akik pr\u00e9mium eldobhat\u00f3 vape-ket keresnek, az Bang King Tornado garant\u00e1lja az el\u00e9gedetts\u00e9get a mer\u00e9sz \u00edzekkel, a hossz\u00fa \u00e9lettartam\u00fa teljes\u00edtm\u00e9nnyel \u00e9s a kiv\u00e9teles \u00e9rt\u00e9kkel.<\/p>\n<h2><strong>Bang King Tornado 40000 Puffs | \u00c1ttekint\u00e9s \u00e9s jellemz\u0151k<\/strong><\/h2>\n<p>Az Bang King Tornado a t\u00f6k\u00e9letes eldobhat\u00f3 vape azok sz\u00e1m\u00e1ra, akik tart\u00f3s el\u00e9gedetts\u00e9gre \u00e9s pr\u00e9mium teljes\u00edtm\u00e9nyre v\u00e1gynak. Az ak\u00e1r 40.000 puffol\u00e1ssal, a hatalmas 35mL-es e-folyad\u00e9k kapacit\u00e1ssal \u00e9s az \u00e1ll\u00edthat\u00f3 l\u00e9g\u00e1raml\u00e1ssal ez a k\u00e9sz\u00fcl\u00e9k hihetetlen g\u0151z\u00f6l\u00e9si \u00e9lm\u00e9nyt ny\u00fajt minden egyes puffol\u00e1ssal. Ak\u00e1r \u00faj a p\u00e1rologtat\u00e1sban, ak\u00e1r tapasztalt felhaszn\u00e1l\u00f3, a Tornado mindent k\u00edn\u00e1l, amire sz\u00fcks\u00e9ge van, a kiv\u00e1l\u00f3 min\u0151s\u00e9g\u0171 h\u00e1l\u00f3s tekercsekt\u0151l az egyszer\u0171 Type-C t\u00f6lt\u00e9sig. A 2%, 3% \u00e9s 5% nikotiner\u0151ss\u00e9gben kaphat\u00f3 k\u00e9sz\u00fcl\u00e9ket a sokoldal\u00fas\u00e1gra \u00e9s a hossz\u00fa t\u00e1v\u00fa \u00e9lvezetre tervezt\u00e9k.<\/p>\n<h2><strong>Bang King Tornado 40000 \u00cdzek rakt\u00e1ron:<\/strong><\/h2>\n<p>G\u00f6r\u00f6gdinnye, eper g\u00f6r\u00f6gdinnye, \u00e1fony\u00e1s j\u00e9g, \u00e1fony\u00e1s m\u00e1lna, eper j\u00e9g, eper kivi, mang\u00f3 \u0151szibarack g\u00f6r\u00f6gdinnye, kivi maracuja gr\u00e1n\u00e1talma, \u0151szibarack j\u00e9g, vegyes bogy\u00f3, \u00e1fonya sz\u0151l\u0151, g\u00f6r\u00f6gdinnye r\u00e1g\u00f3gumi.<\/p>\n<h2><strong>Specifik\u00e1ci\u00f3k:<\/strong><\/h2>\n<ul>\n<li><strong>Puff kapacit\u00e1s:<\/strong> Ak\u00e1r 40,000 f\u00faj\u00e1s<\/li>\n<li><strong>E-folyad\u00e9k kapacit\u00e1s:<\/strong> 35mL<\/li>\n<li><strong>Akkumul\u00e1tor:<\/strong> 1000mAh, C t\u00edpus\u00fa t\u00f6lt\u00e9s<\/li>\n<li><strong>Tekercs t\u00edpusa:<\/strong> 1,0\u03a9 h\u00e1l\u00f3s tekercs<\/li>\n<li><strong>Nikotin lehet\u0151s\u00e9gek:<\/strong> 2%, 3%, 5%<\/li>\n<li><strong>Megjelen\u00edt\u00e9s:<\/strong> Intelligens k\u00e9perny\u0151 (ha van)<\/li>\n<li><strong>Tervez\u00e9s:<\/strong> Karcs\u00fa \u00e9s hordozhat\u00f3, \u00e1tl\u00e1tsz\u00f3 testtel<\/li>\n<\/ul>","protected":false},"excerpt":{"rendered":"<p>Az Bang King Tornado 40000 ak\u00e1r 40000 slukkot, 35 ml e-folyad\u00e9k kapacit\u00e1st, \u00e1ll\u00edthat\u00f3 l\u00e9g\u00e1raml\u00e1st, Type-C t\u00f6lt\u00e9st \u00e9s 12 izgalmas \u00edzt k\u00edn\u00e1l. Ide\u00e1lis a neh\u00e9z felhaszn\u00e1l\u00f3k \u00e9s a vape shopok sz\u00e1m\u00e1ra. Kaphat\u00f3 2%, 3% vagy 5% nikotiner\u0151ss\u00e9gben.<\/p>","protected":false},"featured_media":35562,"comment_status":"open","ping_status":"closed","template":"","meta":[],"product_brand":[227],"product_cat":[61,230],"product_tag":[],"class_list":{"0":"post-35556","1":"product","2":"type-product","3":"status-publish","4":"has-post-thumbnail","6":"product_brand-bang","7":"product_cat-bang","8":"product_cat-new","10":"first","11":"instock","12":"shipping-taxable","13":"purchasable","14":"product-type-variable","15":"has-default-attributes"},"jetpack_sharing_enabled":true,"tiered_pricing_type":"fixed","tiered_pricing_fixed_rules":{"30":7.410000000000000142108547152020037174224853515625,"50":6.1699999999999999289457264239899814128875732421875,"100":5.42999999999999971578290569595992565155029296875,"200":5.05999999999999960920149533194489777088165283203125,"400":4.5999999999999996447286321199499070644378662109375},"tiered_pricing_product_settings":{"layout":"default","base_unit_name":{"singular":null,"plural":null},"default_variation":null},"tiered_pricing_minimum_quantity":10,"tiered_pricing_roles_data":[],"tiered_pricing_percentage_rules":[],"tiered_pricing_maximum_quantity":null,"tiered_pricing_quantity_step":"10","_links":{"self":[{"href":"https:\/\/volovape.com\/hu\/wp-json\/wp\/v2\/product\/35556","targetHints":{"allow":["GET"]}}],"collection":[{"href":"https:\/\/volovape.com\/hu\/wp-json\/wp\/v2\/product"}],"about":[{"href":"https:\/\/volovape.com\/hu\/wp-json\/wp\/v2\/types\/product"}],"replies":[{"embeddable":true,"href":"https:\/\/volovape.com\/hu\/wp-json\/wp\/v2\/comments?post=35556"}],"wp:featuredmedia":[{"embeddable":true,"href":"https:\/\/volovape.com\/hu\/wp-json\/wp\/v2\/media\/35562"}],"wp:attachment":[{"href":"https:\/\/volovape.com\/hu\/wp-json\/wp\/v2\/media?parent=35556"}],"wp:term":[{"taxonomy":"product_brand","embeddable":true,"href":"https:\/\/volovape.com\/hu\/wp-json\/wp\/v2\/product_brand?post=35556"},{"taxonomy":"product_cat","embeddable":true,"href":"https:\/\/volovape.com\/hu\/wp-json\/wp\/v2\/product_cat?post=35556"},{"taxonomy":"product_tag","embeddable":true,"href":"https:\/\/volovape.com\/hu\/wp-json\/wp\/v2\/product_tag?post=35556"}],"curies":[{"name":"wp","href":"https:\/\/api.w.org\/{rel}","templated":true}]}}