{"id":34627,"date":"2025-08-16T11:41:20","date_gmt":"2025-08-16T11:41:20","guid":{"rendered":"https:\/\/volovape.com\/?post_type=product&#038;p=34627"},"modified":"2026-05-06T12:42:57","modified_gmt":"2026-05-06T12:42:57","slug":"waspe-100000puffs-4-az-1-ben","status":"publish","type":"product","link":"https:\/\/volovape.com\/hu\/product\/waspe-100000puffs-4-in-1\/","title":{"rendered":"WASPE 4-in-1 Flavor 100K Puffs | 100,000 puff eldobhat\u00f3 vape 4 \u00edzzel \u00e9s nagykereskedelemmel"},"content":{"rendered":"<h3>Mi\u00e9rt v\u00e1lassza az WASPE 4in1 Flavor 100000 Puffs-t?<\/h3>\n<ul>\n<li>\ud83d\udd04 4 az 1-ben \u00edzv\u00e1lt\u00f3 rendszer: Egy k\u00e9sz\u00fcl\u00e9kben n\u00e9gy k\u00fcl\u00f6nb\u00f6z\u0151 \u00edzt \u00e9lvezhetsz a podok cser\u00e9je n\u00e9lk\u00fcl.<\/li>\n<li>\ud83d\udca8 100,000 puff kapacit\u00e1s: Hossz\u00fa haszn\u00e1latra tervezt\u00e9k, \u00edgy biztos\u00edtva a hosszan tart\u00f3 p\u00e1rologtat\u00e1si \u00e9lm\u00e9nyt.<\/li>\n<li>\ud83d\udd0b \u00dajrat\u00f6lthet\u0151 650mAh akkumul\u00e1tor: C-t\u00edpus\u00fa gyors \u00e9s hat\u00e9kony t\u00f6lt\u00e9s a k\u00e9nyelem \u00e9rdek\u00e9ben.<\/li>\n<li>\ud83d\udd25 Quad Mesh tekercsek: Sima g\u0151zt \u00e9s gazdag \u00edzt termel minden egyes slukkol\u00e1ssal.<\/li>\n<li>\ud83e\uddc3 56mL E-liquid kapacit\u00e1s: Hosszabb ideig p\u00e1rologhatsz kevesebb \u00fajrat\u00f6lt\u00e9ssel.<\/li>\n<li>\ud83d\udce6 T\u00f6k\u00e9letes a nagykereskedelemhez: Kompakt \u00e9s tart\u00f3s, nagy t\u00e9telben t\u00f6rt\u00e9n\u0151 megrendel\u00e9sre tervezve, rugalmas \u00edzv\u00e1laszt\u00e9kkal.<\/li>\n<\/ul>\n<p>Ez a vape t\u00f6k\u00e9letes a neh\u00e9z felhaszn\u00e1l\u00f3k \u00e9s az \u00edzek \u00fcld\u00f6z\u0151i sz\u00e1m\u00e1ra, mivel mindent k\u00edn\u00e1l, amire sz\u00fcks\u00e9ge van egy eleg\u00e1ns eszk\u00f6zben. Ide\u00e1lis vape shopok, forgalmaz\u00f3k \u00e9s nagykereskedelmi megrendel\u00e9sek sz\u00e1m\u00e1ra, az WASPE 4in1 Flavor 100000 Puffs verhetetlen v\u00e1ltozatoss\u00e1got, megb\u00edzhat\u00f3s\u00e1got \u00e9s teljes\u00edtm\u00e9nyt biztos\u00edt. Rendeljen nagy t\u00e9telben \u00e9s \u00e9lvezze a kedvezm\u00e9nyes \u00e1rakat!<\/p>\n<h3>WASPE 4in1 Flavor 100000 Puffs | \u00c1ttekint\u00e9s \u00e9s jellemz\u0151k<\/h3>\n<p>Az WASPE 4in1 Flavor 100000 Puffs \u00fagy lett kialak\u00edtva, hogy a v\u00e9gs\u0151 p\u00e1rologtat\u00e1si \u00e9lm\u00e9nyt ny\u00fajtsa. A n\u00e9gy el\u0151re felt\u00f6lt\u00f6tt \u00edz, az \u00fajrat\u00f6lthet\u0151 650mAh akkumul\u00e1tor \u00e9s a hatalmas 100 000 puffol\u00e1s k\u00f6z\u00f6tti v\u00e1lt\u00e1s lehet\u0151s\u00e9g\u00e9vel ez a k\u00e9sz\u00fcl\u00e9k ide\u00e1lis azok sz\u00e1m\u00e1ra, akik v\u00e1ltozatoss\u00e1gra \u00e9s hosszan tart\u00f3 teljes\u00edtm\u00e9nyre v\u00e1gynak. Ak\u00e1r az \u00edzek rajong\u00f3ja, ak\u00e1r a heavy vaper, az WASPE 4in1 Flavor t\u00f6k\u00e9letes v\u00e1laszt\u00e1s azoknak, akik min\u0151s\u00e9get \u00e9s k\u00e9nyelmet ig\u00e9nyelnek. Nagybani nagykereskedelmi megrendel\u00e9sre kaphat\u00f3 a Gleevape-n\u00e9l, Eur\u00f3pa megb\u00edzhat\u00f3, alacsony nikotin tartalm\u00fa vape sz\u00e1ll\u00edt\u00f3j\u00e1n\u00e1l. \ud83d\udd25\ud83d\udca8<\/p>\n<h3>Specifik\u00e1ci\u00f3k:<\/h3>\n<table>\n<tbody>\n<tr>\n<th>Funkci\u00f3<\/th>\n<th>R\u00e9szletek<\/th>\n<\/tr>\n<tr>\n<td>Puff kapacit\u00e1s<\/td>\n<td>100,000 puff<\/td>\n<\/tr>\n<tr>\n<td>E-folyad\u00e9k kapacit\u00e1s<\/td>\n<td>56mL<\/td>\n<\/tr>\n<tr>\n<td>Akkumul\u00e1tor<\/td>\n<td>650mAh \u00fajrat\u00f6lthet\u0151, Type-C<\/td>\n<\/tr>\n<tr>\n<td>Tekercs t\u00edpusa<\/td>\n<td>1.0\u03a9 Quad Mesh<\/td>\n<\/tr>\n<tr>\n<td>Nikotin opci\u00f3k<\/td>\n<td>0%, 2%, 5%<\/td>\n<\/tr>\n<tr>\n<td>T\u00f6lt\u0151 port<\/td>\n<td>C-t\u00edpus\u00fa<\/td>\n<\/tr>\n<tr>\n<td>Term\u00e9k m\u00e9rete<\/td>\n<td>47 \u00d7 47 \u00d7 118 mm<\/td>\n<\/tr>\n<tr>\n<td>S\u00faly eszk\u00f6z\u00f6nk\u00e9nt<\/td>\n<td>142g<\/td>\n<\/tr>\n<\/tbody>\n<\/table>\n<h3>Rakt\u00e1ron l\u00e9v\u0151 \u00edzek:<\/h3>\n<p>G\u00f6r\u00f6gdinnye j\u00e9g &amp; eper Kiwi &amp; m\u00e1lna G\u00f6r\u00f6gdinnye &amp; citromos lime<\/p>\n<p>Eper g\u00f6r\u00f6gdinnye &amp; Mr. Blue &amp; Grape Ice &amp; Rainbow Candy<\/p>\n<p>Red Bull Ice &amp; Ban\u00e1n Ice &amp; Anan\u00e1szos k\u00f3kuszos Ice &amp; Tripla mang\u00f3 Ice<\/p>\n<p>Eper m\u00e1lna cseresznye &amp; \u0151r\u00fclt cseresznye j\u00e9g &amp; k\u00e9k cseresznye j\u00e9g &amp; k\u00f3la j\u00e9g<\/p>\n<p>Eper Ban\u00e1n &amp; Eper Red Bull &amp; Eper Mang\u00f3 &amp; R\u00f3zsasz\u00edn limon\u00e1d\u00e9<\/p>\n<p>\u00c1fonya j\u00e9g &amp; Fekete lovag &amp; Eper j\u00e9g &amp; Eper g\u00f6r\u00f6gdinnye<\/p>\n<p>Cherry Cola Ice &amp; Strawberry Cherry Ice &amp; Strawberry Cola Ice &amp; Strawberry Watermelon Bubblegum<\/p>\n<p>Juicy Peach Ice &amp; Tropical Fruit &amp; Fruit Blast &amp; Peach Berry<\/p>\n<p>Grape Ice &amp; Strawberry Kiwi &amp; Strawberry M\u00e1lna Cherry &amp; Black Knight<\/p>\n<p>Vegyes bogy\u00f3s gy\u00fcm\u00f6lcs\u00f6k &amp; dupla alma j\u00e9g &amp; \u00e1fonya m\u00e1lna &amp; \u00e1fonya m\u00e9z<\/p>\n<p>Epres Red Bull &amp; Epres g\u00f6r\u00f6gdinny\u00e9s r\u00e1g\u00f3gumi &amp; Red Bull Ice &amp; Cherry Cola Ice<\/p>\n<p>\u00c1fony\u00e1s m\u00e1lna &amp; \u00e1fony\u00e1s limon\u00e1d\u00e9 &amp; vegyes bogy\u00f3s gy\u00fcm\u00f6lcs\u00f6k &amp; sz\u0151l\u0151m\u00e9zes j\u00e9g<\/p>","protected":false},"excerpt":{"rendered":"<p>Fedezze fel az WASPE 4in1 Flavor 100000 Puffs eldobhat\u00f3 vape-t. 4 kapcsolhat\u00f3 \u00edzzel, hatalmas 100 000 puff kapacit\u00e1ssal \u00e9s \u00fajrat\u00f6lthet\u0151 a hosszan tart\u00f3 teljes\u00edtm\u00e9ny \u00e9rdek\u00e9ben. T\u00f6k\u00e9letes nagybani v\u00e1s\u00e1rl\u00e1shoz!<\/p>","protected":false},"featured_media":35714,"comment_status":"open","ping_status":"closed","template":"","meta":[],"product_brand":[245],"product_cat":[17,249,230],"product_tag":[],"class_list":{"0":"post-34627","1":"product","2":"type-product","3":"status-publish","4":"has-post-thumbnail","6":"product_brand-waspe","7":"product_cat-waspe","8":"product_cat-100k-puffs-disposable-vape","9":"product_cat-new","11":"first","12":"instock","13":"shipping-taxable","14":"purchasable","15":"product-type-variable","16":"has-default-attributes"},"jetpack_sharing_enabled":true,"tiered_pricing_type":"fixed","tiered_pricing_fixed_rules":{"30":9.6300000000000007815970093361102044582366943359375,"50":7.9000000000000003552713678800500929355621337890625,"100":7.6500000000000003552713678800500929355621337890625,"200":6.9900000000000002131628207280300557613372802734375,"400":6.54000000000000003552713678800500929355621337890625},"tiered_pricing_product_settings":{"layout":"default","base_unit_name":{"singular":null,"plural":null},"default_variation":null},"tiered_pricing_minimum_quantity":10,"tiered_pricing_roles_data":[],"tiered_pricing_percentage_rules":[],"tiered_pricing_maximum_quantity":null,"tiered_pricing_quantity_step":"10","_links":{"self":[{"href":"https:\/\/volovape.com\/hu\/wp-json\/wp\/v2\/product\/34627","targetHints":{"allow":["GET"]}}],"collection":[{"href":"https:\/\/volovape.com\/hu\/wp-json\/wp\/v2\/product"}],"about":[{"href":"https:\/\/volovape.com\/hu\/wp-json\/wp\/v2\/types\/product"}],"replies":[{"embeddable":true,"href":"https:\/\/volovape.com\/hu\/wp-json\/wp\/v2\/comments?post=34627"}],"wp:featuredmedia":[{"embeddable":true,"href":"https:\/\/volovape.com\/hu\/wp-json\/wp\/v2\/media\/35714"}],"wp:attachment":[{"href":"https:\/\/volovape.com\/hu\/wp-json\/wp\/v2\/media?parent=34627"}],"wp:term":[{"taxonomy":"product_brand","embeddable":true,"href":"https:\/\/volovape.com\/hu\/wp-json\/wp\/v2\/product_brand?post=34627"},{"taxonomy":"product_cat","embeddable":true,"href":"https:\/\/volovape.com\/hu\/wp-json\/wp\/v2\/product_cat?post=34627"},{"taxonomy":"product_tag","embeddable":true,"href":"https:\/\/volovape.com\/hu\/wp-json\/wp\/v2\/product_tag?post=34627"}],"curies":[{"name":"wp","href":"https:\/\/api.w.org\/{rel}","templated":true}]}}