{"id":34320,"date":"2025-07-27T04:37:43","date_gmt":"2025-07-27T04:37:43","guid":{"rendered":"https:\/\/volovape.com\/?post_type=product&#038;p=34320"},"modified":"2025-11-26T06:12:27","modified_gmt":"2025-11-26T06:12:27","slug":"mr-goodie-60k","status":"publish","type":"product","link":"https:\/\/volovape.com\/hu\/product\/mr-goodie-60k\/","title":{"rendered":"Mr.Goodie Adjust Flavor King 60K | tripla \u00edz 60000 puffs eldobhat\u00f3 vape iDuomesh &amp; 3 LCD kijelz\u0151vel"},"content":{"rendered":"<h3><strong>Mi\u00e9rt v\u00e1lassza az Mr.Goodie Adjust Flavor King 60K-t?<\/strong><\/h3>\n<ul>\n<li>\ud83d\udd25 H\u00e1romszoros \u00edzbe\u00e1ll\u00edthat\u00f3s\u00e1g a v\u00e9gs\u0151 szem\u00e9lyre szabhat\u00f3s\u00e1g \u00e9rdek\u00e9ben<\/li>\n<li>\ud83d\udca8 Ak\u00e1r 60.000 slukk egy\u00edz\u0171 \u00fczemm\u00f3dban<\/li>\n<li>\ud83e\udde0 Intelligens 3 k\u00e9perny\u0151s kijelz\u0151 a l\u00e9, az akkumul\u00e1tor \u00e9s a puff k\u00f6vet\u00e9s\u00e9hez<\/li>\n<li>\ud83d\udc8e iDuomesh tekercstechnol\u00f3gia a k\u00f6vetkezetes, mer\u00e9sz g\u0151z tal\u00e1latok\u00e9rt<\/li>\n<li>\ud83d\udd0b 950mAh \u00fajrat\u00f6lthet\u0151 akkumul\u00e1tor C t\u00edpus\u00fa gyors t\u00f6lt\u00e9ssel<\/li>\n<li>\ud83d\udce6 Ide\u00e1lis B2B \u00f6mlesztett v\u00e1s\u00e1rl\u00f3k \u00e9s vape shopok polcaira<\/li>\n<li>\ud83c\udf6d 10 egyedi, \u00edzf\u00fazi\u00f3s kombin\u00e1ci\u00f3<\/li>\n<\/ul>\n<p>Ak\u00e1r a felh\u0151 ismer\u0151je, ak\u00e1r az \u00edzek felfedez\u0151je, ak\u00e1r egy nagykeresked\u0151, aki a k\u00f6vetkez\u0151 nagy dob\u00e1st keresi...<strong>Mr.Goodie Flavor King 60K be\u00e1ll\u00edt\u00e1sa<\/strong> teljes\u00edtm\u00e9nyre \u00e9p\u00fcl. Az intelligens technol\u00f3gi\u00e1val, a mer\u00e9sz h\u00e1rmas \u00edzkamr\u00e1kkal \u00e9s a besti\u00e1lis sz\u00edv\u00f3kapacit\u00e1ssal ez a k\u00e9sz\u00fcl\u00e9k minden egyes h\u00faz\u00e1ssal egyszerre ny\u00fajt luxust \u00e9s \u00e9rt\u00e9ket. K\u00e9szletezzen \u00e9s emelje fel k\u00e9szlet\u00e9t a h\u00e1romszoros \u00edz\u0171 eldobhat\u00f3 doh\u00e1nyok kir\u00e1ly\u00e1val!<\/p>\n<h3>\ud83d\udd25 K\u00e9sz\u00fclj fel, hogy uralkodj az \u00edzl\u00e9sed kir\u00e1lys\u00e1g\u00e1n a <strong>Mr.Goodie Flavor King 60K be\u00e1ll\u00edt\u00e1sa<\/strong>! \ud83d\udc51<\/h3>\n<p>Ez nem egy k\u00f6z\u00f6ns\u00e9ges puffaszt\u00f3 szelet - ez a <strong>\u00edz-szab\u00e1lyoz\u00f3, h\u00e1romkamr\u00e1s sz\u00f6rnyeteg<\/strong> amely ak\u00e1r <strong>60,000 puff<\/strong> sima, gazdag g\u0151z. Ak\u00e1r a gy\u00fcm\u00f6lcs\u00f6s j\u00e9gbomb\u00e1k, ak\u00e1r a sz\u00f3da ihlette csavarok kedvel\u0151je vagy, ez a vape <strong>10 \u0151r\u00fclt h\u00e1rmas \u00edzkombin\u00e1ci\u00f3val halmozva<\/strong> felfedezni. A fejlett <strong>iDuomesh tech<\/strong> \u00e9s az intelligens h\u00e1rmas LCD-kijelz\u0151 biztos\u00edtja a vez\u00e9rl\u00e9st, a st\u00edlust \u00e9s az \u00edzek f\u00fazi\u00f3j\u00e1t, amir\u0151l mindig is \u00e1lmodott. T\u00f6k\u00e9letes <strong>forgalmaz\u00f3k, heavy vaperek, \u00e9s \u00edzvad\u00e1szok<\/strong>.<\/p>\n<p><strong>Specifik\u00e1ci\u00f3k:<\/strong><\/p>\n<table>\n<tbody>\n<tr>\n<td><strong>Puff kapacit\u00e1s<\/strong><\/td>\n<td>60000 puff (egy \u00fczemm\u00f3dban), 30000 puff (vegyes \u00fczemm\u00f3dban)<\/td>\n<\/tr>\n<tr>\n<td><strong>E-folyad\u00e9k kapacit\u00e1s<\/strong><\/td>\n<td>20mL + 20mL<\/td>\n<\/tr>\n<tr>\n<td><strong>Akkumul\u00e1tor<\/strong><\/td>\n<td>950mAh, \u00fajrat\u00f6lthet\u0151 C-t\u00edpuson kereszt\u00fcl<\/td>\n<\/tr>\n<tr>\n<td><strong>Tekercs t\u00edpusa<\/strong><\/td>\n<td>Kett\u0151s h\u00e1l\u00f3s tekercs (iDuomesh technol\u00f3gia)<\/td>\n<\/tr>\n<tr>\n<td><strong>Nikotin opci\u00f3k<\/strong><\/td>\n<td>2%, 5%<\/td>\n<\/tr>\n<tr>\n<td><strong>Megjelen\u00edt\u00e9s<\/strong><\/td>\n<td>3 LCD k\u00e9perny\u0151<\/td>\n<\/tr>\n<tr>\n<td><strong>Tervez\u00e9s<\/strong><\/td>\n<td>H\u00e1romkamr\u00e1s, \u00e1ll\u00edthat\u00f3 \u00edzvil\u00e1ggal<\/td>\n<\/tr>\n<\/tbody>\n<\/table>\n<p><strong>\u00cdzkombin\u00e1ci\u00f3k:<\/strong><\/p>\n<table>\n<tbody>\n<tr>\n<th>A terem<\/th>\n<th>B terem<\/th>\n<th>C terem<\/th>\n<\/tr>\n<tr>\n<td>G\u00f6r\u00f6gdinnye j\u00e9g<\/td>\n<td>R\u00e1g\u00f3gumi<\/td>\n<td>G\u00f6r\u00f6gdinnye r\u00e1g\u00f3gumi<\/td>\n<\/tr>\n<tr>\n<td>Juicy Peach Ice<\/td>\n<td>Cola Ice<\/td>\n<td>Barackos k\u00f3la j\u00e9g<\/td>\n<\/tr>\n<tr>\n<td>K\u00e9k m\u00e1lna<\/td>\n<td>Cseresznye citrom<\/td>\n<td>K\u00e9k m\u00e1lna cseresznye citrom<\/td>\n<\/tr>\n<tr>\n<td>Eper<\/td>\n<td>G\u00f6r\u00f6gdinnye<\/td>\n<td>Epres g\u00f6r\u00f6gdinnye<\/td>\n<\/tr>\n<tr>\n<td>Z\u00f6ld Alma<\/td>\n<td>Sz\u0151l\u0151<\/td>\n<td>Z\u00f6ld alma sz\u0151l\u0151<\/td>\n<\/tr>\n<tr>\n<td>Citrom<\/td>\n<td>Rainbow Candy<\/td>\n<td>Citromos sziv\u00e1rv\u00e1nyos cukorka<\/td>\n<\/tr>\n<tr>\n<td>Miami Mint<\/td>\n<td>Citrom<\/td>\n<td>Citrommenta<\/td>\n<\/tr>\n<tr>\n<td>Anan\u00e1sz k\u00f3kusz<\/td>\n<td>Energia j\u00e9g<\/td>\n<td>K\u00f3kuszos energiaital<\/td>\n<\/tr>\n<tr>\n<td>Sz\u0151l\u0151<\/td>\n<td>M\u00e1lna<\/td>\n<td>Sz\u0151l\u0151 m\u00e1lna<\/td>\n<\/tr>\n<tr>\n<td>Narancs Mang\u00f3 Guava<\/td>\n<td>Gummy Bear<\/td>\n<td>OMG Blow-Pop<\/td>\n<\/tr>\n<\/tbody>\n<\/table>\n<p><img data-recalc-dims=\"1\" loading=\"lazy\" decoding=\"async\" class=\"alignnone wp-image-34324 size-full\" src=\"https:\/\/i0.wp.com\/volovape.com\/wp-content\/uploads\/2025\/07\/24h-vape-mr.-goodie-adjust-flavor-king-60000-puffs-flavor-list.jpg.webp?resize=1000%2C1000&#038;ssl=1\" alt=\"\" width=\"1000\" height=\"1000\" title=\"\" srcset=\"https:\/\/i0.wp.com\/volovape.com\/wp-content\/uploads\/2025\/07\/24h-vape-mr.-goodie-adjust-flavor-king-60000-puffs-flavor-list.jpg.webp?w=1000&amp;ssl=1 1000w, https:\/\/i0.wp.com\/volovape.com\/wp-content\/uploads\/2025\/07\/24h-vape-mr.-goodie-adjust-flavor-king-60000-puffs-flavor-list.jpg.webp?resize=300%2C300&amp;ssl=1 300w, https:\/\/i0.wp.com\/volovape.com\/wp-content\/uploads\/2025\/07\/24h-vape-mr.-goodie-adjust-flavor-king-60000-puffs-flavor-list.jpg.webp?resize=150%2C150&amp;ssl=1 150w, https:\/\/i0.wp.com\/volovape.com\/wp-content\/uploads\/2025\/07\/24h-vape-mr.-goodie-adjust-flavor-king-60000-puffs-flavor-list.jpg.webp?resize=768%2C768&amp;ssl=1 768w, https:\/\/i0.wp.com\/volovape.com\/wp-content\/uploads\/2025\/07\/24h-vape-mr.-goodie-adjust-flavor-king-60000-puffs-flavor-list.jpg.webp?resize=12%2C12&amp;ssl=1 12w, https:\/\/i0.wp.com\/volovape.com\/wp-content\/uploads\/2025\/07\/24h-vape-mr.-goodie-adjust-flavor-king-60000-puffs-flavor-list.jpg.webp?resize=500%2C500&amp;ssl=1 500w, https:\/\/i0.wp.com\/volovape.com\/wp-content\/uploads\/2025\/07\/24h-vape-mr.-goodie-adjust-flavor-king-60000-puffs-flavor-list.jpg.webp?resize=800%2C800&amp;ssl=1 800w, https:\/\/i0.wp.com\/volovape.com\/wp-content\/uploads\/2025\/07\/24h-vape-mr.-goodie-adjust-flavor-king-60000-puffs-flavor-list.jpg.webp?resize=100%2C100&amp;ssl=1 100w\" sizes=\"auto, (max-width: 1000px) 100vw, 1000px\" \/><\/p>","protected":false},"excerpt":{"rendered":"<p>Mr.Goodie Adjust Flavor King 60K eldobhat\u00f3 vape tripla \u00edzeket, 60000 puffot, kett\u0151s h\u00e1l\u00f3s tekercset \u00e9s \u00e9l\u00e9nk LCD k\u00e9perny\u0151t k\u00edn\u00e1l - t\u00f6k\u00e9letes a nagykeresked\u0151k sz\u00e1m\u00e1ra.<\/p>","protected":false},"featured_media":34327,"comment_status":"open","ping_status":"closed","template":"","meta":[],"product_brand":[243],"product_cat":[230,242],"product_tag":[],"class_list":{"0":"post-34320","1":"product","2":"type-product","3":"status-publish","4":"has-post-thumbnail","6":"product_brand-mr-goodie","7":"product_cat-new","8":"product_cat-mr-goodie","10":"first","11":"instock","12":"shipping-taxable","13":"purchasable","14":"product-type-variable","15":"has-default-attributes"},"jetpack_sharing_enabled":true,"tiered_pricing_type":"fixed","tiered_pricing_fixed_rules":{"30":8.199999999999999289457264239899814128875732421875,"50":6.5999999999999996447286321199499070644378662109375,"100":6.0999999999999996447286321199499070644378662109375,"200":5.70000000000000017763568394002504646778106689453125,"400":5.29999999999999982236431605997495353221893310546875},"tiered_pricing_product_settings":{"layout":"default","base_unit_name":{"singular":null,"plural":null},"default_variation":null},"tiered_pricing_minimum_quantity":10,"tiered_pricing_roles_data":[],"tiered_pricing_percentage_rules":[],"tiered_pricing_maximum_quantity":null,"tiered_pricing_quantity_step":"10","_links":{"self":[{"href":"https:\/\/volovape.com\/hu\/wp-json\/wp\/v2\/product\/34320","targetHints":{"allow":["GET"]}}],"collection":[{"href":"https:\/\/volovape.com\/hu\/wp-json\/wp\/v2\/product"}],"about":[{"href":"https:\/\/volovape.com\/hu\/wp-json\/wp\/v2\/types\/product"}],"replies":[{"embeddable":true,"href":"https:\/\/volovape.com\/hu\/wp-json\/wp\/v2\/comments?post=34320"}],"wp:featuredmedia":[{"embeddable":true,"href":"https:\/\/volovape.com\/hu\/wp-json\/wp\/v2\/media\/34327"}],"wp:attachment":[{"href":"https:\/\/volovape.com\/hu\/wp-json\/wp\/v2\/media?parent=34320"}],"wp:term":[{"taxonomy":"product_brand","embeddable":true,"href":"https:\/\/volovape.com\/hu\/wp-json\/wp\/v2\/product_brand?post=34320"},{"taxonomy":"product_cat","embeddable":true,"href":"https:\/\/volovape.com\/hu\/wp-json\/wp\/v2\/product_cat?post=34320"},{"taxonomy":"product_tag","embeddable":true,"href":"https:\/\/volovape.com\/hu\/wp-json\/wp\/v2\/product_tag?post=34320"}],"curies":[{"name":"wp","href":"https:\/\/api.w.org\/{rel}","templated":true}]}}