{"id":31956,"date":"2025-07-02T03:28:58","date_gmt":"2025-07-02T03:28:58","guid":{"rendered":"https:\/\/volovape.com\/?post_type=product&#038;p=31956"},"modified":"2026-04-14T06:09:59","modified_gmt":"2026-04-14T06:09:59","slug":"uzy-tripla-izek-60000","status":"publish","type":"product","link":"https:\/\/volovape.com\/hu\/product\/uzy-triple-flavors-60000\/","title":{"rendered":"Uzy Triple Flavors 60000 | 3 az 1-ben h\u00e1romszoros \u00edz\u0171 \u00f6mlesztett eldobhat\u00f3 vape"},"content":{"rendered":"<h2>Uzy Triple Flavors 60000: 3 az 1-ben \u00f6mlesztett, eldobhat\u00f3 vape \ud83d\ude80.<\/h2>\n<p>Tapasztalja meg a v\u00e9gs\u0151 p\u00e1rologtat\u00e1si v\u00e1ltozatoss\u00e1got a <strong>Uzy tripla \u00edzek 60000<\/strong>! \ud83c\udf2c\ufe0f Ez az innovat\u00edv 3 az 1-ben \u00f6mlesztett eldobhat\u00f3 vape lehet\u0151v\u00e9 teszi, hogy azonnal v\u00e1ltson h\u00e1rom hihetetlen \u00edz k\u00f6z\u00f6tt. Hatalmas 54mL e-folyad\u00e9k kapacit\u00e1ssal \u00e9s ak\u00e1r 60.000 puffol\u00e1ssal t\u00f6k\u00e9letes a v\u00e1ltozatoss\u00e1got keres\u0151k \u00e9s a nagy teljes\u00edtm\u00e9ny\u0171 vaperek sz\u00e1m\u00e1ra.<\/p>\n<p>\u00c9lvezze a s\u0171r\u0171, kiel\u00e9g\u00edt\u0151 felh\u0151ket a h\u00e1romszoros h\u00e1l\u00f3s tekercseknek k\u00f6sz\u00f6nhet\u0151en, mik\u00f6zben a LED-es intelligens k\u00e9perny\u0151 folyamatosan t\u00e1j\u00e9koztatja \u00d6nt a t\u00f6lt\u00f6tts\u00e9gi \u00e9s akkumul\u00e1torszintr\u0151l. \ud83d\udcca A C-t\u00edpus\u00fa t\u00f6lt\u00e9ssel ell\u00e1tott, \u00fajrat\u00f6lthet\u0151 850mAh kapacit\u00e1s\u00fa akkumul\u00e1tor biztos\u00edtja, hogy mindig k\u00e9szen \u00e1lljon a megszak\u00edt\u00e1s n\u00e9lk\u00fcli vape-ra. Az Uzy Triple Flavors 60000 ide\u00e1lis vape shopokba vagy szem\u00e9lyes \u00f6mlesztett haszn\u00e1latra, az Uzy Triple Flavors 60000 pr\u00e9mium funkci\u00f3kat k\u00edn\u00e1l egy k\u00e9nyelmes eldobhat\u00f3 kivitelben. \u2728<\/p>\n<h2>F\u0151bb jellemz\u0151k:<\/h2>\n<ul>\n<li>\ud83d\ude80 <strong>H\u00e1romszoros \u00edz:<\/strong> Z\u00f6kken\u0151mentes v\u00e1lt\u00e1s 3 egyedi e-folyad\u00e9k kamra k\u00f6z\u00f6tt.<\/li>\n<li>\ud83d\udca8 <strong>Massz\u00edv Puff sz\u00e1m:<\/strong> Ak\u00e1r 60 000 f\u00faj\u00e1s a hosszabb haszn\u00e1lathoz.<\/li>\n<li>\ud83d\udd0b <strong>\u00dajrat\u00f6lthet\u0151 akkumul\u00e1tor:<\/strong> 850mAh gyors Type-C t\u00f6lt\u00e9ssel.<\/li>\n<li>\ud83d\udcca <strong>Intelligens LED kijelz\u0151:<\/strong> K\u00f6nnyed\u00e9n nyomon k\u00f6vetheti az e-folyad\u00e9k \u00e9s az akkumul\u00e1tor szintj\u00e9t.<\/li>\n<li>\ud83d\udd25 <strong>Superior Vapor:<\/strong> H\u00e1romszoros h\u00e1l\u00f3s tekercsek a gazdag \u00edz\u00e9rt \u00e9s s\u0171r\u0171 felh\u0151k\u00e9rt.<\/li>\n<li>\ud83d\udcbc <strong>T\u00f6meges \u00e9s nagykereskedelmi k\u00e9sz:<\/strong> Kiv\u00e1l\u00f3 \u00e9rt\u00e9k szem\u00e9lyes haszn\u00e1latra vagy vape shopok sz\u00e1m\u00e1ra.<\/li>\n<\/ul>\n<h2>R\u00e9szletes specifik\u00e1ci\u00f3k:<\/h2>\n<ul>\n<li><strong>Puff kapacit\u00e1s:<\/strong> 60,000 puff<\/li>\n<li><strong>E-folyad\u00e9k kapacit\u00e1s:<\/strong> 54ml (18ml kamr\u00e1nk\u00e9nt x 3)<\/li>\n<li><strong>Akkumul\u00e1tor:<\/strong> 850mAh, \u00fajrat\u00f6lthet\u0151 Type-C porttal<\/li>\n<li><strong>Tekercs t\u00edpusa:<\/strong> H\u00e1romszoros h\u00e1l\u00f3<\/li>\n<li><strong>Nikotin er\u0151ss\u00e9gei:<\/strong> 0%, 2%, 3%, 5% (el\u00e9rhet\u0151 opci\u00f3k)<\/li>\n<li><strong>Megjelen\u00edt\u00e9s:<\/strong> LED intelligens k\u00e9perny\u0151<\/li>\n<li><strong>Tervez\u00e9s:<\/strong> Krist\u00e1lytiszta test Pro \u00e9s Max teljes\u00edtm\u00e9ny \u00fczemm\u00f3ddal<\/li>\n<\/ul>\n<h2>\u00cdzkombin\u00e1ci\u00f3k:<\/h2>\n<table>\n<thead>\n<tr>\n<th>A terem<\/th>\n<th>B terem<\/th>\n<th>C terem<\/th>\n<\/tr>\n<\/thead>\n<tbody>\n<tr>\n<td>\u00c1fonya M\u00e1lna<\/td>\n<td>Epres Kiwi<\/td>\n<td>Citrom lime<\/td>\n<\/tr>\n<tr>\n<td>Kiwi Passion Fruit Guava<\/td>\n<td>\u00c1fonya j\u00e9g<\/td>\n<td>\u0150szibarack mang\u00f3<\/td>\n<\/tr>\n<tr>\n<td>Epres g\u00f6r\u00f6gdinnye<\/td>\n<td>Cola Ice<\/td>\n<td>Cherry Cola<\/td>\n<\/tr>\n<tr>\n<td>Barack j\u00e9g<\/td>\n<td>Epres m\u00e1lna cseresznye j\u00e9g<\/td>\n<td>K\u00e9t alma j\u00e9g<\/td>\n<\/tr>\n<tr>\n<td>Sz\u0151l\u0151 j\u00e9g<\/td>\n<td>Szerelem 666<\/td>\n<td>Strawberry Red Bull<\/td>\n<\/tr>\n<tr>\n<td>Mr Blue<\/td>\n<td>Gummy Bear<\/td>\n<td>Red Bull Ice<\/td>\n<\/tr>\n<tr>\n<td>\u0150szibarack mang\u00f3 anan\u00e1sz<\/td>\n<td>Blue Razz Ice<\/td>\n<td>M\u00e1lna g\u00f6r\u00f6gdinnye<\/td>\n<\/tr>\n<tr>\n<td>G\u00f6r\u00f6gdinnye j\u00e9g<\/td>\n<td>Tripla dinnye j\u00e9g<\/td>\n<td>Eper ban\u00e1n<\/td>\n<\/tr>\n<tr>\n<td>Ny\u00e1ri \u0151szibarack j\u00e9g<\/td>\n<td>Eper j\u00e9g<\/td>\n<td>Blue Razz Ice<\/td>\n<\/tr>\n<tr>\n<td>Cherry Ice<\/td>\n<td>Vegyes bogy\u00f3k<\/td>\n<td>Black Dragon Ice<\/td>\n<\/tr>\n<\/tbody>\n<\/table>","protected":false},"excerpt":{"rendered":"<p>Tapasztalja meg a 60.000 sz\u00edv\u00e1st az Uzy Triple Flavors 60000-zal, amely 3 az 1-ben \u00edzv\u00e1lt\u00e1ssal, intelligens LED kijelz\u0151vel \u00e9s 54 ml kapacit\u00e1ssal rendelkezik a hosszan tart\u00f3, nagykereskedelem-bar\u00e1t p\u00e1rologtat\u00e1shoz.<\/p>","protected":false},"featured_media":32235,"comment_status":"open","ping_status":"closed","template":"","meta":[],"product_brand":[239],"product_cat":[230,232],"product_tag":[],"class_list":{"0":"post-31956","1":"product","2":"type-product","3":"status-publish","4":"has-post-thumbnail","6":"product_brand-uzy","7":"product_cat-new","8":"product_cat-uzy","10":"first","11":"instock","12":"shipping-taxable","13":"purchasable","14":"product-type-variable","15":"has-default-attributes"},"jetpack_sharing_enabled":true,"tiered_pricing_type":"fixed","tiered_pricing_fixed_rules":{"30":8.519999999999999573674358543939888477325439453125,"50":7.410000000000000142108547152020037174224853515625,"100":6.79000000000000003552713678800500929355621337890625,"200":6.4199999999999999289457264239899814128875732421875,"400":5.9900000000000002131628207280300557613372802734375},"tiered_pricing_product_settings":{"layout":"default","base_unit_name":{"singular":null,"plural":null},"default_variation":null},"tiered_pricing_minimum_quantity":10,"tiered_pricing_roles_data":[],"tiered_pricing_percentage_rules":[],"tiered_pricing_maximum_quantity":null,"tiered_pricing_quantity_step":"10","_links":{"self":[{"href":"https:\/\/volovape.com\/hu\/wp-json\/wp\/v2\/product\/31956","targetHints":{"allow":["GET"]}}],"collection":[{"href":"https:\/\/volovape.com\/hu\/wp-json\/wp\/v2\/product"}],"about":[{"href":"https:\/\/volovape.com\/hu\/wp-json\/wp\/v2\/types\/product"}],"replies":[{"embeddable":true,"href":"https:\/\/volovape.com\/hu\/wp-json\/wp\/v2\/comments?post=31956"}],"wp:featuredmedia":[{"embeddable":true,"href":"https:\/\/volovape.com\/hu\/wp-json\/wp\/v2\/media\/32235"}],"wp:attachment":[{"href":"https:\/\/volovape.com\/hu\/wp-json\/wp\/v2\/media?parent=31956"}],"wp:term":[{"taxonomy":"product_brand","embeddable":true,"href":"https:\/\/volovape.com\/hu\/wp-json\/wp\/v2\/product_brand?post=31956"},{"taxonomy":"product_cat","embeddable":true,"href":"https:\/\/volovape.com\/hu\/wp-json\/wp\/v2\/product_cat?post=31956"},{"taxonomy":"product_tag","embeddable":true,"href":"https:\/\/volovape.com\/hu\/wp-json\/wp\/v2\/product_tag?post=31956"}],"curies":[{"name":"wp","href":"https:\/\/api.w.org\/{rel}","templated":true}]}}