{"id":31954,"date":"2025-07-02T03:28:58","date_gmt":"2025-07-02T03:28:58","guid":{"rendered":"https:\/\/volovape.com\/?post_type=product&#038;p=31954"},"modified":"2025-08-06T11:48:33","modified_gmt":"2025-08-06T11:48:33","slug":"fumot-randm-tornado-30000-puffok","status":"publish","type":"product","link":"https:\/\/volovape.com\/hu\/product\/fumot-randm-tornado-30000-puffs\/","title":{"rendered":"Fumot RandM Tornado 30000 | zene-reakt\u00edv f\u00e9nyek, h\u00e1l\u00f3s tekercs, eldobhat\u00f3 vape nagykereskedelem"},"content":{"rendered":"<h2>Fumot RandM Tornado 30000 | Zene-reakt\u00edv eldobhat\u00f3 vape<\/h2>\n<h3>Mi\u00e9rt v\u00e1lassza a Fumot RandM Tornado 30000-t? \ud83d\ude80 Mi\u00e9rt v\u00e1lassza a Fumot RandM Tornado 30000-t?<\/h3>\n<p>Emelje a p\u00e1rologtat\u00e1si \u00e9lm\u00e9ny\u00e9t a <strong>Fumot RandM Tornado 30000<\/strong>! Ez nem csak egy vape; ez egy buli a zsebedben. \u00c9lvezze az elk\u00e9peszt\u0151 <strong>30,000 puff<\/strong> gazdag \u00edzvil\u00e1ggal, hatalmas, 30 ml-es e-folyad\u00e9k kapacit\u00e1ssal \u00e9s fejlett 1,0\u03a9-os h\u00e1l\u00f3s tekerccsel a k\u00f6vetkezetesen sima h\u00faz\u00e1s\u00e9rt. Mi k\u00fcl\u00f6nb\u00f6zteti meg igaz\u00e1n? Az egyed\u00fcl\u00e1ll\u00f3 <strong>zene-reakt\u00edv LED f\u00e9nyek<\/strong> \ud83c\udfb6 amelyek szinkroniz\u00e1l\u00f3dnak az \u00fctemeidhez, \u00e9s minden egyes \u00fcl\u00e9s egy vibr\u00e1l\u00f3 f\u00e9nyshow-v\u00e1 v\u00e1lik! R\u00e1ad\u00e1sul a megb\u00edzhat\u00f3 600mAh-s \u00fajrat\u00f6lthet\u0151 akkumul\u00e1torral \u00e9s a Type-C t\u00f6lt\u00e9ssel v\u00e9gtelen \u00e9lvezetet kaphatsz kevesebb hullad\u00e9kkal. T\u00f6k\u00e9letes a teljes\u00edtm\u00e9nyt, sz\u00f3rakoz\u00e1st \u00e9s k\u00e9nyelmet keres\u0151 vaperek sz\u00e1m\u00e1ra. \u2728<\/p>\n<h3>F\u0151bb jellemz\u0151k \u00e9s specifik\u00e1ci\u00f3k \ud83d\udccb<\/h3>\n<ul>\n<li><strong>Puffad\u00e1sok sz\u00e1ma:<\/strong> 30,000 puff (massz\u00edv \u00e9s hosszan tart\u00f3)<\/li>\n<li><strong>E-folyad\u00e9k kapacit\u00e1s:<\/strong> 30ml (el\u0151ret\u00f6ltve)<\/li>\n<li><strong>Nikotin lehet\u0151s\u00e9gek:<\/strong> 2% \u00e9s 5% (Nic Salt)<\/li>\n<li><strong>Tekercs t\u00edpusa:<\/strong> 1.0\u03a9 Mesh tekercs (Fokozott \u00edz \u00e9s g\u0151z)<\/li>\n<li><strong>Akkumul\u00e1tor:<\/strong> 600mAh \u00fajrat\u00f6lthet\u0151 (C t\u00edpus\u00fa t\u00f6lt\u00e9s)<\/li>\n<li><strong>K\u00fcl\u00f6nleges funkci\u00f3:<\/strong> Zene-reakt\u00edv LED f\u00e9nyek (dinamikus \u00e9s sz\u00f3rakoztat\u00f3)<\/li>\n<li><strong>Term\u00e9kt\u00edpus:<\/strong> Eldobhat\u00f3 Vape (nagykereskedelemben kaphat\u00f3)<\/li>\n<\/ul>\n<h3>Fedezd fel a 30+ ellen\u00e1llhatatlan \u00edzt! \ud83c\udf53\ud83e\udd6d\ud83e\uddca<\/h3>\n<p>Fedezze fel a k\u00f6vetkez\u0151 kedvenc vape-j\u00e9t a t\u00f6bb mint 30 t\u00f6megeket vonz\u00f3 \u00edzek sz\u00e9les v\u00e1laszt\u00e9k\u00e1b\u00f3l. Ak\u00e1r valami gy\u00fcm\u00f6lcs\u00f6s, jeges vagy \u00e9des \u00edzre v\u00e1gyik, a Fumot RandM Tornado 30000 minden hangulathoz k\u00edn\u00e1l \u00edzeket! \ud83c\udf08<\/p>\n<p><em>N\u00e9pszer\u0171 \u00edzek k\u00f6z\u00e9 tartoznak:<\/em><\/p>\n<ul>\n<li>Blue Razz Ice \ud83d\udd35\u2744\ufe0f<\/li>\n<li>Barackos mang\u00f3 anan\u00e1sz \ud83c\udf51\ud83e\udd6d\ud83c\udf4d\ud83c\udf4d<\/li>\n<li>Lush Ice \ud83c\udf49\u2744\ufe0f<\/li>\n<li>Eper g\u00f6r\u00f6gdinnye \ud83c\udf53\ud83c\udf49<\/li>\n<li>\u00c9s m\u00e9g sok m\u00e1s!<\/li>\n<\/ul>\n<p><strong>K\u00e9sz\u00fclj fel a v\u00e9gs\u0151 vape kalandra! Kapja el a Fumot RandM Tornado 30000-at m\u00e9g ma!<\/strong> \ud83d\udd25<\/p>","protected":false},"excerpt":{"rendered":"<p>Emelje fel a g\u0151z\u00f6l\u00e9si \u00e9lm\u00e9ny\u00e9t a Fumot RandM Tornado 30000-zal! Ez nem csak egy vape; ez egy buli a zsebedben.<\/p>","protected":false},"featured_media":32209,"comment_status":"open","ping_status":"closed","template":"","meta":[],"product_brand":[237],"product_cat":[63,230,52],"product_tag":[],"class_list":{"0":"post-31954","1":"product","2":"type-product","3":"status-publish","4":"has-post-thumbnail","6":"product_brand-randm","7":"product_cat-30000-puffs-disposable-vape","8":"product_cat-new","9":"product_cat-randm","11":"first","12":"instock","13":"featured","14":"shipping-taxable","15":"purchasable","16":"product-type-variable","17":"has-default-attributes"},"jetpack_sharing_enabled":true,"tiered_pricing_type":"fixed","tiered_pricing_fixed_rules":{"2000":5.9900000000000002131628207280300557613372802734375},"tiered_pricing_product_settings":{"layout":"default","base_unit_name":{"singular":null,"plural":null},"default_variation":null},"tiered_pricing_minimum_quantity":1000,"tiered_pricing_roles_data":[],"tiered_pricing_percentage_rules":[],"tiered_pricing_maximum_quantity":null,"tiered_pricing_quantity_step":"10","_links":{"self":[{"href":"https:\/\/volovape.com\/hu\/wp-json\/wp\/v2\/product\/31954","targetHints":{"allow":["GET"]}}],"collection":[{"href":"https:\/\/volovape.com\/hu\/wp-json\/wp\/v2\/product"}],"about":[{"href":"https:\/\/volovape.com\/hu\/wp-json\/wp\/v2\/types\/product"}],"replies":[{"embeddable":true,"href":"https:\/\/volovape.com\/hu\/wp-json\/wp\/v2\/comments?post=31954"}],"wp:featuredmedia":[{"embeddable":true,"href":"https:\/\/volovape.com\/hu\/wp-json\/wp\/v2\/media\/32209"}],"wp:attachment":[{"href":"https:\/\/volovape.com\/hu\/wp-json\/wp\/v2\/media?parent=31954"}],"wp:term":[{"taxonomy":"product_brand","embeddable":true,"href":"https:\/\/volovape.com\/hu\/wp-json\/wp\/v2\/product_brand?post=31954"},{"taxonomy":"product_cat","embeddable":true,"href":"https:\/\/volovape.com\/hu\/wp-json\/wp\/v2\/product_cat?post=31954"},{"taxonomy":"product_tag","embeddable":true,"href":"https:\/\/volovape.com\/hu\/wp-json\/wp\/v2\/product_tag?post=31954"}],"curies":[{"name":"wp","href":"https:\/\/api.w.org\/{rel}","templated":true}]}}