{"id":31951,"date":"2025-07-02T03:28:57","date_gmt":"2025-07-02T03:28:57","guid":{"rendered":"https:\/\/volovape.com\/?post_type=product&#038;p=31951"},"modified":"2026-04-14T06:11:16","modified_gmt":"2026-04-14T06:11:16","slug":"bang-blaze-shisha-40000-puffs-40ml-0-6%cf%89-halos-tekercs-4-nikotin-szintek-omlesztett-eldobhato-vape","status":"publish","type":"product","link":"https:\/\/volovape.com\/hu\/product\/bang-blaze-shisha-40000-puffs-40ml-0-6%cf%89-mesh-coil-4-nicotine-levels-bulk-disposable-vape\/","title":{"rendered":"Bang Blaze Shisha 40000 Puffs | Shisha st\u00edlus\u00fa \u00f6mlesztett nagykereskedelmi eldobhat\u00f3 vape"},"content":{"rendered":"<h2>Bang Blaze Shisha 40000 Puffs Eldobhat\u00f3 Vape | T\u00f6meges nagykereskedelem<\/h2>\n<p>Tapasztalja meg a p\u00e1rologtat\u00e1si k\u00e9nyelmet a <strong>Bang Blaze Shisha 40000 Puffs<\/strong> eldobhat\u00f3 vape! \ud83d\udd25 Ez a hossz\u00fa t\u00e1v\u00fa el\u00e9gedetts\u00e9gre tervezett shisha-st\u00edlus\u00fa vape hihetetlen\u00fcl sok, 40 000 slukkot biztos\u00edt, \u00edgy t\u00f6k\u00e9letes a rajong\u00f3k \u00e9s a nagybev\u00e1s\u00e1rl\u00f3k sz\u00e1m\u00e1ra. \u00c9lvezze a k\u00f6vetkezetesen sima, gazdag \u00e9s autentikus \u00edzeket a fejlett 0,6\u03a9-os h\u00e1l\u00f3s tekercsnek k\u00f6sz\u00f6nhet\u0151en. Testre szabhatja \u00e9lm\u00e9ny\u00e9t n\u00e9gy nikotinszinttel (0%, 2%, 3%, 5%), \u00e9s az er\u0151teljes 1000mAh-s akkumul\u00e1torral Type-C-n kereszt\u00fcl gyorsan felt\u00f6ltheti. Ide\u00e1lis a nagykereskedelemhez, minden 10-es csomag verhetetlen \u00e9rt\u00e9ket k\u00edn\u00e1l! \ud83d\udca8<\/p>\n<h2>F\u0151bb jellemz\u0151k \u00e9s specifik\u00e1ci\u00f3k:<\/h2>\n<ul>\n<li>\u2705 <strong>P\u00e1ratlan puffsz\u00e1m:<\/strong> Ak\u00e1r 40.000 slukk k\u00e9sz\u00fcl\u00e9kenk\u00e9nt a hosszan tart\u00f3 \u00e9lvezet \u00e9rdek\u00e9ben.<\/li>\n<li>\u2705 <strong>Hatalmas E-folyad\u00e9k kapacit\u00e1s:<\/strong> El\u0151re felt\u00f6ltve 40ml pr\u00e9mium e-folyad\u00e9kkal, minimaliz\u00e1lva az \u00fajrat\u00f6lt\u00e9st.<\/li>\n<li>\u2705 <strong>Optimaliz\u00e1lt \u00edz \u00e9s g\u0151z:<\/strong> 0,6\u03a9-os h\u00e1l\u00f3s tekercset tartalmaz a k\u00f6vetkezetesen sima \u00e9s \u00edzletes tal\u00e1latok\u00e9rt.<\/li>\n<li>\u2705 <strong>Hossz\u00fa \u00e9lettartam\u00fa \u00e9s \u00fajrat\u00f6lthet\u0151:<\/strong> 1000mAh \u00fajrat\u00f6lthet\u0151 akkumul\u00e1torral \u00e9s gyors Type-C t\u00f6lt\u00e9ssel.<\/li>\n<li>\u2705 <strong>Testreszabhat\u00f3 nikotin:<\/strong> Kaphat\u00f3 0%, 2%, 3% \u00e9s 5% nikotin er\u0151ss\u00e9gben.<\/li>\n<li>\u2705 <strong>Nagykereskedelmi k\u00e9sz:<\/strong> K\u00e9nyelmes 10-es csomagban kaphat\u00f3 a nagybev\u00e1s\u00e1rl\u00e1shoz.<\/li>\n<\/ul>\n<h2>\ud83c\udf08 Ellen\u00e1llhatatlan \u00edzvil\u00e1g:<\/h2>\n<p>G\u00f6r\u00f6gdinnye, g\u00f6r\u00f6gdinnye eper, Pina Colada, eper j\u00e9g, Red Bull, barack j\u00e9g, \u00e1fonya j\u00e9g, \u00e1fonya m\u00e1lna, cseresznyevir\u00e1g sz\u0151l\u0151, dupla alma, vegyes gy\u00fcm\u00f6lcs, mang\u00f3 barack.<\/p>\n<p>K\u00e9szen \u00e1ll, hogy felemelje a p\u00e1rologtat\u00f3 utaz\u00e1s\u00e1t? A <strong>Bang Blaze Shisha 40K<\/strong> p\u00e1ratlan \u00edzt, er\u0151t \u00e9s teljes\u00edtm\u00e9nyt k\u00edn\u00e1l. Fogja a saj\u00e1tj\u00e1t m\u00e9g ma, \u00e9s k\u00f3stolja meg a k\u00fcl\u00f6nbs\u00e9get! \u2728<\/p>","protected":false},"excerpt":{"rendered":"<p>\ud83d\ude80 Ismerd meg a <strong>Bang Blaze Shisha 40K,<\/strong>\u00a0az \u00d6n \u00faj v\u00e1laszt\u00e1sa a v\u00e9gtelen \u00edz\u00e9rt \u00e9s a meg\u00e1ll\u00edthatatlan felh\u0151k\u00e9rt. 40ml e-folyad\u00e9kkal, 1000mAh akkumul\u00e1torral \u00e9s 12 ellen\u00e1llhatatlan \u00edzzel.<\/p>","protected":false},"featured_media":32173,"comment_status":"open","ping_status":"closed","template":"","meta":[],"product_brand":[227],"product_cat":[74,61,230],"product_tag":[],"class_list":{"0":"post-31951","1":"product","2":"type-product","3":"status-publish","4":"has-post-thumbnail","6":"product_brand-bang","7":"product_cat-40000-puffs-disposable-vape","8":"product_cat-bang","9":"product_cat-new","11":"first","12":"instock","13":"shipping-taxable","14":"purchasable","15":"product-type-variable","16":"has-default-attributes"},"jetpack_sharing_enabled":true,"tiered_pricing_type":"fixed","tiered_pricing_fixed_rules":{"30":6.480000000000000426325641456060111522674560546875,"50":6.1699999999999999289457264239899814128875732421875,"100":5.42999999999999971578290569595992565155029296875,"200":5.05999999999999960920149533194489777088165283203125,"400":4.5099999999999997868371792719699442386627197265625},"tiered_pricing_product_settings":{"layout":"default","base_unit_name":{"singular":null,"plural":null},"default_variation":null},"tiered_pricing_minimum_quantity":10,"tiered_pricing_roles_data":[],"tiered_pricing_percentage_rules":[],"tiered_pricing_maximum_quantity":null,"tiered_pricing_quantity_step":"10","_links":{"self":[{"href":"https:\/\/volovape.com\/hu\/wp-json\/wp\/v2\/product\/31951","targetHints":{"allow":["GET"]}}],"collection":[{"href":"https:\/\/volovape.com\/hu\/wp-json\/wp\/v2\/product"}],"about":[{"href":"https:\/\/volovape.com\/hu\/wp-json\/wp\/v2\/types\/product"}],"replies":[{"embeddable":true,"href":"https:\/\/volovape.com\/hu\/wp-json\/wp\/v2\/comments?post=31951"}],"wp:featuredmedia":[{"embeddable":true,"href":"https:\/\/volovape.com\/hu\/wp-json\/wp\/v2\/media\/32173"}],"wp:attachment":[{"href":"https:\/\/volovape.com\/hu\/wp-json\/wp\/v2\/media?parent=31951"}],"wp:term":[{"taxonomy":"product_brand","embeddable":true,"href":"https:\/\/volovape.com\/hu\/wp-json\/wp\/v2\/product_brand?post=31951"},{"taxonomy":"product_cat","embeddable":true,"href":"https:\/\/volovape.com\/hu\/wp-json\/wp\/v2\/product_cat?post=31951"},{"taxonomy":"product_tag","embeddable":true,"href":"https:\/\/volovape.com\/hu\/wp-json\/wp\/v2\/product_tag?post=31951"}],"curies":[{"name":"wp","href":"https:\/\/api.w.org\/{rel}","templated":true}]}}