{"id":31950,"date":"2025-07-02T03:28:57","date_gmt":"2025-07-02T03:28:57","guid":{"rendered":"https:\/\/volovape.com\/?post_type=product&#038;p=31950"},"modified":"2026-04-14T06:10:42","modified_gmt":"2026-04-14T06:10:42","slug":"vopk-ultra-40000-puff","status":"publish","type":"product","link":"https:\/\/volovape.com\/hu\/product\/vopk-ultra-40000-puffs\/","title":{"rendered":"VOPK Ultra 40000 Puffs | kett\u0151s \u00edz\u0171, \u00e1ll\u00edthat\u00f3 teljes\u00edtm\u00e9ny\u0171 eldobhat\u00f3 vape"},"content":{"rendered":"<h2>VOPK Ultra 40000 Puffs | Kett\u0151s \u00edz\u0171, \u00e1ll\u00edthat\u00f3 teljes\u00edtm\u00e9ny\u0171 eldobhat\u00f3 vape \ud83d\ude80<\/h2>\n<p>Tapasztalja meg a p\u00e1rologtat\u00e1s legmagasabb szintj\u00e9t a <b>VOPK Ultra 40000 puff<\/b>! Ez a fejlett eldobhat\u00f3 vape az innov\u00e1ci\u00f3 \u00e9s az \u00edzek p\u00e1ratlan kombin\u00e1ci\u00f3j\u00e1t k\u00edn\u00e1lja. A <b>kett\u0151s \u00e1ll\u00edthat\u00f3 \u00edzek<\/b>, egy hatalmas <b>40,000 puff kapacit\u00e1s<\/b>, \u00e9s <b>val\u00f3s idej\u0171 intelligens kijelz\u0151k<\/b>, minden alkalommal k\u00f6vetkezetesen kiel\u00e9g\u00edt\u0151 tal\u00e1latot kap. Az VOPK Ultra t\u00f6k\u00e9letes az \u00edzek rajong\u00f3i \u00e9s a neh\u00e9z vaperek sz\u00e1m\u00e1ra, teljes\u00edtm\u00e9nyt, biztons\u00e1got \u00e9s verhetetlen v\u00e1ltozatoss\u00e1got ny\u00fajt. \ud83d\udcaf<\/p>\n<h3>F\u0151bb jellemz\u0151k:<\/h3>\n<ul>\n<li>\ud83d\udd0b <b>850mAh \u00fajrat\u00f6lthet\u0151 akkumul\u00e1tor:<\/b> Hosszan tart\u00f3 teljes\u00edtm\u00e9ny a hosszabb p\u00e1rologtat\u00e1sokhoz.<\/li>\n<li>\ud83c\udf08 <b>Dual Flavor Pods:<\/b> Azonnal v\u00e1ltson vagy kombin\u00e1ljon k\u00e9t finom \u00edzt.<\/li>\n<li>\u26a1 <b>\u00c1ll\u00edthat\u00f3 teljes\u00edtm\u00e9nym\u00f3dok:<\/b> Testre szabhatja a g\u0151ztermel\u00e9s\u00e9t az enyh\u00e9t\u0151l az intenz\u00edvig.<\/li>\n<li>\ud83d\udee1\ufe0f <b>Gyermekz\u00e1r biztons\u00e1ga:<\/b> \u00c9lvezze a nyugalmat a hozz\u00e1adott biztons\u00e1ggal.<\/li>\n<li>\ud83d\udcca <b>LED k\u00e9perny\u0151:<\/b> K\u00f6nnyed\u00e9n nyomon k\u00f6vetheti az e-folyad\u00e9k \u00e9s az akkumul\u00e1tor szintj\u00e9t val\u00f3s id\u0151ben.<\/li>\n<li>\ud83d\udca8 <b>36mL E-folyad\u00e9k kapacit\u00e1s:<\/b> El\u0151re t\u00f6lt\u00f6tt a k\u00e9nyelem \u00e9s a hosszabb haszn\u00e1lat \u00e9rdek\u00e9ben.<\/li>\n<li>\ud83c\udf2c\ufe0f <b>N\u00e9gy h\u00e1l\u00f3s tekercsrendszer:<\/b> Biztos\u00edtja a sima, b\u00e1tor \u00e9s egyenletes \u00edzt.<\/li>\n<li>nikotin lehet\u0151s\u00e9gek a <b>0%-5%<\/b><\/li>\n<\/ul>\n<h3>N\u00e9pszer\u0171 kett\u0151s \u00edzkombin\u00e1ci\u00f3k: \ud83c\udf53\ud83c\udf47<\/h3>\n<ul>\n<li>Eper G\u00f6r\u00f6gdinnye \/ Kiwi Golgotavir\u00e1g Guava<\/li>\n<li>\u00c1fonya M\u00e1lna \/ Mang\u00f3 \u0150szibarack G\u00f6r\u00f6gdinnye<\/li>\n<li>K\u00e9k Razz gumimacik \/ Eper Kiwi<\/li>\n<li>K\u00e9k Razz cseresznye \/ eper m\u00e1lna<\/li>\n<li>Fizzy Citrom \u00e9s lime \/ g\u00f6r\u00f6gdinnye friss menta<\/li>\n<li>Blue Razz anan\u00e1sz \/ tripla mang\u00f3<\/li>\n<li>Grape Berry Burst \/ K\u00f6rte alma m\u00e1lna<\/li>\n<li>Eper \u00c1fonya Cranberry Cherry \/ Anan\u00e1sz Passion Lime<\/li>\n<li>\u00c1fonya eper mentol \/ \u00c1fonya m\u00e1lna mentol<\/li>\n<\/ul>\n<p>Nagykereskedelemben 10 darabos csomagokban kaphat\u00f3. Emelje a vape \u00e9lm\u00e9ny\u00e9t az VOPK Ultra seg\u00edts\u00e9g\u00e9vel! \u2728<\/p>","protected":false},"excerpt":{"rendered":"<p>\ud83d\ude80 <strong>Tapasztalja meg a meg\u00e1ll\u00edthatatlan \u00edzvil\u00e1g szabads\u00e1g\u00e1t az VOPK Ultra 40000 Puffs k\u00e9sz\u00fcl\u00e9kkel.<\/strong> - egy kett\u0151s \u00edz\u0171 er\u0151m\u0171, amely azoknak k\u00e9sz\u00fclt, akik nem hajland\u00f3ak megel\u00e9gedni.<\/p>","protected":false},"featured_media":32160,"comment_status":"open","ping_status":"closed","template":"","meta":[],"product_brand":[233],"product_cat":[74,230,65],"product_tag":[],"class_list":{"0":"post-31950","1":"product","2":"type-product","3":"status-publish","4":"has-post-thumbnail","6":"product_brand-okso","7":"product_cat-40000-puffs-disposable-vape","8":"product_cat-new","9":"product_cat-vopk","11":"first","12":"instock","13":"shipping-taxable","14":"purchasable","15":"product-type-variable","16":"has-default-attributes"},"jetpack_sharing_enabled":true,"tiered_pricing_type":"fixed","tiered_pricing_fixed_rules":{"30":7.839999999999999857891452847979962825775146484375,"50":6.79000000000000003552713678800500929355621337890625,"100":6.1699999999999999289457264239899814128875732421875,"200":5.79999999999999982236431605997495353221893310546875,"400":5.37000000000000010658141036401502788066864013671875},"tiered_pricing_product_settings":{"layout":"default","base_unit_name":{"singular":null,"plural":null},"default_variation":null},"tiered_pricing_minimum_quantity":10,"tiered_pricing_roles_data":[],"tiered_pricing_percentage_rules":[],"tiered_pricing_maximum_quantity":null,"tiered_pricing_quantity_step":"10","_links":{"self":[{"href":"https:\/\/volovape.com\/hu\/wp-json\/wp\/v2\/product\/31950","targetHints":{"allow":["GET"]}}],"collection":[{"href":"https:\/\/volovape.com\/hu\/wp-json\/wp\/v2\/product"}],"about":[{"href":"https:\/\/volovape.com\/hu\/wp-json\/wp\/v2\/types\/product"}],"replies":[{"embeddable":true,"href":"https:\/\/volovape.com\/hu\/wp-json\/wp\/v2\/comments?post=31950"}],"wp:featuredmedia":[{"embeddable":true,"href":"https:\/\/volovape.com\/hu\/wp-json\/wp\/v2\/media\/32160"}],"wp:attachment":[{"href":"https:\/\/volovape.com\/hu\/wp-json\/wp\/v2\/media?parent=31950"}],"wp:term":[{"taxonomy":"product_brand","embeddable":true,"href":"https:\/\/volovape.com\/hu\/wp-json\/wp\/v2\/product_brand?post=31950"},{"taxonomy":"product_cat","embeddable":true,"href":"https:\/\/volovape.com\/hu\/wp-json\/wp\/v2\/product_cat?post=31950"},{"taxonomy":"product_tag","embeddable":true,"href":"https:\/\/volovape.com\/hu\/wp-json\/wp\/v2\/product_tag?post=31950"}],"curies":[{"name":"wp","href":"https:\/\/api.w.org\/{rel}","templated":true}]}}