{"id":31949,"date":"2025-07-02T03:28:56","date_gmt":"2025-07-02T03:28:56","guid":{"rendered":"https:\/\/volovape.com\/?post_type=product&#038;p=31949"},"modified":"2026-04-14T06:17:18","modified_gmt":"2026-04-14T06:17:18","slug":"vopk-tripla-60k-60000-puffok","status":"publish","type":"product","link":"https:\/\/volovape.com\/hu\/product\/vopk-triple-60k-60000-puffs\/","title":{"rendered":"Vopk Triple 60K | 3 az 1-ben h\u00e1rmas \u00edz 60000 puff \u00f6mlesztett eldobhat\u00f3 vape"},"content":{"rendered":"<p>\ud83d\udd25 <b>Vopk Triple 60000 Puffs Eldobhat\u00f3 Vape<\/b>: Tapasztalja meg a p\u00e1rologtat\u00e1s k\u00e9nyelm\u00e9t \u00e9s \u00edz\u00e9t! Ez az innovat\u00edv 3 az 1-ben eldobhat\u00f3 vape elk\u00e9peszt\u0151 60.000 puffot, 54mL e-folyad\u00e9kot \u00e9s h\u00e1romszoros h\u00e1l\u00f3s tekercset k\u00edn\u00e1l a p\u00e1ratlan g\u0151z\u00f6l\u00e9si utaz\u00e1s \u00e9rdek\u00e9ben. Maradjon t\u00e1j\u00e9kozott az intelligens LED-kijelz\u0151vel, \u00e9s t\u00f6ltse fel gyorsan a Type-C gyorst\u00f6lt\u00e9ssel. Testre szabhatja a sl\u00e1ger\u00e9t a 2% vagy 5% nikotinopci\u00f3kkal. A Vopk Triple 60K b\u00e1rmilyen alkalomra t\u00f6k\u00e9letes, hatalmas felh\u0151ket, gazdag \u00edzt \u00e9s verhetetlen teljes\u00edtm\u00e9nyt ny\u00fajt. \ud83d\ude80<\/p>\n<h3>\u2728 F\u0151 jellemz\u0151k:<\/h3>\n<ul>\n<li><b>Puffad\u00e1sok sz\u00e1ma:<\/b> Ak\u00e1r 60,000 puff<\/li>\n<li><b>E-folyad\u00e9k kapacit\u00e1s:<\/b> 54mL El\u0151re t\u00f6lt\u00f6tt<\/li>\n<li><b>Tekercs t\u00edpusa:<\/b> H\u00e1romszoros h\u00e1l\u00f3s tekercsek<\/li>\n<li><b>Akkumul\u00e1tor:<\/b> 650mAh \u00fajrat\u00f6lthet\u0151<\/li>\n<li><b>T\u00f6lt\u00e9s:<\/b> C t\u00edpus\u00fa gyorst\u00f6lt\u00e9s<\/li>\n<li><b>Nikotin lehet\u0151s\u00e9gek:<\/b> 2% (20mg) \/ 5% (50mg) S\u00f3s nikotin<\/li>\n<li><b>Megjelen\u00edt\u00e9s:<\/b> Intelligens LED k\u00e9perny\u0151 (akkumul\u00e1tor \u00e9s E-folyad\u00e9k kijelz\u0151)<\/li>\n<li><b>\u00cdzrendszer:<\/b> 3 az 1-ben \u00edzforgat\u00e1s<\/li>\n<\/ul>\n<h3>\ud83c\udf53\ud83d\udca8 \u00cdzkombin\u00e1ci\u00f3k:<\/h3>\n<ul>\n<li>G\u00f6r\u00f6gdinnye j\u00e9g - H\u00e1romszoros dinnye j\u00e9g - Eper j\u00e9gkr\u00e9m<\/li>\n<li>Eper Ban\u00e1n - M\u00e1lna G\u00f6r\u00f6gdinnye - Anan\u00e1sz K\u00f3kuszdi\u00f3<\/li>\n<li>Barack bogy\u00f3s - Blue Razz Ice - G\u00f6r\u00f6gdinnye Barack Mang\u00f3<\/li>\n<li>Savany\u00fa mang\u00f3 anan\u00e1sz - Red Bull eper - Fekete ribizli j\u00e9g<\/li>\n<li>Kiwi Passi\u00f3gy\u00fcm\u00f6lcs - Eper Cseresznye - Love 66<\/li>\n<li>Dupla alma j\u00e9g - Tr\u00f3pusi gy\u00fcm\u00f6lcs - Eper g\u00f6r\u00f6gdinnye r\u00e1g\u00f3gumi<\/li>\n<li>Grape Ice - Strawberry Kiwi - Watermelon Red Bull<\/li>\n<li>Eper g\u00f6r\u00f6gdinnye - \u00e1fonya m\u00e1lna - citrom citromos lime<\/li>\n<li>Ban\u00e1n anan\u00e1sz - Red Bull Ice - Eper mang\u00f3<\/li>\n<li>Gumimacik - Eper van\u00edli\u00e1s k\u00f3la - \u00c1fony\u00e1s vattacukor<\/li>\n<\/ul>","protected":false},"excerpt":{"rendered":"<p>\ud83d\udd25 <strong>H\u00e1rom \u00edz, v\u00e9gtelen el\u00e9gedetts\u00e9g.<\/strong> A Vopk Triple 60K olyan vaperek sz\u00e1m\u00e1ra k\u00e9sz\u00fclt, akik nonstop v\u00e1ltozatoss\u00e1gra \u00e9s komoly teljes\u00edtm\u00e9nyre v\u00e1gynak.<\/p>","protected":false},"featured_media":32148,"comment_status":"open","ping_status":"closed","template":"","meta":[],"product_brand":[236],"product_cat":[39,231,21,43,20,230,65],"product_tag":[],"class_list":{"0":"post-31949","1":"product","2":"type-product","3":"status-publish","4":"has-post-thumbnail","6":"product_brand-vopk","7":"product_cat-digital-box-vapes","8":"product_cat-60000-puffs-disposable-vape","9":"product_cat-big-puffs-vapes","10":"product_cat-crystal-vapes","11":"product_cat-disposable-vape-types","12":"product_cat-new","13":"product_cat-vopk","15":"first","16":"instock","17":"featured","18":"shipping-taxable","19":"purchasable","20":"product-type-variable","21":"has-default-attributes"},"jetpack_sharing_enabled":true,"tiered_pricing_type":"fixed","tiered_pricing_fixed_rules":{"30":7.839999999999999857891452847979962825775146484375,"50":7.6500000000000003552713678800500929355621337890625,"100":6.910000000000000142108547152020037174224853515625,"200":6.54000000000000003552713678800500929355621337890625,"400":5.9900000000000002131628207280300557613372802734375},"tiered_pricing_product_settings":{"layout":"default","base_unit_name":{"singular":null,"plural":null},"default_variation":null},"tiered_pricing_minimum_quantity":10,"tiered_pricing_roles_data":[],"tiered_pricing_percentage_rules":[],"tiered_pricing_maximum_quantity":null,"tiered_pricing_quantity_step":"10","_links":{"self":[{"href":"https:\/\/volovape.com\/hu\/wp-json\/wp\/v2\/product\/31949","targetHints":{"allow":["GET"]}}],"collection":[{"href":"https:\/\/volovape.com\/hu\/wp-json\/wp\/v2\/product"}],"about":[{"href":"https:\/\/volovape.com\/hu\/wp-json\/wp\/v2\/types\/product"}],"replies":[{"embeddable":true,"href":"https:\/\/volovape.com\/hu\/wp-json\/wp\/v2\/comments?post=31949"}],"wp:featuredmedia":[{"embeddable":true,"href":"https:\/\/volovape.com\/hu\/wp-json\/wp\/v2\/media\/32148"}],"wp:attachment":[{"href":"https:\/\/volovape.com\/hu\/wp-json\/wp\/v2\/media?parent=31949"}],"wp:term":[{"taxonomy":"product_brand","embeddable":true,"href":"https:\/\/volovape.com\/hu\/wp-json\/wp\/v2\/product_brand?post=31949"},{"taxonomy":"product_cat","embeddable":true,"href":"https:\/\/volovape.com\/hu\/wp-json\/wp\/v2\/product_cat?post=31949"},{"taxonomy":"product_tag","embeddable":true,"href":"https:\/\/volovape.com\/hu\/wp-json\/wp\/v2\/product_tag?post=31949"}],"curies":[{"name":"wp","href":"https:\/\/api.w.org\/{rel}","templated":true}]}}