{"id":31947,"date":"2025-07-02T03:28:56","date_gmt":"2025-07-02T03:28:56","guid":{"rendered":"https:\/\/volovape.com\/?post_type=product&#038;p=31947"},"modified":"2025-11-11T04:39:23","modified_gmt":"2025-11-11T04:39:23","slug":"vapme-digital-30000-puff","status":"publish","type":"product","link":"https:\/\/volovape.com\/hu\/product\/vapme-digital-30000-puffs\/","title":{"rendered":"Vapme Digital 30000 Puffs | 12 \u00edzek h\u00e1l\u00f3s tekercs \u00f6mlesztett eldobhat\u00f3 vape"},"content":{"rendered":"<h2>\u2728 Vapme Digital 30000: A v\u00e9gs\u0151 eldobhat\u00f3 Vape! \ud83d\ude80<\/h2>\n<p>Tapasztalja meg a p\u00e1rologtat\u00e1st, mint m\u00e9g soha azel\u0151tt a <strong>Vapme Digital 30000<\/strong>. T\u00f6k\u00e9letes a neh\u00e9z vapers \u00e9s a t\u00f6meges v\u00e1s\u00e1rl\u00f3k, ez a k\u00e9sz\u00fcl\u00e9k ny\u00fajt verhetetlen <strong>30,000 puff<\/strong> k\u00f6vetkezetes, er\u0151teljes \u00edzzel. Mondjon b\u00facs\u00fat az \u00e1lland\u00f3 \u00fajrat\u00f6lt\u00e9seknek \u00e9s a gyenge tal\u00e1latoknak, k\u00f6sz\u00f6nhet\u0151en a massz\u00edv <strong>20mL e-liquid kapacit\u00e1s<\/strong> \u00e9s robusztus <strong>850mAh \u00fajrat\u00f6lthet\u0151 akkumul\u00e1tor<\/strong> k\u00e9nyelmes <strong>C-t\u00edpus\u00fa t\u00f6lt\u00e9s<\/strong>. \u00c9lvezze a sima <strong>MTL (Mouth-to-Lung) felh\u0151k<\/strong> \u00e9s gazdag g\u0151z a fejlett <strong>0,6\u03a9-os h\u00e1l\u00f3s tekercs<\/strong>. K\u00e9szen \u00e1llsz a leny\u0171g\u00f6z\u00e9sre? Szerezd meg a ti\u00e9det nagy t\u00e9telben m\u00e9g ma! \ud83d\udca8<\/p>\n<h3>\ud83d\udcca F\u0151 specifik\u00e1ci\u00f3k:<\/h3>\n<ul>\n<li><strong>Puffad\u00e1sok sz\u00e1ma:<\/strong> Ak\u00e1r 30.000 f\u00faj\u00e1s \ud83e\udd2f<\/li>\n<li><strong>E-folyad\u00e9k kapacit\u00e1s:<\/strong> 20mL el\u0151re t\u00f6lt\u00f6tt<\/li>\n<li><strong>Tekercs:<\/strong> 0.6\u03a9 fejlett h\u00e1l\u00f3s tekercs a gazdag g\u0151z\u00e9rt<\/li>\n<li><strong>Akkumul\u00e1tor:<\/strong> 850mAh \u00fajrat\u00f6lthet\u0151 (Type-C)<\/li>\n<li><strong>Nikotinszintek:<\/strong> 0%, 12%, 13%, 15%<\/li>\n<li><strong>Vaping st\u00edlus:<\/strong> MTL (Mouth-to-Lung)<\/li>\n<li><strong>\u00cdzes\u00edt\u00e9si lehet\u0151s\u00e9gek:<\/strong> 12 hihetetlen v\u00e1laszt\u00e1s \ud83c\udf53\ud83e\uded0\ud83e\udd6d<\/li>\n<\/ul>\n<h3>\ud83c\udf08 Mer\u00fclj\u00f6n el 12 finom \u00edzben:<\/h3>\n<p>Fedezze fel \u00faj kedvenc\u00e9t a vibr\u00e1l\u00f3 \u00edzek sz\u00e9les v\u00e1laszt\u00e9k\u00e1b\u00f3l! A l\u00e9d\u00fas <strong>\u00c1fonya M\u00e1lna<\/strong> az \u00e9l\u00e9nk\u00edt\u0151 <strong>Energiaital<\/strong> \u00e9s egzotikus <strong>Kiwi Passionfruit Guava<\/strong>, minden hangulathoz van egy t\u00f6k\u00e9letes v\u00e1laszt\u00e1s. V\u00e1ltakozva a k\u00f6vetkez\u0151k k\u00f6z\u00f6tt <em>12 kiel\u00e9g\u00edt\u0151 \u00edz<\/em> soha nem volt m\u00e9g ilyen egyszer\u0171! \ud83d\ude0b<\/p>\n<p>V\u00e1lassza a Vapme Digital 30000 k\u00e9sz\u00fcl\u00e9ket az intenz\u00edv, hosszan tart\u00f3 el\u00e9gedetts\u00e9g\u00e9rt, \u00e9s tartsa v\u00e1s\u00e1rl\u00f3it a visszat\u00e9r\u0151 vend\u00e9gek k\u00f6z\u00f6tt!<\/p>","protected":false},"excerpt":{"rendered":"<p>\ud83d\ude80 <strong>K\u00e9szen \u00e1llsz a vape-\u00e9lm\u00e9nyed n\u00f6vel\u00e9s\u00e9re?<\/strong> Ismerje meg a Vapme Digital 30000-t - egy nagy kapacit\u00e1s\u00fa eldobhat\u00f3 vape, amelyet komoly \u00edzkeres\u0151k \u00e9s nikotin szerelmesei sz\u00e1m\u00e1ra terveztek.<\/p>","protected":false},"featured_media":32103,"comment_status":"open","ping_status":"closed","template":"","meta":[],"product_brand":[234],"product_cat":[63,230,49],"product_tag":[],"class_list":{"0":"post-31947","1":"product","2":"type-product","3":"status-publish","4":"has-post-thumbnail","6":"product_brand-vapme","7":"product_cat-30000-puffs-disposable-vape","8":"product_cat-new","9":"product_cat-vapme","11":"first","12":"instock","13":"shipping-taxable","14":"purchasable","15":"product-type-variable","16":"has-default-attributes"},"jetpack_sharing_enabled":true,"tiered_pricing_type":"fixed","tiered_pricing_fixed_rules":{"30":8.6300000000000007815970093361102044582366943359375,"50":7.6500000000000003552713678800500929355621337890625,"100":7.04000000000000003552713678800500929355621337890625,"200":6.6699999999999999289457264239899814128875732421875,"400":6.230000000000000426325641456060111522674560546875},"tiered_pricing_product_settings":{"layout":"default","base_unit_name":{"singular":null,"plural":null},"default_variation":null},"tiered_pricing_minimum_quantity":10,"tiered_pricing_roles_data":[],"tiered_pricing_percentage_rules":[],"tiered_pricing_maximum_quantity":null,"tiered_pricing_quantity_step":"10","_links":{"self":[{"href":"https:\/\/volovape.com\/hu\/wp-json\/wp\/v2\/product\/31947","targetHints":{"allow":["GET"]}}],"collection":[{"href":"https:\/\/volovape.com\/hu\/wp-json\/wp\/v2\/product"}],"about":[{"href":"https:\/\/volovape.com\/hu\/wp-json\/wp\/v2\/types\/product"}],"replies":[{"embeddable":true,"href":"https:\/\/volovape.com\/hu\/wp-json\/wp\/v2\/comments?post=31947"}],"wp:featuredmedia":[{"embeddable":true,"href":"https:\/\/volovape.com\/hu\/wp-json\/wp\/v2\/media\/32103"}],"wp:attachment":[{"href":"https:\/\/volovape.com\/hu\/wp-json\/wp\/v2\/media?parent=31947"}],"wp:term":[{"taxonomy":"product_brand","embeddable":true,"href":"https:\/\/volovape.com\/hu\/wp-json\/wp\/v2\/product_brand?post=31947"},{"taxonomy":"product_cat","embeddable":true,"href":"https:\/\/volovape.com\/hu\/wp-json\/wp\/v2\/product_cat?post=31947"},{"taxonomy":"product_tag","embeddable":true,"href":"https:\/\/volovape.com\/hu\/wp-json\/wp\/v2\/product_tag?post=31947"}],"curies":[{"name":"wp","href":"https:\/\/api.w.org\/{rel}","templated":true}]}}