{"id":31946,"date":"2025-07-02T03:28:55","date_gmt":"2025-07-02T03:28:55","guid":{"rendered":"https:\/\/volovape.com\/?post_type=product&#038;p=31946"},"modified":"2026-04-14T06:24:46","modified_gmt":"2026-04-14T06:24:46","slug":"okso-shisha-max-40000-puff","status":"publish","type":"product","link":"https:\/\/volovape.com\/hu\/product\/okso-shisha-max-40000-puffs\/","title":{"rendered":"OKSO Shisha Max 40K | h\u00e1l\u00f3s tekercs, LED kijelz\u0151 \u00f6mlesztett eldobhat\u00f3 vape"},"content":{"rendered":"<h2>\ud83d\udd25 Mi\u00e9rt v\u00e1lassza az OKSO Shisha Max 40K-t?<\/h2>\n<p>Emelje a p\u00e1rologtat\u00e1si \u00e9lm\u00e9ny\u00e9t a <strong>OKSO Shisha Max 40K<\/strong>, amelyet a v\u00e9gs\u0151 el\u00e9gedetts\u00e9g \u00e9s ellen\u0151rz\u00e9s \u00e9rdek\u00e9ben terveztek. \u00c9lvezze az elk\u00e9peszt\u0151 <strong>40.000 f\u00faj\u00e1s<\/strong> egyetlen eszk\u00f6zr\u0151l! \ud83d\ude80 A fejlett <strong>h\u00e1l\u00f3s tekercs<\/strong> technol\u00f3gia biztos\u00edtja a k\u00f6vetkezetesen gazdag \u00e9s sima \u00edzvil\u00e1got, m\u00edg az intuit\u00edv <strong>LED kijelz\u0151<\/strong> t\u00e1j\u00e9koztatja \u00d6nt az akkumul\u00e1tor \u00e9lettartam\u00e1r\u00f3l \u00e9s a puffok sz\u00e1m\u00e1r\u00f3l. Testre szabhatja a vape-j\u00e9t az \u00e1ll\u00edthat\u00f3 l\u00e9g\u00e1raml\u00e1s \u00e9s teljes\u00edtm\u00e9ny be\u00e1ll\u00edt\u00e1sokkal. Robusztus <strong>800mAh \u00fajrat\u00f6lthet\u0151 akkumul\u00e1tor<\/strong> \u00e9s a gyors Type-C t\u00f6lt\u00e9snek k\u00f6sz\u00f6nhet\u0151en mindig k\u00e9szen \u00e1ll az indul\u00e1sra. R\u00e1ad\u00e1sul a be\u00e9p\u00edtett <strong>gyermekz\u00e1r<\/strong> extra nyugalmat biztos\u00edt. T\u00f6k\u00e9letes a hossz\u00fa \u00e9lettartamot, \u00edzt \u00e9s rugalmass\u00e1got keres\u0151 vaperek sz\u00e1m\u00e1ra, \u00e9s kiv\u00e1l\u00f3 nagykereskedelmi opci\u00f3 a kiskeresked\u0151k sz\u00e1m\u00e1ra!<\/p>\n<h2>\u2728 Term\u00e9kle\u00edr\u00e1sok:<\/h2>\n<ul>\n<li><strong>Puffad\u00e1sok sz\u00e1ma:<\/strong> Ak\u00e1r 40,000 f\u00faj\u00e1s<\/li>\n<li><strong>E-folyad\u00e9k kapacit\u00e1s:<\/strong> 36ml (el\u0151ret\u00f6lt\u00f6tt)<\/li>\n<li><strong>Tekercs t\u00edpusa:<\/strong> Mesh tekercs a kiv\u00e1l\u00f3 \u00edz\u00e9rt \u00e9s g\u0151ztermel\u00e9s\u00e9rt<\/li>\n<li><strong>Megjelen\u00edt\u00e9s:<\/strong> LED kijelz\u0151 (akkumul\u00e1tor \u00e9s puffsz\u00e1m)<\/li>\n<li><strong>Akkumul\u00e1tor:<\/strong> 800mAh \u00fajrat\u00f6lthet\u0151<\/li>\n<li><strong>T\u00f6lt\u00e9s:<\/strong> C t\u00edpus\u00fa gyorst\u00f6lt\u00e9s<\/li>\n<li><strong>Nikotin er\u0151ss\u00e9gei:<\/strong> 0%, 2%, 3%, 5% (t\u00e9rfogat szerint)<\/li>\n<li><strong>Jellemz\u0151k:<\/strong> \u00c1ll\u00edthat\u00f3 l\u00e9g\u00e1raml\u00e1s, \u00e1ll\u00edthat\u00f3 teljes\u00edtm\u00e9ny, gyermekz\u00e1r<\/li>\n<\/ul>\n<h2>\ud83c\udf53 \u00cdzek list\u00e1ja:<\/h2>\n<ul>\n<li>K\u00e9t alma \ud83c\udf4f\ud83c\udf4f\ud83c\udf4f<\/li>\n<li>Sz\u0151l\u0151 menta \ud83c\udf47\ud83c\udf43<\/li>\n<li>Cherry Fiesta \ud83c\udf52\ud83c\udf89<\/li>\n<li>Barackos j\u00e9g \ud83c\udf51\ud83e\uddca<\/li>\n<li>Magic Love \u2728\u2764\ufe0f<\/li>\n<li>Strawberry Punch \ud83c\udf53\ud83d\udca5<\/li>\n<li>Blue Razz Ice \ud83d\udc99\ud83e\uddca\ud83e\uddca<\/li>\n<li>Lush Ice \ud83c\udf49\u2744\ufe0f<\/li>\n<li>Eper g\u00f6r\u00f6gdinnye \ud83c\udf53\ud83c\udf49<\/li>\n<li>Bogy\u00f3s menta \ud83c\udf53\ud83c\udf43<\/li>\n<\/ul>","protected":false},"excerpt":{"rendered":"<p>Az OKSO Shisha Max 40K eldobhat\u00f3 vape ak\u00e1r 40 000 slukkot is biztos\u00edt teljes\u00edtm\u00e9nyszab\u00e1lyoz\u00e1ssal, l\u00e9g\u00e1raml\u00e1s-be\u00e1ll\u00edt\u00e1ssal \u00e9s 10 gazdag \u00edzvil\u00e1ggal - a hosszan tart\u00f3, testreszabhat\u00f3 \u00e9s \u00edzletes vape \u00e9lvezet \u00e9rdek\u00e9ben.<\/p>","protected":false},"featured_media":32093,"comment_status":"open","ping_status":"closed","template":"","meta":[],"product_brand":[233],"product_cat":[74,230,229],"product_tag":[],"class_list":{"0":"post-31946","1":"product","2":"type-product","3":"status-publish","4":"has-post-thumbnail","6":"product_brand-okso","7":"product_cat-40000-puffs-disposable-vape","8":"product_cat-new","9":"product_cat-okso","11":"first","12":"instock","13":"shipping-taxable","14":"purchasable","15":"product-type-variable","16":"has-default-attributes"},"jetpack_sharing_enabled":true,"tiered_pricing_type":"fixed","tiered_pricing_fixed_rules":{"30":7.589999999999999857891452847979962825775146484375,"50":6.519999999999999573674358543939888477325439453125,"100":5.9000000000000003552713678800500929355621337890625,"200":5.53000000000000024868995751603506505489349365234375,"400":5.0999999999999996447286321199499070644378662109375},"tiered_pricing_product_settings":{"layout":"default","base_unit_name":{"singular":null,"plural":null},"default_variation":null},"tiered_pricing_minimum_quantity":10,"tiered_pricing_roles_data":[],"tiered_pricing_percentage_rules":[],"tiered_pricing_maximum_quantity":null,"tiered_pricing_quantity_step":"10","_links":{"self":[{"href":"https:\/\/volovape.com\/hu\/wp-json\/wp\/v2\/product\/31946","targetHints":{"allow":["GET"]}}],"collection":[{"href":"https:\/\/volovape.com\/hu\/wp-json\/wp\/v2\/product"}],"about":[{"href":"https:\/\/volovape.com\/hu\/wp-json\/wp\/v2\/types\/product"}],"replies":[{"embeddable":true,"href":"https:\/\/volovape.com\/hu\/wp-json\/wp\/v2\/comments?post=31946"}],"wp:featuredmedia":[{"embeddable":true,"href":"https:\/\/volovape.com\/hu\/wp-json\/wp\/v2\/media\/32093"}],"wp:attachment":[{"href":"https:\/\/volovape.com\/hu\/wp-json\/wp\/v2\/media?parent=31946"}],"wp:term":[{"taxonomy":"product_brand","embeddable":true,"href":"https:\/\/volovape.com\/hu\/wp-json\/wp\/v2\/product_brand?post=31946"},{"taxonomy":"product_cat","embeddable":true,"href":"https:\/\/volovape.com\/hu\/wp-json\/wp\/v2\/product_cat?post=31946"},{"taxonomy":"product_tag","embeddable":true,"href":"https:\/\/volovape.com\/hu\/wp-json\/wp\/v2\/product_tag?post=31946"}],"curies":[{"name":"wp","href":"https:\/\/api.w.org\/{rel}","templated":true}]}}