{"id":31945,"date":"2025-07-02T03:28:55","date_gmt":"2025-07-02T03:28:55","guid":{"rendered":"https:\/\/volovape.com\/?post_type=product&#038;p=31945"},"modified":"2026-04-14T06:23:17","modified_gmt":"2026-04-14T06:23:17","slug":"okso-varazstukor-50000-puff","status":"publish","type":"product","link":"https:\/\/volovape.com\/hu\/product\/okso-magic-mirror-50000-puffs\/","title":{"rendered":"OKSO Magic Mirror 50000 Puffs | RGB LED, kett\u0151s h\u00e1l\u00f3, LED kijelz\u0151, \u00f6mlesztett eldobhat\u00f3 vape"},"content":{"rendered":"<p>\ud83d\udd25 <strong>Tapasztalja meg az OKSO Magic Mirror 50K-val \u00fajra\u00e9rtelmezett vapingot!<\/strong> \ud83d\udd25 Ez nem csak egy \u00fajabb eldobhat\u00f3 vape; ez egy kijelent\u0151 darab, amelyet a v\u00e9gs\u0151 el\u00e9gedetts\u00e9gre terveztek. Szerezzen egy elk\u00e9peszt\u0151 <strong>50,000 puff<\/strong>, egy hatalmas <strong>40mL e-liquid kapacit\u00e1s<\/strong>, \u00e9s a k\u00e9nyelem egy <strong>\u00fajrat\u00f6lthet\u0151 C t\u00edpus\u00fa akkumul\u00e1tor<\/strong>. A szemet gy\u00f6ny\u00f6rk\u00f6dtet\u0151 t\u00fckr\u00f6s kivitel \u00e9s a dinamikus <strong>RGB LED vil\u00e1g\u00edt\u00e1s<\/strong> kiemelkedik, m\u00edg <strong>kett\u0151s h\u00e1l\u00f3s tekercsek<\/strong> garant\u00e1lja az intenz\u00edv \u00edzt \u00e9s a hatalmas felh\u0151ket minden alkalommal. T\u00f6k\u00e9letes az \u00edzek rajong\u00f3i, a felh\u0151vad\u00e1szok \u00e9s a pr\u00e9mium eldobhat\u00f3 vapeseket keres\u0151 kiskeresked\u0151k sz\u00e1m\u00e1ra.<\/p>\n<h3>\ud83d\udcca Specifik\u00e1ci\u00f3k:<\/h3>\n<ul>\n<li>\ud83d\udca8 <strong>Puff:<\/strong> 50,000-ig<\/li>\n<li>\ud83d\udca7 <strong>E-folyad\u00e9k:<\/strong> 40ml (el\u0151ret\u00f6ltve)<\/li>\n<li>\u2728 <strong>Tekercs:<\/strong> Dual Mesh a kiv\u00e1l\u00f3 \u00edz\u00e9rt<\/li>\n<li>\ud83d\udd0b <strong>Akkumul\u00e1tor:<\/strong> 850mAh \u00fajrat\u00f6lthet\u0151 (Type-C)<\/li>\n<li>\ud83e\uddea <strong>Nikotin er\u0151ss\u00e9gei:<\/strong> 0%, 2%, 3%, 5% (el\u00e9rhet\u0151 opci\u00f3k)<\/li>\n<li>\ud83d\udda5\ufe0f <strong>Megjelen\u00edt\u00e9s:<\/strong> LED kijelz\u0151 a puffok sz\u00e1m\u00e1nak \u00e9s az akkumul\u00e1tor \u00e9lettartam\u00e1nak kijelz\u00e9s\u00e9hez<\/li>\n<li>\ud83d\udd12 <strong>Biztons\u00e1g:<\/strong> Be\u00e9p\u00edtett gyermekz\u00e1r funkci\u00f3<\/li>\n<li>\ud83c\udf1f <strong>Tervez\u00e9s:<\/strong> T\u00fckr\u00f6s kivitel RGB LED effektekkel<\/li>\n<\/ul>\n<h3>\ud83c\udf6d Kaphat\u00f3 \u00edzek:<\/h3>\n<ul>\n<li>Blue Razz Ice \ud83e\uded0\u2744\ufe0f<\/li>\n<li>Lush Ice \ud83c\udf49\u2744\ufe0f<\/li>\n<li>Epres j\u00e9g \ud83c\udf53\u2744\ufe0f<\/li>\n<li>Grape Ice \ud83c\udf47\u2744\ufe0f<\/li>\n<li>SZERETET 66 \u2764\ufe0f\u200d\ud83d\udd25<\/li>\n<li>Lady Killa \ud83d\udc51<\/li>\n<li>Ment\u00e1s j\u00e9g \ud83c\udf43\u2744\ufe0f<\/li>\n<li>Eper g\u00f6r\u00f6gdinnye \ud83c\udf53\ud83c\udf49<\/li>\n<li>Kiwi passi\u00f3gy\u00fcm\u00f6lcs \ud83e\udd5d\ud83e\udd6d<\/li>\n<li>Vegyes bogy\u00f3s gy\u00fcm\u00f6lcs\u00f6k \ud83c\udf53\ud83e\uded0\ud83c\udf47<\/li>\n<\/ul>","protected":false},"excerpt":{"rendered":"<p>\u2728 K\u00e9sz\u00fclj\u00f6n fel a st\u00edlusos vape-re az OKSO Magic Mirror 50K-val: 50.000 puff, kett\u0151s h\u00e1l\u00f3s tekercs, RGB LED \u00e9s 40ml e-folyad\u00e9k - a st\u00edlusos, er\u0151teljes eldobhat\u00f3 vape a t\u00f6meges v\u00e1s\u00e1rl\u00f3k sz\u00e1m\u00e1ra.<\/p>","protected":false},"featured_media":32025,"comment_status":"open","ping_status":"closed","template":"","meta":[],"product_brand":[233],"product_cat":[74,230,229],"product_tag":[],"class_list":{"0":"post-31945","1":"product","2":"type-product","3":"status-publish","4":"has-post-thumbnail","6":"product_brand-okso","7":"product_cat-40000-puffs-disposable-vape","8":"product_cat-new","9":"product_cat-okso","11":"first","12":"instock","13":"shipping-taxable","14":"purchasable","15":"product-type-variable","16":"has-default-attributes"},"jetpack_sharing_enabled":true,"tiered_pricing_type":"fixed","tiered_pricing_fixed_rules":{"30":8.7400000000000002131628207280300557613372802734375,"60":8.699999999999999289457264239899814128875732421875,"100":8.300000000000000710542735760100185871124267578125,"200":7.9000000000000003552713678800500929355621337890625},"tiered_pricing_product_settings":{"layout":"default","base_unit_name":{"singular":null,"plural":null},"default_variation":null},"tiered_pricing_minimum_quantity":10,"tiered_pricing_roles_data":[],"tiered_pricing_percentage_rules":[],"tiered_pricing_maximum_quantity":null,"tiered_pricing_quantity_step":"10","_links":{"self":[{"href":"https:\/\/volovape.com\/hu\/wp-json\/wp\/v2\/product\/31945","targetHints":{"allow":["GET"]}}],"collection":[{"href":"https:\/\/volovape.com\/hu\/wp-json\/wp\/v2\/product"}],"about":[{"href":"https:\/\/volovape.com\/hu\/wp-json\/wp\/v2\/types\/product"}],"replies":[{"embeddable":true,"href":"https:\/\/volovape.com\/hu\/wp-json\/wp\/v2\/comments?post=31945"}],"wp:featuredmedia":[{"embeddable":true,"href":"https:\/\/volovape.com\/hu\/wp-json\/wp\/v2\/media\/32025"}],"wp:attachment":[{"href":"https:\/\/volovape.com\/hu\/wp-json\/wp\/v2\/media?parent=31945"}],"wp:term":[{"taxonomy":"product_brand","embeddable":true,"href":"https:\/\/volovape.com\/hu\/wp-json\/wp\/v2\/product_brand?post=31945"},{"taxonomy":"product_cat","embeddable":true,"href":"https:\/\/volovape.com\/hu\/wp-json\/wp\/v2\/product_cat?post=31945"},{"taxonomy":"product_tag","embeddable":true,"href":"https:\/\/volovape.com\/hu\/wp-json\/wp\/v2\/product_tag?post=31945"}],"curies":[{"name":"wp","href":"https:\/\/api.w.org\/{rel}","templated":true}]}}