{"id":31943,"date":"2025-07-02T03:28:53","date_gmt":"2025-07-02T03:28:53","guid":{"rendered":"https:\/\/volovape.com\/?post_type=product&#038;p=31943"},"modified":"2026-04-14T06:26:05","modified_gmt":"2026-04-14T06:26:05","slug":"okso-shisha-vizipipa-mega-50000","status":"publish","type":"product","link":"https:\/\/volovape.com\/hu\/product\/okso-shisha-hookah-mega-50000\/","title":{"rendered":"OKSO Shisha Hookah Mega 50K | h\u00e1romszoros h\u00e1l\u00f3, LED \u00f6mlesztett eldobhat\u00f3 vape"},"content":{"rendered":"<p>\ud83d\udca8 \u00c9lvezze a p\u00e1ratlan p\u00e1rologtat\u00e1si \u00e9lm\u00e9nyt a <strong>OKSO Shisha v\u00edzipipa Mega 50K<\/strong>! Az \u00edzek rajong\u00f3inak \u00e9s a felh\u0151k \u00fcld\u00f6z\u0151inek egyar\u00e1nt tervezett k\u00e9sz\u00fcl\u00e9k \u00fajradefini\u00e1lja az eldobhat\u00f3 p\u00e1rologtat\u00e1st. K\u00e9sz\u00fclj\u00f6n fel egy elk\u00e9peszt\u0151 <strong>50,000 puff<\/strong>, amelyet egy \u00e9lvonalbeli <strong>h\u00e1romh\u00e1l\u00f3s tekercs<\/strong> a gazdagabb, sim\u00e1bb hangz\u00e1s\u00e9rt. \ud83d\ude80<\/p>\n<p>Az \u00e9l\u00e9nk LED-kijelz\u0151n k\u00f6nnyed\u00e9n nyomon k\u00f6vetheti az akkumul\u00e1tor \u00e9s az e-folyad\u00e9k szintj\u00e9t. Az \u00e1ll\u00edthat\u00f3 l\u00e9g\u00e1raml\u00e1ssal testre szabhatja a sz\u00edv\u00e1st, \u00edgy minden bel\u00e9gz\u00e9s t\u00f6k\u00e9letes lesz. Ak\u00e1r a nikotinmentes \u00fcl\u00e9st, ak\u00e1r az er\u0151teljes 5% torok\u00fct\u00e9st kedveli, az OKSO Mega 50K alkalmazkodik az \u00d6n preferenci\u00e1ihoz. Hatalmas 40mL e-folyad\u00e9k kapacit\u00e1sa \u00e9s \u00fajrat\u00f6lthet\u0151 1100mAh akkumul\u00e1tora garant\u00e1lja a tart\u00f3s intenzit\u00e1st, \u00edgy ide\u00e1lis a folyamatos \u00e9lvezethez vagy a v\u00e1llalkoz\u00e1sod cs\u00facs\u00e9rt\u00e9kes\u00edt\u0151jek\u00e9nt. \u2728<\/p>\n<h3>\ud83c\udf1f F\u0151 jellemz\u0151k:<\/h3>\n<ul>\n<li><strong>50,000 Puffs:<\/strong> Hosszabb \u00e9lvezet, kevesebb csere.<\/li>\n<li><strong>H\u00e1romszoros h\u00e1l\u00f3s tekercs:<\/strong> Kiv\u00e1l\u00f3 \u00edz \u00e9s g\u0151ztermel\u00e9s.<\/li>\n<li><strong>C t\u00edpus\u00fa \u00fajrat\u00f6lthet\u0151:<\/strong> K\u00e9nyelmes \u00e9s k\u00f6rnyezetbar\u00e1t energia.<\/li>\n<li><strong>LED kijelz\u0151:<\/strong> Az akkumul\u00e1tor \u00e9s az e-folyad\u00e9k figyel\u00e9se egy pillant\u00e1ssal.<\/li>\n<li><strong>\u00c1ll\u00edthat\u00f3 l\u00e9g\u00e1raml\u00e1s:<\/strong> Testre szabhatja a t\u00f6k\u00e9letes h\u00faz\u00e1st.<\/li>\n<\/ul>\n<h3>\ud83d\ude0b \u00cdzek list\u00e1ja:<\/h3>\n<ul>\n<li>Lush Ice<\/li>\n<li>K\u00e9t Apple<\/li>\n<li>Epres g\u00f6r\u00f6gdinnye r\u00e1g\u00f3gumi<\/li>\n<li>Barack j\u00e9g<\/li>\n<li>\u00c1fonya M\u00e1lna cseresznye<\/li>\n<li>Szerelem 66<\/li>\n<li>Mang\u00f3 j\u00e9g<\/li>\n<li>Epres Kiwi<\/li>\n<li>Lady Killa<\/li>\n<li>Sz\u0151l\u0151 j\u00e9g<\/li>\n<\/ul>\n<p>Emelje fel a vaping utaz\u00e1s\u00e1t az OKSO Shisha Hookah Mega 50K-val - a v\u00e9gs\u0151 v\u00e1laszt\u00e1s a nagybev\u00e1s\u00e1rl\u00f3k, az \u00edzek fanatikusai \u00e9s a neh\u00e9z felhaszn\u00e1l\u00f3k sz\u00e1m\u00e1ra egyar\u00e1nt! \ud83c\udf2c\ufe0f<\/p>","protected":false},"excerpt":{"rendered":"<p>Az OKSO Magic Mirror 50K ak\u00e1r 50.000 slukkot is biztos\u00edt leny\u0171g\u00f6z\u0151 RGB f\u00e9nyekkel, st\u00edlusos t\u00fckr\u00f6s kivitelben, kett\u0151s h\u00e1l\u00f3s tekercsekkel \u00e9s 10 pr\u00e9mium \u00edzzel - t\u00f6k\u00e9letes az \u00edzek \u00e9s a teljes\u00edtm\u00e9ny szerelmeseinek.<\/p>","protected":false},"featured_media":31968,"comment_status":"open","ping_status":"closed","template":"","meta":[],"product_brand":[233],"product_cat":[74,230,229],"product_tag":[],"class_list":{"0":"post-31943","1":"product","2":"type-product","3":"status-publish","4":"has-post-thumbnail","6":"product_brand-okso","7":"product_cat-40000-puffs-disposable-vape","8":"product_cat-new","9":"product_cat-okso","11":"first","12":"instock","13":"shipping-taxable","14":"purchasable","15":"product-type-variable","16":"has-default-attributes"},"jetpack_sharing_enabled":true,"tiered_pricing_type":"fixed","tiered_pricing_fixed_rules":{"30":9.5,"50":8.9000000000000003552713678800500929355621337890625,"100":7.9000000000000003552713678800500929355621337890625,"200":7.20000000000000017763568394002504646778106689453125},"tiered_pricing_product_settings":{"layout":"default","base_unit_name":{"singular":null,"plural":null},"default_variation":null},"tiered_pricing_minimum_quantity":10,"tiered_pricing_roles_data":[],"tiered_pricing_percentage_rules":[],"tiered_pricing_maximum_quantity":null,"tiered_pricing_quantity_step":"10","_links":{"self":[{"href":"https:\/\/volovape.com\/hu\/wp-json\/wp\/v2\/product\/31943","targetHints":{"allow":["GET"]}}],"collection":[{"href":"https:\/\/volovape.com\/hu\/wp-json\/wp\/v2\/product"}],"about":[{"href":"https:\/\/volovape.com\/hu\/wp-json\/wp\/v2\/types\/product"}],"replies":[{"embeddable":true,"href":"https:\/\/volovape.com\/hu\/wp-json\/wp\/v2\/comments?post=31943"}],"wp:featuredmedia":[{"embeddable":true,"href":"https:\/\/volovape.com\/hu\/wp-json\/wp\/v2\/media\/31968"}],"wp:attachment":[{"href":"https:\/\/volovape.com\/hu\/wp-json\/wp\/v2\/media?parent=31943"}],"wp:term":[{"taxonomy":"product_brand","embeddable":true,"href":"https:\/\/volovape.com\/hu\/wp-json\/wp\/v2\/product_brand?post=31943"},{"taxonomy":"product_cat","embeddable":true,"href":"https:\/\/volovape.com\/hu\/wp-json\/wp\/v2\/product_cat?post=31943"},{"taxonomy":"product_tag","embeddable":true,"href":"https:\/\/volovape.com\/hu\/wp-json\/wp\/v2\/product_tag?post=31943"}],"curies":[{"name":"wp","href":"https:\/\/api.w.org\/{rel}","templated":true}]}}