{"id":31210,"date":"2025-08-16T11:41:05","date_gmt":"2025-08-16T11:41:05","guid":{"rendered":"https:\/\/volovape.com\/?post_type=product&#038;p=31210"},"modified":"2026-04-14T05:59:35","modified_gmt":"2026-04-14T05:59:35","slug":"fumot-leopard-40k","status":"publish","type":"product","link":"https:\/\/volovape.com\/hu\/product\/fumot-leopard-40k\/","title":{"rendered":"Fumot Leopard 40K | 40,000 Puffs, \u00fajrat\u00f6lthet\u0151 eldobhat\u00f3 vape nagykeresked\u00e9s"},"content":{"rendered":"<p><!-- SEO Description --><\/p>\n<p>Bemutatjuk a <strong>Fumot Leop\u00e1rd 40K<\/strong> - a v\u00e9gs\u0151 eldobhat\u00f3 vape, amely egyes\u00edti a k\u00e9nyelmet, a st\u00edlust \u00e9s a teljes\u00edtm\u00e9nyt. Ez a karcs\u00fa vape ak\u00e1r 40 000 puffan\u00e1ssal is kiel\u00e9g\u00edt\u0151 \u00e9lm\u00e9nyt ny\u00fajt az elej\u00e9t\u0151l a v\u00e9g\u00e9ig. A <strong>16 ellen\u00e1llhatatlan \u00edz<\/strong> t\u00f6k\u00e9letesek az \u00edzek kedvel\u0151i sz\u00e1m\u00e1ra, m\u00edg az USB-C \u00fajrat\u00f6lthet\u0151 funkci\u00f3 biztos\u00edtja, hogy soha ne fogyjon ki az energi\u00e1b\u00f3l. 2% nikotin opci\u00f3val tervezt\u00e9k, \u00edgy ide\u00e1lis azok sz\u00e1m\u00e1ra, akik a sima \u00e9s kontroll\u00e1lt slukkot kedvelik. Ak\u00e1r er\u0151s vaper vagy terjeszt\u0151, a Fumot Leopard 40K megfelel az \u00d6n ig\u00e9nyeinek.<\/p>\n<h3>Mi\u00e9rt v\u00e1lassza a Fumot Leopard 40K-t?<\/h3>\n<ul>\n<li>40.000 slukk sima, hosszan tart\u00f3 el\u00e9gedetts\u00e9g.<\/li>\n<li>USB-C-n kereszt\u00fcl \u00fajrat\u00f6lthet\u0151 a legnagyobb k\u00e9nyelem \u00e9rdek\u00e9ben.<\/li>\n<li>16 egyedi \u00e9s izgalmas \u00edz k\u00f6z\u00fcl v\u00e1laszthat.<\/li>\n<li>2% nikotin er\u0151ss\u00e9g ide\u00e1lis az ellen\u0151rz\u00f6tt, sima slukkhoz.<\/li>\n<li>T\u00f6k\u00e9letes az \u00edzvad\u00e1szok, a heavy vaperek \u00e9s a forgalmaz\u00f3k sz\u00e1m\u00e1ra.<\/li>\n<\/ul>\n<p><!-- Conclusion --><\/p>\n<p>Ak\u00e1r nagy felhaszn\u00e1l\u00f3, ak\u00e1r az \u00edzek rajong\u00f3ja, ak\u00e1r a vape forgalmaz\u00f3ja, a <strong>Fumot Leop\u00e1rd 40K<\/strong> a t\u00f6k\u00e9letes v\u00e1laszt\u00e1s. Hosszan tart\u00f3 puffsz\u00e1m\u00e1val, k\u00e9nyelmes USB-C \u00fajrat\u00f6lthet\u0151s\u00e9g\u00e9vel \u00e9s sz\u00e9les \u00edzv\u00e1laszt\u00e9k\u00e1val biztosan kiel\u00e9g\u00edti a p\u00e1rologtat\u00e1si ig\u00e9nyeit. M\u00e1r kaphat\u00f3 nagy t\u00e9telben - ide\u00e1lis vape shopok \u00e9s nagykereskedelmi forgalmaz\u00e1s sz\u00e1m\u00e1ra.<\/p>\n<p><!-- Specifications Table --><\/p>\n<h3>Specifik\u00e1ci\u00f3k:<\/h3>\n<table>\n<tbody>\n<tr>\n<th>Funkci\u00f3<\/th>\n<th>R\u00e9szletek<\/th>\n<\/tr>\n<tr>\n<td>Puff kapacit\u00e1s<\/td>\n<td>40.000 f\u00faj\u00e1s<\/td>\n<\/tr>\n<tr>\n<td>E-folyad\u00e9k kapacit\u00e1s<\/td>\n<td>20 ml<\/td>\n<\/tr>\n<tr>\n<td>Nikotin Er\u0151<\/td>\n<td>2%<\/td>\n<\/tr>\n<tr>\n<td>Akkumul\u00e1tor<\/td>\n<td>USB-C-n kereszt\u00fcl \u00fajrat\u00f6lthet\u0151<\/td>\n<\/tr>\n<tr>\n<td>\u00cdzek<\/td>\n<td>16 \u00edzek<\/td>\n<\/tr>\n<tr>\n<td>Tekercs t\u00edpusa<\/td>\n<td>Pr\u00e9mium h\u00e1l\u00f3s tekercs<\/td>\n<\/tr>\n<tr>\n<td>Tervez\u00e9s<\/td>\n<td>Modern, eleg\u00e1ns design<\/td>\n<\/tr>\n<\/tbody>\n<\/table>\n<p><!-- Flavor List --><\/p>\n<h3>Kaphat\u00f3 \u00edzek:<\/h3>\n<ul>\n<li>Mang\u00f3 j\u00e9g<\/li>\n<li>Berry Blast<\/li>\n<li>G\u00f6r\u00f6gdinnye fagyaszt\u00e1s<\/li>\n<li>Epres limon\u00e1d\u00e9<\/li>\n<li>Barack puncs<\/li>\n<li>Mentolos mentol<\/li>\n<li>\u00c9s m\u00e9g t\u00f6bb!<\/li>\n<\/ul>\n<p><!-- Why Choose Fumot Leopard 40K --><\/p>\n<p><!-- Meta Description --><\/p>\n<p><img data-recalc-dims=\"1\" loading=\"lazy\" decoding=\"async\" class=\"alignnone wp-image-31278 size-full\" src=\"https:\/\/i0.wp.com\/volovape.com\/wp-content\/uploads\/2025\/06\/%E7%BA%BF%E4%B8%8BA4%E6%B5%B7%E6%8A%A5-Leopard-40k.jpg?resize=1357%2C1920&#038;ssl=1\" alt=\"\" width=\"1357\" height=\"1920\" title=\"\" srcset=\"https:\/\/i0.wp.com\/volovape.com\/wp-content\/uploads\/2025\/06\/%E7%BA%BF%E4%B8%8BA4%E6%B5%B7%E6%8A%A5-Leopard-40k.jpg?w=1357&amp;ssl=1 1357w, https:\/\/i0.wp.com\/volovape.com\/wp-content\/uploads\/2025\/06\/%E7%BA%BF%E4%B8%8BA4%E6%B5%B7%E6%8A%A5-Leopard-40k.jpg?resize=212%2C300&amp;ssl=1 212w, https:\/\/i0.wp.com\/volovape.com\/wp-content\/uploads\/2025\/06\/%E7%BA%BF%E4%B8%8BA4%E6%B5%B7%E6%8A%A5-Leopard-40k.jpg?resize=724%2C1024&amp;ssl=1 724w, https:\/\/i0.wp.com\/volovape.com\/wp-content\/uploads\/2025\/06\/%E7%BA%BF%E4%B8%8BA4%E6%B5%B7%E6%8A%A5-Leopard-40k.jpg?resize=768%2C1087&amp;ssl=1 768w, https:\/\/i0.wp.com\/volovape.com\/wp-content\/uploads\/2025\/06\/%E7%BA%BF%E4%B8%8BA4%E6%B5%B7%E6%8A%A5-Leopard-40k.jpg?resize=1086%2C1536&amp;ssl=1 1086w, https:\/\/i0.wp.com\/volovape.com\/wp-content\/uploads\/2025\/06\/%E7%BA%BF%E4%B8%8BA4%E6%B5%B7%E6%8A%A5-Leopard-40k.jpg?resize=8%2C12&amp;ssl=1 8w, https:\/\/i0.wp.com\/volovape.com\/wp-content\/uploads\/2025\/06\/%E7%BA%BF%E4%B8%8BA4%E6%B5%B7%E6%8A%A5-Leopard-40k.jpg?resize=800%2C1132&amp;ssl=1 800w\" sizes=\"auto, (max-width: 1000px) 100vw, 1000px\" \/><\/p>\n<p><img data-recalc-dims=\"1\" loading=\"lazy\" decoding=\"async\" class=\"alignnone wp-image-31277 size-full\" src=\"https:\/\/i0.wp.com\/volovape.com\/wp-content\/uploads\/2025\/06\/%E5%B9%BF%E5%91%8A%E5%9B%BE-2.jpg?resize=1920%2C1231&#038;ssl=1\" alt=\"\" width=\"1920\" height=\"1231\" title=\"\" srcset=\"https:\/\/i0.wp.com\/volovape.com\/wp-content\/uploads\/2025\/06\/%E5%B9%BF%E5%91%8A%E5%9B%BE-2.jpg?w=1920&amp;ssl=1 1920w, https:\/\/i0.wp.com\/volovape.com\/wp-content\/uploads\/2025\/06\/%E5%B9%BF%E5%91%8A%E5%9B%BE-2.jpg?resize=300%2C192&amp;ssl=1 300w, https:\/\/i0.wp.com\/volovape.com\/wp-content\/uploads\/2025\/06\/%E5%B9%BF%E5%91%8A%E5%9B%BE-2.jpg?resize=1024%2C657&amp;ssl=1 1024w, https:\/\/i0.wp.com\/volovape.com\/wp-content\/uploads\/2025\/06\/%E5%B9%BF%E5%91%8A%E5%9B%BE-2.jpg?resize=768%2C492&amp;ssl=1 768w, https:\/\/i0.wp.com\/volovape.com\/wp-content\/uploads\/2025\/06\/%E5%B9%BF%E5%91%8A%E5%9B%BE-2.jpg?resize=1536%2C985&amp;ssl=1 1536w, https:\/\/i0.wp.com\/volovape.com\/wp-content\/uploads\/2025\/06\/%E5%B9%BF%E5%91%8A%E5%9B%BE-2.jpg?resize=18%2C12&amp;ssl=1 18w, https:\/\/i0.wp.com\/volovape.com\/wp-content\/uploads\/2025\/06\/%E5%B9%BF%E5%91%8A%E5%9B%BE-2.jpg?resize=800%2C513&amp;ssl=1 800w\" sizes=\"auto, (max-width: 1000px) 100vw, 1000px\" \/><\/p>\n<p><img data-recalc-dims=\"1\" loading=\"lazy\" decoding=\"async\" class=\"alignnone wp-image-31276 size-full\" src=\"https:\/\/i0.wp.com\/volovape.com\/wp-content\/uploads\/2025\/06\/%E5%B9%BF%E5%91%8A%E5%9B%BE-1.jpg?resize=1920%2C1231&#038;ssl=1\" alt=\"\" width=\"1920\" height=\"1231\" title=\"\" srcset=\"https:\/\/i0.wp.com\/volovape.com\/wp-content\/uploads\/2025\/06\/%E5%B9%BF%E5%91%8A%E5%9B%BE-1.jpg?w=1920&amp;ssl=1 1920w, https:\/\/i0.wp.com\/volovape.com\/wp-content\/uploads\/2025\/06\/%E5%B9%BF%E5%91%8A%E5%9B%BE-1.jpg?resize=300%2C192&amp;ssl=1 300w, https:\/\/i0.wp.com\/volovape.com\/wp-content\/uploads\/2025\/06\/%E5%B9%BF%E5%91%8A%E5%9B%BE-1.jpg?resize=1024%2C657&amp;ssl=1 1024w, https:\/\/i0.wp.com\/volovape.com\/wp-content\/uploads\/2025\/06\/%E5%B9%BF%E5%91%8A%E5%9B%BE-1.jpg?resize=768%2C492&amp;ssl=1 768w, https:\/\/i0.wp.com\/volovape.com\/wp-content\/uploads\/2025\/06\/%E5%B9%BF%E5%91%8A%E5%9B%BE-1.jpg?resize=1536%2C985&amp;ssl=1 1536w, https:\/\/i0.wp.com\/volovape.com\/wp-content\/uploads\/2025\/06\/%E5%B9%BF%E5%91%8A%E5%9B%BE-1.jpg?resize=18%2C12&amp;ssl=1 18w, https:\/\/i0.wp.com\/volovape.com\/wp-content\/uploads\/2025\/06\/%E5%B9%BF%E5%91%8A%E5%9B%BE-1.jpg?resize=800%2C513&amp;ssl=1 800w\" sizes=\"auto, (max-width: 1000px) 100vw, 1000px\" \/><\/p>","protected":false},"excerpt":{"rendered":"<p>Fumot Leopard 40K Eldobhat\u00f3 Vape - Tapasztalja meg a 40.000 puff pr\u00e9mium g\u0151z\u00f6l\u00e9st \u00fajrat\u00f6lthet\u0151 USB-C kialak\u00edt\u00e1ssal \u00e9s 16 izgalmas \u00edzzel. T\u00f6k\u00e9letes a nagy felhaszn\u00e1l\u00f3k \u00e9s a nagykereskedelmi forgalmaz\u00e1s sz\u00e1m\u00e1ra!<\/p>","protected":false},"featured_media":31275,"comment_status":"open","ping_status":"closed","template":"","meta":[],"product_brand":[],"product_cat":[52],"product_tag":[],"class_list":{"0":"post-31210","1":"product","2":"type-product","3":"status-publish","4":"has-post-thumbnail","6":"product_cat-randm","8":"first","9":"instock","10":"shipping-taxable","11":"purchasable","12":"product-type-variable","13":"has-default-attributes"},"jetpack_sharing_enabled":true,"tiered_pricing_type":"fixed","tiered_pricing_fixed_rules":{"30":9.2599999999999997868371792719699442386627197265625,"50":7.46999999999999975131004248396493494510650634765625,"100":6.8499999999999996447286321199499070644378662109375,"200":6.480000000000000426325641456060111522674560546875,"400":6.04999999999999982236431605997495353221893310546875},"tiered_pricing_product_settings":{"layout":"default","base_unit_name":{"singular":null,"plural":null},"default_variation":null},"tiered_pricing_minimum_quantity":10,"tiered_pricing_roles_data":[],"tiered_pricing_percentage_rules":[],"tiered_pricing_maximum_quantity":null,"tiered_pricing_quantity_step":"10","_links":{"self":[{"href":"https:\/\/volovape.com\/hu\/wp-json\/wp\/v2\/product\/31210","targetHints":{"allow":["GET"]}}],"collection":[{"href":"https:\/\/volovape.com\/hu\/wp-json\/wp\/v2\/product"}],"about":[{"href":"https:\/\/volovape.com\/hu\/wp-json\/wp\/v2\/types\/product"}],"replies":[{"embeddable":true,"href":"https:\/\/volovape.com\/hu\/wp-json\/wp\/v2\/comments?post=31210"}],"wp:featuredmedia":[{"embeddable":true,"href":"https:\/\/volovape.com\/hu\/wp-json\/wp\/v2\/media\/31275"}],"wp:attachment":[{"href":"https:\/\/volovape.com\/hu\/wp-json\/wp\/v2\/media?parent=31210"}],"wp:term":[{"taxonomy":"product_brand","embeddable":true,"href":"https:\/\/volovape.com\/hu\/wp-json\/wp\/v2\/product_brand?post=31210"},{"taxonomy":"product_cat","embeddable":true,"href":"https:\/\/volovape.com\/hu\/wp-json\/wp\/v2\/product_cat?post=31210"},{"taxonomy":"product_tag","embeddable":true,"href":"https:\/\/volovape.com\/hu\/wp-json\/wp\/v2\/product_tag?post=31210"}],"curies":[{"name":"wp","href":"https:\/\/api.w.org\/{rel}","templated":true}]}}