{"id":31007,"date":"2025-08-16T11:40:48","date_gmt":"2025-08-16T11:40:48","guid":{"rendered":"https:\/\/volovape.com\/?post_type=product&#038;p=31007"},"modified":"2026-03-16T08:50:07","modified_gmt":"2026-03-16T08:50:07","slug":"vozol-gear-shisha-25000","status":"publish","type":"product","link":"https:\/\/volovape.com\/hu\/product\/vozol-gear-shisha-25000\/","title":{"rendered":"Vozol Gear Shisha 25000 Puffs | Dual mesh tekercs, 24ml e-liquid, smart chip vape"},"content":{"rendered":"<p>K\u00e9sz\u00fclj\u00f6n fel a p\u00e1rologtat\u00e1s k\u00f6vetkez\u0151 szintj\u00e9nek megtapasztal\u00e1s\u00e1ra a <strong>Vozol Gear Shisha 25000<\/strong> - a vil\u00e1g els\u0151 audio-interakt\u00edv DTL el\u0151ret\u00f6lt\u00f6tt vape. \u00dagy tervezt\u00e9k, hogy szimul\u00e1lja a hagyom\u00e1nyos shisha egyedi bubor\u00e9kos hangjait, ez a k\u00e9sz\u00fcl\u00e9k a sz\u00f3rakoz\u00e1s \u00faj szintj\u00e9t hozza el a vape session\u00f6kh\u00f6z. Ak\u00e1r az \u00edzek rajong\u00f3ja vagy valaki, aki szereti a sima, intenz\u00edv h\u00faz\u00e1sokat, az Vozol Gear Shisha kett\u0151s \u00fczemm\u00f3dot k\u00edn\u00e1l a testreszabhat\u00f3 \u00e9lm\u00e9ny \u00e9rdek\u00e9ben. \ud83c\udf2c\ufe0f\ud83d\udca8<\/p>\n<h3>Specifik\u00e1ci\u00f3k:<\/h3>\n<table>\n<tbody>\n<tr>\n<td><strong>Puff kapacit\u00e1s<\/strong><\/td>\n<td>25000 puff (Eco m\u00f3d)<\/td>\n<\/tr>\n<tr>\n<td><strong>E-folyad\u00e9k kapacit\u00e1s<\/strong><\/td>\n<td>24ml<\/td>\n<\/tr>\n<tr>\n<td><strong>Akkumul\u00e1tor<\/strong><\/td>\n<td>1000mAh, \u00fajrat\u00f6lthet\u0151<\/td>\n<\/tr>\n<tr>\n<td><strong>Tekercs t\u00edpusa<\/strong><\/td>\n<td>Dual Mesh tekercs<\/td>\n<\/tr>\n<tr>\n<td><strong>M\u00f3dok<\/strong><\/td>\n<td>Eco (25000 puff), Power (18000 puff)<\/td>\n<\/tr>\n<tr>\n<td><strong>L\u00e9g\u00e1raml\u00e1s<\/strong><\/td>\n<td>\u00c1ll\u00edthat\u00f3<\/td>\n<\/tr>\n<tr>\n<td><strong>K\u00e9perny\u0151<\/strong><\/td>\n<td>2,1 h\u00fcvelykes sz\u00ednes k\u00e9perny\u0151<\/td>\n<\/tr>\n<tr>\n<td><strong>Technol\u00f3gia<\/strong><\/td>\n<td>S.i.L.C. intelligens chip<\/td>\n<\/tr>\n<\/tbody>\n<\/table>\n<h3>Mi\u00e9rt v\u00e1lassza az Vozol Gear Shisha 25000-et?<\/h3>\n<ul>\n<li><strong>Innovat\u00edv hanghat\u00e1sok:<\/strong> \u00c9lvezze a val\u00f3s\u00e1gh\u0171 shisha bubor\u00e9kos hangokat minden egyes slukkol\u00e1ssal a m\u00e9g mag\u00e1val ragad\u00f3bb \u00e9lm\u00e9ny \u00e9rdek\u00e9ben.<\/li>\n<li><strong>Kett\u0151s h\u00e1l\u00f3s tekercsek:<\/strong> Biztos\u00edtsa a sima, intenz\u00edv h\u00faz\u00e1st a kett\u0151s h\u00e1l\u00f3s technol\u00f3gi\u00e1val.<\/li>\n<li><strong>Kett\u0151s \u00fczemm\u00f3d:<\/strong> V\u00e1ltson az Eco \u00fczemm\u00f3d a hosszan tart\u00f3 munkamenetekhez \u00e9s a Power \u00fczemm\u00f3d az intenz\u00edvebb sz\u00edv\u00e1shoz.<\/li>\n<li><strong>\u00c1ll\u00edthat\u00f3 l\u00e9g\u00e1raml\u00e1s:<\/strong> T\u00f6k\u00e9letes\u00edtse a g\u0151z\u00f6l\u00e9si \u00e9lm\u00e9nyt a testreszabhat\u00f3 l\u00e9g\u00e1raml\u00e1si be\u00e1ll\u00edt\u00e1sokkal.<\/li>\n<li><strong>Intelligens chiptechnol\u00f3gia:<\/strong> S.i.L.C. chippel m\u0171k\u00f6dik a fokozott teljes\u00edtm\u00e9ny \u00e9s biztons\u00e1g \u00e9rdek\u00e9ben.<\/li>\n<li><strong>Hossz\u00fa akkumul\u00e1tor-\u00e9lettartam:<\/strong> Az \u00fajrat\u00f6lthet\u0151 1000mAh akkumul\u00e1tor biztos\u00edtja a hosszabb haszn\u00e1latot gyakori t\u00f6lt\u00e9s n\u00e9lk\u00fcl.<\/li>\n<li><strong>Nagy E-folyad\u00e9k kapacit\u00e1s:<\/strong> A 24 ml-es tart\u00e1ly b\u0151s\u00e9ges e-folyad\u00e9kot biztos\u00edt a hosszabb \u00fcl\u00e9sekhez, cs\u00f6kkentve az \u00fajrat\u00f6lt\u00e9seket.<\/li>\n<\/ul>\n<p><strong>Vozol Gear Shisha 25000<\/strong> ide\u00e1lis a heavy vapereknek, az \u00edzek hajszol\u00f3inak \u00e9s a vape shopoknak, akik innovat\u00edv \u00e9lm\u00e9nyt szeretn\u00e9nek ny\u00fajtani \u00fcgyfeleiknek. \u00dajrat\u00f6lthet\u0151 akkumul\u00e1tor\u00e1val, \u00e1ll\u00edthat\u00f3 \u00fczemm\u00f3djaival \u00e9s leny\u0171g\u00f6z\u0151 e-folyad\u00e9k-kapacit\u00e1s\u00e1val a nagykereskedelmi forgalmaz\u00e1s \u00e9s a kiskereskedelmi k\u00f6rnyezetek elengedhetetlen kell\u00e9ke. Friss\u00edtse vape gy\u0171jtem\u00e9ny\u00e9t m\u00e9g ma az Vozol Gear Shish\u00e1val - ahol a technol\u00f3gia tal\u00e1lkozik az \u00edzekkel!<\/p>\n<p>&nbsp;<\/p>\n<p>&nbsp;<\/p>\n<p><img data-recalc-dims=\"1\" loading=\"lazy\" decoding=\"async\" class=\"alignnone wp-image-31425 size-full\" src=\"https:\/\/i0.wp.com\/volovape.com\/wp-content\/uploads\/2025\/06\/Berry-Ice-2.jpg?resize=1829%2C1920&#038;ssl=1\" alt=\"\" width=\"1829\" height=\"1920\" title=\"\" srcset=\"https:\/\/i0.wp.com\/volovape.com\/wp-content\/uploads\/2025\/06\/Berry-Ice-2.jpg?w=1829&amp;ssl=1 1829w, https:\/\/i0.wp.com\/volovape.com\/wp-content\/uploads\/2025\/06\/Berry-Ice-2.jpg?resize=286%2C300&amp;ssl=1 286w, https:\/\/i0.wp.com\/volovape.com\/wp-content\/uploads\/2025\/06\/Berry-Ice-2.jpg?resize=975%2C1024&amp;ssl=1 975w, https:\/\/i0.wp.com\/volovape.com\/wp-content\/uploads\/2025\/06\/Berry-Ice-2.jpg?resize=768%2C806&amp;ssl=1 768w, https:\/\/i0.wp.com\/volovape.com\/wp-content\/uploads\/2025\/06\/Berry-Ice-2.jpg?resize=1463%2C1536&amp;ssl=1 1463w, https:\/\/i0.wp.com\/volovape.com\/wp-content\/uploads\/2025\/06\/Berry-Ice-2.jpg?resize=11%2C12&amp;ssl=1 11w, https:\/\/i0.wp.com\/volovape.com\/wp-content\/uploads\/2025\/06\/Berry-Ice-2.jpg?resize=800%2C840&amp;ssl=1 800w\" sizes=\"auto, (max-width: 1000px) 100vw, 1000px\" \/><\/p>","protected":false},"excerpt":{"rendered":"<p>Fedezze fel az Vozol Gear Shisha 25000-t, egy \u00e9lvonalbeli \u00fajrafelhaszn\u00e1lhat\u00f3 vape-t, kett\u0151s h\u00e1l\u00f3s tekercsekkel, 25000 puffol\u00e1ssal \u00e9s 24 ml e-folyad\u00e9k kapacit\u00e1ssal.<\/p>","protected":false},"featured_media":31008,"comment_status":"open","ping_status":"closed","template":"","meta":[],"product_brand":[],"product_cat":[228],"product_tag":[],"class_list":{"0":"post-31007","1":"product","2":"type-product","3":"status-publish","4":"has-post-thumbnail","6":"product_cat-vozol","8":"first","9":"instock","10":"shipping-taxable","11":"purchasable","12":"product-type-variable","13":"has-default-attributes"},"jetpack_sharing_enabled":true,"tiered_pricing_type":"fixed","tiered_pricing_fixed_rules":{"2000":6.71999999999999975131004248396493494510650634765625},"tiered_pricing_product_settings":{"layout":"default","base_unit_name":{"singular":null,"plural":null},"default_variation":null},"tiered_pricing_minimum_quantity":1000,"tiered_pricing_roles_data":[],"tiered_pricing_percentage_rules":[],"tiered_pricing_maximum_quantity":null,"tiered_pricing_quantity_step":"10","_links":{"self":[{"href":"https:\/\/volovape.com\/hu\/wp-json\/wp\/v2\/product\/31007","targetHints":{"allow":["GET"]}}],"collection":[{"href":"https:\/\/volovape.com\/hu\/wp-json\/wp\/v2\/product"}],"about":[{"href":"https:\/\/volovape.com\/hu\/wp-json\/wp\/v2\/types\/product"}],"replies":[{"embeddable":true,"href":"https:\/\/volovape.com\/hu\/wp-json\/wp\/v2\/comments?post=31007"}],"wp:featuredmedia":[{"embeddable":true,"href":"https:\/\/volovape.com\/hu\/wp-json\/wp\/v2\/media\/31008"}],"wp:attachment":[{"href":"https:\/\/volovape.com\/hu\/wp-json\/wp\/v2\/media?parent=31007"}],"wp:term":[{"taxonomy":"product_brand","embeddable":true,"href":"https:\/\/volovape.com\/hu\/wp-json\/wp\/v2\/product_brand?post=31007"},{"taxonomy":"product_cat","embeddable":true,"href":"https:\/\/volovape.com\/hu\/wp-json\/wp\/v2\/product_cat?post=31007"},{"taxonomy":"product_tag","embeddable":true,"href":"https:\/\/volovape.com\/hu\/wp-json\/wp\/v2\/product_tag?post=31007"}],"curies":[{"name":"wp","href":"https:\/\/api.w.org\/{rel}","templated":true}]}}