{"id":30895,"date":"2025-08-16T11:40:18","date_gmt":"2025-08-16T11:40:18","guid":{"rendered":"https:\/\/volovape.com\/?post_type=product&#038;p=30895"},"modified":"2026-03-16T08:50:06","modified_gmt":"2026-03-16T08:50:06","slug":"uwin-kristaly-ikrek-40k","status":"publish","type":"product","link":"https:\/\/volovape.com\/hu\/product\/uwin-crystal-twins-40k\/","title":{"rendered":"Uwin Crystal Twins 40K 40000 Puffs | kett\u0151s \u00edz\u0171 eldobhat\u00f3 vape whoelsale"},"content":{"rendered":"<h2><strong>Uwin Crystal Twins 40K - Kett\u0151s \u00edz\u0171 eldobhat\u00f3 vape \ud83c\udf1f<\/strong><\/h2>\n<p>Bemutatjuk az Uwin Crystal Twins 40K-t, amely megv\u00e1ltoztatja az eldobhat\u00f3 vape piacot! Ez a k\u00e9sz\u00fcl\u00e9k ak\u00e1r 40.000 puffan\u00e1snyi tiszta g\u0151z\u00f6l\u00e9si \u00e9lvezetet ny\u00fajt, \u00e9s egyed\u00fcl\u00e1ll\u00f3 kett\u0151s \u00edzvil\u00e1g\u00fa kialak\u00edt\u00e1ssal rendelkezik, amely minden egyes puffan\u00e1sban izgalmas \u00edzkombin\u00e1ci\u00f3t k\u00edn\u00e1l. Ak\u00e1r az \u00edzek hajszol\u00f3ja, ak\u00e1r a heavy vaper, ez a vape sima, kiel\u00e9g\u00edt\u0151 \u00e9lm\u00e9nyt ny\u00fajt, mindezt egy eleg\u00e1ns, krist\u00e1lytiszta testben. Mondjon b\u00facs\u00fat az \u00fajrat\u00f6lt\u00e9snek, \u00e9s \u00e9lvezze a k\u00e9nyelmet, mint m\u00e9g soha. \ud83d\udd25\ud83d\udca8<\/p>\n<h4><strong>Specifik\u00e1ci\u00f3k:<\/strong><\/h4>\n<table>\n<thead>\n<tr>\n<th><strong>Funkci\u00f3<\/strong><\/th>\n<th><strong>R\u00e9szletek<\/strong><\/th>\n<\/tr>\n<\/thead>\n<tbody>\n<tr>\n<td><strong>Puff kapacit\u00e1s<\/strong><\/td>\n<td>40.000 f\u00faj\u00e1s<\/td>\n<\/tr>\n<tr>\n<td><strong>E-folyad\u00e9k kapacit\u00e1s<\/strong><\/td>\n<td>8ml (kamr\u00e1nk\u00e9nt)<\/td>\n<\/tr>\n<tr>\n<td><strong>Akkumul\u00e1tor<\/strong><\/td>\n<td>850mAh, Type-C<\/td>\n<\/tr>\n<tr>\n<td><strong>Tekercs t\u00edpusa<\/strong><\/td>\n<td>0,6\u03a9-os h\u00e1l\u00f3s tekercs<\/td>\n<\/tr>\n<tr>\n<td><strong>Nikotin opci\u00f3k<\/strong><\/td>\n<td>0%, 2%, 3%, 5%<\/td>\n<\/tr>\n<tr>\n<td><strong>Megjelen\u00edt\u00e9s<\/strong><\/td>\n<td>Intelligens k\u00e9perny\u0151<\/td>\n<\/tr>\n<tr>\n<td><strong>Tervez\u00e9s<\/strong><\/td>\n<td>Krist\u00e1lytiszta test<\/td>\n<\/tr>\n<\/tbody>\n<\/table>\n<h4><strong>\u00cdzkombin\u00e1ci\u00f3k:<\/strong><\/h4>\n<table>\n<thead>\n<tr>\n<th><strong>A \u00edz<\/strong><\/th>\n<th><strong>B \u00edz<\/strong><\/th>\n<\/tr>\n<\/thead>\n<tbody>\n<tr>\n<td>\u00c1fonya J\u00e9gen<\/td>\n<td>Ny\u00e1ri \u0151szibarack j\u00e9g<\/td>\n<\/tr>\n<tr>\n<td>Kiwi Passion Fruit Guava<\/td>\n<td>\u00c1fonya M\u00e1lna<\/td>\n<\/tr>\n<tr>\n<td>Epres Kiwi<\/td>\n<td>Sz\u0151l\u0151 j\u00e9g<\/td>\n<\/tr>\n<tr>\n<td>Kiwi Passion Fruit Guava<\/td>\n<td>K\u00e9t Apple<\/td>\n<\/tr>\n<tr>\n<td>Epres g\u00f6r\u00f6gdinnye<\/td>\n<td>Citrom lime<\/td>\n<\/tr>\n<tr>\n<td>\u00c1fonya M\u00e1lna<\/td>\n<td>Cherry Ice<\/td>\n<\/tr>\n<tr>\n<td>Eper M\u00e1lna Cseresznye<\/td>\n<td>Mr. Blue<\/td>\n<\/tr>\n<tr>\n<td>\u0150szibarack mang\u00f3 anan\u00e1sz<\/td>\n<td>Red Bull<\/td>\n<\/tr>\n<tr>\n<td>G\u00f6r\u00f6gdinnye j\u00e9g<\/td>\n<td>Vegyes bogy\u00f3k<\/td>\n<\/tr>\n<tr>\n<td>Eper ban\u00e1n<\/td>\n<td>Love 66 (Maracuja dinnye j\u00e9g)<\/td>\n<\/tr>\n<tr>\n<td>S\u00e1rk\u00e1nygy\u00fcm\u00f6lcs ban\u00e1n cseresznye<\/td>\n<td>Pink Limon\u00e1d\u00e9<\/td>\n<\/tr>\n<tr>\n<td>\u0150szibarack mang\u00f3<\/td>\n<td>Cherry Cola<\/td>\n<\/tr>\n<tr>\n<td>Eper j\u00e9g<\/td>\n<td>Mango On Ice<\/td>\n<\/tr>\n<tr>\n<td>Blue Razz Ice<\/td>\n<td>S\u00e1rk\u00e1nygy\u00fcm\u00f6lcs j\u00e9g<\/td>\n<\/tr>\n<tr>\n<td>Strawberry Red Bull<\/td>\n<td>Cherry Ice<\/td>\n<\/tr>\n<\/tbody>\n<\/table>\n<h4><strong>Mi\u00e9rt v\u00e1lassza az Uwin Crystal Twins 40K-t?<\/strong><\/h4>\n<ul>\n<li><strong>Kett\u0151s \u00edzvil\u00e1g\u00fa kialak\u00edt\u00e1s:<\/strong> \u00c9lvezze a k\u00e9t k\u00fcl\u00f6nb\u00f6z\u0151 \u00edzt minden egyes slukkban a dinamikus g\u0151z\u00f6l\u00e9si \u00e9lm\u00e9ny \u00e9rdek\u00e9ben.<\/li>\n<li><strong>Massz\u00edv Puff sz\u00e1m:<\/strong> Ak\u00e1r 40.000 puffan\u00e1s, ami tov\u00e1bb tart, mint a legt\u00f6bb eldobhat\u00f3 p\u00e1rologtat\u00f3\u00e9.<\/li>\n<li><strong>Magas nikotinszint\u0171 opci\u00f3k:<\/strong> Kaphat\u00f3 0%, 2%, 3% \u00e9s 5% nikotinban a szem\u00e9lyre szabott el\u00e9gedetts\u00e9g \u00e9rdek\u00e9ben.<\/li>\n<li><strong>Pr\u00e9mium h\u00e1l\u00f3s tekercs:<\/strong> Tapasztalja meg a sima, egyenletes g\u0151ztermel\u00e9st minden egyes slukkol\u00e1ssal.<\/li>\n<li><strong>Hordozhat\u00f3 \u00e9s k\u00e9nyelmes:<\/strong> A krist\u00e1lytiszta test kialak\u00edt\u00e1sa egyszerre biztos\u00edtja a tart\u00f3ss\u00e1got \u00e9s az eleg\u00e1ns megjelen\u00e9st.<\/li>\n<li><strong>Intelligens k\u00e9perny\u0151 kijelz\u0151:<\/strong> A k\u00f6nnyen leolvashat\u00f3 intelligens kijelz\u0151 nyomon k\u00f6veti a vape session\u00f6ket.<\/li>\n<\/ul>\n<p>Az Uwin Crystal Twins 40K ide\u00e1lis mind a h\u00e9tk\u00f6znapi felhaszn\u00e1l\u00f3k, mind a t\u00f6meges v\u00e1s\u00e1rl\u00f3k, p\u00e9ld\u00e1ul a vape shopok \u00e9s a forgalmaz\u00f3k sz\u00e1m\u00e1ra. Hossz\u00fa \u00e9lettartam\u00fa teljes\u00edtm\u00e9ny\u00e9vel, egyed\u00fcl\u00e1ll\u00f3 kett\u0151s \u00edzv\u00e1laszt\u00e9k\u00e1val \u00e9s eleg\u00e1ns kialak\u00edt\u00e1s\u00e1val t\u00f6k\u00e9letes v\u00e1laszt\u00e1s azok sz\u00e1m\u00e1ra, akik a vaping \u00e9lm\u00e9nyt szeretn\u00e9k felemelni. Ak\u00e1r \u00edzvad\u00e1sz, ak\u00e1r nagykereskedelmi forgalmaz\u00f3, ez a k\u00e9sz\u00fcl\u00e9k t\u00f6k\u00e9letesen megfelel az \u00d6n ig\u00e9nyeinek.<\/p>\n<p><img data-recalc-dims=\"1\" loading=\"lazy\" decoding=\"async\" class=\"alignnone wp-image-31448 size-full\" src=\"https:\/\/i0.wp.com\/volovape.com\/wp-content\/uploads\/2025\/06\/%E8%81%94%E5%90%8D%E6%B5%B7%E6%8A%A5-2.jpg?resize=1480%2C1810&#038;ssl=1\" alt=\"\" width=\"1480\" height=\"1810\" title=\"\" srcset=\"https:\/\/i0.wp.com\/volovape.com\/wp-content\/uploads\/2025\/06\/%E8%81%94%E5%90%8D%E6%B5%B7%E6%8A%A5-2.jpg?w=1480&amp;ssl=1 1480w, https:\/\/i0.wp.com\/volovape.com\/wp-content\/uploads\/2025\/06\/%E8%81%94%E5%90%8D%E6%B5%B7%E6%8A%A5-2.jpg?resize=245%2C300&amp;ssl=1 245w, https:\/\/i0.wp.com\/volovape.com\/wp-content\/uploads\/2025\/06\/%E8%81%94%E5%90%8D%E6%B5%B7%E6%8A%A5-2.jpg?resize=837%2C1024&amp;ssl=1 837w, https:\/\/i0.wp.com\/volovape.com\/wp-content\/uploads\/2025\/06\/%E8%81%94%E5%90%8D%E6%B5%B7%E6%8A%A5-2.jpg?resize=768%2C939&amp;ssl=1 768w, https:\/\/i0.wp.com\/volovape.com\/wp-content\/uploads\/2025\/06\/%E8%81%94%E5%90%8D%E6%B5%B7%E6%8A%A5-2.jpg?resize=1256%2C1536&amp;ssl=1 1256w, https:\/\/i0.wp.com\/volovape.com\/wp-content\/uploads\/2025\/06\/%E8%81%94%E5%90%8D%E6%B5%B7%E6%8A%A5-2.jpg?resize=10%2C12&amp;ssl=1 10w, https:\/\/i0.wp.com\/volovape.com\/wp-content\/uploads\/2025\/06\/%E8%81%94%E5%90%8D%E6%B5%B7%E6%8A%A5-2.jpg?resize=800%2C978&amp;ssl=1 800w\" sizes=\"auto, (max-width: 1000px) 100vw, 1000px\" \/><\/p>\n<p><img data-recalc-dims=\"1\" loading=\"lazy\" decoding=\"async\" class=\"alignnone wp-image-31447 size-large\" src=\"https:\/\/i0.wp.com\/volovape.com\/wp-content\/uploads\/2025\/06\/40k%E5%8F%A3%E5%91%B3%E6%B5%B7%E6%8A%A5.jpg?resize=905%2C1024&#038;ssl=1\" alt=\"\" width=\"905\" height=\"1024\" title=\"\" srcset=\"https:\/\/i0.wp.com\/volovape.com\/wp-content\/uploads\/2025\/06\/40k%E5%8F%A3%E5%91%B3%E6%B5%B7%E6%8A%A5.jpg?resize=905%2C1024&amp;ssl=1 905w, https:\/\/i0.wp.com\/volovape.com\/wp-content\/uploads\/2025\/06\/40k%E5%8F%A3%E5%91%B3%E6%B5%B7%E6%8A%A5.jpg?resize=265%2C300&amp;ssl=1 265w, https:\/\/i0.wp.com\/volovape.com\/wp-content\/uploads\/2025\/06\/40k%E5%8F%A3%E5%91%B3%E6%B5%B7%E6%8A%A5.jpg?resize=768%2C869&amp;ssl=1 768w, https:\/\/i0.wp.com\/volovape.com\/wp-content\/uploads\/2025\/06\/40k%E5%8F%A3%E5%91%B3%E6%B5%B7%E6%8A%A5.jpg?resize=1358%2C1536&amp;ssl=1 1358w, https:\/\/i0.wp.com\/volovape.com\/wp-content\/uploads\/2025\/06\/40k%E5%8F%A3%E5%91%B3%E6%B5%B7%E6%8A%A5.jpg?resize=11%2C12&amp;ssl=1 11w, https:\/\/i0.wp.com\/volovape.com\/wp-content\/uploads\/2025\/06\/40k%E5%8F%A3%E5%91%B3%E6%B5%B7%E6%8A%A5.jpg?resize=800%2C905&amp;ssl=1 800w, https:\/\/i0.wp.com\/volovape.com\/wp-content\/uploads\/2025\/06\/40k%E5%8F%A3%E5%91%B3%E6%B5%B7%E6%8A%A5.jpg?w=1697&amp;ssl=1 1697w\" sizes=\"auto, (max-width: 905px) 100vw, 905px\" \/><\/p>\n<p><img data-recalc-dims=\"1\" loading=\"lazy\" decoding=\"async\" class=\"alignnone wp-image-31449 size-full\" src=\"https:\/\/i0.wp.com\/volovape.com\/wp-content\/uploads\/2025\/06\/%E7%BD%91%E7%AB%99-Banner-2.jpg?resize=1920%2C656&#038;ssl=1\" alt=\"\" width=\"1920\" height=\"656\" title=\"\" srcset=\"https:\/\/i0.wp.com\/volovape.com\/wp-content\/uploads\/2025\/06\/%E7%BD%91%E7%AB%99-Banner-2.jpg?w=1920&amp;ssl=1 1920w, https:\/\/i0.wp.com\/volovape.com\/wp-content\/uploads\/2025\/06\/%E7%BD%91%E7%AB%99-Banner-2.jpg?resize=300%2C103&amp;ssl=1 300w, https:\/\/i0.wp.com\/volovape.com\/wp-content\/uploads\/2025\/06\/%E7%BD%91%E7%AB%99-Banner-2.jpg?resize=1024%2C350&amp;ssl=1 1024w, https:\/\/i0.wp.com\/volovape.com\/wp-content\/uploads\/2025\/06\/%E7%BD%91%E7%AB%99-Banner-2.jpg?resize=768%2C262&amp;ssl=1 768w, https:\/\/i0.wp.com\/volovape.com\/wp-content\/uploads\/2025\/06\/%E7%BD%91%E7%AB%99-Banner-2.jpg?resize=1536%2C525&amp;ssl=1 1536w, https:\/\/i0.wp.com\/volovape.com\/wp-content\/uploads\/2025\/06\/%E7%BD%91%E7%AB%99-Banner-2.jpg?resize=18%2C6&amp;ssl=1 18w, https:\/\/i0.wp.com\/volovape.com\/wp-content\/uploads\/2025\/06\/%E7%BD%91%E7%AB%99-Banner-2.jpg?resize=800%2C273&amp;ssl=1 800w\" sizes=\"auto, (max-width: 1000px) 100vw, 1000px\" \/><\/p>","protected":false},"excerpt":{"rendered":"<p>Tapasztalja meg a hosszan tart\u00f3 el\u00e9gedetts\u00e9get az Uwin Crystal Twins 40K eldobhat\u00f3 vape-vel! 40 000 puff, k\u00e9tf\u00e9le \u00edzv\u00e1laszt\u00e9k \u00e9s friss\u00edt\u0151 \u00edzek.<\/p>","protected":false},"featured_media":30896,"comment_status":"open","ping_status":"closed","template":"","meta":[],"product_brand":[],"product_cat":[16,224],"product_tag":[],"class_list":{"0":"post-30895","1":"product","2":"type-product","3":"status-publish","4":"has-post-thumbnail","6":"product_cat-volo-vape","7":"product_cat-uwin","9":"first","10":"instock","11":"shipping-taxable","12":"purchasable","13":"product-type-variable","14":"has-default-attributes"},"jetpack_sharing_enabled":true,"tiered_pricing_type":"fixed","tiered_pricing_fixed_rules":{"30":7.589999999999999857891452847979962825775146484375,"50":6.20999999999999996447286321199499070644378662109375,"100":5.88999999999999968025576890795491635799407958984375,"200":5.4900000000000002131628207280300557613372802734375,"400":5.04000000000000003552713678800500929355621337890625},"tiered_pricing_product_settings":{"layout":"default","base_unit_name":{"singular":null,"plural":null},"default_variation":null},"tiered_pricing_minimum_quantity":10,"tiered_pricing_roles_data":[],"tiered_pricing_percentage_rules":[],"tiered_pricing_maximum_quantity":null,"tiered_pricing_quantity_step":"10","_links":{"self":[{"href":"https:\/\/volovape.com\/hu\/wp-json\/wp\/v2\/product\/30895","targetHints":{"allow":["GET"]}}],"collection":[{"href":"https:\/\/volovape.com\/hu\/wp-json\/wp\/v2\/product"}],"about":[{"href":"https:\/\/volovape.com\/hu\/wp-json\/wp\/v2\/types\/product"}],"replies":[{"embeddable":true,"href":"https:\/\/volovape.com\/hu\/wp-json\/wp\/v2\/comments?post=30895"}],"wp:featuredmedia":[{"embeddable":true,"href":"https:\/\/volovape.com\/hu\/wp-json\/wp\/v2\/media\/30896"}],"wp:attachment":[{"href":"https:\/\/volovape.com\/hu\/wp-json\/wp\/v2\/media?parent=30895"}],"wp:term":[{"taxonomy":"product_brand","embeddable":true,"href":"https:\/\/volovape.com\/hu\/wp-json\/wp\/v2\/product_brand?post=30895"},{"taxonomy":"product_cat","embeddable":true,"href":"https:\/\/volovape.com\/hu\/wp-json\/wp\/v2\/product_cat?post=30895"},{"taxonomy":"product_tag","embeddable":true,"href":"https:\/\/volovape.com\/hu\/wp-json\/wp\/v2\/product_tag?post=30895"}],"curies":[{"name":"wp","href":"https:\/\/api.w.org\/{rel}","templated":true}]}}