{"id":30869,"date":"2025-08-16T11:39:59","date_gmt":"2025-08-16T11:39:59","guid":{"rendered":"https:\/\/volovape.com\/?post_type=product&#038;p=30869"},"modified":"2025-10-28T04:51:04","modified_gmt":"2025-10-28T04:51:04","slug":"uwin-randm-tornado-verte-35k","status":"publish","type":"product","link":"https:\/\/volovape.com\/hu\/product\/uwin-randm-tornado-beat-35k\/","title":{"rendered":"Uwin RandM torn\u00e1d\u00f3 verte 35K: hossz\u00fa \u00e9lettartam\u00fa eldobhat\u00f3 vape nagykeresked\u00e9s"},"content":{"rendered":"<h2>Uwin RandM Tornado Beat 35K \u00c1ttekint\u00e9s \u00e9s jellemz\u0151k<\/h2>\n<p>Az Uwin RandM Tornado Beat 35K egy cs\u00facsmin\u0151s\u00e9g\u0171 eldobhat\u00f3 vape, amely az \u00edzek szerelmeseinek \u00e9s a neh\u00e9z felhaszn\u00e1l\u00f3knak k\u00e9sz\u00fclt. Figyelemre m\u00e9lt\u00f3, 35 000 puff kapacit\u00e1s\u00e1val p\u00e1ratlan \u00e9lm\u00e9nyt ny\u00fajt minden egyes vape \u00fcl\u00e9shez. Ez a k\u00e9sz\u00fcl\u00e9k nagy teljes\u00edtm\u00e9ny\u0171 funkci\u00f3kat p\u00e1ros\u00edt a sz\u00e1jbar\u00e1g\u00f3s \u00edzek v\u00e1laszt\u00e9k\u00e1val, ak\u00e1r a gy\u00fcm\u00f6lcs\u00f6s kever\u00e9kek, ak\u00e1r a friss\u00edt\u0151 jeges kever\u00e9kek rajong\u00f3ja vagy. T\u00f6k\u00e9letes azok sz\u00e1m\u00e1ra, akik hosszan tart\u00f3 el\u00e9gedetts\u00e9gre \u00e9s sima tal\u00e1latokra v\u00e1gynak.<\/p>\n<p>Specifik\u00e1ci\u00f3k:<\/p>\n<p>Puff kapacit\u00e1s: 35,000 puff<\/p>\n<p>E-folyad\u00e9k kapacit\u00e1s: 12mL<\/p>\n<p>Akkumul\u00e1tor: 800mAh, Type-C<\/p>\n<p>Tekercs t\u00edpusa: Mesh tekercs: 0.8\u03a9<\/p>\n<p>Nikotin lehet\u0151s\u00e9gek: 0%, 2%, 3%, 5%<\/p>\n<p>Megjelen\u00edt\u00e9s: k\u00e9perny\u0151: Intelligens k\u00e9perny\u0151<\/p>\n<p>Tervez\u00e9s: Kompakt \u00e9s ergonomikus<\/p>\n<h2>Uwin RandM Tornado Beat 35K \u00edzek rakt\u00e1ron:<\/h2>\n<p>\u00c1fonya-m\u00e1lna, eper- g\u00f6r\u00f6gdinnye, \u00e1fonya j\u00e9gen, g\u00f6r\u00f6gdinnye j\u00e9g, ny\u00e1ri barack j\u00e9g, cseresznye j\u00e9g, eper-m\u00e1lna-cseresznye j\u00e9g, kiwi-passi\u00f3gy\u00fcm\u00f6lcs-guava, eper j\u00e9g, cseresznye-k\u00f3la, vegyes bogy\u00f3s gy\u00fcm\u00f6lcs\u00f6k, Mr Blue<\/p>\n<p>Mi\u00e9rt v\u00e1lassza az Uwin RandM Tornado Beat 35K-t?<\/p>\n<p>P\u00e1ratlan puffsz\u00e1m: Ez sokkal tov\u00e1bb tart, mint a hagyom\u00e1nyos eldobhat\u00f3 doh\u00e1nyok\u00e9.<\/p>\n<p>Kett\u0151s \u00edzv\u00e1laszt\u00e9k: K\u00e9t egyedi \u00edz egy k\u00e9sz\u00fcl\u00e9kben igaz\u00e1n testreszabhat\u00f3 \u00e9lm\u00e9nyt ny\u00fajt.<\/p>\n<p>Magas nikotinszint\u0171 opci\u00f3k: V\u00e1lasszon a 0%, 2%, 3% \u00e9s 5% nikotinszintek k\u00f6z\u00fcl, hogy megfeleljen az \u00d6n preferenci\u00e1inak.<\/p>\n<p>Karcs\u00fa \u00e9s kompakt kialak\u00edt\u00e1s: K\u00f6nnyen hordozhat\u00f3 \u00e9s st\u00edlusos az \u00fatk\u00f6zbeni p\u00e1rologtat\u00e1shoz.<\/p>\n<p>Fejlett funkci\u00f3k: C-t\u00edpus\u00fa t\u00f6lt\u00e9s a maxim\u00e1lis k\u00e9nyelem \u00e9rdek\u00e9ben.<\/p>\n<p>Sz\u00e9les \u00edzv\u00e1laszt\u00e9k: T\u00f6bb mint 12 \u00e9l\u00e9nk, \u00edzletes \u00edz k\u00f6z\u00fcl v\u00e1laszthat.<\/p>\n<h2>Mi\u00e9rt t\u00f6k\u00e9letes \u00d6nnek az Uwin RandM Tornado Beat 35K:<\/h2>\n<p>Uwin RandM Tornado Beat 35K t\u00f6k\u00e9letes v\u00e1laszt\u00e1s mind az alkalmi vaperek, mind a neh\u00e9z felhaszn\u00e1l\u00f3k sz\u00e1m\u00e1ra. A hosszan tart\u00f3 sz\u00edv\u00e1sok, a sokoldal\u00fa nikotiner\u0151ss\u00e9g \u00e9s a leny\u0171g\u00f6z\u0151 \u00edzv\u00e1laszt\u00e9k ide\u00e1lis vape shopok, forgalmaz\u00f3k \u00e9s nagykeresked\u0151k sz\u00e1m\u00e1ra. \u00c9lvezze a cs\u00facsmin\u0151s\u00e9g\u0171 teljes\u00edtm\u00e9nyt \u00e9s a gazdag \u00edzt minden slukkban.<\/p>","protected":false},"excerpt":{"rendered":"<p>Uwin RandM Tornado Beat 35K eldobhat\u00f3 vape ak\u00e1r 35.000 puffot biztos\u00edt hihetetlen \u00edzzel \u00e9s eleg\u00e1ns kialak\u00edt\u00e1ssal. \u00c9lvezze az olyan pr\u00e9mium \u00edzeket, mint az \u00e1fonya-m\u00e1lna, g\u00f6r\u00f6gdinnye-j\u00e9g \u00e9s m\u00e9g sok m\u00e1s!<\/p>","protected":false},"featured_media":30870,"comment_status":"open","ping_status":"closed","template":"","meta":[],"product_brand":[],"product_cat":[16,224],"product_tag":[],"class_list":{"0":"post-30869","1":"product","2":"type-product","3":"status-publish","4":"has-post-thumbnail","6":"product_cat-volo-vape","7":"product_cat-uwin","9":"first","10":"instock","11":"shipping-taxable","12":"purchasable","13":"product-type-variable","14":"has-default-attributes"},"jetpack_sharing_enabled":true,"tiered_pricing_type":"fixed","tiered_pricing_fixed_rules":{"30":8.21000000000000085265128291212022304534912109375,"50":6.36000000000000031974423109204508364200592041015625,"100":5.7400000000000002131628207280300557613372802734375,"200":5.37000000000000010658141036401502788066864013671875,"400":4.94000000000000039079850466805510222911834716796875},"tiered_pricing_product_settings":{"layout":"default","base_unit_name":{"singular":null,"plural":null},"default_variation":null},"tiered_pricing_minimum_quantity":10,"tiered_pricing_roles_data":[],"tiered_pricing_percentage_rules":[],"tiered_pricing_maximum_quantity":null,"tiered_pricing_quantity_step":"10","_links":{"self":[{"href":"https:\/\/volovape.com\/hu\/wp-json\/wp\/v2\/product\/30869","targetHints":{"allow":["GET"]}}],"collection":[{"href":"https:\/\/volovape.com\/hu\/wp-json\/wp\/v2\/product"}],"about":[{"href":"https:\/\/volovape.com\/hu\/wp-json\/wp\/v2\/types\/product"}],"replies":[{"embeddable":true,"href":"https:\/\/volovape.com\/hu\/wp-json\/wp\/v2\/comments?post=30869"}],"wp:featuredmedia":[{"embeddable":true,"href":"https:\/\/volovape.com\/hu\/wp-json\/wp\/v2\/media\/30870"}],"wp:attachment":[{"href":"https:\/\/volovape.com\/hu\/wp-json\/wp\/v2\/media?parent=30869"}],"wp:term":[{"taxonomy":"product_brand","embeddable":true,"href":"https:\/\/volovape.com\/hu\/wp-json\/wp\/v2\/product_brand?post=30869"},{"taxonomy":"product_cat","embeddable":true,"href":"https:\/\/volovape.com\/hu\/wp-json\/wp\/v2\/product_cat?post=30869"},{"taxonomy":"product_tag","embeddable":true,"href":"https:\/\/volovape.com\/hu\/wp-json\/wp\/v2\/product_tag?post=30869"}],"curies":[{"name":"wp","href":"https:\/\/api.w.org\/{rel}","templated":true}]}}