{"id":29669,"date":"2025-04-24T06:39:08","date_gmt":"2025-04-24T06:39:08","guid":{"rendered":"https:\/\/volovape.com\/?post_type=product&#038;p=29669"},"modified":"2026-04-14T06:31:09","modified_gmt":"2026-04-14T06:31:09","slug":"mrvi-df-40000-puff","status":"publish","type":"product","link":"https:\/\/volovape.com\/hu\/product\/mrvi-df-40000-puffs\/","title":{"rendered":"MRVI DF 40000 puff dupla \u00edz\u0171 eldobhat\u00f3 vape | 2 az 1-ben \u00edzrendszer, 40ml hatalmas ejuice kapacit\u00e1ssal"},"content":{"rendered":"<p><strong>MRVI DF 40000 Dupla \u00edz\u0171 eldobhat\u00f3 vape<\/strong> - Kett\u0151s h\u00e1l\u00f3, dupla \u00edz, maxim\u00e1lis \u00e9lvezet.<\/p>\n<p>Bemutatjuk a <strong>MRVI DF 40000<\/strong>, egy j\u00e1t\u00e9kmegv\u00e1lt\u00f3 eldobhat\u00f3 vape, amelyet azoknak terveztek, akik \u00edzre \u00e9s hossz\u00fa \u00e9lettartamra v\u00e1gynak. Ez az innovat\u00edv vape k\u00e9sz\u00fcl\u00e9k ak\u00e1r <strong>40.000 f\u00faj\u00e1s<\/strong> \u00e9s egyes\u00edti <em>kett\u0151s \u00edz kapcsol\u00e1s<\/em> -vel <strong>kett\u0151s h\u00e1l\u00f3s tekercs<\/strong> technol\u00f3gia, amely minden egyes slukkol\u00e1sn\u00e1l sima h\u00faz\u00e1st \u00e9s mer\u00e9sz \u00edzt biztos\u00edt. Felszerelve egy <strong>\u00fajrat\u00f6lthet\u0151 850mAh akkumul\u00e1tor<\/strong> \u00e9s egy leny\u0171g\u00f6z\u0151 <strong>40mL e-liquid kapacit\u00e1s<\/strong>, arra tervezt\u00e9k, hogy hossz\u00fa t\u00e1vot tegyen meg.<\/p>\n<p>Opci\u00f3kkal a k\u00f6vetkez\u0151kh\u00f6z <strong>5% vagy 2% nikotiner\u0151ss\u00e9g<\/strong>, a <strong>C t\u00edpus\u00fa t\u00f6lt\u0151port<\/strong>, \u00e9s <strong>10 gazdag \u00edzv\u00e1laszt\u00e9k<\/strong>, az MRVI DF 40000 t\u00f6k\u00e9letes a feln\u0151tt felhaszn\u00e1l\u00f3k \u00e9s a megb\u00edzhat\u00f3, nagy teljes\u00edtm\u00e9ny\u0171 term\u00e9keket keres\u0151 vape nagykeresked\u0151k sz\u00e1m\u00e1ra. Ak\u00e1r egyed\u00fcl p\u00e1rologtat, ak\u00e1r a viszontelad\u00e1shoz k\u00e9szletez, ez a k\u00e9sz\u00fcl\u00e9k min\u0151s\u00e9get \u00e9s mennyis\u00e9get egyar\u00e1nt biztos\u00edt egy eleg\u00e1ns, kompakt kialak\u00edt\u00e1sban.<\/p>\n<h3><strong>MRVI DF 40000 Jellemz\u0151k:<\/strong><\/h3>\n<ul>\n<li>Puff: 40,000-ig<\/li>\n<li>E-folyad\u00e9k kapacit\u00e1s: 40mL<\/li>\n<li>Akkumul\u00e1tor: 850mAh (\u00fajrat\u00f6lthet\u0151)<\/li>\n<li>T\u00f6lt\u00e9s: (Teljes t\u00f6lt\u00e9s 2 \u00f3ra alatt)<\/li>\n<li>Tekercs: kett\u0151s h\u00e1l\u00f3s tekercs a sima, gazdag g\u0151z\u00e9rt<\/li>\n<li>Nikotin er\u0151ss\u00e9g: 5%, 2% (doh\u00e1nymentes nikotin)<\/li>\n<li>\u00cdzv\u00e1laszt\u00e9k: 10 dinamikus kett\u0151s \u00edzkombin\u00e1ci\u00f3<\/li>\n<li>Haszn\u00e1lat: (Nincs sz\u00fcks\u00e9g gombra)<\/li>\n<li>Csomag: 10 db kijelz\u0151dobozonk\u00e9nt<\/li>\n<li>M\u00e9ret: 92*41*19mm - Zsebbar\u00e1t \u00e9s ergonomikus<\/li>\n<\/ul>","protected":false},"excerpt":{"rendered":"<p>Emelje fel a p\u00e1rologtat\u00e1s \u00e9lm\u00e9ny\u00e9t az MRVI DF 40000-zal! Kett\u0151s \u00edzhat\u00e1s, 40 000 puffol\u00e1s \u00e9s kett\u0151s h\u00e1l\u00f3s tekercs technol\u00f3gia. Ide\u00e1lis szem\u00e9lyes haszn\u00e1latra vagy nagykereskedelmi t\u00f6megrendel\u00e9sre.<\/p>","protected":false},"featured_media":29675,"comment_status":"open","ping_status":"closed","template":"","meta":[],"product_brand":[],"product_cat":[55,74,64,44],"product_tag":[],"class_list":{"0":"post-29669","1":"product","2":"type-product","3":"status-publish","4":"has-post-thumbnail","6":"product_cat-mrvi","7":"product_cat-40000-puffs-disposable-vape","8":"product_cat-dual-flavor-vapes","9":"product_cat-dual-mesh-vapes","11":"first","12":"instock","13":"shipping-taxable","14":"purchasable","15":"product-type-variable","16":"has-default-attributes"},"jetpack_sharing_enabled":true,"tiered_pricing_type":"fixed","tiered_pricing_fixed_rules":{"100":6.730000000000000426325641456060111522674560546875,"200":6.11000000000000031974423109204508364200592041015625,"400":5.79999999999999982236431605997495353221893310546875},"tiered_pricing_product_settings":{"layout":"default","base_unit_name":{"singular":null,"plural":null},"default_variation":null},"tiered_pricing_minimum_quantity":50,"tiered_pricing_roles_data":[],"tiered_pricing_percentage_rules":[],"tiered_pricing_maximum_quantity":null,"tiered_pricing_quantity_step":"10","_links":{"self":[{"href":"https:\/\/volovape.com\/hu\/wp-json\/wp\/v2\/product\/29669","targetHints":{"allow":["GET"]}}],"collection":[{"href":"https:\/\/volovape.com\/hu\/wp-json\/wp\/v2\/product"}],"about":[{"href":"https:\/\/volovape.com\/hu\/wp-json\/wp\/v2\/types\/product"}],"replies":[{"embeddable":true,"href":"https:\/\/volovape.com\/hu\/wp-json\/wp\/v2\/comments?post=29669"}],"wp:featuredmedia":[{"embeddable":true,"href":"https:\/\/volovape.com\/hu\/wp-json\/wp\/v2\/media\/29675"}],"wp:attachment":[{"href":"https:\/\/volovape.com\/hu\/wp-json\/wp\/v2\/media?parent=29669"}],"wp:term":[{"taxonomy":"product_brand","embeddable":true,"href":"https:\/\/volovape.com\/hu\/wp-json\/wp\/v2\/product_brand?post=29669"},{"taxonomy":"product_cat","embeddable":true,"href":"https:\/\/volovape.com\/hu\/wp-json\/wp\/v2\/product_cat?post=29669"},{"taxonomy":"product_tag","embeddable":true,"href":"https:\/\/volovape.com\/hu\/wp-json\/wp\/v2\/product_tag?post=29669"}],"curies":[{"name":"wp","href":"https:\/\/api.w.org\/{rel}","templated":true}]}}