{"id":29610,"date":"2025-04-24T08:23:07","date_gmt":"2025-04-24T08:23:07","guid":{"rendered":"https:\/\/volovape.com\/?post_type=product&#038;p=29610"},"modified":"2026-04-22T01:04:26","modified_gmt":"2026-04-22T01:04:26","slug":"bang-king-50000-dupla-izu-eldobhato-vape","status":"publish","type":"product","link":"https:\/\/volovape.com\/hu\/product\/bang-king-50000-double-flavor-disposable-vape\/","title":{"rendered":"Bang King 50000 Puff dupla \u00edz\u0171 eldobhat\u00f3 vape | 50ml kapacit\u00e1s, sima \u00edz, kompakt \u00e9s hordozhat\u00f3"},"content":{"rendered":"<p><strong>Bang King 50000 Dupla \u00edz\u0171 eldobhat\u00f3 Vape<\/strong> - Maxim\u00e1lis kapacit\u00e1s. Maxim\u00e1lis el\u00e9gedetts\u00e9g.<\/p>\n<p>Tapasztalja meg a <strong>Bang King 50000 puffan\u00e1s<\/strong>, egy nagy teljes\u00edtm\u00e9ny\u0171 eldobhat\u00f3 vape, amelyet komoly felhaszn\u00e1l\u00f3knak \u00e9p\u00edtettek. Egy massz\u00edv <strong>50mL el\u0151ret\u00f6lt\u00f6tt e-folyad\u00e9k tart\u00e1ly<\/strong> \u00e9s a <strong>hossz\u00fa \u00e9lettartam\u00fa 850mAh akkumul\u00e1tor<\/strong>, ak\u00e1r <strong>50,000 sima, \u00edzletes puffan\u00e1s<\/strong>. A  oldalon. <em>kett\u0151s \u00edz\u0171 technol\u00f3gia<\/em> minden eszk\u00f6zben \u00e9s <strong>\u00e1ll\u00edthat\u00f3 nikotin er\u0151ss\u00e9g\u0171 (0%, 2%, 3%, 5%)<\/strong>, minden g\u0151z\u00f6l\u00e9si preferenci\u00e1t kiel\u00e9g\u00edt. Nincsenek gombok, nincs gond - csak fogd meg \u00e9s sz\u00edvd.<\/p>\n<p>Ak\u00e1r saj\u00e1t magadnak k\u00e9szletezel, ak\u00e1r nagybani megrendel\u00e9ssel, a Bang King 50000 a pr\u00e9mium, hosszan tart\u00f3 haszn\u00e1lat\u00fa p\u00e1rologtat\u00e1shoz val\u00f3 v\u00e1laszt\u00e1s.<\/p>\n<h3><strong>Bang King 50000 Eldobhat\u00f3 Vape Jellemz\u0151k:<\/strong><\/h3>\n<ul>\n<li>Puff: 50,000-ig<\/li>\n<li>E-folyad\u00e9k kapacit\u00e1s: 50mL (el\u0151re felt\u00f6ltve)<\/li>\n<li>Akkumul\u00e1tor: 850mAh (be\u00e9p\u00edtett)<\/li>\n<li>T\u00f6lt\u00e9s: Nincs sz\u00fcks\u00e9g<\/li>\n<li>Nikotin Er\u0151ss\u00e9gek: 0%, 2%, 3%, 5%<\/li>\n<li>12 kett\u0151s \u00edzkombin\u00e1ci\u00f3<\/li>\n<li>Hordozhat\u00f3, kompakt kialak\u00edt\u00e1s<\/li>\n<\/ul>","protected":false},"excerpt":{"rendered":"<p>Nyomja meg a hat\u00e1rokat a Bang King 50000 Puffs eldobhat\u00f3 vape-vel! Kett\u0151s \u00edzekkel, massz\u00edv 50 ml e-folyad\u00e9kkal \u00e9s ak\u00e1r 50 000 puffol\u00e1ssal. Power felhaszn\u00e1l\u00f3knak \u00e9s nagykereskedelmi v\u00e1s\u00e1rl\u00f3knak egyar\u00e1nt tervezt\u00e9k.<\/p>","protected":false},"featured_media":29611,"comment_status":"open","ping_status":"closed","template":"","meta":[],"product_brand":[],"product_cat":[16],"product_tag":[],"class_list":{"0":"post-29610","1":"product","2":"type-product","3":"status-publish","4":"has-post-thumbnail","6":"product_cat-volo-vape","8":"first","9":"instock","10":"shipping-taxable","11":"purchasable","12":"product-type-variable","13":"has-default-attributes"},"jetpack_sharing_enabled":true,"tiered_pricing_type":"fixed","tiered_pricing_fixed_rules":{"30":7.37999999999999989341858963598497211933135986328125,"50":6.910000000000000142108547152020037174224853515625,"100":6.1699999999999999289457264239899814128875732421875,"200":5.79999999999999982236431605997495353221893310546875,"400":5.25},"tiered_pricing_product_settings":{"layout":"default","base_unit_name":{"singular":null,"plural":null},"default_variation":null},"tiered_pricing_minimum_quantity":10,"tiered_pricing_roles_data":[],"tiered_pricing_percentage_rules":[],"tiered_pricing_maximum_quantity":null,"tiered_pricing_quantity_step":"10","_links":{"self":[{"href":"https:\/\/volovape.com\/hu\/wp-json\/wp\/v2\/product\/29610","targetHints":{"allow":["GET"]}}],"collection":[{"href":"https:\/\/volovape.com\/hu\/wp-json\/wp\/v2\/product"}],"about":[{"href":"https:\/\/volovape.com\/hu\/wp-json\/wp\/v2\/types\/product"}],"replies":[{"embeddable":true,"href":"https:\/\/volovape.com\/hu\/wp-json\/wp\/v2\/comments?post=29610"}],"wp:featuredmedia":[{"embeddable":true,"href":"https:\/\/volovape.com\/hu\/wp-json\/wp\/v2\/media\/29611"}],"wp:attachment":[{"href":"https:\/\/volovape.com\/hu\/wp-json\/wp\/v2\/media?parent=29610"}],"wp:term":[{"taxonomy":"product_brand","embeddable":true,"href":"https:\/\/volovape.com\/hu\/wp-json\/wp\/v2\/product_brand?post=29610"},{"taxonomy":"product_cat","embeddable":true,"href":"https:\/\/volovape.com\/hu\/wp-json\/wp\/v2\/product_cat?post=29610"},{"taxonomy":"product_tag","embeddable":true,"href":"https:\/\/volovape.com\/hu\/wp-json\/wp\/v2\/product_tag?post=29610"}],"curies":[{"name":"wp","href":"https:\/\/api.w.org\/{rel}","templated":true}]}}