{"id":28648,"date":"2025-03-21T06:47:18","date_gmt":"2025-03-21T06:47:18","guid":{"rendered":"https:\/\/volovape.com\/?post_type=product&#038;p=28648"},"modified":"2026-04-08T01:51:05","modified_gmt":"2026-04-08T01:51:05","slug":"waspe-60000-puffs-3-az-1-ben-eldobhato-vape","status":"publish","type":"product","link":"https:\/\/volovape.com\/hu\/product\/waspe-60000-puffs-3-in-1-disposable-vape\/","title":{"rendered":"WASPE 60K 3 az 1-ben eldobhat\u00f3 vape | tripla \u00edzek, 60.000 puff, \u00f6mlesztett nagykereskedelem"},"content":{"rendered":"<p><strong>WASPE 60K 3 az 1-ben eldobhat\u00f3 Vape<\/strong> - H\u00e1romszoros \u00edz, h\u00e1romszoros sz\u00f3rakoz\u00e1s, p\u00e9ld\u00e1tlan 60 000 puffan\u00e1ssal. Ez a forradalmian \u00faj eldobhat\u00f3 vape elk\u00e9peszt\u0151 mennyis\u00e9g\u0171 <strong>60,000 puff<\/strong>, kombin\u00e1lva <strong>h\u00e1rom k\u00fcl\u00f6nb\u00f6z\u0151 \u00edz<\/strong> egyetlen eleg\u00e1ns eszk\u00f6zben. A n\u00e9pszer\u0171 WASPE Crystal \u00e1ltal inspir\u00e1lt vape a k\u00f6vetkez\u0151ket k\u00edn\u00e1lja <strong>12 egyedi \u00edz tri\u00f3<\/strong>, minden \u00edzl\u00e9st kiel\u00e9g\u00edtve. T\u00f6k\u00e9letes nagykereskedelemhez, ez a k\u00e9sz\u00fcl\u00e9k biztos\u00edtja, hogy \u00fcgyfelei hosszabb ideig \u00e9lvezhess\u00e9k a p\u00e1rol\u00e1s \u00f6r\u00f6m\u00e9t \u00e9s a v\u00e1ltozatos \u00edz\u00e9lm\u00e9nyeket. Hordozhat\u00f3 kialak\u00edt\u00e1sa \u00e9s nagy kapacit\u00e1sa kiemelked\u0151 v\u00e1laszt\u00e1ss\u00e1 teszi mind szem\u00e9lyes haszn\u00e1latra, mind nagykereskedelemre.<\/p>\n<h3><strong>WASPE 60K 3 az 1-ben jellemz\u0151k:<\/strong><\/h3>\n<ul>\n<li>Puffs: 60,000 Puffs (54ml e-liquid)<\/li>\n<li>\u00cdzek: 3 az 1-ben h\u00e1rmas \u00edzvil\u00e1g\u00fa design<\/li>\n<li>\u00cdzv\u00e1laszt\u00e9k: 12 egyedi \u00edz-tri\u00f3: 12 egyedi \u00edz-tri\u00f3<\/li>\n<li>Tervez\u00e9s: Eleg\u00e1ns \u00e9s hordozhat\u00f3<\/li>\n<li>Ide\u00e1lis: Nagykereskedelem<\/li>\n<\/ul>\n<h4>GYIK<\/h4>\n<h5>Hogyan m\u0171k\u00f6dik a 3 az 1-ben \u00edzv\u00e1lt\u00f3 mechanizmus?<\/h5>\n<p>A WASPE 60K 3 az 1-ben innovat\u00edv mechanizmussal rendelkezik, amely lehet\u0151v\u00e9 teszi a felhaszn\u00e1l\u00f3k sz\u00e1m\u00e1ra, hogy z\u00f6kken\u0151mentesen v\u00e1ltsanak a h\u00e1rom mell\u00e9kelt \u00edz k\u00f6z\u00f6tt. Egy egyszer\u0171 be\u00e1ll\u00edt\u00e1s a k\u00e9sz\u00fcl\u00e9ken aktiv\u00e1lja a k\u00fcl\u00f6nb\u00f6z\u0151 \u00edzkamr\u00e1kat, v\u00e1ltozatos \u00e9s \u00e9lvezetes p\u00e1rologtat\u00e1si \u00e9lm\u00e9nyt biztos\u00edtva an\u00e9lk\u00fcl, hogy t\u00f6bb k\u00e9sz\u00fcl\u00e9kre lenne sz\u00fcks\u00e9g.<\/p>\n<h5>Van valami el\u0151nye a WASPE 60K 3 az 1-ben nagykereskedelemnek?<\/h5>\n<p>A nagybani nagykereskedelem els\u0151bbs\u00e9gi hozz\u00e1f\u00e9r\u00e9st biztos\u00edt ehhez a nagy keresletnek \u00f6rvend\u0151 term\u00e9khez, \u00edgy \u00d6n az els\u0151k k\u00f6z\u00f6tt k\u00edn\u00e1lhatja azt \u00fcgyfeleinek. Emellett lehet\u0151v\u00e9 teszi, hogy kihaszn\u00e1lja a k\u00f6lts\u00e9ghat\u00e9kony nagybani \u00e1rk\u00e9pz\u00e9s el\u0151nyeit, maximaliz\u00e1lva ezzel a nyeres\u00e9gess\u00e9g\u00e9t. Ez biztos\u00edtja, hogy ki tudja el\u00e9g\u00edteni a kezdeti nagy keresletet \u00e9s \u00e1lland\u00f3 k\u00e9szletet tudjon fenntartani.<\/p>\n<h5>Hogyan garant\u00e1lja egy ilyen nagy kapacit\u00e1s\u00fa eszk\u00f6z min\u0151s\u00e9g\u00e9t \u00e9s biztons\u00e1g\u00e1t?<\/h5>\n<p>A WASPE Crystal j\u00f3l bev\u00e1lt h\u00edrnev\u00e9re \u00e9p\u00edt\u00fcnk, biztos\u00edtva, hogy a WASPE 60K 3 az 1-ben megfeleljen a szigor\u00fa min\u0151s\u00e9gi \u00e9s biztons\u00e1gi el\u0151\u00edr\u00e1soknak. Minden egyes k\u00e9sz\u00fcl\u00e9ket alapos tesztel\u00e9snek vet\u00fcnk al\u00e1, hogy biztos\u00edtsuk a k\u00f6vetkezetes teljes\u00edtm\u00e9nyt \u00e9s a felhaszn\u00e1l\u00f3i biztons\u00e1got. T\u00e1mogatjuk a PayPal fizet\u00e9si \u00e9s v\u00e1s\u00e1rl\u00f3v\u00e9delmi szolg\u00e1ltat\u00e1st is. V\u00e9lem\u00e9nyeinket is megn\u00e9zheti a k\u00f6vetkez\u0151 oldalakon <a href=\"https:\/\/www.trustpilot.com\/review\/volovape.com?utm_medium=trustbox&amp;utm_source=TrustBoxReviewCollector\">TrustPilot<\/a>.<\/p>","protected":false},"excerpt":{"rendered":"<p>H\u00e1romszoros \u00edzboldogs\u00e1g a WASPE 60K 3 az 1-ben eldobhat\u00f3 vape-vel! \u00c9lvezze a 60 000 slukkot \u00e9s a 3 egyedi \u00edzt egyetlen eleg\u00e1ns eszk\u00f6zben.<\/p>\n<p><strong>Nagykereskedelem<\/strong>\u00a0nagy t\u00e9telben most, \u00e9s t\u00f6ltse fel ezt a feljav\u00edtott <a href=\"https:\/\/volovape.com\/hu\/termek\/darazs-40k-dupla-izu-ikrek-40000-puff\/\">WASPE 40k<\/a> ihletett vape 12 \u00edzb\u0151l v\u00e1laszthat.<\/p>","protected":false},"featured_media":37388,"comment_status":"open","ping_status":"closed","template":"","meta":[],"product_brand":[],"product_cat":[17],"product_tag":[],"class_list":{"0":"post-28648","1":"product","2":"type-product","3":"status-publish","4":"has-post-thumbnail","6":"product_cat-waspe","8":"first","9":"instock","10":"shipping-taxable","11":"purchasable","12":"product-type-variable","13":"has-default-attributes"},"jetpack_sharing_enabled":true,"tiered_pricing_type":"fixed","tiered_pricing_fixed_rules":{"30":8.17999999999999971578290569595992565155029296875,"50":7.78000000000000024868995751603506505489349365234375,"100":7.28000000000000024868995751603506505489349365234375,"200":6.6699999999999999289457264239899814128875732421875,"400":6.36000000000000031974423109204508364200592041015625},"tiered_pricing_product_settings":{"layout":"default","base_unit_name":{"singular":null,"plural":null},"default_variation":null},"tiered_pricing_minimum_quantity":10,"tiered_pricing_roles_data":[],"tiered_pricing_percentage_rules":[],"tiered_pricing_maximum_quantity":null,"tiered_pricing_quantity_step":"10","_links":{"self":[{"href":"https:\/\/volovape.com\/hu\/wp-json\/wp\/v2\/product\/28648","targetHints":{"allow":["GET"]}}],"collection":[{"href":"https:\/\/volovape.com\/hu\/wp-json\/wp\/v2\/product"}],"about":[{"href":"https:\/\/volovape.com\/hu\/wp-json\/wp\/v2\/types\/product"}],"replies":[{"embeddable":true,"href":"https:\/\/volovape.com\/hu\/wp-json\/wp\/v2\/comments?post=28648"}],"wp:featuredmedia":[{"embeddable":true,"href":"https:\/\/volovape.com\/hu\/wp-json\/wp\/v2\/media\/37388"}],"wp:attachment":[{"href":"https:\/\/volovape.com\/hu\/wp-json\/wp\/v2\/media?parent=28648"}],"wp:term":[{"taxonomy":"product_brand","embeddable":true,"href":"https:\/\/volovape.com\/hu\/wp-json\/wp\/v2\/product_brand?post=28648"},{"taxonomy":"product_cat","embeddable":true,"href":"https:\/\/volovape.com\/hu\/wp-json\/wp\/v2\/product_cat?post=28648"},{"taxonomy":"product_tag","embeddable":true,"href":"https:\/\/volovape.com\/hu\/wp-json\/wp\/v2\/product_tag?post=28648"}],"curies":[{"name":"wp","href":"https:\/\/api.w.org\/{rel}","templated":true}]}}