{"id":28647,"date":"2025-03-21T06:47:18","date_gmt":"2025-03-21T06:47:18","guid":{"rendered":"https:\/\/volovape.com\/?post_type=product&#038;p=28647"},"modified":"2026-04-14T06:54:42","modified_gmt":"2026-04-14T06:54:42","slug":"gazzbar-raketa-20000-puff-eldobhato-vape","status":"publish","type":"product","link":"https:\/\/volovape.com\/hu\/product\/gazzbar-rocket-20000-puffs-disposable-vape\/","title":{"rendered":"Gazzbar Rocket 20000 Puffs eldobhat\u00f3 vape | 14 \u00edzek, 0-5% nikotin, \u00f6mlesztett nagykereskedelem"},"content":{"rendered":"<p><strong>Gazzbar Rocket 20000 Puffs Eldobhat\u00f3 Vape<\/strong> - P\u00e1ratlan puffkapacit\u00e1ssal ind\u00edtsa p\u00e1ly\u00e1ra a szipuz\u00e1si \u00e9lm\u00e9nyt. Ez a nagy kapacit\u00e1s\u00fa, eldobhat\u00f3 vape hihetetlen mennyis\u00e9g\u0171 <strong>20,000 puff<\/strong>, biztos\u00edtva a hosszan tart\u00f3 \u00e9lvezetet. A <strong>14 k\u00fcl\u00f6nb\u00f6z\u0151 \u00edz<\/strong> \u00e9s a nikotinos opci\u00f3k a k\u00f6vetkez\u0151kt\u0151l kezdve <strong>0%-5%<\/strong>, a Gazzbar Rocket a legk\u00fcl\u00f6nb\u00f6z\u0151bb preferenci\u00e1knak felel meg. A <strong>\u00fajrat\u00f6lthet\u0151 USB kivitel<\/strong> tov\u00e1bbi k\u00e9nyelmet biztos\u00edt, \u00edgy t\u00f6k\u00e9letes mind szem\u00e9lyes haszn\u00e1latra, mind eldobhat\u00f3 vape nagykereskedelemre. Minden egyes puff k\u00f6vetkezetes \u00edzt \u00e9s megb\u00edzhat\u00f3 teljes\u00edtm\u00e9nyt k\u00edn\u00e1l, ide\u00e1lis a t\u00f6meges rendel\u00e9si ig\u00e9nyekhez, dobozonk\u00e9nt 5 egys\u00e9ggel \u00e9s kartononk\u00e9nt 200 egys\u00e9ggel.<\/p>\n<h3><strong>Gazzbar Rocket 20000 Jellemz\u0151k:<\/strong><\/h3>\n<ul>\n<li>Puffok: 20,000 Puffok<\/li>\n<li>Nikotin: 0%\/2%\/3%\/5%<\/li>\n<li>T\u00f6lt\u00e9s: T\u00f6lt\u00e9s: USB \u00fajrat\u00f6lthet\u0151<\/li>\n<li>\u00cdzek: 14 egyed\u00fcl\u00e1ll\u00f3 \u00edzvil\u00e1g<\/li>\n<li>Csomagol\u00e1s: doboz, 200 egys\u00e9g\/karton<\/li>\n<\/ul>\n<h4>GYIK<\/h4>\n<h5>Hogyan biztos\u00edtja, hogy az \u00edzek a 20 000 slukk alatt is egyenletesek maradjanak?<\/h5>\n<p>Fejlett technol\u00f3gi\u00e1t \u00e9s kiv\u00e1l\u00f3 min\u0151s\u00e9g\u0171 anyagokat haszn\u00e1lunk, hogy az els\u0151t\u0151l az utols\u00f3 slukkig meg\u0151rizz\u00fck az \u00edzek konzisztenci\u00e1j\u00e1t. Szigor\u00fa min\u0151s\u00e9gellen\u0151rz\u00e9s\u00fcnk biztos\u00edtja, hogy minden egyes Gazzbar Rocket kiel\u00e9g\u00edt\u0151 \u00e9s egys\u00e9ges vaping \u00e9lm\u00e9nyt ny\u00fajtson, f\u00fcggetlen\u00fcl att\u00f3l, hogy h\u00e1ny slukkot vett\u00e9l.<\/p>\n<h5>Mi az el\u0151nye az USB-r\u0151l \u00fajrat\u00f6lthet\u0151 eldobhat\u00f3 p\u00e1rologtat\u00f3knak, mint a Gazzbar Rocket?<\/h5>\n<p>Az USB-s \u00fajrat\u00f6lthet\u0151 eldobhat\u00f3 p\u00e1rologtat\u00f3k a hosszabb haszn\u00e1lat el\u0151nyeit k\u00edn\u00e1lj\u00e1k a teljes\u00edtm\u00e9ny fel\u00e1ldoz\u00e1sa n\u00e9lk\u00fcl. Ez a funkci\u00f3 lehet\u0151v\u00e9 teszi, hogy teljes m\u00e9rt\u00e9kben kihaszn\u00e1lja a 20 000 puffot, \u00edgy biztos\u00edtva, hogy minden csepp e-folyad\u00e9kot \u00e9lvezzen. Emellett cs\u00f6kkenti a hullad\u00e9k mennyis\u00e9g\u00e9t, \u00e9s fenntarthat\u00f3bb p\u00e1rol\u00e1si lehet\u0151s\u00e9get biztos\u00edt a nem \u00fajrat\u00f6lthet\u0151 eldobhat\u00f3 g\u0151z\u00f6l\u0151kh\u00f6z k\u00e9pest.<\/p>\n<h5>Honnan tudhatom, hogy a t\u00f6meges rendel\u00e9sem s\u00e9r\u00fcl\u00e9s n\u00e9lk\u00fcl \u00e9rkezik meg?<\/h5>\n<p>Els\u0151bbs\u00e9get biztos\u00edtunk a t\u00f6meges megrendel\u00e9s biztons\u00e1gos k\u00e9zbes\u00edt\u00e9s\u00e9nek. Minden egyes 200 darabos kartondoboz gondosan csomagolva van, hogy ellen\u00e1lljon a sz\u00e1ll\u00edt\u00e1snak, minimaliz\u00e1lva a s\u00e9r\u00fcl\u00e9s kock\u00e1zat\u00e1t. Olyan megb\u00edzhat\u00f3 sz\u00e1ll\u00edt\u00e1si partnerekkel dolgozunk egy\u00fctt, mint a UPS, a DHL, a FedEx \u00e9s a DPD, \u00e9s az \u00d6n tart\u00f3zkod\u00e1si helye alapj\u00e1n v\u00e1lasztjuk ki a legjobb lehet\u0151s\u00e9get, hogy a megrendel\u00e9se t\u00f6k\u00e9letes \u00e1llapotban \u00e9rkezzen meg. T\u00e1mogatjuk a PayPal fizet\u00e9si \u00e9s v\u00e1s\u00e1rl\u00f3v\u00e9delmi szolg\u00e1ltat\u00e1st is. Ellen\u0151rizheti v\u00e9lem\u00e9ny\u00fcnket a k\u00f6vetkez\u0151 oldalakon is <a href=\"https:\/\/www.trustpilot.com\/review\/volovape.com?utm_medium=trustbox&amp;utm_source=TrustBoxReviewCollector\">TrustPilot<\/a>.<\/p>","protected":false},"excerpt":{"rendered":"<p>Tapasztalja meg a Gazzbar Rocket 20000 eldobhat\u00f3 vape-t 20 000 puffol\u00e1ssal, 14 egyedi \u00edzzel \u00e9s 0-5% nikotinopci\u00f3kkal. Az USB-n kereszt\u00fcl \u00fajrat\u00f6lthet\u0151, ez az \u00f6mlesztett vape p\u00e1ratlan hossz\u00fa \u00e9lettartamot \u00e9s v\u00e1ltozatoss\u00e1got k\u00edn\u00e1l. Rendeljen most nagybani kiszerel\u00e9st a pr\u00e9mium vaping el\u00e9gedetts\u00e9g\u00e9rt!<\/p>","protected":false},"featured_media":28711,"comment_status":"open","ping_status":"closed","template":"","meta":[],"product_brand":[],"product_cat":[225],"product_tag":[],"class_list":{"0":"post-28647","1":"product","2":"type-product","3":"status-publish","4":"has-post-thumbnail","6":"product_cat-gazzbar","8":"first","9":"instock","10":"shipping-taxable","11":"purchasable","12":"product-type-variable","13":"has-default-attributes"},"jetpack_sharing_enabled":true,"tiered_pricing_type":"fixed","tiered_pricing_fixed_rules":{"30":7.269999999999999573674358543939888477325439453125,"60":6.9000000000000003552713678800500929355621337890625,"100":6.5,"200":5.9000000000000003552713678800500929355621337890625},"tiered_pricing_product_settings":{"layout":"default","base_unit_name":{"singular":null,"plural":null},"default_variation":null},"tiered_pricing_minimum_quantity":10,"tiered_pricing_roles_data":[],"tiered_pricing_percentage_rules":[],"tiered_pricing_maximum_quantity":null,"tiered_pricing_quantity_step":"10","_links":{"self":[{"href":"https:\/\/volovape.com\/hu\/wp-json\/wp\/v2\/product\/28647","targetHints":{"allow":["GET"]}}],"collection":[{"href":"https:\/\/volovape.com\/hu\/wp-json\/wp\/v2\/product"}],"about":[{"href":"https:\/\/volovape.com\/hu\/wp-json\/wp\/v2\/types\/product"}],"replies":[{"embeddable":true,"href":"https:\/\/volovape.com\/hu\/wp-json\/wp\/v2\/comments?post=28647"}],"wp:featuredmedia":[{"embeddable":true,"href":"https:\/\/volovape.com\/hu\/wp-json\/wp\/v2\/media\/28711"}],"wp:attachment":[{"href":"https:\/\/volovape.com\/hu\/wp-json\/wp\/v2\/media?parent=28647"}],"wp:term":[{"taxonomy":"product_brand","embeddable":true,"href":"https:\/\/volovape.com\/hu\/wp-json\/wp\/v2\/product_brand?post=28647"},{"taxonomy":"product_cat","embeddable":true,"href":"https:\/\/volovape.com\/hu\/wp-json\/wp\/v2\/product_cat?post=28647"},{"taxonomy":"product_tag","embeddable":true,"href":"https:\/\/volovape.com\/hu\/wp-json\/wp\/v2\/product_tag?post=28647"}],"curies":[{"name":"wp","href":"https:\/\/api.w.org\/{rel}","templated":true}]}}